{"id":670,"date":"2022-06-27T13:05:00","date_gmt":"2022-06-27T13:05:00","guid":{"rendered":"https:\/\/www.baduno.com\/product\/testo-seo\/"},"modified":"2022-06-27T13:05:00","modified_gmt":"2022-06-27T13:05:00","slug":"testo-seo","status":"publish","type":"product","link":"https:\/\/www.baduno.com\/it\/prodotto\/testo-seo\/","title":{"rendered":"Testo SEO"},"content":{"rendered":"<p>Surfer \u00e8 uno dei migliori strumenti disponibili per la pianificazione e la strategia dei contenuti, in quanto dispone di una serie di funzioni che possono aiutarvi a trovare idee per le parole chiave e a trasformarle in contenuti con un alto potenziale di posizionamento.<\/p>\n<p>Sulla base di una sola parola chiave, Surfer fornir\u00e0 tonnellate di termini di ricerca correlati e li classificher\u00e0 in gruppi pertinenti, aiutandovi a indirizzare pi\u00f9 termini di ricerca all&#8217;interno di un unico contenuto. Fornir\u00e0 inoltre informazioni relative all&#8217;intento e al volume di ricerca.<\/p>\n<p>Quindi, potete utilizzare lo strumento di briefing potenziato dall&#8217;intelligenza artificiale per creare un briefing ottimizzato per la SEO per i vostri articoli in pochi clic.<\/p>\n<p>Surfer include anche uno strumento per l&#8217;editor di contenuti che valuta i contenuti degli scrittori mentre li producono e tiene traccia di quali termini di ricerca rilevanti sono stati inclusi e con quale frequenza. \u00c8 inoltre possibile utilizzare lo strumento Surfer audit per modificare e ottimizzare i contenuti esistenti sul sito.<\/p>\n<p>Nel complesso, Surfer \u00e8 uno dei migliori strumenti per ottimizzare la pianificazione e l&#8217;ottimizzazione dei contenuti. \u00c8 anche una scelta particolarmente valida per i proprietari di siti che esternalizzano le attivit\u00e0 di scrittura, in quanto \u00e8 possibile utilizzare Surfer per creare brief dettagliati per gli scrittori e mantenere standard di qualit\u00e0 coerenti grazie al sistema di punteggio dei contenuti.<\/p>\n<p>Mi piace in particolare l&#8217;ottimo funzionamento di Surfer con altre piattaforme e la sua utilit\u00e0 per i team. Ad esempio, i redattori di contenuti possono essere generati e condivisi da un numero illimitato di membri del team tramite un link di condivisione. L&#8217;estensione per Chrome consente di ottimizzare i contenuti direttamente all&#8217;interno di Google Docs e WordPress.<\/p>\n","protected":false},"excerpt":{"rendered":"<p>Il vostro sito web \u00e8 attivo. Il design \u00e8 stato realizzato con grande impegno. Naturalmente volete che molte persone visitino il vostro sito web. Qual \u00e8 il modo migliore? Il modo pi\u00f9 semplice \u00e8 ovviamente quello di utilizzare Google. Ma quando si digita il proprio sito web nella barra di ricerca, la pagina viene visualizzata troppo in basso. La situazione \u00e8 ancora peggiore se si compare solo nella seconda pagina. come si pu\u00f2 cambiare Con i testi SEO \u00e8 possibile migliorare il proprio posizionamento. Ma cos&#8217;\u00e8 la SEO? Cosa c&#8217;entra tutto questo con Google? Quali sono gli aspetti da considerare? Leggete le sezioni seguenti e scoprite cos&#8217;\u00e8 esattamente la SEO e come pu\u00f2 aiutare il vostro sito a posizionarsi meglio. Se non capite qualcosa, non esitate a contattarci.<\/p>\n","protected":false},"featured_media":406,"comment_status":"open","ping_status":"closed","template":"","meta":[],"product_cat":[73],"product_tag":[],"class_list":{"0":"post-670","1":"product","2":"type-product","3":"status-publish","4":"has-post-thumbnail","6":"product_cat-seo-it","8":"first","9":"instock","10":"sale","11":"shipping-taxable","12":"purchasable","13":"product-type-variable"},"_links":{"self":[{"href":"https:\/\/www.baduno.com\/it\/wp-json\/wp\/v2\/product\/670","targetHints":{"allow":["GET"]}}],"collection":[{"href":"https:\/\/www.baduno.com\/it\/wp-json\/wp\/v2\/product"}],"about":[{"href":"https:\/\/www.baduno.com\/it\/wp-json\/wp\/v2\/types\/product"}],"replies":[{"embeddable":true,"href":"https:\/\/www.baduno.com\/it\/wp-json\/wp\/v2\/comments?post=670"}],"wp:featuredmedia":[{"embeddable":true,"href":"https:\/\/www.baduno.com\/it\/wp-json\/wp\/v2\/media\/406"}],"wp:attachment":[{"href":"https:\/\/www.baduno.com\/it\/wp-json\/wp\/v2\/media?parent=670"}],"wp:term":[{"taxonomy":"product_cat","embeddable":true,"href":"https:\/\/www.baduno.com\/it\/wp-json\/wp\/v2\/product_cat?post=670"},{"taxonomy":"product_tag","embeddable":true,"href":"https:\/\/www.baduno.com\/it\/wp-json\/wp\/v2\/product_tag?post=670"}],"curies":[{"name":"wp","href":"https:\/\/api.w.org\/{rel}","templated":true}]}}