{"id":651,"date":"2022-06-26T18:17:19","date_gmt":"2022-06-26T18:17:19","guid":{"rendered":"https:\/\/www.baduno.com\/product\/il-progetto-aziendale-di-google\/"},"modified":"2022-06-26T18:17:19","modified_gmt":"2022-06-26T18:17:19","slug":"il-progetto-di-business-di-google","status":"publish","type":"product","link":"https:\/\/www.baduno.com\/it\/prodotto\/il-progetto-di-business-di-google\/","title":{"rendered":"Il progetto aziendale di Google+"},"content":{"rendered":"<p>Lanciato nel giugno 2011, Google+ \u00e8 un nuovo social network che sta attirando l&#8217;attenzione dei marketer. In pochi mesi, la piattaforma ha accumulato oltre 40 milioni di utenti, quasi un terzo dei 135 milioni di iscritti a LinkedIn. Nonostante questa crescita impressionante, l&#8217;adozione di Google+ non \u00e8 ancora paragonabile a quella di Facebook, che conta pi\u00f9 di 800 milioni di utenti. Ma chi sa cosa succeder\u00e0 dopo e pu\u00f2 permettersi di ignorarlo?<\/p>\n","protected":false},"excerpt":{"rendered":"<p>All&#8217;inizio di novembre, Google+ ha finalmente introdotto le pagine aziendali. Ora la piattaforma non solo consente alle aziende di creare pagine, ma incoraggia anche le imprese a far crescere il proprio seguito. &#8220;Mi aspetto che i marchi se ne accorgano e che costruiscano piani di marketing su questo aspetto&#8221;, ha dichiarato Bradley Horowitz, vicepresidente per i prodotti di Google+, in un articolo per il New York Times. La sua dichiarazione rafforza definitivamente il potenziale del social network a fini di marketing.<\/p>\n","protected":false},"featured_media":357,"comment_status":"open","ping_status":"closed","template":"","meta":[],"product_cat":[63],"product_tag":[],"class_list":{"0":"post-651","1":"product","2":"type-product","3":"status-publish","4":"has-post-thumbnail","6":"product_cat-marketing-sociale-online","8":"first","9":"instock","10":"sale","11":"downloadable","12":"shipping-taxable","13":"purchasable","14":"product-type-simple"},"_links":{"self":[{"href":"https:\/\/www.baduno.com\/it\/wp-json\/wp\/v2\/product\/651","targetHints":{"allow":["GET"]}}],"collection":[{"href":"https:\/\/www.baduno.com\/it\/wp-json\/wp\/v2\/product"}],"about":[{"href":"https:\/\/www.baduno.com\/it\/wp-json\/wp\/v2\/types\/product"}],"replies":[{"embeddable":true,"href":"https:\/\/www.baduno.com\/it\/wp-json\/wp\/v2\/comments?post=651"}],"wp:featuredmedia":[{"embeddable":true,"href":"https:\/\/www.baduno.com\/it\/wp-json\/wp\/v2\/media\/357"}],"wp:attachment":[{"href":"https:\/\/www.baduno.com\/it\/wp-json\/wp\/v2\/media?parent=651"}],"wp:term":[{"taxonomy":"product_cat","embeddable":true,"href":"https:\/\/www.baduno.com\/it\/wp-json\/wp\/v2\/product_cat?post=651"},{"taxonomy":"product_tag","embeddable":true,"href":"https:\/\/www.baduno.com\/it\/wp-json\/wp\/v2\/product_tag?post=651"}],"curies":[{"name":"wp","href":"https:\/\/api.w.org\/{rel}","templated":true}]}}