{"id":643,"date":"2022-06-26T18:21:53","date_gmt":"2022-06-26T18:21:53","guid":{"rendered":"https:\/\/www.baduno.com\/product\/potere-dei-social-media\/"},"modified":"2025-05-04T11:51:30","modified_gmt":"2025-05-04T11:51:30","slug":"potere-dei-social-media","status":"publish","type":"product","link":"https:\/\/www.baduno.com\/it\/prodotto\/potere-dei-social-media\/","title":{"rendered":"Potere dei social media"},"content":{"rendered":"<p>Scoprite come sfruttare il potere dei siti di social media come Facebook e Twitter per far salire il vostro business alle stelle. Questa guida vi far\u00e0 conoscere 200 potenti tattiche di social media per aumentare le vendite, i fan e i follower.<\/p>\n","protected":false},"excerpt":{"rendered":"<p>I social media sono probabilmente l&#8217;invenzione pi\u00f9 fenomenale mai concepita dall&#8217;uomo dopo la nascita del World Wide Web. Anche se le versioni precedenti della comunicazione online sono fiorite fin dai primi giorni di Internet, nulla \u00e8 paragonabile alla versatilit\u00e0, alla facilit\u00e0 d&#8217;uso e al fattore divertimento dei social media.<\/p>\n","protected":false},"featured_media":370,"comment_status":"open","ping_status":"closed","template":"","meta":[],"product_cat":[54],"product_tag":[],"class_list":{"0":"post-643","1":"product","2":"type-product","3":"status-publish","4":"has-post-thumbnail","6":"product_cat-marketing-sui-social-media","8":"first","9":"instock","10":"sale","11":"downloadable","12":"shipping-taxable","13":"purchasable","14":"product-type-simple"},"_links":{"self":[{"href":"https:\/\/www.baduno.com\/it\/wp-json\/wp\/v2\/product\/643","targetHints":{"allow":["GET"]}}],"collection":[{"href":"https:\/\/www.baduno.com\/it\/wp-json\/wp\/v2\/product"}],"about":[{"href":"https:\/\/www.baduno.com\/it\/wp-json\/wp\/v2\/types\/product"}],"replies":[{"embeddable":true,"href":"https:\/\/www.baduno.com\/it\/wp-json\/wp\/v2\/comments?post=643"}],"wp:featuredmedia":[{"embeddable":true,"href":"https:\/\/www.baduno.com\/it\/wp-json\/wp\/v2\/media\/370"}],"wp:attachment":[{"href":"https:\/\/www.baduno.com\/it\/wp-json\/wp\/v2\/media?parent=643"}],"wp:term":[{"taxonomy":"product_cat","embeddable":true,"href":"https:\/\/www.baduno.com\/it\/wp-json\/wp\/v2\/product_cat?post=643"},{"taxonomy":"product_tag","embeddable":true,"href":"https:\/\/www.baduno.com\/it\/wp-json\/wp\/v2\/product_tag?post=643"}],"curies":[{"name":"wp","href":"https:\/\/api.w.org\/{rel}","templated":true}]}}