{"id":632,"date":"2022-06-26T15:00:57","date_gmt":"2022-06-26T15:00:57","guid":{"rendered":"https:\/\/www.baduno.com\/product\/video-pro-come-utilizzare-il-video-marketing-nella-vostra-azienda\/"},"modified":"2022-06-26T15:00:57","modified_gmt":"2022-06-26T15:00:57","slug":"video-pro-come-usare-il-video-marketing-nella-vostra-azienda","status":"publish","type":"product","link":"https:\/\/www.baduno.com\/it\/prodotto\/video-pro-come-usare-il-video-marketing-nella-vostra-azienda\/","title":{"rendered":"Video Pro: come utilizzare il video marketing nella vostra azienda"},"content":{"rendered":"<p>Cercate altri clienti? Avete provato tutto il resto ma siete rimasti delusi? Probabilmente non state sfruttando il video marketing.<\/p>\n<p>Qualunque sia il vostro mercato di riferimento, il video vi offre maggiori opportunit\u00e0 di espandere il vostro marchio ottenendo visibilit\u00e0 e credibilit\u00e0 all&#8217;interno della vostra nicchia.<\/p>\n<p>Stabilire una buona strategia di video marketing dovrebbe essere uno dei vostri obiettivi se volete rivolgervi a un pubblico pi\u00f9 ampio.<\/p>\n<p><strong>Perch\u00e9 dovreste usare i video nella vostra attivit\u00e0?<\/strong><\/p>\n<p>&#8211; Bassa barriera all&#8217;ingresso: come gi\u00e0 detto, la creazione di video online richiede un investimento minimo. In sostanza, sono necessari una webcam e un account YouTube.<\/p>\n<p>&#8211; I video online consentono di trasmettere messaggi forti e convincenti, di stabilire la credibilit\u00e0 e di aumentare l&#8217;affidabilit\u00e0. Le persone sono molto pi\u00f9 propense a fidarsi di voi e a relazionarsi con voi quando possono vedervi e sentire la vostra voce.<\/p>\n<p>&#8211; Come i social media, i video online vi permettono di stabilire un legame personale pi\u00f9 forte con i vostri clienti e potenziali clienti, assicurandovi di costruire un legame personale ancor prima di incontrarli di persona.<\/p>\n<p>&#8211; \u00c8 un bene per le classifiche dei motori di ricerca: secondo uno studio condotto da Forrester Research, una presenza pi\u00f9 forte su YouTube pu\u00f2 farvi ottenere classifiche pi\u00f9 alte perch\u00e9 i video hanno fino a 50 volte pi\u00f9 possibilit\u00e0 di arrivare in cima alle classifiche di ricerca rispetto al testo semplice.<\/p>\n","protected":false},"excerpt":{"rendered":"<p>I video online vengono utilizzati efficacemente da tempo come strumento di marketing e promozione da grandi e piccole imprese di tutti i settori. Le risorse necessarie per creare e trasmettere questi video &#8211; YouTube e simili &#8211; sono facilmente reperibili, il che rende pi\u00f9 facile per le piccole imprese e gli imprenditori raggiungere i potenziali clienti in modo rapido e conveniente.<\/p>\n","protected":false},"featured_media":224,"comment_status":"open","ping_status":"closed","template":"","meta":[],"product_cat":[63],"product_tag":[],"class_list":{"0":"post-632","1":"product","2":"type-product","3":"status-publish","4":"has-post-thumbnail","6":"product_cat-marketing-sociale-online","8":"first","9":"instock","10":"sale","11":"downloadable","12":"shipping-taxable","13":"purchasable","14":"product-type-simple"},"_links":{"self":[{"href":"https:\/\/www.baduno.com\/it\/wp-json\/wp\/v2\/product\/632","targetHints":{"allow":["GET"]}}],"collection":[{"href":"https:\/\/www.baduno.com\/it\/wp-json\/wp\/v2\/product"}],"about":[{"href":"https:\/\/www.baduno.com\/it\/wp-json\/wp\/v2\/types\/product"}],"replies":[{"embeddable":true,"href":"https:\/\/www.baduno.com\/it\/wp-json\/wp\/v2\/comments?post=632"}],"wp:featuredmedia":[{"embeddable":true,"href":"https:\/\/www.baduno.com\/it\/wp-json\/wp\/v2\/media\/224"}],"wp:attachment":[{"href":"https:\/\/www.baduno.com\/it\/wp-json\/wp\/v2\/media?parent=632"}],"wp:term":[{"taxonomy":"product_cat","embeddable":true,"href":"https:\/\/www.baduno.com\/it\/wp-json\/wp\/v2\/product_cat?post=632"},{"taxonomy":"product_tag","embeddable":true,"href":"https:\/\/www.baduno.com\/it\/wp-json\/wp\/v2\/product_tag?post=632"}],"curies":[{"name":"wp","href":"https:\/\/api.w.org\/{rel}","templated":true}]}}