{"id":631,"date":"2022-06-26T15:16:38","date_gmt":"2022-06-26T15:16:38","guid":{"rendered":"https:\/\/www.baduno.com\/product\/marketing-moderno-su-facebook\/"},"modified":"2022-06-26T15:16:38","modified_gmt":"2022-06-26T15:16:38","slug":"moderno-facebook-marketing","status":"publish","type":"product","link":"https:\/\/www.baduno.com\/it\/prodotto\/moderno-facebook-marketing\/","title":{"rendered":"Marketing moderno su Facebook"},"content":{"rendered":"<p>Per quanto riguarda il targeting laser di gruppi demografici in base al comportamento dei singoli utenti, niente si avvicina a Facebook. Facebook \u00e8 in grado di fare delle ipotesi su quali siano i vostri interessi e pu\u00f2 quindi mostrarvi pubblicit\u00e0 che si adattano a tali interessi. Non si tratta di un target leggero, sia chiaro. Non potete davvero permettervi di perdere Facebook e il suo potenziale di marketing. Ecco solo alcune delle cose che imparerete in questo ebook:<\/p>\n<ul>\n<li>Capirete il marketing di Facebook.<\/li>\n<li>Imparerete a identificare gli errori comuni del marketing su Facebook.<\/li>\n<li>Capirete Facebook in termini di efficienza, efficacia e ritorno sull&#8217;investimento.<\/li>\n<li>Si pu\u00f2 iniziare a capire l&#8217;aspetto standard del settore, la strategia dei contenuti e altri elementi.<\/li>\n<li>Imparerete i modi migliori per promuovere su Facebook.<\/li>\n<\/ul>\n","protected":false},"excerpt":{"rendered":"<p>La salsa segreta dietro il retargeting degli annunci Se state leggendo questo articolo, probabilmente avrete sentito dire di tutto sulla tecnologia di retargeting degli annunci di Facebook. Lasciatemi dire che la maggior parte delle cose che avete sentito sono assolutamente corrette. Forse avete sentito dire che il retargeting pubblicitario consente ai commercianti di riportare i clienti al carrello per fargli acquistare qualcosa. Questo \u00e8 assolutamente vero. Non funziona il 100% delle volte, ma funziona abbastanza da fare la differenza. Allo stesso modo, il retargeting degli annunci consente ai commercianti di ricondurre le persone a pagine di contenuto che, alla fine, convertirebbero i clienti in acquirenti paganti.<\/p>\n","protected":false},"featured_media":234,"comment_status":"open","ping_status":"closed","template":"","meta":[],"product_cat":[54],"product_tag":[],"class_list":{"0":"post-631","1":"product","2":"type-product","3":"status-publish","4":"has-post-thumbnail","6":"product_cat-marketing-sui-social-media","8":"first","9":"instock","10":"sale","11":"downloadable","12":"shipping-taxable","13":"purchasable","14":"product-type-simple"},"_links":{"self":[{"href":"https:\/\/www.baduno.com\/it\/wp-json\/wp\/v2\/product\/631","targetHints":{"allow":["GET"]}}],"collection":[{"href":"https:\/\/www.baduno.com\/it\/wp-json\/wp\/v2\/product"}],"about":[{"href":"https:\/\/www.baduno.com\/it\/wp-json\/wp\/v2\/types\/product"}],"replies":[{"embeddable":true,"href":"https:\/\/www.baduno.com\/it\/wp-json\/wp\/v2\/comments?post=631"}],"wp:featuredmedia":[{"embeddable":true,"href":"https:\/\/www.baduno.com\/it\/wp-json\/wp\/v2\/media\/234"}],"wp:attachment":[{"href":"https:\/\/www.baduno.com\/it\/wp-json\/wp\/v2\/media?parent=631"}],"wp:term":[{"taxonomy":"product_cat","embeddable":true,"href":"https:\/\/www.baduno.com\/it\/wp-json\/wp\/v2\/product_cat?post=631"},{"taxonomy":"product_tag","embeddable":true,"href":"https:\/\/www.baduno.com\/it\/wp-json\/wp\/v2\/product_tag?post=631"}],"curies":[{"name":"wp","href":"https:\/\/api.w.org\/{rel}","templated":true}]}}