{"id":617,"date":"2022-06-26T14:57:58","date_gmt":"2022-06-26T14:57:58","guid":{"rendered":"https:\/\/www.baduno.com\/product\/padroneggiare-e-commercializzare-i-video-online-in-modo-semplice\/"},"modified":"2022-06-26T14:57:58","modified_gmt":"2022-06-26T14:57:58","slug":"mastering-e-marketing-online-video-fatto-semplice","status":"publish","type":"product","link":"https:\/\/www.baduno.com\/it\/prodotto\/mastering-e-marketing-online-video-fatto-semplice\/","title":{"rendered":"Padroneggiare e commercializzare i video online in modo semplice"},"content":{"rendered":"<p>Fare marketing in modo efficiente, efficace e competitivo vi sembra quasi impossibile? Avete speso mesi di duro lavoro e diverse migliaia di dollari per cercare di demistificare il puzzle della SEO? I &#8220;sedicenti&#8221; esperti SEO si stanno rivelando inutili per voi? Sentite il caldo della crisi economica? Non sentitevi disillusi! Esiste ancora un modo per ottenere un ROI elevato! Utilizzate il video marketing al posto delle tecniche tradizionali per vedervi scalare la classifica sociale!<\/p>\n<p>Sfruttate la potenza del video marketing per diventare un fenomeno online! Entrate in contatto con i vostri potenziali clienti e diventate un marchio da contendere!<\/p>\n","protected":false},"excerpt":{"rendered":"<p>L&#8217;evoluzione delle tecnologie ha provocato un cambiamento di paradigma nel modo in cui le aziende svolgevano le loro attivit\u00e0. Sono finiti i tempi in cui la stampa, la radio e la televisione erano considerati gli unici mezzi per raggiungere le masse. L&#8217;evoluzione di Internet ha provocato una rivoluzione soprattutto nel campo della pubblicit\u00e0 e del marketing. Internet \u00e8 diventata la modalit\u00e0 di comunicazione pi\u00f9 efficace e oggi milioni di aziende in tutto il mondo sono impegnate in attivit\u00e0 commerciali online in un modo o nell&#8217;altro. Anche le aziende che non hanno una presenza online si affidano ampiamente a campagne pubblicitarie e di marketing online per raggiungere milioni di potenziali consumatori, creare consapevolezza del marchio e promuovere i propri prodotti e servizi.<\/p>\n","protected":false},"featured_media":214,"comment_status":"open","ping_status":"closed","template":"","meta":[],"product_cat":[63],"product_tag":[],"class_list":{"0":"post-617","1":"product","2":"type-product","3":"status-publish","4":"has-post-thumbnail","6":"product_cat-marketing-sociale-online","8":"first","9":"instock","10":"sale","11":"downloadable","12":"shipping-taxable","13":"purchasable","14":"product-type-simple"},"_links":{"self":[{"href":"https:\/\/www.baduno.com\/it\/wp-json\/wp\/v2\/product\/617","targetHints":{"allow":["GET"]}}],"collection":[{"href":"https:\/\/www.baduno.com\/it\/wp-json\/wp\/v2\/product"}],"about":[{"href":"https:\/\/www.baduno.com\/it\/wp-json\/wp\/v2\/types\/product"}],"replies":[{"embeddable":true,"href":"https:\/\/www.baduno.com\/it\/wp-json\/wp\/v2\/comments?post=617"}],"wp:featuredmedia":[{"embeddable":true,"href":"https:\/\/www.baduno.com\/it\/wp-json\/wp\/v2\/media\/214"}],"wp:attachment":[{"href":"https:\/\/www.baduno.com\/it\/wp-json\/wp\/v2\/media?parent=617"}],"wp:term":[{"taxonomy":"product_cat","embeddable":true,"href":"https:\/\/www.baduno.com\/it\/wp-json\/wp\/v2\/product_cat?post=617"},{"taxonomy":"product_tag","embeddable":true,"href":"https:\/\/www.baduno.com\/it\/wp-json\/wp\/v2\/product_tag?post=617"}],"curies":[{"name":"wp","href":"https:\/\/api.w.org\/{rel}","templated":true}]}}