{"id":610,"date":"2022-06-26T14:33:16","date_gmt":"2022-06-26T14:33:16","guid":{"rendered":"https:\/\/www.baduno.com\/product\/storie-di-instagram\/"},"modified":"2022-06-26T14:33:16","modified_gmt":"2022-06-26T14:33:16","slug":"storie-di-instagram","status":"publish","type":"product","link":"https:\/\/www.baduno.com\/it\/prodotto\/storie-di-instagram\/","title":{"rendered":"Storie di Instagram"},"content":{"rendered":"<div class=\"field field-name-body field-type-text-with-summary field-label-hidden\">\n<div class=\"field-items\">\n<div class=\"field-item even\">\n<p>Scoprite come sfruttare Instagram e la sua funzione &#8220;Storie&#8221; per ottenere follower altamente coinvolti, traffico e guadagnare il pi\u00f9 possibile. Ecco solo alcune delle cose che imparerete: come scegliere una nicchia, come far crescere il vostro account, come monetizzare il vostro account e molto, molto altro ancora.<\/p>\n<\/div>\n<\/div>\n<\/div>\n<div class=\"field field-name-field-category field-type-taxonomy-term-reference field-label-inline clearfix\"><\/div>\n","protected":false},"excerpt":{"rendered":"<p>Introduzione alle Storie di Instagram e perch\u00e9 sono una grande novit\u00e0 per i marketer Le Storie di Instagram possono essere essenzialmente riassunte come il tentativo di Instagram di salire sul treno della ricchezza di SnapChat. Si tratta di foto che i titolari di account Instagram possono scattare e condividere con i propri utenti, ma che si &#8220;autodistruggono&#8221; dopo un&#8217;ora, anzich\u00e9 essere salvate nella griglia dell&#8217;utente. Questa potrebbe sembrare una novit\u00e0 piccola o poco entusiasmante per la piattaforma, ma in realt\u00e0 rappresenta un passo coraggioso verso il futuro di Instagram e una grande opportunit\u00e0 per i marketer. Perch\u00e9 le storie di Instagram sono importanti<\/p>\n","protected":false},"featured_media":189,"comment_status":"open","ping_status":"closed","template":"","meta":[],"product_cat":[54],"product_tag":[],"class_list":{"0":"post-610","1":"product","2":"type-product","3":"status-publish","4":"has-post-thumbnail","6":"product_cat-marketing-sui-social-media","8":"first","9":"instock","10":"sale","11":"downloadable","12":"shipping-taxable","13":"purchasable","14":"product-type-simple"},"_links":{"self":[{"href":"https:\/\/www.baduno.com\/it\/wp-json\/wp\/v2\/product\/610","targetHints":{"allow":["GET"]}}],"collection":[{"href":"https:\/\/www.baduno.com\/it\/wp-json\/wp\/v2\/product"}],"about":[{"href":"https:\/\/www.baduno.com\/it\/wp-json\/wp\/v2\/types\/product"}],"replies":[{"embeddable":true,"href":"https:\/\/www.baduno.com\/it\/wp-json\/wp\/v2\/comments?post=610"}],"wp:featuredmedia":[{"embeddable":true,"href":"https:\/\/www.baduno.com\/it\/wp-json\/wp\/v2\/media\/189"}],"wp:attachment":[{"href":"https:\/\/www.baduno.com\/it\/wp-json\/wp\/v2\/media?parent=610"}],"wp:term":[{"taxonomy":"product_cat","embeddable":true,"href":"https:\/\/www.baduno.com\/it\/wp-json\/wp\/v2\/product_cat?post=610"},{"taxonomy":"product_tag","embeddable":true,"href":"https:\/\/www.baduno.com\/it\/wp-json\/wp\/v2\/product_tag?post=610"}],"curies":[{"name":"wp","href":"https:\/\/api.w.org\/{rel}","templated":true}]}}