{"id":601,"date":"2022-06-26T14:30:17","date_gmt":"2022-06-26T14:30:17","guid":{"rendered":"https:\/\/www.baduno.com\/product\/vendite-in-crescita-con-instagram\/"},"modified":"2022-06-26T14:30:17","modified_gmt":"2022-06-26T14:30:17","slug":"boom-di-vendite-con-istagram","status":"publish","type":"product","link":"https:\/\/www.baduno.com\/it\/prodotto\/boom-di-vendite-con-istagram\/","title":{"rendered":"Vendite in crescita con Instagram"},"content":{"rendered":"<p>I migliori consigli di marketing su Instagram per incrementare la vostra attivit\u00e0. Molte piccole imprese si rivolgono ai social media e alla pubblicit\u00e0 mobile per creare curiosit\u00e0, far crescere il proprio marchio e, in definitiva, vendere pi\u00f9 prodotti; e Instagram \u00e8 ottimo sia per i prodotti e i servizi fisici che per quelli online. \u00c8 diventato un luogo in cui gli utenti sono pronti, disposti e in grado di acquistare direttamente sul posto. Scoprite alcune delle tecniche pi\u00f9 collaudate per incrementare il vostro business.<\/p>\n","protected":false},"excerpt":{"rendered":"<p>Una delle cose migliori che i social media hanno portato al marketing digitale \u00e8 che hanno permesso alle aziende di comunicare con il proprio mercato di riferimento in una piattaforma in cui sono sempre presenti. Inoltre, ha dato modo ai marchi, grandi o piccoli che siano, di ricavare informazioni pi\u00f9 ricche dai dati precisi che possono ricavare dalle loro attivit\u00e0 sui social media.<\/p>\n","protected":false},"featured_media":134,"comment_status":"open","ping_status":"closed","template":"","meta":[],"product_cat":[54],"product_tag":[],"class_list":{"0":"post-601","1":"product","2":"type-product","3":"status-publish","4":"has-post-thumbnail","6":"product_cat-marketing-sui-social-media","8":"first","9":"instock","10":"sale","11":"downloadable","12":"shipping-taxable","13":"purchasable","14":"product-type-simple"},"_links":{"self":[{"href":"https:\/\/www.baduno.com\/it\/wp-json\/wp\/v2\/product\/601","targetHints":{"allow":["GET"]}}],"collection":[{"href":"https:\/\/www.baduno.com\/it\/wp-json\/wp\/v2\/product"}],"about":[{"href":"https:\/\/www.baduno.com\/it\/wp-json\/wp\/v2\/types\/product"}],"replies":[{"embeddable":true,"href":"https:\/\/www.baduno.com\/it\/wp-json\/wp\/v2\/comments?post=601"}],"wp:featuredmedia":[{"embeddable":true,"href":"https:\/\/www.baduno.com\/it\/wp-json\/wp\/v2\/media\/134"}],"wp:attachment":[{"href":"https:\/\/www.baduno.com\/it\/wp-json\/wp\/v2\/media?parent=601"}],"wp:term":[{"taxonomy":"product_cat","embeddable":true,"href":"https:\/\/www.baduno.com\/it\/wp-json\/wp\/v2\/product_cat?post=601"},{"taxonomy":"product_tag","embeddable":true,"href":"https:\/\/www.baduno.com\/it\/wp-json\/wp\/v2\/product_tag?post=601"}],"curies":[{"name":"wp","href":"https:\/\/api.w.org\/{rel}","templated":true}]}}