{"id":835,"date":"2022-07-08T05:21:52","date_gmt":"2022-07-08T05:21:52","guid":{"rendered":"https:\/\/www.baduno.com\/hosting-di-server-dedicati\/"},"modified":"2022-07-08T06:47:45","modified_gmt":"2022-07-08T06:47:45","slug":"hosting-di-server-dedicati","status":"publish","type":"page","link":"https:\/\/www.baduno.com\/it\/hosting-di-server-dedicati\/","title":{"rendered":"Hosting di server dedicati"},"content":{"rendered":"<div class=\"wpb-content-wrapper\"><p>[vc_row row_height_percent=&#8221;85&#8243; override_padding=&#8221;yes&#8221; h_padding=&#8221;2&#8243; top_padding=&#8221;5&#8243; bottom_padding=&#8221;5&#8243; back_color=&#8221;accent&#8221; back_image=&#8221;1013&#8243; back_repeat=&#8221;no-repeat&#8221; back_attachment=&#8221;fixed&#8221; back_position=&#8221;center center&#8221; overlay_color=&#8221;color-wayh&#8221; overlay_alpha=&#8221;95&#8243; gutter_size=&#8221;4&#8243; column_width_percent=&#8221;100&#8243; shift_y=&#8221;0&#8243; z_index=&#8221;0&#8243; enable_bottom_divider=&#8221;default&#8221; bottom_divider_inv=&#8221;waves-opacity&#8221; shape_bottom_invert=&#8221;yes&#8221; shape_bottom_h_use_pixel=&#8221;&#8221; shape_bottom_height=&#8221;200&#8243; shape_bottom_opacity=&#8221;100&#8243; shape_bottom_index=&#8221;0&#8243; uncode_shortcode_id=&#8221;237785&#8243; back_color_type=&#8221;uncode-palette&#8221; overlay_color_type=&#8221;uncode-palette&#8221;][vc_column column_width_percent=&#8221;100&#8243; position_vertical=&#8221;middle&#8221; gutter_size=&#8221;3&#8243; style=&#8221;dark&#8221; overlay_alpha=&#8221;50&#8243; shift_x=&#8221;0&#8243; shift_y=&#8221;0&#8243; shift_y_down=&#8221;0&#8243; z_index=&#8221;0&#8243; medium_width=&#8221;4&#8243; align_mobile=&#8221;align_center_mobile&#8221; mobile_width=&#8221;0&#8243; width=&#8221;1\/2&#8243;][vc_custom_heading heading_semantic=&#8221;h3&#8243; text_size=&#8221;h1&#8243; uncode_shortcode_id=&#8221;511101&#8243;]Andate dove i professionisti ospitano.[\/vc_custom_heading][vc_column_text text_lead=&#8221;yes&#8221; uncode_shortcode_id=&#8221;837803&#8243;]<\/p>\n<h2 class=\"jsx-692990550 h3 h-200\">Web hosting che va dal facile all&#8217;esperto.<\/h2>\n<div class=\"jsx-692990550 split \">\n<div class=\"jsx-692990550 copy\"><\/div>\n<\/div>\n<p>Tantissime opzioni di hosting per siti web, garanzia di uptime del 99,9%, certificato SSL gratuito, facile installazione di WordPress e un dominio gratuito per un anno.<\/p>\n<p>S\u00ec, \u00e8 cos\u00ec che ci muoviamo.[\/vc_column_text][vc_button border_width=&#8221;0&#8243; link=&#8221;url:%23prezzo|&#8221; uncode_shortcode_id=&#8221;114255&#8243;]Fare clic sul pulsante[\/vc_button][\/vc_column][vc_column column_width_percent=&#8221;100&#8243; position_vertical=&#8221;middle&#8221; gutter_size=&#8221;3&#8243; overlay_alpha=&#8221;50&#8243; shift_x=&#8221;0&#8243; shift_y=&#8221;0&#8243; shift_y_down=&#8221;0&#8243; z_index=&#8221;0&#8243; medium_width=&#8221;4&#8243; mobile_width=&#8221;0&#8243; width=&#8221;1\/2&#8243;][vc_single_image media=&#8221;1126&#8243; media_width_percent=&#8221;100&#8243; media_ratio=&#8221;one-one&#8221; shadow=&#8221;yes&#8221; shadow_weight=&#8221;xl&#8221; uncode_shortcode_id=&#8221;789629&#8243;][\/vc_column][\/vc_row][vc_row row_height_percent=&#8221;0&#8243; overlay_alpha=&#8221;50&#8243; gutter_size=&#8221;3&#8243; column_width_percent=&#8221;100&#8243; shift_y=&#8221;0&#8243; z_index=&#8221;0&#8243; uncode_shortcode_id=&#8221;185535&#8243; el_id=&#8221;prezzo&#8221;][vc_column width=&#8221;1\/1&#8243;]\n            <div \n                class=\"elfsight-widget-pricing-table elfsight-widget\" \n                data-elfsight-pricing-table-options=\"%7B%22layout%22%3A%22table%22%2C%22skin%22%3A%22skin1%22%2C%22mainColor%22%3A%22rgb%2882%2C%2094%2C%20187%29%22%2C%22styleColumnBorderRadius%22%3Atrue%2C%22styleColumnBorderWidth%22%3Atrue%2C%22useHorizontalScroll%22%3Afalse%2C%22headTitle%22%3A%22%22%2C%22headFeatures%22%3A%5B%7B%22text%22%3A%22Design%20Quality%22%2C%22hint%22%3A%22%22%7D%2C%7B%22text%22%3A%22Pages%22%2C%22hint%22%3A%22%22%7D%2C%7B%22text%22%3A%22SEO%20Optimization%22%2C%22hint%22%3A%22%22%7D%2C%7B%22text%22%3A%22SEO%20Level%22%2C%22hint%22%3A%22%22%7D%2C%7B%22text%22%3A%22Content%20update%22%2C%22hint%22%3A%22%22%7D%2C%7B%22text%22%3A%22Licensed%20images%22%2C%22hint%22%3A%22%22%7D%2C%7B%22text%22%3A%22%22%2C%22hint%22%3A%22%22%7D%2C%7B%22text%22%3A%22Domain%22%2C%22hint%22%3A%22%22%7D%2C%7B%22text%22%3A%22SSL%20Encryption%22%2C%22hint%22%3A%22%22%7D%2C%7B%22text%22%3A%22Visitor%20statistics%22%2C%22hint%22%3A%22%22%7D%2C%7B%22text%22%3A%22Storage%20space%22%2C%22hint%22%3A%22%22%7D%2C%7B%22text%22%3A%22%22%2C%22hint%22%3A%22%22%7D%2C%7B%22text%22%3A%22Email%20addresses%5Cn%22%2C%22hint%22%3A%22%22%7D%2C%7B%22text%22%3A%22E-Mail%20Space%22%2C%22hint%22%3A%22%22%7D%2C%7B%22text%22%3A%22%22%2C%22hint%22%3A%22%22%7D%2C%7B%22text%22%3A%22Cloudflare%22%2C%22hint%22%3A%22%22%7D%2C%7B%22text%22%3A%22CDN%22%2C%22hint%22%3A%22%22%7D%2C%7B%22text%22%3A%22DDoS%20Protection%22%2C%22hint%22%3A%22%22%7D%2C%7B%22text%22%3A%22Pagespeed%20Optimization%22%2C%22hint%22%3A%22%22%7D%2C%7B%22text%22%3A%22%22%2C%22hint%22%3A%22%22%7D%2C%7B%22text%22%3A%22Mobile%20design%5Cn%22%2C%22hint%22%3A%22%22%7D%2C%7B%22text%22%3A%22Multilingual%22%2C%22hint%22%3A%22%22%7D%2C%7B%22text%22%3A%22%22%2C%22hint%22%3A%22%22%7D%2C%7B%22text%22%3A%22Contract%20period%22%2C%22hint%22%3A%22%22%7D%2C%7B%22text%22%3A%22Notice%20period%22%2C%22hint%22%3A%22%22%7D%5D%2C%22headTextColor%22%3A%22rgb%2823%2C%2025%2C%2026%29%22%2C%22headBackgroundColor%22%3A%22rgb%28247%2C%20247%2C%20247%29%22%2C%22toggleVisible%22%3Afalse%2C%22toggleItems%22%3A%5B%7B%22value%22%3A%22479cfa97-4f13-42ff-9d0c-4601ca05a215%22%2C%22name%22%3A%22%22%2C%22hint%22%3Anull%7D%5D%2C%22toggleDefaultItem%22%3A%22479cfa97-4f13-42ff-9d0c-4601ca05a215%22%2C%22toggleColor%22%3A%22%22%2C%22columns%22%3A%5B%7B%22isFeatured%22%3Afalse%2C%22title%22%3A%22Lite%20Plan%22%2C%22titleCaption%22%3A%22Individuals%20and%20small%20teams%22%2C%22features%22%3A%5B%7B%22text%22%3A%22Standard%22%2C%22icon%22%3A%22bulb%22%2C%22hint%22%3A%22%22%7D%2C%7B%22text%22%3A%22up%20to%204%20subpages%5Cn%22%2C%22icon%22%3A%22none%22%2C%22hint%22%3A%22%22%7D%2C%7B%22text%22%3A%22%22%2C%22icon%22%3A%22cross%22%2C%22hint%22%3A%22%22%7D%2C%7B%22text%22%3A%22%22%2C%22icon%22%3A%22cross%22%2C%22hint%22%3A%22%22%7D%2C%7B%22text%22%3A%224%20Revisions%22%2C%22icon%22%3A%22none%22%2C%22hint%22%3A%22%22%7D%2C%7B%22text%22%3A%222%22%2C%22icon%22%3A%22none%22%2C%22hint%22%3A%22%22%7D%2C%7B%22text%22%3A%22%22%2C%22icon%22%3A%22none%22%2C%22hint%22%3A%22%22%7D%2C%7B%22text%22%3A%221%20Domain%20%28.com%29%22%2C%22icon%22%3A%22none%22%2C%22hint%22%3A%22%22%7D%2C%7B%22text%22%3A%22%22%2C%22icon%22%3A%22check%22%2C%22hint%22%3A%22%22%7D%2C%7B%22text%22%3A%22%22%2C%22icon%22%3A%22cross%22%2C%22hint%22%3A%22%22%7D%2C%7B%22text%22%3A%222%20GB%22%2C%22icon%22%3A%22none%22%2C%22hint%22%3A%22%22%7D%2C%7B%22text%22%3A%22%22%2C%22icon%22%3A%22none%22%2C%22hint%22%3A%22%22%7D%2C%7B%22text%22%3A%22up%20to%203%20email%20addresses%5Cn%22%2C%22icon%22%3A%22none%22%2C%22hint%22%3A%22%22%7D%2C%7B%22text%22%3A%221%20GB%22%2C%22icon%22%3A%22none%22%2C%22hint%22%3A%22%22%7D%2C%7B%22text%22%3A%22%22%2C%22icon%22%3A%22none%22%2C%22hint%22%3A%22%22%7D%2C%7B%22text%22%3A%22%22%2C%22icon%22%3A%22cross%22%2C%22hint%22%3A%22%22%7D%2C%7B%22text%22%3A%22%22%2C%22icon%22%3A%22cross%22%2C%22hint%22%3A%22%22%7D%2C%7B%22text%22%3A%22%22%2C%22icon%22%3A%22check%22%2C%22hint%22%3A%22%22%7D%2C%7B%22text%22%3A%22%22%2C%22icon%22%3A%22cross%22%2C%22hint%22%3A%22%22%7D%2C%7B%22text%22%3A%22%22%2C%22icon%22%3A%22none%22%2C%22hint%22%3A%22%22%7D%2C%7B%22text%22%3A%22%26nbsp%3B4%2C95%5Cu20ac%20%5C%2F%20mo.%22%2C%22icon%22%3A%22plusCircle%22%2C%22hint%22%3A%22%22%7D%2C%7B%22text%22%3A%22%26nbsp%3B4%2C95%5Cu20ac%20%5C%2F%20mo.%22%2C%22icon%22%3A%22plusCircle%22%2C%22hint%22%3A%22%22%7D%2C%7B%22text%22%3A%22%22%2C%22icon%22%3A%22none%22%2C%22hint%22%3A%22%22%7D%2C%7B%22text%22%3A%2212%20months%22%2C%22icon%22%3A%22none%22%2C%22hint%22%3A%22%22%7D%2C%7B%22text%22%3A%221%20month%22%2C%22icon%22%3A%22none%22%2C%22hint%22%3A%22%22%7D%5D%2C%22priceCurrency%22%3A%22USD%22%2C%22price%22%3A%229%22%2C%22pricePostfix%22%3A%22month%22%2C%22button%22%3A%22Select%22%2C%22buttonLink%22%3A%22https%3A%5C%2F%5C%2Fwww.baduno.com%5C%2Fcheckout%5C%2F%3Fadd-to-cart%3D935%22%2C%22buttonCaption%22%3A%2214-day%20money%20back%20guarantee%22%2C%22mainColor%22%3A%22rgb%2882%2C%2094%2C%20187%29%22%2C%22priceOptions%22%3A%5B%7B%22price%22%3A%229%22%2C%22pricePostfix%22%3A%22month%22%2C%22pricePrefix%22%3A%22%22%2C%22toggleOptionName%22%3A%22%22%2C%22toggleOptionId%22%3A%22479cfa97-4f13-42ff-9d0c-4601ca05a215%22%7D%5D%2C%22buttonOptions%22%3A%5B%7B%22button%22%3A%22Select%22%2C%22buttonLink%22%3A%22https%3A%5C%2F%5C%2Felfsight.com%22%2C%22toggleOptionName%22%3A%22%22%2C%22toggleOptionId%22%3A%22479cfa97-4f13-42ff-9d0c-4601ca05a215%22%7D%5D%2C%22pricePrefix%22%3A%22%22%2C%22priceCaption%22%3A%22%22%2C%22buttonTargetBlank%22%3Afalse%2C%22picture%22%3A%22%22%2C%22ribbonText%22%3A%22%22%2C%22ribbonBackgroundColor%22%3A%22%22%2C%22ribbonTextColor%22%3A%22%22%2C%22contentDivider%22%3Anull%7D%2C%7B%22isFeatured%22%3Atrue%2C%22title%22%3A%22Pro%20Plan%22%2C%22titleCaption%22%3A%22Growing%20businesses%22%2C%22features%22%3A%5B%7B%22text%22%3A%22Premium%22%2C%22icon%22%3A%22like%22%2C%22hint%22%3A%22%22%7D%2C%7B%22text%22%3A%22up%20to%208%20subpages%22%2C%22icon%22%3A%22none%22%2C%22hint%22%3A%22%22%7D%2C%7B%22text%22%3A%22%22%2C%22icon%22%3A%22check%22%2C%22hint%22%3A%22%22%7D%2C%7B%22text%22%3A%22Standard%22%2C%22icon%22%3A%22none%22%2C%22hint%22%3A%22%22%7D%2C%7B%22text%22%3A%228%20Revisions%22%2C%22icon%22%3A%22none%22%2C%22hint%22%3A%22%22%7D%2C%7B%22text%22%3A%226%22%2C%22icon%22%3A%22none%22%2C%22hint%22%3A%22%22%7D%2C%7B%22text%22%3A%22%22%2C%22icon%22%3A%22none%22%2C%22hint%22%3A%22%22%7D%2C%7B%22text%22%3A%223%20Domains%20%28.com%20.net%20.org%29%22%2C%22icon%22%3A%22none%22%2C%22hint%22%3A%22%22%7D%2C%7B%22text%22%3A%22%22%2C%22icon%22%3A%22check%22%2C%22hint%22%3A%22%22%7D%2C%7B%22text%22%3A%22%22%2C%22icon%22%3A%22check%22%2C%22hint%22%3A%22%22%7D%2C%7B%22text%22%3A%226%20GB%22%2C%22icon%22%3A%22none%22%2C%22hint%22%3A%22%22%7D%2C%7B%22text%22%3A%22%22%2C%22icon%22%3A%22none%22%2C%22hint%22%3A%22%22%7D%2C%7B%22text%22%3A%22up%20to%209%20email%20addresses%22%2C%22icon%22%3A%22none%22%2C%22hint%22%3A%22%22%7D%2C%7B%22text%22%3A%224%20GB%22%2C%22icon%22%3A%22none%22%2C%22hint%22%3A%22%22%7D%2C%7B%22text%22%3A%22%22%2C%22icon%22%3A%22none%22%2C%22hint%22%3A%22%22%7D%2C%7B%22text%22%3A%22%22%2C%22icon%22%3A%22check%22%2C%22hint%22%3A%22%22%7D%2C%7B%22text%22%3A%22%22%2C%22icon%22%3A%22cross%22%2C%22hint%22%3A%22%22%7D%2C%7B%22text%22%3A%22%22%2C%22icon%22%3A%22check%22%2C%22hint%22%3A%22%22%7D%2C%7B%22text%22%3A%22%22%2C%22icon%22%3A%22cross%22%2C%22hint%22%3A%22%22%7D%2C%7B%22text%22%3A%22%22%2C%22icon%22%3A%22none%22%2C%22hint%22%3A%22%22%7D%2C%7B%22text%22%3A%22%26nbsp%3B4%2C95%5Cu20ac%20%5C%2F%20mo.%22%2C%22icon%22%3A%22plusCircle%22%2C%22hint%22%3A%22%22%7D%2C%7B%22text%22%3A%22%26nbsp%3B4%2C95%5Cu20ac%20%5C%2F%20mo.%22%2C%22icon%22%3A%22plusCircle%22%2C%22hint%22%3A%22%22%7D%2C%7B%22text%22%3A%22%22%2C%22icon%22%3A%22none%22%2C%22hint%22%3A%22%22%7D%2C%7B%22text%22%3A%2212%20months%22%2C%22icon%22%3A%22none%22%2C%22hint%22%3A%22%22%7D%2C%7B%22text%22%3A%221%20month%22%2C%22icon%22%3A%22none%22%2C%22hint%22%3A%22%22%7D%5D%2C%22priceCurrency%22%3A%22USD%22%2C%22price%22%3A%2219%22%2C%22pricePostfix%22%3A%22month%22%2C%22button%22%3A%22Select%22%2C%22buttonLink%22%3A%22https%3A%5C%2F%5C%2Fwww.baduno.com%5C%2Fcheckout%5C%2F%3Fadd-to-cart%3D936%22%2C%22buttonCaption%22%3A%2214-day%20money%20back%20guarantee%22%2C%22buttonFeatured%22%3Atrue%2C%22ribbonText%22%3A%22Popular%22%2C%22mainColor%22%3A%22rgb%2882%2C%2094%2C%20187%29%22%2C%22priceOptions%22%3A%5B%7B%22price%22%3A%2219%22%2C%22pricePostfix%22%3A%22month%22%2C%22pricePrefix%22%3A%22%22%2C%22toggleOptionName%22%3A%22%22%2C%22toggleOptionId%22%3A%22479cfa97-4f13-42ff-9d0c-4601ca05a215%22%7D%5D%2C%22buttonOptions%22%3A%5B%7B%22button%22%3A%22Select%22%2C%22buttonLink%22%3A%22https%3A%5C%2F%5C%2Felfsight.com%22%2C%22toggleOptionName%22%3A%22%22%2C%22toggleOptionId%22%3A%22479cfa97-4f13-42ff-9d0c-4601ca05a215%22%7D%5D%2C%22pricePrefix%22%3A%22%22%2C%22priceCaption%22%3A%22%22%2C%22buttonTargetBlank%22%3Afalse%2C%22picture%22%3A%22%22%2C%22ribbonBackgroundColor%22%3A%22%22%2C%22ribbonTextColor%22%3A%22%22%2C%22contentDivider%22%3Anull%7D%2C%7B%22isFeatured%22%3Afalse%2C%22title%22%3A%22Enterprise%20Plan%22%2C%22titleCaption%22%3A%22Advanced%20companies%22%2C%22features%22%3A%5B%7B%22text%22%3A%22Exclusive%22%2C%22icon%22%3A%22star%22%2C%22hint%22%3A%22%22%7D%2C%7B%22text%22%3A%22up%20to%2016%20subpages%22%2C%22icon%22%3A%22none%22%2C%22hint%22%3A%22%22%7D%2C%7B%22text%22%3A%22%22%2C%22icon%22%3A%22check%22%2C%22hint%22%3A%22%22%7D%2C%7B%22text%22%3A%22Expert%22%2C%22icon%22%3A%22none%22%2C%22hint%22%3A%22%22%7D%2C%7B%22text%22%3A%2216%20Revisions%22%2C%22icon%22%3A%22none%22%2C%22hint%22%3A%22%22%7D%2C%7B%22text%22%3A%2224%22%2C%22icon%22%3A%22none%22%2C%22hint%22%3A%22%22%7D%2C%7B%22text%22%3A%22%22%2C%22icon%22%3A%22none%22%2C%22hint%22%3A%22%22%7D%2C%7B%22text%22%3A%225%20Domains%20%28.com%20.net%20.org%20.co.%20.de%29%22%2C%22icon%22%3A%22none%22%2C%22hint%22%3A%22%22%7D%2C%7B%22text%22%3A%22%22%2C%22icon%22%3A%22check%22%2C%22hint%22%3A%22%22%7D%2C%7B%22text%22%3A%22%22%2C%22icon%22%3A%22check%22%2C%22hint%22%3A%22%22%7D%2C%7B%22text%22%3A%2224%20GB%22%2C%22icon%22%3A%22none%22%2C%22hint%22%3A%22%22%7D%2C%7B%22text%22%3A%22%22%2C%22icon%22%3A%22none%22%2C%22hint%22%3A%22%22%7D%2C%7B%22text%22%3A%22Unlimited%20E-Mail%20addresses%22%2C%22icon%22%3A%22none%22%2C%22hint%22%3A%22%22%7D%2C%7B%22text%22%3A%2216%20GB%22%2C%22icon%22%3A%22none%22%2C%22hint%22%3A%22%22%7D%2C%7B%22text%22%3A%22%22%2C%22icon%22%3A%22none%22%2C%22hint%22%3A%22%22%7D%2C%7B%22text%22%3A%22%22%2C%22icon%22%3A%22check%22%2C%22hint%22%3A%22%22%7D%2C%7B%22text%22%3A%22%22%2C%22icon%22%3A%22check%22%2C%22hint%22%3A%22%22%7D%2C%7B%22text%22%3A%22%22%2C%22icon%22%3A%22check%22%2C%22hint%22%3A%22%22%7D%2C%7B%22text%22%3A%22%22%2C%22icon%22%3A%22check%22%2C%22hint%22%3A%22%22%7D%2C%7B%22text%22%3A%22%22%2C%22icon%22%3A%22none%22%2C%22hint%22%3A%22%22%7D%2C%7B%22text%22%3A%22%26nbsp%3B4%2C95%5Cu20ac%20%5C%2F%20mo.%22%2C%22icon%22%3A%22plusCircle%22%2C%22hint%22%3A%22%22%7D%2C%7B%22text%22%3A%22%26nbsp%3B4%2C95%5Cu20ac%20%5C%2F%20mo.%22%2C%22icon%22%3A%22plusCircle%22%2C%22hint%22%3A%22%22%7D%2C%7B%22text%22%3A%22%22%2C%22icon%22%3A%22none%22%2C%22hint%22%3A%22%22%7D%2C%7B%22text%22%3A%2212%20months%22%2C%22icon%22%3A%22none%22%2C%22hint%22%3A%22%22%7D%2C%7B%22text%22%3A%221%20month%22%2C%22icon%22%3A%22none%22%2C%22hint%22%3A%22%22%7D%5D%2C%22priceCurrency%22%3A%22USD%22%2C%22price%22%3A%2229%22%2C%22pricePostfix%22%3A%22month%22%2C%22button%22%3A%22Select%22%2C%22buttonLink%22%3A%22https%3A%5C%2F%5C%2Fwww.baduno.com%5C%2Fcheckout%5C%2F%3Fadd-to-cart%3D937%22%2C%22buttonCaption%22%3A%2214-day%20money%20back%20guarantee%22%2C%22mainColor%22%3A%22rgb%2882%2C%2094%2C%20187%29%22%2C%22priceOptions%22%3A%5B%7B%22price%22%3A%2229%22%2C%22pricePostfix%22%3A%22month%22%2C%22pricePrefix%22%3A%22%22%2C%22toggleOptionName%22%3A%22%22%2C%22toggleOptionId%22%3A%22479cfa97-4f13-42ff-9d0c-4601ca05a215%22%7D%5D%2C%22buttonOptions%22%3A%5B%7B%22button%22%3A%22Select%22%2C%22buttonLink%22%3A%22https%3A%5C%2F%5C%2Felfsight.com%22%2C%22toggleOptionName%22%3A%22%22%2C%22toggleOptionId%22%3A%22479cfa97-4f13-42ff-9d0c-4601ca05a215%22%7D%5D%2C%22pricePrefix%22%3A%22%22%2C%22priceCaption%22%3A%22%22%2C%22buttonTargetBlank%22%3Afalse%2C%22picture%22%3A%22%22%2C%22ribbonText%22%3A%22%22%2C%22ribbonBackgroundColor%22%3A%22%22%2C%22ribbonTextColor%22%3A%22%22%2C%22contentDivider%22%3Anull%7D%5D%2C%22elements%22%3A%5B%7B%22complexGroup%22%3A%22title%22%2C%22name%22%3A%22Title%22%2C%22titleEnable%22%3Atrue%2C%22titleCaptionColor%22%3A%22%22%2C%22titleTextColor%22%3A%22%22%2C%22titleFontSize%22%3A25%2C%22titleFontWeight%22%3A600%7D%2C%7B%22complexGroup%22%3A%22features%22%2C%22name%22%3A%22Features%22%2C%22featuresEnable%22%3Atrue%2C%22featuresStyle%22%3A%22clean%22%2C%22featuresIconColor%22%3A%22%22%2C%22featuresTextColor%22%3A%22%22%2C%22featuresAlign%22%3A%22center%22%2C%22featuresFontSize%22%3A13%7D%2C%7B%22complexGroup%22%3A%22price%22%2C%22name%22%3A%22Price%22%2C%22priceEnable%22%3Atrue%2C%22priceCaptionColor%22%3A%22%22%2C%22priceTextColor%22%3A%22%22%2C%22priceFontSize%22%3A32%2C%22priceFontWeight%22%3A600%7D%2C%7B%22complexGroup%22%3A%22button%22%2C%22name%22%3A%22Button%22%2C%22buttonEnable%22%3Atrue%2C%22buttonType%22%3A%22outline%22%2C%22buttonColor%22%3A%22%22%2C%22buttonTextColor%22%3A%22%22%2C%22buttonSize%22%3A%22medium%22%2C%22buttonCaptionColor%22%3A%22%22%7D%2C%7B%22complexGroup%22%3A%22picture%22%2C%22name%22%3A%22Picture%22%2C%22pictureEnable%22%3Atrue%7D%5D%2C%22widgetId%22%3A%221%22%7D\" \n                data-elfsight-pricing-table-version=\"2.6.1\"\n                data-elfsight-widget-id=\"elfsight-pricing-table-1\">\n            <\/div>\n            [\/vc_column][\/vc_row][vc_row][vc_column width=&#8221;1\/1&#8243;][vc_column_text uncode_shortcode_id=&#8221;110487&#8243;]<\/p>\n<h2>Un sito web in linea con le vostre aspettative<\/h2>\n<p>Sapete qual \u00e8 la parte migliore? Ci servono solo 5 punti chiave per capire come dovrebbe apparire la vostra pagina!<br \/>\nVi verranno poste alcune domande veloci e il lavoro sul vostro sito web inizier\u00e0 in un attimo. Potete attenderlo con impazienza<\/p>\n<h3>La vostra immagine scolpita sul web<\/h3>\n<p>I nostri designer concepiscono un sito web in base alle vostre aspettative e ai vostri desideri. Dopo tutto, non dovrebbe mancare nulla.<br \/>\nTuttavia, se \u00e8 ancora necessario un intervento, ci metteremo in contatto con voi. In definitiva, il vostro sito web deve distinguersi ed essere scolpito nella pietra o come il web<br \/>\nessere.<\/p>\n<h4>Andiamo<\/h4>\n<p>Il vostro sito web \u00e8 pronto! Pi\u00f9 emozionante del Natale, potete far crescere la vostra attivit\u00e0. Vi manca qualcosa o non vi piace una piccola cosa? Nessun problema<br \/>\nNaturalmente potete dirci cosa volete cambiare, in modo che i nostri esperti possano migliorare il vostro sito in poco tempo. Cos\u00ec potrete occuparvi completamente dei vostri affari.<\/p>\n<h3>Perch\u00e9 un sito web?<\/h3>\n<p>Sinceramente? Conoscete un&#8217;azienda affidabile che non abbia un sito web?<br \/>\nNeanche noi. Oggi ottenere un sito web non \u00e8 mai stato cos\u00ec facile. I blogger pi\u00f9 semplici possiedono un sito web. Volete che la vostra azienda o persona<br \/>\ncrescere o volete rischiare di perderlo?<\/p>\n<h3>Cosa \u00e8 fondamentale per decidere un sito web?<\/h3>\n<p>Immaginate di trovarvi in una nuova citt\u00e0 e di avere fame. Cosa fareste voi, io o chiunque altro di nuovo?<br \/>\nGiusto! \u00c8 molto probabile che cerchi su Google e provi quello con le recensioni migliori. Ora potrebbe essere un ristorante<br \/>\ntenere il passo, quali non saranno mostrati?<\/p>\n<h5>Ho davvero bisogno di un sito web?<\/h5>\n<p>Un grande s\u00ec! Se non riuscite a trovarlo online, non esistete. Un detto molto vero. Tenete sempre presente la destinazione dei futuri clienti. Pu\u00f2 accadere che il mio gruppo target sia cambiato o si sia spostato?<br \/>\nUn altro detto che sta alla base di tutto ci\u00f2 \u00e8: &#8220;Se non sei al passo con i tempi, sarai al passo con i tempi!&#8221;. Naturalmente, siete voi a decidere cosa \u00e8 bene per la vostra azienda.<\/p>\n<h3>Incremento delle vendite? Lasciate che la vostra attivit\u00e0 cresca!<\/h3>\n<p>Questo \u00e8 gi\u00e0 un dato di fatto. In che senso? Semplicemente, si raggiungono molte pi\u00f9 persone rispetto alla pubblicit\u00e0 classica. Non \u00e8 possibile raggiungere questo risultato con un volantino o una pubblicit\u00e0 sui giornali.<br \/>\nIl migliore? Il registratore di cassa suoner\u00e0 pi\u00f9 volte di quanto possiate immaginare. I test sono superiori allo studio.<\/p>\n<h4>E la vista mobile?<\/h4>\n<p>Naturalmente possiamo implementare anche questo. La visualizzazione da mobile \u00e8 uno dei criteri pi\u00f9 importanti per la reperibilit\u00e0 nei motori di ricerca. Questo significa che \u00e8 molto rilevante per Google e Co. L\u00ec<br \/>\nCon un numero sempre maggiore di persone che utilizzano il cellulare per andare online, una visualizzazione responsive \u00e8 diventata indispensabile. Oppure chiedetevi quanto spesso andate su Internet e con quale dispositivo. Questo \u00e8 esattamente il motivo per cui dovrebbe<br \/>\nsicuramente dare una visione da cellulare.<\/p>\n<h4>Con la nostra eleganza risparmierete fatica, tempo e inutili grattacapi!<\/h4>\n<p>\u00c8 un sistema modulare? No, assolutamente no. Con noi, ogni sito web deve essere adattato al meglio al rispettivo cliente. Un kit di costruzione convenzionale non \u00e8 in grado di tenere il passo. I nostri web designer lavorano per rendere tutto ci\u00f2 possibile<br \/>\nesattamente ai vostri desideri e alle vostre esigenze. Dopodich\u00e9, un sito web \u00e8 come un biglietto da visita su Internet. Anche questo deve apparire di conseguenza. Potete sempre contare sui nostri esperti.<\/p>\n<h3>Quanto costa di solito un sito web?<\/h3>\n<p>Questa \u00e8 un&#8217;ottima domanda. Purtroppo non \u00e8 possibile rispondere direttamente. Dopo tutto, non \u00e8 un prodotto finito, ma deve essere adattato a voi e alla vostra attivit\u00e0. Inoltre, dipende<br \/>\nindicare se si sta assumendo un libero professionista o se ci si sta dedicando a un&#8217;agenzia. Quanto costa un sito web? Potete anche chiedere quanto mi coster\u00e0 una casa. Si potrebbe rispondere: dove dovrebbe essere? Quante stanze e bagni desiderate<br \/>\nl&#8217;hanno? Quanti metri quadrati? Capite, \u00e8 l\u00ec che siamo diretti. Per un web designer tradizionale, queste sono le nozioni di base di cui avete bisogno per creare il vostro sito web. Ma in generale bisogna pagare per il know-how e il tempo. Mi piace<br \/>\nguardare?<\/p>\n<ol>\n<li>Raccogliere i punti e creare il concetto ( 2 &#8211; 3 h )<\/li>\n<li>Struttura informativa (7 &#8211; 11 h)<\/li>\n<li>Configurazione del server (3 &#8211; 6 ore)<\/li>\n<li>Modifica di tutti i punti discussi ( 24 &#8211; 48 ore )<\/li>\n<li>Controllo qualit\u00e0 (4 &#8211; 5 h)<\/li>\n<li>Miglioramenti ( 9.00-12.00 ).<\/li>\n<li>Riuscite a immaginare quanto denaro possa costare?<\/li>\n<\/ol>\n<p>Di norma, si tratta di una somma compresa tra 2500 e 5000 euro. Se volete che sia davvero professionale, come una grande azienda, pu\u00f2 fare ancora di pi\u00f9.<br \/>\ndi 10.000 euro. E non \u00e8 uno scherzo, non esitate a parlarne con un web designer. Ovviamente si tratta di un sacco di soldi. Ma la situazione si fa ancora pi\u00f9 densa. Il sito web[\/vc_column_text][\/vc_column][\/vc_row]<\/p>\n<\/div>","protected":false},"excerpt":{"rendered":"<p>[vc_row row_height_percent=&#8221;85&#8243; override_padding=&#8221;yes&#8221; h_padding=&#8221;2&#8243; top_padding=&#8221;5&#8243; bottom_padding=&#8221;5&#8243; back_color=&#8221;accent&#8221; back_image=&#8221;1013&#8243; back_repeat=&#8221;no-repeat&#8221; back_attachment=&#8221;fixed&#8221; back_position=&#8221;center center&#8221; overlay_color=&#8221;color-wayh&#8221; overlay_alpha=&#8221;95&#8243; gutter_size=&#8221;4&#8243; column_width_percent=&#8221;100&#8243; shift_y=&#8221;0&#8243; z_index=&#8221;0&#8243; enable_bottom_divider=&#8221;default&#8221; bottom_divider_inv=&#8221;waves-opacity&#8221; [&hellip;]<\/p>\n","protected":false},"author":1,"featured_media":0,"parent":0,"menu_order":0,"comment_status":"closed","ping_status":"closed","template":"","meta":{"footnotes":""},"class_list":["post-835","page","type-page","status-publish","hentry"],"_links":{"self":[{"href":"https:\/\/www.baduno.com\/it\/wp-json\/wp\/v2\/pages\/835","targetHints":{"allow":["GET"]}}],"collection":[{"href":"https:\/\/www.baduno.com\/it\/wp-json\/wp\/v2\/pages"}],"about":[{"href":"https:\/\/www.baduno.com\/it\/wp-json\/wp\/v2\/types\/page"}],"author":[{"embeddable":true,"href":"https:\/\/www.baduno.com\/it\/wp-json\/wp\/v2\/users\/1"}],"replies":[{"embeddable":true,"href":"https:\/\/www.baduno.com\/it\/wp-json\/wp\/v2\/comments?post=835"}],"version-history":[{"count":41,"href":"https:\/\/www.baduno.com\/it\/wp-json\/wp\/v2\/pages\/835\/revisions"}],"predecessor-version":[{"id":1151,"href":"https:\/\/www.baduno.com\/it\/wp-json\/wp\/v2\/pages\/835\/revisions\/1151"}],"wp:attachment":[{"href":"https:\/\/www.baduno.com\/it\/wp-json\/wp\/v2\/media?parent=835"}],"curies":[{"name":"wp","href":"https:\/\/api.w.org\/{rel}","templated":true}]}}