{"id":809,"date":"2022-06-27T12:55:56","date_gmt":"2022-06-27T12:55:56","guid":{"rendered":"https:\/\/www.baduno.com\/web\/seo\/"},"modified":"2022-07-08T06:19:55","modified_gmt":"2022-07-08T06:19:55","slug":"seo","status":"publish","type":"page","link":"https:\/\/www.baduno.com\/it\/seo\/","title":{"rendered":"Ottimizzazione dei motori di ricerca"},"content":{"rendered":"<div class=\"wpb-content-wrapper\"><p>[vc_row row_height_percent=&#8221;0&#8243; override_padding=&#8221;yes&#8221; h_padding=&#8221;2&#8243; top_padding=&#8221;5&#8243; bottom_padding=&#8221;5&#8243; overlay_alpha=&#8221;50&#8243; gutter_size=&#8221;4&#8243; column_width_percent=&#8221;100&#8243; shift_y=&#8221;0&#8243; z_index=&#8221;0&#8243; uncode_shortcode_id=&#8221;124396&#8243;][vc_column column_width_percent=&#8221;100&#8243; gutter_size=&#8221;3&#8243; overlay_alpha=&#8221;50&#8243; shift_x=&#8221;0&#8243; shift_y=&#8221;0&#8243; shift_y_down=&#8221;0&#8243; z_index=&#8221;0&#8243; medium_width=&#8221;4&#8243; mobile_width=&#8221;0&#8243; width=&#8221;6\/12&#8243; el_class=&#8221;image-card image-card-triple&#8221; uncode_shortcode_id=&#8221;327674&#8243;][vc_single_image media=&#8221;93&#8243; media_width_percent=&#8221;100&#8243; media_ratio=&#8221;one-one&#8221; alignment=&#8221;right&#8221; shadow=&#8221;yes&#8221; shadow_weight=&#8221;std&#8221; uncode_shortcode_id=&#8221;173235&#8243;][vc_single_image media=&#8221;90&#8243; media_width_percent=&#8221;100&#8243; media_ratio=&#8221;one-one&#8221; alignment=&#8221;right&#8221; shadow=&#8221;yes&#8221; shadow_weight=&#8221;std&#8221; css_animation=&#8221;parallax&#8221; parallax_intensity=&#8221;2&#8243; uncode_shortcode_id=&#8221;788844&#8243;][vc_single_image media=&#8221;91&#8243; media_width_percent=&#8221;100&#8243; media_ratio=&#8221;one-one&#8221; alignment=&#8221;right&#8221; shadow=&#8221;yes&#8221; shadow_weight=&#8221;std&#8221; css_animation=&#8221;parallax&#8221; parallax_intensity=&#8221;3&#8243; uncode_shortcode_id=&#8221;204962&#8243;][uncode_vertical_text vertical_text_h_pos=&#8221;-1&#8243; z_index=&#8221;0&#8243; text_size=&#8221;h5&#8243; medium_visibility=&#8221;yes&#8221; mobile_visibility=&#8221;yes&#8221; uncode_shortcode_id=&#8221;112882&#8243;]SEO TEXT[\/uncode_vertical_text][\/vc_column][vc_column column_width_percent=&#8221;100&#8243; position_horizontal=&#8221;left&#8221; position_vertical=&#8221;middle&#8221; gutter_size=&#8221;3&#8243; font_family=&#8221;font-136269&#8243; overlay_alpha=&#8221;50&#8243; shift_x=&#8221;0&#8243; shift_y=&#8221;0&#8243; shift_y_down=&#8221;0&#8243; z_index=&#8221;0&#8243; medium_width=&#8221;4&#8243; align_mobile=&#8221;align_center_mobile&#8221; mobile_width=&#8221;0&#8243; width=&#8221;6\/12&#8243; uncode_shortcode_id=&#8221;573911&#8243;][vc_custom_heading heading_semantic=&#8221;h3&#8243; text_size=&#8221;h1&#8243; sub_lead=&#8221;yes&#8221; subheading=&#8221;Il vostro sito web \u00e8 attivo. Il design \u00e8 stato realizzato con grande impegno. Naturalmente volete che molte persone visitino il vostro sito web. Qual \u00e8 il modo migliore? Il modo pi\u00f9 semplice \u00e8 ovviamente quello di utilizzare Google. Ma quando si digita il proprio sito web nella barra di ricerca, la pagina viene visualizzata troppo in basso. La situazione \u00e8 ancora peggiore se si compare solo nella seconda pagina. come si pu\u00f2 cambiare Con i testi SEO \u00e8 possibile migliorare il proprio posizionamento. Ma cos&#8217;\u00e8 la SEO? Cosa c&#8217;entra tutto questo con Google? Quali sono gli aspetti da considerare? Leggete le sezioni seguenti e scoprite cos&#8217;\u00e8 esattamente la SEO e come pu\u00f2 aiutare il vostro sito a posizionarsi meglio. Se non capite qualcosa, non esitate a contattarci.&#8221; uncode_shortcode_id=&#8221;839764&#8243;]Testi SEO di alta qualit\u00e0[\/vc_custom_heading][vc_button button_color=&#8221;color-uydo&#8221; size=&#8221;btn-lg&#8221; outline=&#8221;yes&#8221; text_skin=&#8221;yes&#8221; border_width=&#8221;0&#8243; link=&#8221;url:https%3A%2F%2Fwww.baduno.com%2Fit%2Fprodotto%2Ftesto-seo%2F|target:_blank|&#8221; button_color_type=&#8221;uncode-palette&#8221; uncode_shortcode_id=&#8221;979759&#8243;]Acquistare testo SEO[\/vc_button][\/vc_column][\/vc_row][vc_row row_height_percent=&#8221;0&#8243; override_padding=&#8221;yes&#8221; h_padding=&#8221;2&#8243; top_padding=&#8221;5&#8243; bottom_padding=&#8221;3&#8243; overlay_alpha=&#8221;100&#8243; gutter_size=&#8221;3&#8243; column_width_percent=&#8221;100&#8243; shift_y=&#8221;0&#8243; z_index=&#8221;0&#8243; row_height_use_pixel=&#8221;&#8221;][vc_column column_width_use_pixel=&#8221;yes&#8221; gutter_size=&#8221;3&#8243; overlay_alpha=&#8221;50&#8243; shift_x=&#8221;0&#8243; shift_y=&#8221;0&#8243; medium_width=&#8221;0&#8243; zoom_width=&#8221;0&#8243; zoom_height=&#8221;0&#8243; column_width_pixel=&#8221;800&#8243;][vc_column_text uncode_shortcode_id=&#8221;101142&#8243;]Per comparire nelle classifiche di Google per una determinata parola chiave, occorre seguire alcuni passaggi. I contenuti SEO non sono solo scritti. \u00c8 pianificato e preparato, creato da un esperto del settore e infine post-editato. Chi acquista contenuti SEO si aspetta che questi attirino i visitatori giusti su Internet. Ecco come procediamo noi di BlogTec. Contattateci attraverso il nostro sito web e spiegateci brevemente la vostra situazione. Vi contatteremo e discuteremo insieme le diverse opzioni di contenuti e SEO. Con noi potete far scrivere nuovi contenuti SEO o ottimizzare quelli esistenti con parole chiave di alta qualit\u00e0. E se avete ancora bisogno di un backlink per aumentare la vostra fiducia in Google, troveremo la pagina perfetta per un guest post.[\/vc_column_text][\/vc_column][\/vc_row][vc_row row_height_percent=&#8221;0&#8243; override_padding=&#8221;yes&#8221; h_padding=&#8221;2&#8243; top_padding=&#8221;0&#8243; bottom_padding=&#8221;0&#8243; overlay_alpha=&#8221;100&#8243; gutter_size=&#8221;3&#8243; column_width_percent=&#8221;100&#8243; shift_y=&#8221;0&#8243; z_index=&#8221;0&#8243; row_height_use_pixel=&#8221;&#8221;][vc_column column_width_use_pixel=&#8221;yes&#8221; gutter_size=&#8221;3&#8243; overlay_alpha=&#8221;50&#8243; shift_x=&#8221;0&#8243; shift_y=&#8221;0&#8243; medium_width=&#8221;0&#8243; zoom_width=&#8221;0&#8243; zoom_height=&#8221;0&#8243; width=&#8221;5\/6&#8243;][vc_single_image media=&#8221;922&#8243; media_width_percent=&#8221;100&#8243; media_ratio=&#8221;three-two&#8221; media_title_uppercase=&#8221;&#8221; uncode_shortcode_id=&#8221;672329&#8243;][\/vc_column][vc_column column_width_percent=&#8221;100&#8243; gutter_size=&#8221;3&#8243; overlay_alpha=&#8221;50&#8243; shift_x=&#8221;0&#8243; shift_y=&#8221;0&#8243; medium_width=&#8221;0&#8243; zoom_width=&#8221;0&#8243; zoom_height=&#8221;0&#8243; width=&#8221;1\/6&#8243;][vc_column_text uncode_shortcode_id=&#8221;445723&#8243;]Una volta scritto il contenuto, non lo inviamo direttamente a voi&#8230;. La forma e la struttura devono essere riviste. Non solo vengono corretti gli errori di ortografia, ma ci assicuriamo anche che l&#8217;intento di ricerca sia soddisfatto e che ogni parola chiave importante sia posizionata correttamente.[\/vc_column_text][\/vc_column][\/vc_row][vc_row row_height_percent=&#8221;0&#8243; override_padding=&#8221;yes&#8221; h_padding=&#8221;2&#8243; top_padding=&#8221;3&#8243; bottom_padding=&#8221;3&#8243; overlay_alpha=&#8221;100&#8243; gutter_size=&#8221;3&#8243; column_width_percent=&#8221;100&#8243; shift_y=&#8221;0&#8243; z_index=&#8221;0&#8243; row_height_use_pixel=&#8221;&#8221;][vc_column column_width_use_pixel=&#8221;yes&#8221; gutter_size=&#8221;3&#8243; overlay_alpha=&#8221;50&#8243; shift_x=&#8221;0&#8243; shift_y=&#8221;0&#8243; medium_width=&#8221;0&#8243; zoom_width=&#8221;0&#8243; zoom_height=&#8221;0&#8243; column_width_pixel=&#8221;800&#8243;][vc_column_text uncode_shortcode_id=&#8221;658730&#8243;]In alcuni casi, avete gi\u00e0 delle parole chiave e state cercando qualcuno che scriva i contenuti SEO per voi. In questo caso, mettiamo a disposizione uno scrittore esperto nel vostro settore. Se non avete parole chiave, non \u00e8 un problema! Poi facciamo un&#8217;analisi approfondita, trovando le parole chiave che si adattano al vostro marchio e per le quali potete posizionarvi. SEO non significa solo diffondere le parole chiave giuste su una pagina. Si tratta anche di rispondere alle domande e ai problemi che gli utenti di Google hanno con la parola chiave. I nostri content manager creano un briefing per ogni contenuto, in cui determinano l&#8217;intento di ricerca. Infine, nel processo di scrittura, tutto si riunisce. Siamo convinti che le persone siano pi\u00f9 produttive quando svolgono attivit\u00e0 che piacciono loro. Di conseguenza, nessuno nella nostra azienda scrive su un argomento senza avere un legame personale con il contenuto. \u00c8 cos\u00ec che troviamo la voce giusta per la vostra azienda.[\/vc_column_text][\/vc_column][\/vc_row]<\/p>\n<\/div>","protected":false},"excerpt":{"rendered":"<p>[vc_row row_height_percent=&#8221;0&#8243; override_padding=&#8221;yes&#8221; h_padding=&#8221;2&#8243; top_padding=&#8221;5&#8243; bottom_padding=&#8221;5&#8243; overlay_alpha=&#8221;50&#8243; gutter_size=&#8221;4&#8243; column_width_percent=&#8221;100&#8243; shift_y=&#8221;0&#8243; z_index=&#8221;0&#8243; uncode_shortcode_id=&#8221;124396&#8243;][vc_column column_width_percent=&#8221;100&#8243; gutter_size=&#8221;3&#8243; overlay_alpha=&#8221;50&#8243; shift_x=&#8221;0&#8243; shift_y=&#8221;0&#8243; shift_y_down=&#8221;0&#8243; z_index=&#8221;0&#8243; medium_width=&#8221;4&#8243; [&hellip;]<\/p>\n","protected":false},"author":1,"featured_media":0,"parent":0,"menu_order":0,"comment_status":"closed","ping_status":"closed","template":"","meta":{"footnotes":""},"class_list":["post-809","page","type-page","status-publish","hentry"],"_links":{"self":[{"href":"https:\/\/www.baduno.com\/it\/wp-json\/wp\/v2\/pages\/809","targetHints":{"allow":["GET"]}}],"collection":[{"href":"https:\/\/www.baduno.com\/it\/wp-json\/wp\/v2\/pages"}],"about":[{"href":"https:\/\/www.baduno.com\/it\/wp-json\/wp\/v2\/types\/page"}],"author":[{"embeddable":true,"href":"https:\/\/www.baduno.com\/it\/wp-json\/wp\/v2\/users\/1"}],"replies":[{"embeddable":true,"href":"https:\/\/www.baduno.com\/it\/wp-json\/wp\/v2\/comments?post=809"}],"version-history":[{"count":3,"href":"https:\/\/www.baduno.com\/it\/wp-json\/wp\/v2\/pages\/809\/revisions"}],"predecessor-version":[{"id":932,"href":"https:\/\/www.baduno.com\/it\/wp-json\/wp\/v2\/pages\/809\/revisions\/932"}],"wp:attachment":[{"href":"https:\/\/www.baduno.com\/it\/wp-json\/wp\/v2\/media?parent=809"}],"curies":[{"name":"wp","href":"https:\/\/api.w.org\/{rel}","templated":true}]}}