{"id":801,"date":"2022-06-26T18:53:37","date_gmt":"2022-06-26T18:53:37","guid":{"rendered":"https:\/\/www.baduno.com\/condizioni-di-utilizzo\/"},"modified":"2022-07-06T08:48:57","modified_gmt":"2022-07-06T08:48:57","slug":"condizioni-di-utilizzo","status":"publish","type":"page","link":"https:\/\/www.baduno.com\/it\/condizioni-di-utilizzo\/","title":{"rendered":"Condizioni di utilizzo"},"content":{"rendered":"<header class=\"entry-header ast-no-thumbnail ast-no-meta\">\n<h1 class=\"entry-title\">Termini e condizioni<\/h1>\n<\/header>\n<div class=\"entry-content clear\">\n<h3>Termini e condizioni generali con informazioni per i clienti<\/h3>\n<h5>Indice dei contenuti<\/h5>\n<p>&nbsp;<\/p>\n<ol>\n<li>Ambito di applicazione<\/li>\n<li>Conclusione del contratto<\/li>\n<li>Diritto di recesso<\/li>\n<li>Compensazione<\/li>\n<li>Trasferimento dei contenuti<\/li>\n<li>Concessione di diritti d&#8217;uso<\/li>\n<li>Responsabilit\u00e0 per i difetti<\/li>\n<li>Legge applicabile<\/li>\n<li>Risoluzione alternativa delle controversie<\/li>\n<\/ol>\n<h5>1) Ambito di applicazione<\/h5>\n<p><strong>1.1<\/strong>  Le presenti Condizioni Generali di Contratto (di seguito denominate &#8220;CG&#8221;) di Baduno (di seguito denominato &#8220;Licenziante&#8221;) si applicano a tutti i contratti di fornitura di dati non contenuti in un supporto fisico, prodotti e forniti in forma digitale (contenuti digitali), che un consumatore o un imprenditore (di seguito denominato &#8220;Licenziatario&#8221;) stipula con il Licenziante in relazione ai contenuti digitali visualizzati dal Licenziante nel suo negozio online. In questo modo si contraddice l&#8217;inclusione delle condizioni del licenziatario, a meno che non sia stato concordato diversamente.<\/p>\n<p><strong>1.2<\/strong> Oggetto del contratto \u00e8 il trasferimento dei contenuti digitali offerti dal licenziante al licenziatario in forma elettronica, con la concessione di determinati diritti di utilizzo che sono pi\u00f9 precisamente disciplinati nelle presenti Condizioni generali.<\/p>\n<p><strong>1.3<\/strong> Per consumatore ai sensi delle presenti CGV si intende qualsiasi persona fisica che conclude un negozio giuridico per scopi che non possono essere prevalentemente attribuiti n\u00e9 alla sua attivit\u00e0 commerciale n\u00e9 alla sua attivit\u00e0 professionale autonoma. Un imprenditore ai sensi delle presenti Condizioni Generali \u00e8 una persona fisica o giuridica o una societ\u00e0 di persone con capacit\u00e0 giuridica che, al momento della conclusione di un negozio giuridico, agisce nell&#8217;esercizio della propria attivit\u00e0 commerciale o professionale indipendente.<\/p>\n<h5>2) Conclusione del contratto<\/h5>\n<p><strong>2.1<\/strong> I contenuti pubblicati nel negozio online del licenziante non rappresentano offerte vincolanti da parte del licenziante, ma servono per la presentazione di un&#8217;offerta vincolante da parte del licenziatario.<\/p>\n<p><strong>2.2<\/strong> Il licenziatario pu\u00f2 presentare l&#8217;offerta tramite il modulo d&#8217;ordine online integrato nel negozio online del licenziante. In questo modo, il Licenziatario, dopo aver inserito i contenuti selezionati nel carrello virtuale e aver eseguito il processo di ordinazione elettronica, presenta un&#8217;offerta giuridicamente vincolante per la stipula di un contratto relativo ai contenuti presenti nel carrello cliccando sul pulsante che conclude il processo di ordinazione.<\/p>\n<p><strong>2.3<\/strong> Il concedente pu\u00f2 accettare l&#8217;offerta del licenziatario entro cinque giorni,<\/p>\n<ul>\n<li>inviando al Licenziatario una conferma d&#8217;ordine scritta o una conferma d&#8217;ordine in forma testuale (fax o e-mail), per la quale \u00e8 determinante la ricezione della conferma d&#8217;ordine da parte del Licenziatario, oppure<\/li>\n<li>fornendo al licenziatario i contenuti ordinati, dove l&#8217;accesso al licenziatario \u00e8 decisivo, oppure<\/li>\n<li>richiedendo al licenziatario di pagare dopo che l&#8217;ordine \u00e8 stato effettuato.<\/li>\n<\/ul>\n<p>Se esistono pi\u00f9 alternative, il contratto viene stipulato nel momento in cui una delle alternative si verifica per prima. Se il licenziante non accetta l&#8217;offerta del licenziatario entro tale termine, ci\u00f2 sar\u00e0 considerato come un rifiuto dell&#8217;offerta, con la conseguenza che il licenziatario non sar\u00e0 pi\u00f9 vincolato dalla sua dichiarazione di intenti.<\/p>\n<p><strong>2.4<\/strong> Il termine per l&#8217;accettazione dell&#8217;offerta decorre dal giorno successivo all&#8217;invio dell&#8217;offerta da parte del concessionario e termina allo scadere del quinto giorno successivo all&#8217;invio dell&#8217;offerta.<\/p>\n<p><strong>2.5<\/strong>  Quando si presenta un&#8217;offerta tramite il modulo d&#8217;ordine online del Concessore di licenza, il testo del contratto viene salvato dal Concessore di licenza dopo la conclusione del contratto e inviato al Licenziatario in forma di testo (ad es. e-mail, fax o lettera) dopo che il Licenziatario ha inviato il suo ordine. Il licenziante non render\u00e0 accessibile il testo del contratto oltre a questo. Se il Licenziatario ha creato un account utente nel negozio online del Licenziante prima di inviare l&#8217;ordine, i dati dell&#8217;ordine saranno archiviati sul sito web del Licenziante e potranno essere consultati gratuitamente dal Licenziatario tramite il suo account utente protetto da password inserendo i relativi dati di accesso.<\/p>\n<p><strong>2.6<\/strong> Prima dell&#8217;inoltro vincolante dell&#8217;ordine tramite il modulo d&#8217;ordine online, il licenziatario pu\u00f2 correggere continuamente i propri inserimenti utilizzando le consuete funzioni di tastiera e mouse. Inoltre, prima dell&#8217;invio vincolante dell&#8217;ordine, tutte le voci vengono nuovamente visualizzate in una finestra di conferma e possono essere corrette con le consuete funzioni di tastiera e mouse.<\/p>\n<p><strong>2.7<\/strong> Per la conclusione del contratto \u00e8 disponibile solo la lingua tedesca.<\/p>\n<p><strong>2.8<\/strong> L&#8217;elaborazione dell&#8217;ordine e il contatto avvengono di norma tramite e-mail ed elaborazione automatizzata dell&#8217;ordine. Il cliente deve assicurarsi che l&#8217;indirizzo e-mail da lui fornito per l&#8217;elaborazione dell&#8217;ordine sia corretto, in modo che le e-mail inviate dal licenziante possano essere ricevute a questo indirizzo. In caso di utilizzo di filtri SPAM, il cliente deve assicurarsi che tutte le e-mail inviate dal licenziante o da terzi incaricati dal licenziante per l&#8217;elaborazione dell&#8217;ordine possano essere recapitate.<\/p>\n<h5>3) Diritto di recesso<\/h5>\n<p>I consumatori hanno generalmente diritto a un diritto di recesso. Informazioni pi\u00f9 dettagliate sul diritto di revoca sono reperibili nelle istruzioni di revoca del licenziante.<\/p>\n<h5>4) Retribuzione<\/h5>\n<p><strong>4.1<\/strong> Per la concessione dei diritti sui rispettivi contenuti, il Licenziante ricever\u00e0 un compenso forfettario per la licenza, il cui importo \u00e8 specificato nella descrizione del rispettivo articolo.<\/p>\n<p><strong>4.2<\/strong> I prezzi indicati dal Concedente sono prezzi totali e comprendono l&#8217;imposta sul valore aggiunto prevista dalla legge.<\/p>\n<p><strong>4.3<\/strong> Nel caso di pagamenti in paesi al di fuori dell&#8217;Unione Europea, in singoli casi possono sorgere ulteriori costi per i quali il licenziante non \u00e8 responsabile e che sono a carico del licenziatario. Questi includono, ad esempio, i costi per il trasferimento di fondi attraverso gli istituti di credito (ad esempio, commissioni di trasferimento, spese di cambio).<\/p>\n<p><strong>4.4<\/strong> Il licenziatario ha a disposizione diverse opzioni di pagamento, specificate nel negozio online del licenziante.<\/p>\n<p><strong>4.5<\/strong> Se \u00e8 stato concordato il pagamento anticipato tramite bonifico bancario, il pagamento \u00e8 dovuto immediatamente dopo la conclusione del contratto, a meno che le parti non abbiano concordato una data di scadenza successiva.<\/p>\n<p><strong>4.6<\/strong> Se viene selezionato il metodo di pagamento &#8220;PayPal&#8221;, il pagamento sar\u00e0 elaborato dal fornitore di servizi di pagamento PayPal (Europe) S.\u00e0 r.l. et Cie, S.C.A., 22-24 Boulevard Royal, L-2449 Lussemburgo secondo i termini delle Condizioni d&#8217;uso di PayPal, disponibili all&#8217;indirizzo https:\/\/www.paypal.com\/de\/webapps\/mpp\/ua\/useragreement-full.<\/p>\n<h5>5) Trasferimento dei contenuti<\/h5>\n<p>Il contenuto viene fornito esclusivamente in forma elettronica via e-mail o scaricato dal sito web del licenziante.<\/p>\n<h5>6) Concessione di diritti d&#8217;uso<\/h5>\n<p><strong>6.1<\/strong> Se non diversamente indicato nella descrizione del negozio online del Licenziante, quest&#8217;ultimo concede al Licenziatario il diritto non esclusivo di utilizzare i contenuti forniti per scopi privati e commerciali, senza limiti di tempo e di luogo.<\/p>\n<p><strong>6.2<\/strong> Il trasferimento dei contenuti a terzi o la creazione di copie per terzi al di fuori dell&#8217;ambito delle presenti CGC non \u00e8 consentito, a meno che il licenziante non abbia acconsentito al trasferimento della licenza contrattuale al terzo.<\/p>\n<p><strong>6.3<\/strong> La concessione dei diritti diventer\u00e0 effettiva solo quando il Licenziatario avr\u00e0 pagato per intero il compenso contrattualmente dovuto. Il licenziante pu\u00f2 anche autorizzare provvisoriamente l&#8217;uso dei contenuti del contratto prima di questo momento. Tale autorizzazione provvisoria non costituisce un trasferimento di diritti.<\/p>\n<h5>7) Responsabilit\u00e0 per difetti<\/h5>\n<p>Si applica la responsabilit\u00e0 legale per i difetti.<\/p>\n<h5>8) Legge applicabile<\/h5>\n<p>Se il licenziatario agisce come commerciante, persona giuridica di diritto pubblico o fondo speciale di diritto pubblico con sede legale nel territorio della Repubblica Federale Tedesca, il foro competente esclusivo per tutte le controversie derivanti dal presente contratto \u00e8 la sede legale del licenziante. Se il Licenziatario ha la propria sede legale al di fuori del territorio della Repubblica Federale Tedesca, la sede del Licenziante sar\u00e0 il foro competente esclusivo per tutte le controversie derivanti dal presente Contratto, se il Contratto o i reclami derivanti dal Contratto possono essere attribuiti alle attivit\u00e0 professionali o commerciali del Licenziatario. Nei casi di cui sopra, tuttavia, il Licenziante \u00e8 in ogni caso autorizzato ad agire in giudizio presso il tribunale della sede del Licenziatario.<\/p>\n<h5>9) Risoluzione alternativa delle controversie<\/h5>\n<p><strong>9.1<\/strong> La Commissione europea mette a disposizione una piattaforma per la risoluzione delle controversie online su Internet al seguente link: https:\/\/ec.europa.eu\/consumers\/odr.<\/p>\n<p>Questa piattaforma funge da punto di contatto per la risoluzione extragiudiziale delle controversie derivanti da contratti di acquisto o di servizio online in cui \u00e8 coinvolto un consumatore.<\/p>\n<p><strong>9.2<\/strong> Il Concessore di licenza non \u00e8 obbligato n\u00e9 intende partecipare a procedimenti di risoluzione delle controversie davanti a un organo di risoluzione delle controversie dei consumatori.<\/p>\n<\/div>\n","protected":false},"excerpt":{"rendered":"<p>Termini e condizioni Termini e condizioni generali con informazioni per i clienti Indice dei contenuti &nbsp; Ambito di applicazione Conclusione [&hellip;]<\/p>\n","protected":false},"author":1,"featured_media":0,"parent":0,"menu_order":0,"comment_status":"closed","ping_status":"closed","template":"","meta":{"footnotes":""},"class_list":["post-801","page","type-page","status-publish","hentry"],"_links":{"self":[{"href":"https:\/\/www.baduno.com\/it\/wp-json\/wp\/v2\/pages\/801","targetHints":{"allow":["GET"]}}],"collection":[{"href":"https:\/\/www.baduno.com\/it\/wp-json\/wp\/v2\/pages"}],"about":[{"href":"https:\/\/www.baduno.com\/it\/wp-json\/wp\/v2\/types\/page"}],"author":[{"embeddable":true,"href":"https:\/\/www.baduno.com\/it\/wp-json\/wp\/v2\/users\/1"}],"replies":[{"embeddable":true,"href":"https:\/\/www.baduno.com\/it\/wp-json\/wp\/v2\/comments?post=801"}],"version-history":[{"count":1,"href":"https:\/\/www.baduno.com\/it\/wp-json\/wp\/v2\/pages\/801\/revisions"}],"predecessor-version":[{"id":817,"href":"https:\/\/www.baduno.com\/it\/wp-json\/wp\/v2\/pages\/801\/revisions\/817"}],"wp:attachment":[{"href":"https:\/\/www.baduno.com\/it\/wp-json\/wp\/v2\/media?parent=801"}],"curies":[{"name":"wp","href":"https:\/\/api.w.org\/{rel}","templated":true}]}}