{"id":962,"date":"2022-07-08T06:28:37","date_gmt":"2022-07-08T06:28:37","guid":{"rendered":"https:\/\/www.baduno.com\/product\/hebergement-sur-serveur-dedie\/"},"modified":"2022-07-08T06:31:30","modified_gmt":"2022-07-08T06:31:30","slug":"hebergement-de-serveurs-dedies","status":"publish","type":"product","link":"https:\/\/www.baduno.com\/fr\/produit\/hebergement-de-serveurs-dedies\/","title":{"rendered":"H\u00e9bergement sur serveur d\u00e9di\u00e9"},"content":{"rendered":"<h2 class=\"ods-title font-weight-bold text-level--xl mb-5 text-left \">En savoir plus sur les serveurs d\u00e9di\u00e9s de Baduno<\/h2>\n<div class=\"limited-content-size\" data-seo-content=\"\">\n<h3>Qu&rsquo;est-ce qu&rsquo;un serveur d\u00e9di\u00e9 ?<\/h3>\n<p>Un serveur d\u00e9di\u00e9, ou serveur informatique, est une machine qui alloue toutes ses ressources mat\u00e9rielles \u00e0 l&rsquo;utilisateur. Contrairement \u00e0 un serveur virtuel, qui alloue une partie des ressources \u00e0 la technologie de virtualisation, un serveur d\u00e9di\u00e9 vous offre toute sa m\u00e9moire vive, son stockage et sa puissance de calcul. Cette technologie peut \u00eatre appliqu\u00e9e \u00e0 l&rsquo;informatique en nuage, tandis que les serveurs d\u00e9di\u00e9s sont appel\u00e9s \u00ab\u00a0bare-metal\u00a0\u00bb. Ce type de solution met l&rsquo;accent sur la disponibilit\u00e9 physique des ressources mat\u00e9rielles du serveur, contrairement aux services bas\u00e9s sur des instances virtuelles.<\/p>\n<h3>Quel serveur d\u00e9di\u00e9 dois-je choisir ?<\/h3>\n<p>Nos configurations de serveurs d\u00e9di\u00e9s sont sp\u00e9cialement adapt\u00e9es pour r\u00e9pondre \u00e0 un large \u00e9ventail d&rsquo;utilisations professionnelles. En fonction de vos besoins, vous pouvez opter pour plus de m\u00e9moire vive, plus d&rsquo;espace de stockage ou un processeur plus rapide.<\/p>\n<p>Les serveurs d\u00e9di\u00e9s de Baduno se distinguent \u00e9galement par leur capacit\u00e9 de bande passante et les services associ\u00e9s. Vous pouvez \u00e9galement utiliser notre solution anti-DDoS adapt\u00e9e aux jeux &#8211; et notre r\u00e9seau priv\u00e9 (vRack) peut \u00eatre utilis\u00e9 pour connecter votre serveur d\u00e9di\u00e9 \u00e0 votre infrastructure, ou encore le RAID mat\u00e9riel. Choisissez la configuration qui convient le mieux \u00e0 vos besoins.<\/p>\n<h3>Solutions en nuage, h\u00e9bergement partag\u00e9 ou serveur d\u00e9di\u00e9 ?<\/h3>\n<p>Il y a deux facteurs principaux qui font qu&rsquo;un serveur d\u00e9di\u00e9 est diff\u00e9rent d&rsquo;une instance en nuage. Tout d&rsquo;abord, les performances brutes de la machine sont diff\u00e9rentes : aucune couche de virtualisation ne consomme de ressources sur un serveur d\u00e9di\u00e9, ce qui vous garantit une utilisation compl\u00e8te des ressources physiques. La deuxi\u00e8me diff\u00e9rence concerne le niveau d&rsquo;administration du serveur. Avec un serveur d\u00e9di\u00e9, vous g\u00e9rez tout, de sa configuration aux donn\u00e9es qu&rsquo;il h\u00e9berge, et vous \u00eates \u00e9galement responsable de sa s\u00e9curit\u00e9. Vous pouvez ainsi opter pour une installation plus avanc\u00e9e, indispensable pour l&rsquo;utilisation de certaines applications professionnelles (par exemple). Le principal avantage d&rsquo;une solution d\u00e9di\u00e9e est la libert\u00e9 totale dont vous b\u00e9n\u00e9ficiez en tant qu&rsquo;administrateur. Toutefois, si vous souhaitez \u00e9viter la gestion technique et vous concentrer uniquement sur votre projet web, les instances du Cloud public de Baduno sont la meilleure solution pour vous. Vous avez besoin de cr\u00e9er un site web simple ? Jetez un coup d&rsquo;\u0153il \u00e0 nos solutions d&rsquo;h\u00e9bergement mutualis\u00e9, qui vous offrent une plateforme d&rsquo;h\u00e9bergement \u00e0 un co\u00fbt imbattable, dont la configuration est enti\u00e8rement g\u00e9r\u00e9e par Baduno.<\/p>\n<\/div>\n","protected":false},"excerpt":{"rendered":"<div class=\"elementor-element elementor-element-2711060 elementor-widget elementor-widget-heading\" data-id=\"2711060\" data-element_type=\"widget\" data-widget_type=\"heading.default\">\n<div class=\"elementor-widget-container\">\n<h3 class=\"elementor-heading-title elementor-size-default\">D\u00e9ployer et \u00e9tendre avec Baduno<\/h3>\n<\/div>\n<\/div>\n<div class=\"elementor-element elementor-element-52a78b4e elementor-widget elementor-widget-text-editor\" data-id=\"52a78b4e\" data-element_type=\"widget\" data-widget_type=\"text-editor.default\">\n<div class=\"elementor-widget-container\">\n<div class=\"elementor-text-editor elementor-clearfix\">\n<p>G\u00e9rez facilement une infrastructure \u00e9tendue \u00e0 l&rsquo;aide d&rsquo;outils robustes tels que les services g\u00e9r\u00e9s, le d\u00e9ploiement instantan\u00e9 dans le monde entier, la gestion des DNS, les rechargements instantan\u00e9s, la surveillance de la bande passante, et bien plus encore, le tout \u00e0 partir d&rsquo;un panneau de contr\u00f4le rapide et convivial.<\/p>\n<\/div>\n<\/div>\n<\/div>\n","protected":false},"featured_media":958,"comment_status":"open","ping_status":"closed","template":"","meta":[],"product_cat":[75,76,69,74],"product_tag":[],"class_list":{"0":"post-962","1":"product","2":"type-product","3":"status-publish","4":"has-post-thumbnail","6":"product_cat-serveur","7":"product_cat-hebergement","8":"product_cat-seo-fr","9":"product_cat-web-fr","11":"first","12":"instock","13":"sale","14":"sold-individually","15":"shipping-taxable","16":"purchasable","17":"product-type-variable","18":"has-default-attributes"},"_links":{"self":[{"href":"https:\/\/www.baduno.com\/fr\/wp-json\/wp\/v2\/product\/962","targetHints":{"allow":["GET"]}}],"collection":[{"href":"https:\/\/www.baduno.com\/fr\/wp-json\/wp\/v2\/product"}],"about":[{"href":"https:\/\/www.baduno.com\/fr\/wp-json\/wp\/v2\/types\/product"}],"replies":[{"embeddable":true,"href":"https:\/\/www.baduno.com\/fr\/wp-json\/wp\/v2\/comments?post=962"}],"wp:featuredmedia":[{"embeddable":true,"href":"https:\/\/www.baduno.com\/fr\/wp-json\/wp\/v2\/media\/958"}],"wp:attachment":[{"href":"https:\/\/www.baduno.com\/fr\/wp-json\/wp\/v2\/media?parent=962"}],"wp:term":[{"taxonomy":"product_cat","embeddable":true,"href":"https:\/\/www.baduno.com\/fr\/wp-json\/wp\/v2\/product_cat?post=962"},{"taxonomy":"product_tag","embeddable":true,"href":"https:\/\/www.baduno.com\/fr\/wp-json\/wp\/v2\/product_tag?post=962"}],"curies":[{"name":"wp","href":"https:\/\/api.w.org\/{rel}","templated":true}]}}