{"id":657,"date":"2022-06-27T13:05:00","date_gmt":"2022-06-27T13:05:00","guid":{"rendered":"https:\/\/www.baduno.com\/product\/texte-de-reference\/"},"modified":"2022-06-27T13:05:00","modified_gmt":"2022-06-27T13:05:00","slug":"seo-text-2","status":"publish","type":"product","link":"https:\/\/www.baduno.com\/fr\/produit\/seo-text-2\/","title":{"rendered":"Texte de r\u00e9f\u00e9rence"},"content":{"rendered":"<p>Surfer est l&rsquo;un des meilleurs outils disponibles pour la planification et la strat\u00e9gie de contenu, car il dispose d&rsquo;une s\u00e9rie de fonctionnalit\u00e9s qui peuvent vous aider \u00e0 trouver des id\u00e9es de mots cl\u00e9s et \u00e0 les transformer en contenu \u00e0 fort potentiel de classement.<\/p>\n<p>\u00c0 partir d&rsquo;un seul mot-cl\u00e9, Surfer fournira des tonnes de termes de recherche connexes et les classera dans des groupes pertinents, ce qui peut vous aider \u00e0 cibler plusieurs termes de recherche dans un seul \u00e9l\u00e9ment de contenu. Il fournira \u00e9galement des informations sur l&rsquo;intention et le volume des recherches.<\/p>\n<p>Ensuite, vous pouvez utiliser l&rsquo;outil d&rsquo;aide \u00e0 la r\u00e9daction aliment\u00e9 par l&rsquo;IA pour \u00e9laborer en quelques clics un r\u00e9sum\u00e9 optimis\u00e9 pour le r\u00e9f\u00e9rencement de vos articles.<\/p>\n<p>Surfer comprend \u00e9galement un outil d&rsquo;\u00e9dition de contenu qui \u00e9value le contenu des r\u00e9dacteurs au fur et \u00e0 mesure qu&rsquo;ils le produisent et d\u00e9termine quels termes de recherche pertinents ont \u00e9t\u00e9 inclus et \u00e0 quelle fr\u00e9quence. Vous pouvez \u00e9galement utiliser l&rsquo;outil d&rsquo;audit Surfer pour modifier et optimiser le contenu existant sur votre site.<\/p>\n<p>Globalement, Surfer est l&rsquo;un des meilleurs outils pour rationaliser la planification et l&rsquo;optimisation du contenu. Il s&rsquo;agit \u00e9galement d&rsquo;un choix particuli\u00e8rement judicieux pour les propri\u00e9taires de sites qui externalisent des t\u00e2ches de r\u00e9daction, car vous pouvez utiliser Surfer pour cr\u00e9er des consignes d\u00e9taill\u00e9es pour les r\u00e9dacteurs et maintenir des normes de qualit\u00e9 coh\u00e9rentes gr\u00e2ce au syst\u00e8me de notation du contenu.<\/p>\n<p>J&rsquo;aime particuli\u00e8rement la fa\u00e7on dont Surfer fonctionne avec d&rsquo;autres plateformes et son utilit\u00e9 pour les \u00e9quipes. Par exemple, les \u00e9diteurs de contenu peuvent \u00eatre g\u00e9n\u00e9r\u00e9s et partag\u00e9s avec un nombre illimit\u00e9 de membres de l&rsquo;\u00e9quipe via un lien de partage. Ensuite, l&rsquo;extension Chrome vous permet d&rsquo;optimiser le contenu directement dans Google Docs et WordPress.<\/p>\n","protected":false},"excerpt":{"rendered":"<p>Votre site web est en ligne. Vous avez mis beaucoup d&rsquo;efforts dans la conception. Bien s\u00fbr, vous souhaitez que de nombreuses personnes visitent votre site web. Quel est le meilleur moyen ? Le moyen le plus simple serait bien s\u00fbr de passer par Google. Mais lorsque vous tapez votre site web dans la barre de recherche, vous voyez votre page bien trop loin. C&rsquo;est encore pire si vous n&rsquo;apparaissez que sur la deuxi\u00e8me page. comment pouvez-vous changer cela ? Avec les textes SEO vous pouvez am\u00e9liorer votre classement. Mais qu&rsquo;est-ce que le SEO ? Qu&rsquo;est-ce que cela a \u00e0 voir avec Google ? Quels aspects devez-vous prendre en compte ? Lisez les sections suivantes et voyez ce qu&rsquo;est exactement le r\u00e9f\u00e9rencement et comment il peut aider votre site \u00e0 \u00eatre mieux class\u00e9. Si vous ne comprenez pas quelque chose, n&rsquo;h\u00e9sitez pas \u00e0 nous contacter.<\/p>\n","protected":false},"featured_media":404,"comment_status":"open","ping_status":"closed","template":"","meta":[],"product_cat":[69],"product_tag":[],"class_list":{"0":"post-657","1":"product","2":"type-product","3":"status-publish","4":"has-post-thumbnail","6":"product_cat-seo-fr","8":"first","9":"instock","10":"sale","11":"shipping-taxable","12":"purchasable","13":"product-type-variable"},"_links":{"self":[{"href":"https:\/\/www.baduno.com\/fr\/wp-json\/wp\/v2\/product\/657","targetHints":{"allow":["GET"]}}],"collection":[{"href":"https:\/\/www.baduno.com\/fr\/wp-json\/wp\/v2\/product"}],"about":[{"href":"https:\/\/www.baduno.com\/fr\/wp-json\/wp\/v2\/types\/product"}],"replies":[{"embeddable":true,"href":"https:\/\/www.baduno.com\/fr\/wp-json\/wp\/v2\/comments?post=657"}],"wp:featuredmedia":[{"embeddable":true,"href":"https:\/\/www.baduno.com\/fr\/wp-json\/wp\/v2\/media\/404"}],"wp:attachment":[{"href":"https:\/\/www.baduno.com\/fr\/wp-json\/wp\/v2\/media?parent=657"}],"wp:term":[{"taxonomy":"product_cat","embeddable":true,"href":"https:\/\/www.baduno.com\/fr\/wp-json\/wp\/v2\/product_cat?post=657"},{"taxonomy":"product_tag","embeddable":true,"href":"https:\/\/www.baduno.com\/fr\/wp-json\/wp\/v2\/product_tag?post=657"}],"curies":[{"name":"wp","href":"https:\/\/api.w.org\/{rel}","templated":true}]}}