{"id":641,"date":"2022-06-26T18:14:04","date_gmt":"2022-06-26T18:14:04","guid":{"rendered":"https:\/\/www.baduno.com\/product\/ma-formule-facebook\/"},"modified":"2022-06-26T18:14:04","modified_gmt":"2022-06-26T18:14:04","slug":"ma-formule-facebook","status":"publish","type":"product","link":"https:\/\/www.baduno.com\/fr\/produit\/ma-formule-facebook\/","title":{"rendered":"Ma formule Facebook"},"content":{"rendered":"<p>Le seul avantage que vous avez, en tant que propri\u00e9taire d&rsquo;une petite entreprise, par rapport \u00e0 une grande soci\u00e9t\u00e9, ce sont les relations. Oui, vous avez bien entendu ! Vous avez plus de chances de passer du temps \u00e0 \u00e9tablir des relations avec vos clients que n&rsquo;importe quelle grande entreprise, car ces derni\u00e8res se concentrent surtout sur leurs r\u00e9sultats et leur retour sur investissement, n\u00e9gligeant les strat\u00e9gies et les tactiques qui ne se traduisent pas forc\u00e9ment par des r\u00e9sultats tangibles imm\u00e9diatement. Cependant, m\u00eame les \u00ab\u00a0grands\u00a0\u00bb commencent \u00e0 comprendre l&rsquo;int\u00e9r\u00eat des sites de m\u00e9dias sociaux et de l&rsquo;\u00e9tablissement de relations avec leurs clients, c&rsquo;est pourquoi vous devez sauter dans ce train d&rsquo;opportunit\u00e9s avant qu&rsquo;il ne vous \u00e9chappe.<\/p>\n","protected":false},"excerpt":{"rendered":"<p>Gr\u00e2ce \u00e0 l&rsquo;internet et aux sites de m\u00e9dias sociaux en particulier, la fronti\u00e8re entre notre vie sociale et notre vie professionnelle s&rsquo;estompe de plus en plus chaque jour. Les sites de m\u00e9dias sociaux donnent aux gens la possibilit\u00e9 de se connecter avec de vieux amis, d&rsquo;en faire de nouveaux et d&rsquo;\u00e9tendre leur r\u00e9seau professionnel en quelques clics seulement, depuis le confort de leur propre maison.<\/p>\n","protected":false},"featured_media":342,"comment_status":"open","ping_status":"closed","template":"","meta":[],"product_cat":[61],"product_tag":[],"class_list":{"0":"post-641","1":"product","2":"type-product","3":"status-publish","4":"has-post-thumbnail","6":"product_cat-marketing-social-en-ligne","8":"first","9":"instock","10":"sale","11":"downloadable","12":"shipping-taxable","13":"purchasable","14":"product-type-simple"},"_links":{"self":[{"href":"https:\/\/www.baduno.com\/fr\/wp-json\/wp\/v2\/product\/641","targetHints":{"allow":["GET"]}}],"collection":[{"href":"https:\/\/www.baduno.com\/fr\/wp-json\/wp\/v2\/product"}],"about":[{"href":"https:\/\/www.baduno.com\/fr\/wp-json\/wp\/v2\/types\/product"}],"replies":[{"embeddable":true,"href":"https:\/\/www.baduno.com\/fr\/wp-json\/wp\/v2\/comments?post=641"}],"wp:featuredmedia":[{"embeddable":true,"href":"https:\/\/www.baduno.com\/fr\/wp-json\/wp\/v2\/media\/342"}],"wp:attachment":[{"href":"https:\/\/www.baduno.com\/fr\/wp-json\/wp\/v2\/media?parent=641"}],"wp:term":[{"taxonomy":"product_cat","embeddable":true,"href":"https:\/\/www.baduno.com\/fr\/wp-json\/wp\/v2\/product_cat?post=641"},{"taxonomy":"product_tag","embeddable":true,"href":"https:\/\/www.baduno.com\/fr\/wp-json\/wp\/v2\/product_tag?post=641"}],"curies":[{"name":"wp","href":"https:\/\/api.w.org\/{rel}","templated":true}]}}