{"id":638,"date":"2022-06-26T18:21:53","date_gmt":"2022-06-26T18:21:53","guid":{"rendered":"https:\/\/www.baduno.com\/product\/le-pouvoir-des-medias-sociaux\/"},"modified":"2022-06-26T18:21:53","modified_gmt":"2022-06-26T18:21:53","slug":"le-pouvoir-des-medias-sociaux","status":"publish","type":"product","link":"https:\/\/www.baduno.com\/fr\/produit\/le-pouvoir-des-medias-sociaux\/","title":{"rendered":"Le pouvoir des m\u00e9dias sociaux"},"content":{"rendered":"<p>D\u00e9couvrez comment exploiter la puissance des sites de m\u00e9dias sociaux comme Facebook et Twitter pour faire d\u00e9coller votre activit\u00e9. Ce guide vous fera partager 200 tactiques puissantes de m\u00e9dias sociaux pour augmenter les ventes, les fans et les adeptes.<\/p>\n","protected":false},"excerpt":{"rendered":"<p>Les m\u00e9dias sociaux &#8211; c&rsquo;est probablement l&rsquo;invention la plus ph\u00e9nom\u00e9nale jamais con\u00e7ue par l&rsquo;homme depuis la naissance du World Wide Web. Et m\u00eame si des versions ant\u00e9rieures de la communication en ligne ont fleuri depuis les premiers jours de l&rsquo;internet, rien n&rsquo;est comparable \u00e0 la polyvalence, \u00e0 la facilit\u00e9 d&rsquo;utilisation et au c\u00f4t\u00e9 amusant des m\u00e9dias sociaux.<\/p>\n","protected":false},"featured_media":368,"comment_status":"open","ping_status":"closed","template":"","meta":[],"product_cat":[58],"product_tag":[],"class_list":{"0":"post-638","1":"product","2":"type-product","3":"status-publish","4":"has-post-thumbnail","6":"product_cat-marketing-des-medias-sociaux","8":"first","9":"instock","10":"sale","11":"downloadable","12":"shipping-taxable","13":"purchasable","14":"product-type-simple"},"_links":{"self":[{"href":"https:\/\/www.baduno.com\/fr\/wp-json\/wp\/v2\/product\/638","targetHints":{"allow":["GET"]}}],"collection":[{"href":"https:\/\/www.baduno.com\/fr\/wp-json\/wp\/v2\/product"}],"about":[{"href":"https:\/\/www.baduno.com\/fr\/wp-json\/wp\/v2\/types\/product"}],"replies":[{"embeddable":true,"href":"https:\/\/www.baduno.com\/fr\/wp-json\/wp\/v2\/comments?post=638"}],"wp:featuredmedia":[{"embeddable":true,"href":"https:\/\/www.baduno.com\/fr\/wp-json\/wp\/v2\/media\/368"}],"wp:attachment":[{"href":"https:\/\/www.baduno.com\/fr\/wp-json\/wp\/v2\/media?parent=638"}],"wp:term":[{"taxonomy":"product_cat","embeddable":true,"href":"https:\/\/www.baduno.com\/fr\/wp-json\/wp\/v2\/product_cat?post=638"},{"taxonomy":"product_tag","embeddable":true,"href":"https:\/\/www.baduno.com\/fr\/wp-json\/wp\/v2\/product_tag?post=638"}],"curies":[{"name":"wp","href":"https:\/\/api.w.org\/{rel}","templated":true}]}}