{"id":630,"date":"2022-06-26T15:00:57","date_gmt":"2022-06-26T15:00:57","guid":{"rendered":"https:\/\/www.baduno.com\/product\/video-pro-comment-utiliser-le-marketing-video-dans-votre-entreprise\/"},"modified":"2022-06-26T15:00:57","modified_gmt":"2022-06-26T15:00:57","slug":"video-pro-comment-utiliser-le-marketing-video-dans-votre-entreprise","status":"publish","type":"product","link":"https:\/\/www.baduno.com\/fr\/produit\/video-pro-comment-utiliser-le-marketing-video-dans-votre-entreprise\/","title":{"rendered":"Vid\u00e9o Pro : comment utiliser le marketing vid\u00e9o dans votre entreprise"},"content":{"rendered":"<p>Vous cherchez plus de clients ? Vous avez essay\u00e9 tout le reste, mais vous avez \u00e9t\u00e9 d\u00e9\u00e7u ? Vous ne tirez probablement pas profit du marketing vid\u00e9o.<\/p>\n<p>Quel que soit votre march\u00e9, la vid\u00e9o vous offre davantage de possibilit\u00e9s de d\u00e9velopper votre marque en lui donnant de la visibilit\u00e9 et en \u00e9tablissant votre cr\u00e9dibilit\u00e9 dans votre niche.<\/p>\n<p>La mise en place d&rsquo;une bonne strat\u00e9gie de marketing vid\u00e9o doit \u00eatre l&rsquo;un de vos objectifs si vous souhaitez cibler un public plus large.<\/p>\n<p><strong>Pourquoi devriez-vous utiliser des vid\u00e9os dans votre entreprise ?<\/strong><\/p>\n<p>&#8211; Faible barri\u00e8re \u00e0 l&rsquo;entr\u00e9e : comme indiqu\u00e9 pr\u00e9c\u00e9demment, la cr\u00e9ation de vid\u00e9os en ligne n\u00e9cessite un investissement tr\u00e8s faible. Pour l&rsquo;essentiel, vous avez besoin d&rsquo;une webcam et d&rsquo;un compte YouTube.<\/p>\n<p>&#8211; La vid\u00e9o en ligne vous permet de transmettre des messages forts et convaincants, d&rsquo;\u00e9tablir votre cr\u00e9dibilit\u00e9 et de renforcer votre fiabilit\u00e9. Les gens sont beaucoup plus susceptibles de vous faire confiance et de s&rsquo;identifier \u00e0 vous lorsqu&rsquo;ils peuvent vous voir et entendre votre voix.<\/p>\n<p>&#8211; \u00c0 l&rsquo;instar des m\u00e9dias sociaux, la vid\u00e9o en ligne vous permet d&rsquo;\u00e9tablir un lien personnel plus fort avec vos clients et prospects, en veillant \u00e0 \u00e9tablir une connexion personnelle avant m\u00eame de les rencontrer en personne.<\/p>\n<p>&#8211; C&rsquo;est bon pour votre classement dans les moteurs de recherche : selon une \u00e9tude men\u00e9e par Forrester Research, une pr\u00e9sence plus forte sur YouTube peut vous permettre d&rsquo;obtenir un meilleur classement, car la vid\u00e9o a jusqu&rsquo;\u00e0 50 fois plus de chances qu&rsquo;un simple texte d&rsquo;arriver en t\u00eate des classements de recherche.<\/p>\n","protected":false},"excerpt":{"rendered":"<p>La vid\u00e9o en ligne est utilis\u00e9e efficacement depuis un certain temps comme outil de marketing et de promotion par les petites et grandes entreprises de tous les secteurs. Les ressources n\u00e9cessaires \u00e0 la cr\u00e9ation et \u00e0 la diffusion de ces vid\u00e9os &#8211; YouTube et autres &#8211; sont facilement accessibles, ce qui permet aux petites entreprises et aux entrepreneurs d&rsquo;atteindre plus facilement leurs clients potentiels, rapidement et \u00e0 moindre co\u00fbt.<\/p>\n","protected":false},"featured_media":222,"comment_status":"open","ping_status":"closed","template":"","meta":[],"product_cat":[61],"product_tag":[],"class_list":{"0":"post-630","1":"product","2":"type-product","3":"status-publish","4":"has-post-thumbnail","6":"product_cat-marketing-social-en-ligne","8":"first","9":"instock","10":"sale","11":"downloadable","12":"shipping-taxable","13":"purchasable","14":"product-type-simple"},"_links":{"self":[{"href":"https:\/\/www.baduno.com\/fr\/wp-json\/wp\/v2\/product\/630","targetHints":{"allow":["GET"]}}],"collection":[{"href":"https:\/\/www.baduno.com\/fr\/wp-json\/wp\/v2\/product"}],"about":[{"href":"https:\/\/www.baduno.com\/fr\/wp-json\/wp\/v2\/types\/product"}],"replies":[{"embeddable":true,"href":"https:\/\/www.baduno.com\/fr\/wp-json\/wp\/v2\/comments?post=630"}],"wp:featuredmedia":[{"embeddable":true,"href":"https:\/\/www.baduno.com\/fr\/wp-json\/wp\/v2\/media\/222"}],"wp:attachment":[{"href":"https:\/\/www.baduno.com\/fr\/wp-json\/wp\/v2\/media?parent=630"}],"wp:term":[{"taxonomy":"product_cat","embeddable":true,"href":"https:\/\/www.baduno.com\/fr\/wp-json\/wp\/v2\/product_cat?post=630"},{"taxonomy":"product_tag","embeddable":true,"href":"https:\/\/www.baduno.com\/fr\/wp-json\/wp\/v2\/product_tag?post=630"}],"curies":[{"name":"wp","href":"https:\/\/api.w.org\/{rel}","templated":true}]}}