{"id":625,"date":"2022-06-26T17:28:40","date_gmt":"2022-06-26T17:28:40","guid":{"rendered":"https:\/\/www.baduno.com\/product\/facebook-marketing-mania\/"},"modified":"2022-06-26T17:28:40","modified_gmt":"2022-06-26T17:28:40","slug":"facebook-marketing-mania-2","status":"publish","type":"product","link":"https:\/\/www.baduno.com\/fr\/produit\/facebook-marketing-mania-2\/","title":{"rendered":"Facebook Marketing Mania"},"content":{"rendered":"<p>Le moyen d&rsquo;attirer un trafic massif par le biais d&rsquo;une page de fans est d&rsquo;inciter vos fans \u00e0 interagir avec le contenu que vous publiez sur votre page de fans. Voici quelques techniques pour y parvenir :<\/p>\n<p>-Posez des questions. L&rsquo;une d&rsquo;elles consiste \u00e0 poser des questions \u00e0 ceux qui nous aiment sur Facebook. Tous les jours ou tous les deux jours, nous posons une question simple qui demande aux lecteurs de donner leur avis, de partager une exp\u00e9rience qu&rsquo;ils ont v\u00e9cue, de nous parler d&rsquo;un sujet qui les int\u00e9resse, etc.<\/p>\n","protected":false},"excerpt":{"rendered":"<p>Les pages de fans Facebook peuvent \u00eatre un outil tr\u00e8s utile pour attirer un trafic massif vers vos sites web, votre page Facebook ou votre blog. Les pages de fans sont meilleures que les pages de profil car elles permettent d&rsquo;avoir des \u00ab\u00a0fans\u00a0\u00bb qui seront constamment mis \u00e0 jour sur leurs flux par tout ce que vous publiez sur votre page de fans.<\/p>\n","protected":false},"featured_media":295,"comment_status":"open","ping_status":"closed","template":"","meta":[],"product_cat":[58],"product_tag":[],"class_list":{"0":"post-625","1":"product","2":"type-product","3":"status-publish","4":"has-post-thumbnail","6":"product_cat-marketing-des-medias-sociaux","8":"first","9":"instock","10":"sale","11":"downloadable","12":"shipping-taxable","13":"purchasable","14":"product-type-simple"},"_links":{"self":[{"href":"https:\/\/www.baduno.com\/fr\/wp-json\/wp\/v2\/product\/625","targetHints":{"allow":["GET"]}}],"collection":[{"href":"https:\/\/www.baduno.com\/fr\/wp-json\/wp\/v2\/product"}],"about":[{"href":"https:\/\/www.baduno.com\/fr\/wp-json\/wp\/v2\/types\/product"}],"replies":[{"embeddable":true,"href":"https:\/\/www.baduno.com\/fr\/wp-json\/wp\/v2\/comments?post=625"}],"wp:featuredmedia":[{"embeddable":true,"href":"https:\/\/www.baduno.com\/fr\/wp-json\/wp\/v2\/media\/295"}],"wp:attachment":[{"href":"https:\/\/www.baduno.com\/fr\/wp-json\/wp\/v2\/media?parent=625"}],"wp:term":[{"taxonomy":"product_cat","embeddable":true,"href":"https:\/\/www.baduno.com\/fr\/wp-json\/wp\/v2\/product_cat?post=625"},{"taxonomy":"product_tag","embeddable":true,"href":"https:\/\/www.baduno.com\/fr\/wp-json\/wp\/v2\/product_tag?post=625"}],"curies":[{"name":"wp","href":"https:\/\/api.w.org\/{rel}","templated":true}]}}