{"id":624,"date":"2022-06-26T15:16:38","date_gmt":"2022-06-26T15:16:38","guid":{"rendered":"https:\/\/www.baduno.com\/product\/le-marketing-moderne-sur-facebook\/"},"modified":"2022-06-26T15:16:38","modified_gmt":"2022-06-26T15:16:38","slug":"marketing-moderne-facebook","status":"publish","type":"product","link":"https:\/\/www.baduno.com\/fr\/produit\/marketing-moderne-facebook\/","title":{"rendered":"Le marketing moderne sur Facebook"},"content":{"rendered":"<p>Lorsqu&rsquo;il s&rsquo;agit de cibler avec pr\u00e9cision des groupes d\u00e9mographiques sur la base du comportement individuel des utilisateurs, rien ne se rapproche de Facebook. Facebook peut faire des suppositions sur vos centres d&rsquo;int\u00e9r\u00eat et vous montrer des publicit\u00e9s qui correspondent \u00e0 ces centres. Il ne s&rsquo;agit pas d&rsquo;un ciblage l\u00e9ger, remarquez. Vous ne pouvez vraiment pas vous permettre de passer \u00e0 c\u00f4t\u00e9 de Facebook et de son potentiel marketing. Voici quelques-unes des choses que vous apprendrez dans cet ebook :<\/p>\n<ul>\n<li>Vous allez comprendre le marketing de Facebook.<\/li>\n<li>Vous apprendrez \u00e0 identifier les erreurs courantes de marketing sur Facebook.<\/li>\n<li>Vous comprendrez Facebook en termes d&rsquo;efficience, d&rsquo;efficacit\u00e9 et de retour sur investissement.<\/li>\n<li>Vous pouvez commencer \u00e0 d\u00e9finir l&rsquo;aspect standard du secteur, la strat\u00e9gie de contenu et d&rsquo;autres \u00e9l\u00e9ments.<\/li>\n<li>Vous allez apprendre les meilleures fa\u00e7ons de faire de la promotion sur Facebook.<\/li>\n<\/ul>\n","protected":false},"excerpt":{"rendered":"<p>La sauce secr\u00e8te du reciblage publicitaire Si vous lisez cet article, vous avez probablement entendu toutes sortes de choses sur la technologie de reciblage publicitaire de Facebook. Laissez-moi vous dire que la plupart des choses que vous avez entendues sont absolument correctes. Vous avez peut-\u00eatre entendu dire que le reciblage publicitaire permet aux commer\u00e7ants de ramener les clients dans leur panier d&rsquo;achat afin qu&rsquo;ils puissent acheter quelque chose. C&rsquo;est tout \u00e0 fait vrai. Cela ne fonctionne pas \u00e0 100%, mais suffisamment pour faire une grande diff\u00e9rence. De m\u00eame, le reciblage publicitaire permet aux commer\u00e7ants de renvoyer les gens vers des pages de contenu qui finissent par convertir les clients en acheteurs payants.<\/p>\n","protected":false},"featured_media":232,"comment_status":"open","ping_status":"closed","template":"","meta":[],"product_cat":[58],"product_tag":[],"class_list":{"0":"post-624","1":"product","2":"type-product","3":"status-publish","4":"has-post-thumbnail","6":"product_cat-marketing-des-medias-sociaux","8":"first","9":"instock","10":"sale","11":"downloadable","12":"shipping-taxable","13":"purchasable","14":"product-type-simple"},"_links":{"self":[{"href":"https:\/\/www.baduno.com\/fr\/wp-json\/wp\/v2\/product\/624","targetHints":{"allow":["GET"]}}],"collection":[{"href":"https:\/\/www.baduno.com\/fr\/wp-json\/wp\/v2\/product"}],"about":[{"href":"https:\/\/www.baduno.com\/fr\/wp-json\/wp\/v2\/types\/product"}],"replies":[{"embeddable":true,"href":"https:\/\/www.baduno.com\/fr\/wp-json\/wp\/v2\/comments?post=624"}],"wp:featuredmedia":[{"embeddable":true,"href":"https:\/\/www.baduno.com\/fr\/wp-json\/wp\/v2\/media\/232"}],"wp:attachment":[{"href":"https:\/\/www.baduno.com\/fr\/wp-json\/wp\/v2\/media?parent=624"}],"wp:term":[{"taxonomy":"product_cat","embeddable":true,"href":"https:\/\/www.baduno.com\/fr\/wp-json\/wp\/v2\/product_cat?post=624"},{"taxonomy":"product_tag","embeddable":true,"href":"https:\/\/www.baduno.com\/fr\/wp-json\/wp\/v2\/product_tag?post=624"}],"curies":[{"name":"wp","href":"https:\/\/api.w.org\/{rel}","templated":true}]}}