{"id":611,"date":"2022-06-26T14:33:16","date_gmt":"2022-06-26T14:33:16","guid":{"rendered":"https:\/\/www.baduno.com\/product\/histoires-instagram\/"},"modified":"2022-06-26T14:33:16","modified_gmt":"2022-06-26T14:33:16","slug":"instagram-stories-2","status":"publish","type":"product","link":"https:\/\/www.baduno.com\/fr\/produit\/instagram-stories-2\/","title":{"rendered":"Histoires Instagram"},"content":{"rendered":"<div class=\"field field-name-body field-type-text-with-summary field-label-hidden\">\n<div class=\"field-items\">\n<div class=\"field-item even\">\n<p>D\u00e9couvrez comment tirer parti d&rsquo;Instagram et de sa fonctionnalit\u00e9 \u00a0\u00bb Stories \u00a0\u00bb pour obtenir des followers tr\u00e8s engag\u00e9s, du trafic et gagner autant d&rsquo;argent que possible. Voici quelques-unes des choses que vous apprendrez : comment choisir une niche, comment faire cro\u00eetre votre compte, comment mon\u00e9tiser votre compte et bien plus encore&#8230;.<\/p>\n<\/div>\n<\/div>\n<\/div>\n<div class=\"field field-name-field-category field-type-taxonomy-term-reference field-label-inline clearfix\"><\/div>\n","protected":false},"excerpt":{"rendered":"<p>Une introduction aux Stories d&rsquo;Instagram et pourquoi c&rsquo;est une grande nouvelle pour les marketeurs Les Stories d&rsquo;Instagram peuvent essentiellement \u00eatre r\u00e9sum\u00e9es comme la tentative d&rsquo;Instagram de sauter sur le train de gravure de SnapChat. Il s&rsquo;agit de photos que les titulaires de comptes Instagram peuvent prendre et partager avec leurs utilisateurs, mais qui s'\u00a0\u00bbautod\u00e9truiront\u00a0\u00bb au bout d&rsquo;une heure, au lieu d&rsquo;\u00eatre enregistr\u00e9es dans la grille de cet utilisateur. Cela peut sembler une nouvelle fonctionnalit\u00e9 mineure ou peu excitante pour la plateforme, mais en r\u00e9alit\u00e9, elle repr\u00e9sente un pas audacieux vers l&rsquo;avenir pour Instagram et une opportunit\u00e9 massive pour les sp\u00e9cialistes du marketing. Pourquoi les Stories Instagram sont importantes<\/p>\n","protected":false},"featured_media":187,"comment_status":"open","ping_status":"closed","template":"","meta":[],"product_cat":[58],"product_tag":[],"class_list":{"0":"post-611","1":"product","2":"type-product","3":"status-publish","4":"has-post-thumbnail","6":"product_cat-marketing-des-medias-sociaux","8":"first","9":"instock","10":"sale","11":"downloadable","12":"shipping-taxable","13":"purchasable","14":"product-type-simple"},"_links":{"self":[{"href":"https:\/\/www.baduno.com\/fr\/wp-json\/wp\/v2\/product\/611","targetHints":{"allow":["GET"]}}],"collection":[{"href":"https:\/\/www.baduno.com\/fr\/wp-json\/wp\/v2\/product"}],"about":[{"href":"https:\/\/www.baduno.com\/fr\/wp-json\/wp\/v2\/types\/product"}],"replies":[{"embeddable":true,"href":"https:\/\/www.baduno.com\/fr\/wp-json\/wp\/v2\/comments?post=611"}],"wp:featuredmedia":[{"embeddable":true,"href":"https:\/\/www.baduno.com\/fr\/wp-json\/wp\/v2\/media\/187"}],"wp:attachment":[{"href":"https:\/\/www.baduno.com\/fr\/wp-json\/wp\/v2\/media?parent=611"}],"wp:term":[{"taxonomy":"product_cat","embeddable":true,"href":"https:\/\/www.baduno.com\/fr\/wp-json\/wp\/v2\/product_cat?post=611"},{"taxonomy":"product_tag","embeddable":true,"href":"https:\/\/www.baduno.com\/fr\/wp-json\/wp\/v2\/product_tag?post=611"}],"curies":[{"name":"wp","href":"https:\/\/api.w.org\/{rel}","templated":true}]}}