{"id":599,"date":"2022-06-26T14:30:17","date_gmt":"2022-06-26T14:30:17","guid":{"rendered":"https:\/\/www.baduno.com\/product\/booster-les-ventes-avec-instagram\/"},"modified":"2022-06-26T14:30:17","modified_gmt":"2022-06-26T14:30:17","slug":"augmenter-les-ventes-avec-instagram","status":"publish","type":"product","link":"https:\/\/www.baduno.com\/fr\/produit\/augmenter-les-ventes-avec-instagram\/","title":{"rendered":"Booster les ventes avec Instagram"},"content":{"rendered":"<p>Principaux conseils de marketing sur Instagram pour dynamiser votre entreprise. De nombreuses petites entreprises se tournent vers les m\u00e9dias sociaux et la publicit\u00e9 mobile pour cr\u00e9er de la curiosit\u00e9, d\u00e9velopper leur marque et, en fin de compte, vendre davantage de produits ; et Instagram est id\u00e9al pour les produits et services physiques et en ligne. C&rsquo;est devenu un lieu o\u00f9 les utilisateurs sont pr\u00eats, d\u00e9sireux et capables d&rsquo;acheter sur place. D\u00e9couvrez certaines des techniques les plus \u00e9prouv\u00e9es pour stimuler votre activit\u00e9.<\/p>\n","protected":false},"excerpt":{"rendered":"<p>L&rsquo;une des meilleures choses que les m\u00e9dias sociaux ont apport\u00e9es au marketing num\u00e9rique est qu&rsquo;ils ont permis aux entreprises de communiquer avec leur march\u00e9 cible sur une plateforme o\u00f9 ils sont toujours pr\u00e9sents. En outre, elle a permis aux marques, qu&rsquo;elles soient grandes ou petites, d&rsquo;obtenir des informations plus riches \u00e0 partir des donn\u00e9es pr\u00e9cises qu&rsquo;elles peuvent extraire de leurs activit\u00e9s sur les m\u00e9dias sociaux.<\/p>\n","protected":false},"featured_media":132,"comment_status":"open","ping_status":"closed","template":"","meta":[],"product_cat":[58],"product_tag":[],"class_list":{"0":"post-599","1":"product","2":"type-product","3":"status-publish","4":"has-post-thumbnail","6":"product_cat-marketing-des-medias-sociaux","8":"first","9":"instock","10":"sale","11":"downloadable","12":"shipping-taxable","13":"purchasable","14":"product-type-simple"},"_links":{"self":[{"href":"https:\/\/www.baduno.com\/fr\/wp-json\/wp\/v2\/product\/599","targetHints":{"allow":["GET"]}}],"collection":[{"href":"https:\/\/www.baduno.com\/fr\/wp-json\/wp\/v2\/product"}],"about":[{"href":"https:\/\/www.baduno.com\/fr\/wp-json\/wp\/v2\/types\/product"}],"replies":[{"embeddable":true,"href":"https:\/\/www.baduno.com\/fr\/wp-json\/wp\/v2\/comments?post=599"}],"wp:featuredmedia":[{"embeddable":true,"href":"https:\/\/www.baduno.com\/fr\/wp-json\/wp\/v2\/media\/132"}],"wp:attachment":[{"href":"https:\/\/www.baduno.com\/fr\/wp-json\/wp\/v2\/media?parent=599"}],"wp:term":[{"taxonomy":"product_cat","embeddable":true,"href":"https:\/\/www.baduno.com\/fr\/wp-json\/wp\/v2\/product_cat?post=599"},{"taxonomy":"product_tag","embeddable":true,"href":"https:\/\/www.baduno.com\/fr\/wp-json\/wp\/v2\/product_tag?post=599"}],"curies":[{"name":"wp","href":"https:\/\/api.w.org\/{rel}","templated":true}]}}