{"id":832,"date":"2022-07-08T05:21:52","date_gmt":"2022-07-08T05:21:52","guid":{"rendered":"https:\/\/www.baduno.com\/hebergement-sur-serveur-dedie\/"},"modified":"2022-07-08T06:47:45","modified_gmt":"2022-07-08T06:47:45","slug":"hebergement-sur-serveur-dedie","status":"publish","type":"page","link":"https:\/\/www.baduno.com\/fr\/hebergement-sur-serveur-dedie\/","title":{"rendered":"H\u00e9bergement sur serveur d\u00e9di\u00e9"},"content":{"rendered":"<div class=\"wpb-content-wrapper\"><p>[vc_row row_height_percent=\u00a0\u00bb85&Prime; override_padding=\u00a0\u00bbyes\u00a0\u00bb h_padding=\u00a0\u00bb2&Prime; top_padding=\u00a0\u00bb5&Prime; bottom_padding=\u00a0\u00bb5&Prime; back_color=\u00a0\u00bbaccent\u00a0\u00bb back_image=\u00a0\u00bb1013&Prime; back_repeat=\u00a0\u00bbno-repeat\u00a0\u00bb back_attachment=\u00a0\u00bbfixed\u00a0\u00bb back_position=\u00a0\u00bbcenter center\u00a0\u00bb overlay_color=\u00a0\u00bbcolor-wayh\u00a0\u00bb overlay_alpha=\u00a0\u00bb95&Prime; gutter_size=\u00a0\u00bb4&Prime; column_width_percent=\u00a0\u00bb100&Prime; shift_y=\u00a0\u00bb0&Prime; z_index=\u00a0\u00bb0&Prime; enable_bottom_divider=\u00a0\u00bbdefault\u00a0\u00bb bottom_divider_inv=\u00a0\u00bbwaves-opacity\u00a0\u00bb shape_bottom_invert=\u00a0\u00bbyes\u00a0\u00bb shape_bottom_h_use_pixel=\u00a0\u00bb\u00a0\u00bb shape_bottom_height=\u00a0\u00bb200&Prime; shape_bottom_opacity=\u00a0\u00bb100&Prime; shape_bottom_index=\u00a0\u00bb0&Prime; uncode_shortcode_id=\u00a0\u00bb237785&Prime; back_color_type=\u00a0\u00bbuncode-palette\u00a0\u00bb overlay_color_type=\u00a0\u00bbuncode-palette\u00a0\u00bb][vc_column column_width_percent=\u00a0\u00bb100&Prime; position_vertical=\u00a0\u00bbmiddle\u00a0\u00bb gutter_size=\u00a0\u00bb3&Prime; style=\u00a0\u00bbdark\u00a0\u00bb overlay_alpha=\u00a0\u00bb50&Prime; shift_x=\u00a0\u00bb0&Prime; shift_y=\u00a0\u00bb0&Prime; shift_y_down=\u00a0\u00bb0&Prime; z_index=\u00a0\u00bb0&Prime; medium_width=\u00a0\u00bb4&Prime; align_mobile=\u00a0\u00bbalign_center_mobile\u00a0\u00bb mobile_width=\u00a0\u00bb0&Prime; width=\u00a0\u00bb1\/2&Prime;][vc_custom_heading heading_semantic=\u00a0\u00bbh3&Prime; text_size=\u00a0\u00bbh1&Prime; uncode_shortcode_id=\u00a0\u00bb511101&Prime;]Allez l\u00e0 o\u00f9 les pros s&rsquo;installent.[\/vc_custom_heading][vc_column_text text_lead=\u00a0\u00bbyes\u00a0\u00bb uncode_shortcode_id=\u00a0\u00bb837803&Prime;]<\/p>\n<h2 class=\"jsx-692990550 h3 h-200\">Un h\u00e9bergement web qui va de la simplicit\u00e9 \u00e0 l&rsquo;expertise.<\/h2>\n<div class=\"jsx-692990550 split \">\n<div class=\"jsx-692990550 copy\"><\/div>\n<\/div>\n<p>Une tonne d&rsquo;options d&rsquo;h\u00e9bergement de sites web, une garantie de disponibilit\u00e9 de 99,9 %, un certificat SSL gratuit, une installation facile de WordPress et un domaine gratuit pendant un an.<\/p>\n<p>Oui, c&rsquo;est comme \u00e7a qu&rsquo;on fonctionne.[\/vc_column_text][vc_button border_width=\u00a0\u00bb0&Prime; link=\u00a0\u00bburl:%23Prix|\u00a0\u00bb uncode_shortcode_id=\u00a0\u00bb114255&Prime;]Cliquez sur le bouton[\/vc_button][\/vc_column][vc_column column_width_percent=\u00a0\u00bb100&Prime; position_vertical=\u00a0\u00bbmiddle\u00a0\u00bb gutter_size=\u00a0\u00bb3&Prime; overlay_alpha=\u00a0\u00bb50&Prime; shift_x=\u00a0\u00bb0&Prime; shift_y=\u00a0\u00bb0&Prime; shift_y_down=\u00a0\u00bb0&Prime; z_index=\u00a0\u00bb0&Prime; medium_width=\u00a0\u00bb4&Prime; mobile_width=\u00a0\u00bb0&Prime; width=\u00a0\u00bb1\/2&Prime;][vc_single_image media=\u00a0\u00bb1126&Prime; media_width_percent=\u00a0\u00bb100&Prime; media_ratio=\u00a0\u00bbone-one\u00a0\u00bb shadow=\u00a0\u00bbyes\u00a0\u00bb shadow_weight=\u00a0\u00bbxl\u00a0\u00bb uncode_shortcode_id=\u00a0\u00bb789629&Prime;][\/vc_column][\/vc_row][vc_row row_height_percent=\u00a0\u00bb0&Prime; overlay_alpha=\u00a0\u00bb50&Prime; gutter_size=\u00a0\u00bb3&Prime; column_width_percent=\u00a0\u00bb100&Prime; shift_y=\u00a0\u00bb0&Prime; z_index=\u00a0\u00bb0&Prime; uncode_shortcode_id=\u00a0\u00bb185535&Prime; el_id=\u00a0\u00bbprix\u00a0\u00bb][vc_column width=\u00a0\u00bb1\/1&Prime;]\n            <div \n                class=\"elfsight-widget-pricing-table elfsight-widget\" \n                data-elfsight-pricing-table-options=\"%7B%22layout%22%3A%22table%22%2C%22skin%22%3A%22skin1%22%2C%22mainColor%22%3A%22rgb%2882%2C%2094%2C%20187%29%22%2C%22styleColumnBorderRadius%22%3Atrue%2C%22styleColumnBorderWidth%22%3Atrue%2C%22useHorizontalScroll%22%3Afalse%2C%22headTitle%22%3A%22%22%2C%22headFeatures%22%3A%5B%7B%22text%22%3A%22Design%20Quality%22%2C%22hint%22%3A%22%22%7D%2C%7B%22text%22%3A%22Pages%22%2C%22hint%22%3A%22%22%7D%2C%7B%22text%22%3A%22SEO%20Optimization%22%2C%22hint%22%3A%22%22%7D%2C%7B%22text%22%3A%22SEO%20Level%22%2C%22hint%22%3A%22%22%7D%2C%7B%22text%22%3A%22Content%20update%22%2C%22hint%22%3A%22%22%7D%2C%7B%22text%22%3A%22Licensed%20images%22%2C%22hint%22%3A%22%22%7D%2C%7B%22text%22%3A%22%22%2C%22hint%22%3A%22%22%7D%2C%7B%22text%22%3A%22Domain%22%2C%22hint%22%3A%22%22%7D%2C%7B%22text%22%3A%22SSL%20Encryption%22%2C%22hint%22%3A%22%22%7D%2C%7B%22text%22%3A%22Visitor%20statistics%22%2C%22hint%22%3A%22%22%7D%2C%7B%22text%22%3A%22Storage%20space%22%2C%22hint%22%3A%22%22%7D%2C%7B%22text%22%3A%22%22%2C%22hint%22%3A%22%22%7D%2C%7B%22text%22%3A%22Email%20addresses%5Cn%22%2C%22hint%22%3A%22%22%7D%2C%7B%22text%22%3A%22E-Mail%20Space%22%2C%22hint%22%3A%22%22%7D%2C%7B%22text%22%3A%22%22%2C%22hint%22%3A%22%22%7D%2C%7B%22text%22%3A%22Cloudflare%22%2C%22hint%22%3A%22%22%7D%2C%7B%22text%22%3A%22CDN%22%2C%22hint%22%3A%22%22%7D%2C%7B%22text%22%3A%22DDoS%20Protection%22%2C%22hint%22%3A%22%22%7D%2C%7B%22text%22%3A%22Pagespeed%20Optimization%22%2C%22hint%22%3A%22%22%7D%2C%7B%22text%22%3A%22%22%2C%22hint%22%3A%22%22%7D%2C%7B%22text%22%3A%22Mobile%20design%5Cn%22%2C%22hint%22%3A%22%22%7D%2C%7B%22text%22%3A%22Multilingual%22%2C%22hint%22%3A%22%22%7D%2C%7B%22text%22%3A%22%22%2C%22hint%22%3A%22%22%7D%2C%7B%22text%22%3A%22Contract%20period%22%2C%22hint%22%3A%22%22%7D%2C%7B%22text%22%3A%22Notice%20period%22%2C%22hint%22%3A%22%22%7D%5D%2C%22headTextColor%22%3A%22rgb%2823%2C%2025%2C%2026%29%22%2C%22headBackgroundColor%22%3A%22rgb%28247%2C%20247%2C%20247%29%22%2C%22toggleVisible%22%3Afalse%2C%22toggleItems%22%3A%5B%7B%22value%22%3A%22479cfa97-4f13-42ff-9d0c-4601ca05a215%22%2C%22name%22%3A%22%22%2C%22hint%22%3Anull%7D%5D%2C%22toggleDefaultItem%22%3A%22479cfa97-4f13-42ff-9d0c-4601ca05a215%22%2C%22toggleColor%22%3A%22%22%2C%22columns%22%3A%5B%7B%22isFeatured%22%3Afalse%2C%22title%22%3A%22Lite%20Plan%22%2C%22titleCaption%22%3A%22Individuals%20and%20small%20teams%22%2C%22features%22%3A%5B%7B%22text%22%3A%22Standard%22%2C%22icon%22%3A%22bulb%22%2C%22hint%22%3A%22%22%7D%2C%7B%22text%22%3A%22up%20to%204%20subpages%5Cn%22%2C%22icon%22%3A%22none%22%2C%22hint%22%3A%22%22%7D%2C%7B%22text%22%3A%22%22%2C%22icon%22%3A%22cross%22%2C%22hint%22%3A%22%22%7D%2C%7B%22text%22%3A%22%22%2C%22icon%22%3A%22cross%22%2C%22hint%22%3A%22%22%7D%2C%7B%22text%22%3A%224%20Revisions%22%2C%22icon%22%3A%22none%22%2C%22hint%22%3A%22%22%7D%2C%7B%22text%22%3A%222%22%2C%22icon%22%3A%22none%22%2C%22hint%22%3A%22%22%7D%2C%7B%22text%22%3A%22%22%2C%22icon%22%3A%22none%22%2C%22hint%22%3A%22%22%7D%2C%7B%22text%22%3A%221%20Domain%20%28.com%29%22%2C%22icon%22%3A%22none%22%2C%22hint%22%3A%22%22%7D%2C%7B%22text%22%3A%22%22%2C%22icon%22%3A%22check%22%2C%22hint%22%3A%22%22%7D%2C%7B%22text%22%3A%22%22%2C%22icon%22%3A%22cross%22%2C%22hint%22%3A%22%22%7D%2C%7B%22text%22%3A%222%20GB%22%2C%22icon%22%3A%22none%22%2C%22hint%22%3A%22%22%7D%2C%7B%22text%22%3A%22%22%2C%22icon%22%3A%22none%22%2C%22hint%22%3A%22%22%7D%2C%7B%22text%22%3A%22up%20to%203%20email%20addresses%5Cn%22%2C%22icon%22%3A%22none%22%2C%22hint%22%3A%22%22%7D%2C%7B%22text%22%3A%221%20GB%22%2C%22icon%22%3A%22none%22%2C%22hint%22%3A%22%22%7D%2C%7B%22text%22%3A%22%22%2C%22icon%22%3A%22none%22%2C%22hint%22%3A%22%22%7D%2C%7B%22text%22%3A%22%22%2C%22icon%22%3A%22cross%22%2C%22hint%22%3A%22%22%7D%2C%7B%22text%22%3A%22%22%2C%22icon%22%3A%22cross%22%2C%22hint%22%3A%22%22%7D%2C%7B%22text%22%3A%22%22%2C%22icon%22%3A%22check%22%2C%22hint%22%3A%22%22%7D%2C%7B%22text%22%3A%22%22%2C%22icon%22%3A%22cross%22%2C%22hint%22%3A%22%22%7D%2C%7B%22text%22%3A%22%22%2C%22icon%22%3A%22none%22%2C%22hint%22%3A%22%22%7D%2C%7B%22text%22%3A%22%26nbsp%3B4%2C95%5Cu20ac%20%5C%2F%20mo.%22%2C%22icon%22%3A%22plusCircle%22%2C%22hint%22%3A%22%22%7D%2C%7B%22text%22%3A%22%26nbsp%3B4%2C95%5Cu20ac%20%5C%2F%20mo.%22%2C%22icon%22%3A%22plusCircle%22%2C%22hint%22%3A%22%22%7D%2C%7B%22text%22%3A%22%22%2C%22icon%22%3A%22none%22%2C%22hint%22%3A%22%22%7D%2C%7B%22text%22%3A%2212%20months%22%2C%22icon%22%3A%22none%22%2C%22hint%22%3A%22%22%7D%2C%7B%22text%22%3A%221%20month%22%2C%22icon%22%3A%22none%22%2C%22hint%22%3A%22%22%7D%5D%2C%22priceCurrency%22%3A%22USD%22%2C%22price%22%3A%229%22%2C%22pricePostfix%22%3A%22month%22%2C%22button%22%3A%22Select%22%2C%22buttonLink%22%3A%22https%3A%5C%2F%5C%2Fwww.baduno.com%5C%2Fcheckout%5C%2F%3Fadd-to-cart%3D935%22%2C%22buttonCaption%22%3A%2214-day%20money%20back%20guarantee%22%2C%22mainColor%22%3A%22rgb%2882%2C%2094%2C%20187%29%22%2C%22priceOptions%22%3A%5B%7B%22price%22%3A%229%22%2C%22pricePostfix%22%3A%22month%22%2C%22pricePrefix%22%3A%22%22%2C%22toggleOptionName%22%3A%22%22%2C%22toggleOptionId%22%3A%22479cfa97-4f13-42ff-9d0c-4601ca05a215%22%7D%5D%2C%22buttonOptions%22%3A%5B%7B%22button%22%3A%22Select%22%2C%22buttonLink%22%3A%22https%3A%5C%2F%5C%2Felfsight.com%22%2C%22toggleOptionName%22%3A%22%22%2C%22toggleOptionId%22%3A%22479cfa97-4f13-42ff-9d0c-4601ca05a215%22%7D%5D%2C%22pricePrefix%22%3A%22%22%2C%22priceCaption%22%3A%22%22%2C%22buttonTargetBlank%22%3Afalse%2C%22picture%22%3A%22%22%2C%22ribbonText%22%3A%22%22%2C%22ribbonBackgroundColor%22%3A%22%22%2C%22ribbonTextColor%22%3A%22%22%2C%22contentDivider%22%3Anull%7D%2C%7B%22isFeatured%22%3Atrue%2C%22title%22%3A%22Pro%20Plan%22%2C%22titleCaption%22%3A%22Growing%20businesses%22%2C%22features%22%3A%5B%7B%22text%22%3A%22Premium%22%2C%22icon%22%3A%22like%22%2C%22hint%22%3A%22%22%7D%2C%7B%22text%22%3A%22up%20to%208%20subpages%22%2C%22icon%22%3A%22none%22%2C%22hint%22%3A%22%22%7D%2C%7B%22text%22%3A%22%22%2C%22icon%22%3A%22check%22%2C%22hint%22%3A%22%22%7D%2C%7B%22text%22%3A%22Standard%22%2C%22icon%22%3A%22none%22%2C%22hint%22%3A%22%22%7D%2C%7B%22text%22%3A%228%20Revisions%22%2C%22icon%22%3A%22none%22%2C%22hint%22%3A%22%22%7D%2C%7B%22text%22%3A%226%22%2C%22icon%22%3A%22none%22%2C%22hint%22%3A%22%22%7D%2C%7B%22text%22%3A%22%22%2C%22icon%22%3A%22none%22%2C%22hint%22%3A%22%22%7D%2C%7B%22text%22%3A%223%20Domains%20%28.com%20.net%20.org%29%22%2C%22icon%22%3A%22none%22%2C%22hint%22%3A%22%22%7D%2C%7B%22text%22%3A%22%22%2C%22icon%22%3A%22check%22%2C%22hint%22%3A%22%22%7D%2C%7B%22text%22%3A%22%22%2C%22icon%22%3A%22check%22%2C%22hint%22%3A%22%22%7D%2C%7B%22text%22%3A%226%20GB%22%2C%22icon%22%3A%22none%22%2C%22hint%22%3A%22%22%7D%2C%7B%22text%22%3A%22%22%2C%22icon%22%3A%22none%22%2C%22hint%22%3A%22%22%7D%2C%7B%22text%22%3A%22up%20to%209%20email%20addresses%22%2C%22icon%22%3A%22none%22%2C%22hint%22%3A%22%22%7D%2C%7B%22text%22%3A%224%20GB%22%2C%22icon%22%3A%22none%22%2C%22hint%22%3A%22%22%7D%2C%7B%22text%22%3A%22%22%2C%22icon%22%3A%22none%22%2C%22hint%22%3A%22%22%7D%2C%7B%22text%22%3A%22%22%2C%22icon%22%3A%22check%22%2C%22hint%22%3A%22%22%7D%2C%7B%22text%22%3A%22%22%2C%22icon%22%3A%22cross%22%2C%22hint%22%3A%22%22%7D%2C%7B%22text%22%3A%22%22%2C%22icon%22%3A%22check%22%2C%22hint%22%3A%22%22%7D%2C%7B%22text%22%3A%22%22%2C%22icon%22%3A%22cross%22%2C%22hint%22%3A%22%22%7D%2C%7B%22text%22%3A%22%22%2C%22icon%22%3A%22none%22%2C%22hint%22%3A%22%22%7D%2C%7B%22text%22%3A%22%26nbsp%3B4%2C95%5Cu20ac%20%5C%2F%20mo.%22%2C%22icon%22%3A%22plusCircle%22%2C%22hint%22%3A%22%22%7D%2C%7B%22text%22%3A%22%26nbsp%3B4%2C95%5Cu20ac%20%5C%2F%20mo.%22%2C%22icon%22%3A%22plusCircle%22%2C%22hint%22%3A%22%22%7D%2C%7B%22text%22%3A%22%22%2C%22icon%22%3A%22none%22%2C%22hint%22%3A%22%22%7D%2C%7B%22text%22%3A%2212%20months%22%2C%22icon%22%3A%22none%22%2C%22hint%22%3A%22%22%7D%2C%7B%22text%22%3A%221%20month%22%2C%22icon%22%3A%22none%22%2C%22hint%22%3A%22%22%7D%5D%2C%22priceCurrency%22%3A%22USD%22%2C%22price%22%3A%2219%22%2C%22pricePostfix%22%3A%22month%22%2C%22button%22%3A%22Select%22%2C%22buttonLink%22%3A%22https%3A%5C%2F%5C%2Fwww.baduno.com%5C%2Fcheckout%5C%2F%3Fadd-to-cart%3D936%22%2C%22buttonCaption%22%3A%2214-day%20money%20back%20guarantee%22%2C%22buttonFeatured%22%3Atrue%2C%22ribbonText%22%3A%22Popular%22%2C%22mainColor%22%3A%22rgb%2882%2C%2094%2C%20187%29%22%2C%22priceOptions%22%3A%5B%7B%22price%22%3A%2219%22%2C%22pricePostfix%22%3A%22month%22%2C%22pricePrefix%22%3A%22%22%2C%22toggleOptionName%22%3A%22%22%2C%22toggleOptionId%22%3A%22479cfa97-4f13-42ff-9d0c-4601ca05a215%22%7D%5D%2C%22buttonOptions%22%3A%5B%7B%22button%22%3A%22Select%22%2C%22buttonLink%22%3A%22https%3A%5C%2F%5C%2Felfsight.com%22%2C%22toggleOptionName%22%3A%22%22%2C%22toggleOptionId%22%3A%22479cfa97-4f13-42ff-9d0c-4601ca05a215%22%7D%5D%2C%22pricePrefix%22%3A%22%22%2C%22priceCaption%22%3A%22%22%2C%22buttonTargetBlank%22%3Afalse%2C%22picture%22%3A%22%22%2C%22ribbonBackgroundColor%22%3A%22%22%2C%22ribbonTextColor%22%3A%22%22%2C%22contentDivider%22%3Anull%7D%2C%7B%22isFeatured%22%3Afalse%2C%22title%22%3A%22Enterprise%20Plan%22%2C%22titleCaption%22%3A%22Advanced%20companies%22%2C%22features%22%3A%5B%7B%22text%22%3A%22Exclusive%22%2C%22icon%22%3A%22star%22%2C%22hint%22%3A%22%22%7D%2C%7B%22text%22%3A%22up%20to%2016%20subpages%22%2C%22icon%22%3A%22none%22%2C%22hint%22%3A%22%22%7D%2C%7B%22text%22%3A%22%22%2C%22icon%22%3A%22check%22%2C%22hint%22%3A%22%22%7D%2C%7B%22text%22%3A%22Expert%22%2C%22icon%22%3A%22none%22%2C%22hint%22%3A%22%22%7D%2C%7B%22text%22%3A%2216%20Revisions%22%2C%22icon%22%3A%22none%22%2C%22hint%22%3A%22%22%7D%2C%7B%22text%22%3A%2224%22%2C%22icon%22%3A%22none%22%2C%22hint%22%3A%22%22%7D%2C%7B%22text%22%3A%22%22%2C%22icon%22%3A%22none%22%2C%22hint%22%3A%22%22%7D%2C%7B%22text%22%3A%225%20Domains%20%28.com%20.net%20.org%20.co.%20.de%29%22%2C%22icon%22%3A%22none%22%2C%22hint%22%3A%22%22%7D%2C%7B%22text%22%3A%22%22%2C%22icon%22%3A%22check%22%2C%22hint%22%3A%22%22%7D%2C%7B%22text%22%3A%22%22%2C%22icon%22%3A%22check%22%2C%22hint%22%3A%22%22%7D%2C%7B%22text%22%3A%2224%20GB%22%2C%22icon%22%3A%22none%22%2C%22hint%22%3A%22%22%7D%2C%7B%22text%22%3A%22%22%2C%22icon%22%3A%22none%22%2C%22hint%22%3A%22%22%7D%2C%7B%22text%22%3A%22Unlimited%20E-Mail%20addresses%22%2C%22icon%22%3A%22none%22%2C%22hint%22%3A%22%22%7D%2C%7B%22text%22%3A%2216%20GB%22%2C%22icon%22%3A%22none%22%2C%22hint%22%3A%22%22%7D%2C%7B%22text%22%3A%22%22%2C%22icon%22%3A%22none%22%2C%22hint%22%3A%22%22%7D%2C%7B%22text%22%3A%22%22%2C%22icon%22%3A%22check%22%2C%22hint%22%3A%22%22%7D%2C%7B%22text%22%3A%22%22%2C%22icon%22%3A%22check%22%2C%22hint%22%3A%22%22%7D%2C%7B%22text%22%3A%22%22%2C%22icon%22%3A%22check%22%2C%22hint%22%3A%22%22%7D%2C%7B%22text%22%3A%22%22%2C%22icon%22%3A%22check%22%2C%22hint%22%3A%22%22%7D%2C%7B%22text%22%3A%22%22%2C%22icon%22%3A%22none%22%2C%22hint%22%3A%22%22%7D%2C%7B%22text%22%3A%22%26nbsp%3B4%2C95%5Cu20ac%20%5C%2F%20mo.%22%2C%22icon%22%3A%22plusCircle%22%2C%22hint%22%3A%22%22%7D%2C%7B%22text%22%3A%22%26nbsp%3B4%2C95%5Cu20ac%20%5C%2F%20mo.%22%2C%22icon%22%3A%22plusCircle%22%2C%22hint%22%3A%22%22%7D%2C%7B%22text%22%3A%22%22%2C%22icon%22%3A%22none%22%2C%22hint%22%3A%22%22%7D%2C%7B%22text%22%3A%2212%20months%22%2C%22icon%22%3A%22none%22%2C%22hint%22%3A%22%22%7D%2C%7B%22text%22%3A%221%20month%22%2C%22icon%22%3A%22none%22%2C%22hint%22%3A%22%22%7D%5D%2C%22priceCurrency%22%3A%22USD%22%2C%22price%22%3A%2229%22%2C%22pricePostfix%22%3A%22month%22%2C%22button%22%3A%22Select%22%2C%22buttonLink%22%3A%22https%3A%5C%2F%5C%2Fwww.baduno.com%5C%2Fcheckout%5C%2F%3Fadd-to-cart%3D937%22%2C%22buttonCaption%22%3A%2214-day%20money%20back%20guarantee%22%2C%22mainColor%22%3A%22rgb%2882%2C%2094%2C%20187%29%22%2C%22priceOptions%22%3A%5B%7B%22price%22%3A%2229%22%2C%22pricePostfix%22%3A%22month%22%2C%22pricePrefix%22%3A%22%22%2C%22toggleOptionName%22%3A%22%22%2C%22toggleOptionId%22%3A%22479cfa97-4f13-42ff-9d0c-4601ca05a215%22%7D%5D%2C%22buttonOptions%22%3A%5B%7B%22button%22%3A%22Select%22%2C%22buttonLink%22%3A%22https%3A%5C%2F%5C%2Felfsight.com%22%2C%22toggleOptionName%22%3A%22%22%2C%22toggleOptionId%22%3A%22479cfa97-4f13-42ff-9d0c-4601ca05a215%22%7D%5D%2C%22pricePrefix%22%3A%22%22%2C%22priceCaption%22%3A%22%22%2C%22buttonTargetBlank%22%3Afalse%2C%22picture%22%3A%22%22%2C%22ribbonText%22%3A%22%22%2C%22ribbonBackgroundColor%22%3A%22%22%2C%22ribbonTextColor%22%3A%22%22%2C%22contentDivider%22%3Anull%7D%5D%2C%22elements%22%3A%5B%7B%22complexGroup%22%3A%22title%22%2C%22name%22%3A%22Title%22%2C%22titleEnable%22%3Atrue%2C%22titleCaptionColor%22%3A%22%22%2C%22titleTextColor%22%3A%22%22%2C%22titleFontSize%22%3A25%2C%22titleFontWeight%22%3A600%7D%2C%7B%22complexGroup%22%3A%22features%22%2C%22name%22%3A%22Features%22%2C%22featuresEnable%22%3Atrue%2C%22featuresStyle%22%3A%22clean%22%2C%22featuresIconColor%22%3A%22%22%2C%22featuresTextColor%22%3A%22%22%2C%22featuresAlign%22%3A%22center%22%2C%22featuresFontSize%22%3A13%7D%2C%7B%22complexGroup%22%3A%22price%22%2C%22name%22%3A%22Price%22%2C%22priceEnable%22%3Atrue%2C%22priceCaptionColor%22%3A%22%22%2C%22priceTextColor%22%3A%22%22%2C%22priceFontSize%22%3A32%2C%22priceFontWeight%22%3A600%7D%2C%7B%22complexGroup%22%3A%22button%22%2C%22name%22%3A%22Button%22%2C%22buttonEnable%22%3Atrue%2C%22buttonType%22%3A%22outline%22%2C%22buttonColor%22%3A%22%22%2C%22buttonTextColor%22%3A%22%22%2C%22buttonSize%22%3A%22medium%22%2C%22buttonCaptionColor%22%3A%22%22%7D%2C%7B%22complexGroup%22%3A%22picture%22%2C%22name%22%3A%22Picture%22%2C%22pictureEnable%22%3Atrue%7D%5D%2C%22widgetId%22%3A%221%22%7D\" \n                data-elfsight-pricing-table-version=\"2.6.1\"\n                data-elfsight-widget-id=\"elfsight-pricing-table-1\">\n            <\/div>\n            [\/vc_column][\/vc_row][vc_row][vc_column width=\u00a0\u00bb1\/1&Prime;][vc_column_text uncode_shortcode_id=\u00a0\u00bb110487&Prime;]<\/p>\n<h2>Un site web conforme \u00e0 vos attentes<\/h2>\n<p>Tu sais quelle est la meilleure partie ? Nous n&rsquo;avons besoin que de 5 points cl\u00e9s pour savoir \u00e0 quoi doit ressembler votre page !<br \/>\nQuelques questions rapides vous seront pos\u00e9es, et le travail sur votre site web commencera en un rien de temps. Vous pouvez l&rsquo;attendre avec impatience<\/p>\n<h3>Votre image cisel\u00e9e sur le web<\/h3>\n<p>Nos designers con\u00e7oivent un site web en fonction de vos attentes et de vos souhaits. Apr\u00e8s tout, rien ne doit y manquer.<br \/>\nToutefois, si une intervention est encore n\u00e9cessaire, nous prendrons contact avec vous. En d\u00e9finitive, votre site web doit se d\u00e9marquer et \u00eatre grav\u00e9 dans la pierre ou comme le web<br \/>\n\u00eatre.<\/p>\n<h4>allons-y<\/h4>\n<p>Votre site web est pr\u00eat ! Plus excitant que No\u00ebl, vous pouvez d\u00e9velopper votre entreprise. Il vous manque quelque chose ou vous n&rsquo;aimez pas une petite chose ? aucun probl\u00e8me<br \/>\nVous pouvez bien s\u00fbr nous dire ce que vous voulez changer, afin que nos experts puissent am\u00e9liorer votre site en un rien de temps. Vous pouvez donc vous occuper enti\u00e8rement de vos affaires.<\/p>\n<h3>Pourquoi un site web ?<\/h3>\n<p>Honn\u00eatement ? Connaissez-vous une entreprise r\u00e9put\u00e9e qui n&rsquo;a pas de site web ?<br \/>\nNous non plus. \u00c0 l&rsquo;heure actuelle, il n&rsquo;a jamais \u00e9t\u00e9 aussi facile d&rsquo;obtenir un site web. Les blogueurs les plus simples poss\u00e8dent un site web. Vous voulez donc que votre entreprise ou votre personne<br \/>\ngrandir ou vous voulez risquer de le perdre ?<\/p>\n<h3>Qu&rsquo;est-ce qui est crucial pour choisir un site web ?<\/h3>\n<p>Imaginez, nous sommes tous les deux dans une nouvelle ville et nous avons faim. Que feraient vous, moi ou n&rsquo;importe qui d&rsquo;autre de nouveau ?<br \/>\nC&rsquo;est \u00e7a ! Il est tr\u00e8s probable qu&rsquo;il faut le googler et essayer celui qui a les meilleures critiques. Pourrait maintenant \u00eatre un restaurant<br \/>\ncontinuez, lequel NE SERA PAS montr\u00e9 ?<\/p>\n<h5>Ai-je vraiment besoin d&rsquo;un site web ?<\/h5>\n<p>Un grand oui ! Si vous ne pouvez pas le trouver en ligne, vous n&rsquo;existez pas. Un dicton tr\u00e8s vrai. Gardez toujours \u00e0 l&rsquo;esprit o\u00f9 vont les futurs clients. Se peut-il que mon groupe cible ait chang\u00e9 ou se soit d\u00e9plac\u00e9 ?<br \/>\nUn autre dicton qui sous-tend cela est : \u00ab\u00a0Si vous ne suivez pas l&rsquo;actualit\u00e9, vous suivrez l&rsquo;actualit\u00e9 !\u00a0\u00bb. Bien entendu, c&rsquo;est vous qui d\u00e9cidez en dernier ressort de ce qui est bon pour votre entreprise.<\/p>\n<h3>Une augmentation des ventes ? Laissez votre entreprise se d\u00e9velopper !<\/h3>\n<p>C&rsquo;est d\u00e9j\u00e0 une \u00e9vidence. Comment cela ? Vous touchez tout simplement beaucoup plus de personnes qu&rsquo;avec une publicit\u00e9 classique. Vous ne pourriez pas atteindre cette port\u00e9e avec un d\u00e9pliant ou des annonces dans les journaux.<br \/>\nLe meilleur ? La caisse enregistreuse sonnera plus souvent que vous ne pouvez l&rsquo;imaginer. Les tests sont au-dessus des \u00e9tudes.<\/p>\n<h4>Qu&rsquo;en est-il de la vue mobile ?<\/h4>\n<p>Bien s\u00fbr, nous pouvons \u00e9galement mettre en \u0153uvre cette solution. L&rsquo;affichage mobile est l&rsquo;un des crit\u00e8res les plus importants pour \u00eatre trouv\u00e9 dans les moteurs de recherche. Cela signifie qu&rsquo;il s&rsquo;agit d&rsquo;un sujet tr\u00e8s pertinent pour Google et Cie. Il y a<br \/>\nComme de plus en plus de personnes utilisent leur t\u00e9l\u00e9phone portable pour aller en ligne, une vue r\u00e9active est devenue indispensable. Ou encore, demandez-vous \u00e0 quelle fr\u00e9quence vous allez sur l&rsquo;internet et avec quel appareil. C&rsquo;est exactement pourquoi il devrait<br \/>\ndonnent d\u00e9finitivement une vue de t\u00e9l\u00e9phone portable.<\/p>\n<h4>Avec notre \u00e9l\u00e9gance, vous \u00e9conomisez beaucoup d&rsquo;efforts, de temps et de maux de t\u00eate inutiles !<\/h4>\n<p>Est-ce un syst\u00e8me modulaire ? Non, absolument pas. Chez nous, chaque site web doit \u00eatre adapt\u00e9 au mieux au client concern\u00e9. Un kit de construction classique ne peut pas suivre. Nos concepteurs web travaillent pour rendre cela possible<br \/>\nexactement \u00e0 vos souhaits et \u00e0 vos besoins. Apr\u00e8s cela, un site web est comme votre carte de visite sur l&rsquo;internet. Cela doit aussi se faire en cons\u00e9quence. Vous pouvez toujours compter sur nos experts.<\/p>\n<h3>Combien co\u00fbte g\u00e9n\u00e9ralement un site web ?<\/h3>\n<p>C&rsquo;est une tr\u00e8s bonne question. Malheureusement, vous ne pouvez pas r\u00e9pondre directement \u00e0 cette question. Apr\u00e8s tout, ce n&rsquo;est pas un produit fini, mais il doit \u00eatre adapt\u00e9 \u00e0 vous et \u00e0 votre entreprise. En outre, cela d\u00e9pend<br \/>\nindiquez si vous engagez un freelance ou si vous vous consacrez \u00e0 une agence. Combien co\u00fbte un site web ? Vous pouvez \u00e9galement demander combien une maison me co\u00fbtera. On pourrait r\u00e9pondre, o\u00f9 devrait-il \u00eatre ? Combien de pi\u00e8ces et de salles de bains souhaitez-vous<br \/>\nl&rsquo;avoir ? Combien de m\u00e8tres carr\u00e9s ? Vous comprenez, c&rsquo;est l\u00e0 o\u00f9 nous allons. Pour un concepteur de sites web traditionnel, ce sont les \u00e9l\u00e9ments de base dont vous avez besoin pour concevoir votre site web. Mais en g\u00e9n\u00e9ral, il faut payer pour le savoir-faire et le temps. J&rsquo;aime \u00e7a.<br \/>\nregarder ?<\/p>\n<ol>\n<li>Collecte des points et cr\u00e9ation du concept ( 2 &#8211; 3 h )<\/li>\n<li>Structure de l&rsquo;information (7 &#8211; 11 h)<\/li>\n<li>Configuration du serveur (3 &#8211; 6 h)<\/li>\n<li>Editer tous les points discut\u00e9s ( 24 &#8211; 48 h )<\/li>\n<li>Contr\u00f4le de la qualit\u00e9 (4 &#8211; 5 h)<\/li>\n<li>Am\u00e9liorations ( 9 h 00 &#8211; 12 h 00 )<\/li>\n<li>Pouvez-vous imaginer combien d&rsquo;argent cela peut co\u00fbter ?<\/li>\n<\/ol>\n<p>En r\u00e8gle g\u00e9n\u00e9rale, il s&rsquo;agit d&rsquo;une somme comprise entre 2500 et 5000 euros. Si vous voulez vraiment qu&rsquo;il soit professionnel, comme une grande entreprise, il peut faire encore plus&#8230;<br \/>\nplus de 10 000 euros. Et ce n&rsquo;est pas une blague, n&rsquo;h\u00e9sitez pas \u00e0 en parler \u00e0 un concepteur de sites web. Bien s\u00fbr, c&rsquo;est beaucoup d&rsquo;argent. Mais \u00e7a devient encore plus \u00e9pais. Le site web[\/vc_column_text][\/vc_column][\/vc_row]<\/p>\n<\/div>","protected":false},"excerpt":{"rendered":"<p>[vc_row row_height_percent=\u00a0\u00bb85&Prime; override_padding=\u00a0\u00bbyes\u00a0\u00bb h_padding=\u00a0\u00bb2&Prime; top_padding=\u00a0\u00bb5&Prime; bottom_padding=\u00a0\u00bb5&Prime; back_color=\u00a0\u00bbaccent\u00a0\u00bb back_image=\u00a0\u00bb1013&Prime; back_repeat=\u00a0\u00bbno-repeat\u00a0\u00bb back_attachment=\u00a0\u00bbfixed\u00a0\u00bb back_position=\u00a0\u00bbcenter center\u00a0\u00bb overlay_color=\u00a0\u00bbcolor-wayh\u00a0\u00bb overlay_alpha=\u00a0\u00bb95&Prime; gutter_size=\u00a0\u00bb4&Prime; column_width_percent=\u00a0\u00bb100&Prime; shift_y=\u00a0\u00bb0&Prime; z_index=\u00a0\u00bb0&Prime; enable_bottom_divider=\u00a0\u00bbdefault\u00a0\u00bb bottom_divider_inv=\u00a0\u00bbwaves-opacity\u00a0\u00bb [&hellip;]<\/p>\n","protected":false},"author":1,"featured_media":0,"parent":0,"menu_order":0,"comment_status":"closed","ping_status":"closed","template":"","meta":{"footnotes":""},"class_list":["post-832","page","type-page","status-publish","hentry"],"_links":{"self":[{"href":"https:\/\/www.baduno.com\/fr\/wp-json\/wp\/v2\/pages\/832","targetHints":{"allow":["GET"]}}],"collection":[{"href":"https:\/\/www.baduno.com\/fr\/wp-json\/wp\/v2\/pages"}],"about":[{"href":"https:\/\/www.baduno.com\/fr\/wp-json\/wp\/v2\/types\/page"}],"author":[{"embeddable":true,"href":"https:\/\/www.baduno.com\/fr\/wp-json\/wp\/v2\/users\/1"}],"replies":[{"embeddable":true,"href":"https:\/\/www.baduno.com\/fr\/wp-json\/wp\/v2\/comments?post=832"}],"version-history":[{"count":39,"href":"https:\/\/www.baduno.com\/fr\/wp-json\/wp\/v2\/pages\/832\/revisions"}],"predecessor-version":[{"id":1150,"href":"https:\/\/www.baduno.com\/fr\/wp-json\/wp\/v2\/pages\/832\/revisions\/1150"}],"wp:attachment":[{"href":"https:\/\/www.baduno.com\/fr\/wp-json\/wp\/v2\/media?parent=832"}],"curies":[{"name":"wp","href":"https:\/\/api.w.org\/{rel}","templated":true}]}}