{"id":800,"date":"2022-06-27T12:55:56","date_gmt":"2022-06-27T12:55:56","guid":{"rendered":"https:\/\/www.baduno.com\/web\/seo\/"},"modified":"2022-07-08T06:19:55","modified_gmt":"2022-07-08T06:19:55","slug":"seo","status":"publish","type":"page","link":"https:\/\/www.baduno.com\/fr\/seo\/","title":{"rendered":"Optimisation des moteurs de recherche"},"content":{"rendered":"<div class=\"wpb-content-wrapper\"><p>[vc_row row_height_percent=\u00a0\u00bb0&Prime; override_padding=\u00a0\u00bbyes\u00a0\u00bb h_padding=\u00a0\u00bb2&Prime; top_padding=\u00a0\u00bb5&Prime; bottom_padding=\u00a0\u00bb5&Prime; overlay_alpha=\u00a0\u00bb50&Prime; gutter_size=\u00a0\u00bb4&Prime; column_width_percent=\u00a0\u00bb100&Prime; shift_y=\u00a0\u00bb0&Prime; z_index=\u00a0\u00bb0&Prime; uncode_shortcode_id=\u00a0\u00bb124396&Prime;][vc_column column_width_percent=\u00a0\u00bb100&Prime; gutter_size=\u00a0\u00bb3&Prime; overlay_alpha=\u00a0\u00bb50&Prime; shift_x=\u00a0\u00bb0&Prime; shift_y=\u00a0\u00bb0&Prime; shift_y_down=\u00a0\u00bb0&Prime; z_index=\u00a0\u00bb0&Prime; medium_width=\u00a0\u00bb4&Prime; mobile_width=\u00a0\u00bb0&Prime; width=\u00a0\u00bb6\/12&Prime; el_class=\u00a0\u00bbimage-card image-card-triple\u00a0\u00bb uncode_shortcode_id=\u00a0\u00bb327674&Prime;][vc_single_image media=\u00a0\u00bb93&Prime; media_width_percent=\u00a0\u00bb100&Prime; media_ratio=\u00a0\u00bbone-one\u00a0\u00bb alignment=\u00a0\u00bbright\u00a0\u00bb shadow=\u00a0\u00bbyes\u00a0\u00bb shadow_weight=\u00a0\u00bbstd\u00a0\u00bb uncode_shortcode_id=\u00a0\u00bb173235&Prime;][vc_single_image media=\u00a0\u00bb90&Prime; media_width_percent=\u00a0\u00bb100&Prime; media_ratio=\u00a0\u00bbone-one\u00a0\u00bb alignment=\u00a0\u00bbright\u00a0\u00bb shadow=\u00a0\u00bbyes\u00a0\u00bb shadow_weight=\u00a0\u00bbstd\u00a0\u00bb css_animation=\u00a0\u00bbparallax\u00a0\u00bb parallax_intensity=\u00a0\u00bb2&Prime; uncode_shortcode_id=\u00a0\u00bb788844&Prime;][vc_single_image media=\u00a0\u00bb91&Prime; media_width_percent=\u00a0\u00bb100&Prime; media_ratio=\u00a0\u00bbone-one\u00a0\u00bb alignment=\u00a0\u00bbright\u00a0\u00bb shadow=\u00a0\u00bbyes\u00a0\u00bb shadow_weight=\u00a0\u00bbstd\u00a0\u00bb css_animation=\u00a0\u00bbparallax\u00a0\u00bb parallax_intensity=\u00a0\u00bb3&Prime; uncode_shortcode_id=\u00a0\u00bb204962&Prime;][uncode_vertical_text vertical_text_h_pos=\u00a0\u00bb-1&Prime; z_index=\u00a0\u00bb0&Prime; text_size=\u00a0\u00bbh5&Prime; medium_visibility=\u00a0\u00bbyes\u00a0\u00bb mobile_visibility=\u00a0\u00bbyes\u00a0\u00bb uncode_shortcode_id=\u00a0\u00bb112882&Prime;]SEO TEXT[\/uncode_vertical_text][\/vc_column][vc_column column_width_percent=\u00a0\u00bb100&Prime; position_horizontal=\u00a0\u00bbleft\u00a0\u00bb position_vertical=\u00a0\u00bbmiddle\u00a0\u00bb gutter_size=\u00a0\u00bb3&Prime; font_family=\u00a0\u00bbfont-136269&Prime; overlay_alpha=\u00a0\u00bb50&Prime; shift_x=\u00a0\u00bb0&Prime; shift_y=\u00a0\u00bb0&Prime; shift_y_down=\u00a0\u00bb0&Prime; z_index=\u00a0\u00bb0&Prime; medium_width=\u00a0\u00bb4&Prime; align_mobile=\u00a0\u00bbalign_center_mobile\u00a0\u00bb mobile_width=\u00a0\u00bb0&Prime; width=\u00a0\u00bb6\/12&Prime; uncode_shortcode_id=\u00a0\u00bb573911&Prime;][vc_custom_heading heading_semantic=\u00a0\u00bbh3&Prime; text_size=\u00a0\u00bbh1&Prime; sub_lead=\u00a0\u00bbyes\u00a0\u00bb subheading=\u00a0\u00bbVotre site web est en ligne. Vous avez mis beaucoup d&rsquo;efforts dans la conception. Bien s\u00fbr, vous souhaitez que de nombreuses personnes visitent votre site web. Quel est le meilleur moyen ? Le moyen le plus simple serait bien s\u00fbr de passer par Google. Mais lorsque vous tapez votre site web dans la barre de recherche, vous voyez votre page bien trop loin. C&rsquo;est encore pire si vous n&rsquo;apparaissez que sur la deuxi\u00e8me page. comment pouvez-vous changer cela ? Avec les textes SEO vous pouvez am\u00e9liorer votre classement. Mais qu&rsquo;est-ce que le SEO ? Qu&rsquo;est-ce que cela a \u00e0 voir avec Google ? Quels aspects devez-vous prendre en compte ? Lisez les sections suivantes et voyez ce qu&rsquo;est exactement le r\u00e9f\u00e9rencement et comment il peut aider votre site \u00e0 \u00eatre mieux class\u00e9. Si vous ne comprenez pas quelque chose, n&rsquo;h\u00e9sitez pas \u00e0 nous contacter.\u00a0\u00bb uncode_shortcode_id=\u00a0\u00bb839764&Prime;]Textes SEO de haute qualit\u00e9[\/vc_custom_heading][vc_button button_color=\u00a0\u00bbcolor-uydo\u00a0\u00bb size=\u00a0\u00bbbtn-lg\u00a0\u00bb outline=\u00a0\u00bbyes\u00a0\u00bb text_skin=\u00a0\u00bbyes\u00a0\u00bb border_width=\u00a0\u00bb0&Prime; link=\u00a0\u00bburl:https%3A%2F%2Fwww.baduno.com%2Ffr%2Fproduit%2Fseo-text-2%2F|target:_blank|\u00a0\u00bb button_color_type=\u00a0\u00bbuncode-palette\u00a0\u00bb uncode_shortcode_id=\u00a0\u00bb979759&Prime;]Acheter du texte SEO[\/vc_button][\/vc_column][\/vc_row][vc_row row_height_percent=\u00a0\u00bb0&Prime; override_padding=\u00a0\u00bbyes\u00a0\u00bb h_padding=\u00a0\u00bb2&Prime; top_padding=\u00a0\u00bb5&Prime; bottom_padding=\u00a0\u00bb3&Prime; overlay_alpha=\u00a0\u00bb100&Prime; gutter_size=\u00a0\u00bb3&Prime; column_width_percent=\u00a0\u00bb100&Prime; shift_y=\u00a0\u00bb0&Prime; z_index=\u00a0\u00bb0&Prime; row_height_use_pixel=\u00a0\u00bb\u00a0\u00bb][vc_column column_width_use_pixel=\u00a0\u00bbyes\u00a0\u00bb gutter_size=\u00a0\u00bb3&Prime; overlay_alpha=\u00a0\u00bb50&Prime; shift_x=\u00a0\u00bb0&Prime; shift_y=\u00a0\u00bb0&Prime; medium_width=\u00a0\u00bb0&Prime; zoom_width=\u00a0\u00bb0&Prime; zoom_height=\u00a0\u00bb0&Prime; column_width_pixel=\u00a0\u00bb800&Prime;][vc_column_text uncode_shortcode_id=\u00a0\u00bb101142&Prime;]Pour appara\u00eetre dans les classements de Google pour un mot cl\u00e9 particulier, il y a quelques \u00e9tapes \u00e0 franchir. Le contenu du r\u00e9f\u00e9rencement n&rsquo;est pas seulement \u00e9crit. Il est planifi\u00e9 et pr\u00e9par\u00e9, cr\u00e9\u00e9 par un expert en la mati\u00e8re et enfin post-\u00e9dit\u00e9. Toute personne qui ach\u00e8te du contenu de r\u00e9f\u00e9rencement s&rsquo;attend \u00e0 ce qu&rsquo;il attire les bons visiteurs sur Internet. C&rsquo;est ainsi que nous proc\u00e9dons chez BlogTec. Vous nous contactez via notre site web et expliquez bri\u00e8vement votre situation. Nous vous contacterons et discuterons ensemble des diff\u00e9rentes options de contenu et de r\u00e9f\u00e9rencement. Avec nous, vous pouvez faire r\u00e9diger un nouveau contenu SEO ou optimiser votre contenu existant avec des mots-cl\u00e9s de haute qualit\u00e9. Et si vous avez encore besoin d&rsquo;un lien retour pour accro\u00eetre votre confiance dans Google, nous trouverons la page id\u00e9ale pour un article invit\u00e9.[\/vc_column_text][\/vc_column][\/vc_row][vc_row row_height_percent=\u00a0\u00bb0&Prime; override_padding=\u00a0\u00bbyes\u00a0\u00bb h_padding=\u00a0\u00bb2&Prime; top_padding=\u00a0\u00bb0&Prime; bottom_padding=\u00a0\u00bb0&Prime; overlay_alpha=\u00a0\u00bb100&Prime; gutter_size=\u00a0\u00bb3&Prime; column_width_percent=\u00a0\u00bb100&Prime; shift_y=\u00a0\u00bb0&Prime; z_index=\u00a0\u00bb0&Prime; row_height_use_pixel=\u00a0\u00bb\u00a0\u00bb][vc_column column_width_use_pixel=\u00a0\u00bbyes\u00a0\u00bb gutter_size=\u00a0\u00bb3&Prime; overlay_alpha=\u00a0\u00bb50&Prime; shift_x=\u00a0\u00bb0&Prime; shift_y=\u00a0\u00bb0&Prime; medium_width=\u00a0\u00bb0&Prime; zoom_width=\u00a0\u00bb0&Prime; zoom_height=\u00a0\u00bb0&Prime; width=\u00a0\u00bb5\/6&Prime;][vc_single_image media=\u00a0\u00bb922&Prime; media_width_percent=\u00a0\u00bb100&Prime; media_ratio=\u00a0\u00bbthree-two\u00a0\u00bb media_title_uppercase=\u00a0\u00bb\u00a0\u00bb uncode_shortcode_id=\u00a0\u00bb672329&Prime;][\/vc_column][vc_column column_width_percent=\u00a0\u00bb100&Prime; gutter_size=\u00a0\u00bb3&Prime; overlay_alpha=\u00a0\u00bb50&Prime; shift_x=\u00a0\u00bb0&Prime; shift_y=\u00a0\u00bb0&Prime; medium_width=\u00a0\u00bb0&Prime; zoom_width=\u00a0\u00bb0&Prime; zoom_height=\u00a0\u00bb0&Prime; width=\u00a0\u00bb1\/6&Prime;][vc_column_text uncode_shortcode_id=\u00a0\u00bb445723&Prime;]Une fois le contenu r\u00e9dig\u00e9, nous ne vous l&rsquo;envoyons pas directement&#8230;.. La forme et la structure doivent \u00eatre revues. Non seulement les fautes d&rsquo;orthographe sont corrig\u00e9es, mais nous nous assurons \u00e9galement que l&rsquo;intention de recherche est respect\u00e9e et que chaque mot-cl\u00e9 important est plac\u00e9 correctement.[\/vc_column_text][\/vc_column][\/vc_row][vc_row row_height_percent=\u00a0\u00bb0&Prime; override_padding=\u00a0\u00bbyes\u00a0\u00bb h_padding=\u00a0\u00bb2&Prime; top_padding=\u00a0\u00bb3&Prime; bottom_padding=\u00a0\u00bb3&Prime; overlay_alpha=\u00a0\u00bb100&Prime; gutter_size=\u00a0\u00bb3&Prime; column_width_percent=\u00a0\u00bb100&Prime; shift_y=\u00a0\u00bb0&Prime; z_index=\u00a0\u00bb0&Prime; row_height_use_pixel=\u00a0\u00bb\u00a0\u00bb][vc_column column_width_use_pixel=\u00a0\u00bbyes\u00a0\u00bb gutter_size=\u00a0\u00bb3&Prime; overlay_alpha=\u00a0\u00bb50&Prime; shift_x=\u00a0\u00bb0&Prime; shift_y=\u00a0\u00bb0&Prime; medium_width=\u00a0\u00bb0&Prime; zoom_width=\u00a0\u00bb0&Prime; zoom_height=\u00a0\u00bb0&Prime; column_width_pixel=\u00a0\u00bb800&Prime;][vc_column_text uncode_shortcode_id=\u00a0\u00bb658730&Prime;]Dans certains cas, vous avez d\u00e9j\u00e0 des mots cl\u00e9s et vous cherchez quelqu&rsquo;un pour r\u00e9diger le contenu du r\u00e9f\u00e9rencement pour vous. Dans ce cas, nous mettons \u00e0 votre disposition un r\u00e9dacteur expert dans votre domaine. Si vous n&rsquo;avez pas de mots-cl\u00e9s, ce n&rsquo;est pas un probl\u00e8me non plus ! Ensuite, nous effectuons une analyse approfondie, en trouvant des mots-cl\u00e9s qui correspondent \u00e0 votre marque et pour lesquels vous pouvez vous classer. Le r\u00e9f\u00e9rencement ne consiste pas seulement \u00e0 r\u00e9partir les bons mots-cl\u00e9s sur une page. Il s&rsquo;agit \u00e9galement de r\u00e9pondre aux questions et aux probl\u00e8mes que les utilisateurs de Google rencontrent avec le mot-cl\u00e9. Nos gestionnaires de contenu cr\u00e9ent un briefing pour chaque \u00e9l\u00e9ment de contenu, dans lequel ils d\u00e9terminent l&rsquo;intention de recherche. Enfin, tout est r\u00e9uni dans le processus d&rsquo;\u00e9criture. Nous pensons que les gens sont plus productifs lorsqu&rsquo;ils accomplissent des t\u00e2ches qui leur plaisent. Par cons\u00e9quent, personne dans notre entreprise n&rsquo;\u00e9crit sur un sujet sans avoir un lien personnel avec le contenu. C&rsquo;est ainsi que nous trouvons la voix qui convient \u00e0 votre entreprise.[\/vc_column_text][\/vc_column][\/vc_row]<\/p>\n<\/div>","protected":false},"excerpt":{"rendered":"<p>[vc_row row_height_percent=\u00a0\u00bb0&Prime; override_padding=\u00a0\u00bbyes\u00a0\u00bb h_padding=\u00a0\u00bb2&Prime; top_padding=\u00a0\u00bb5&Prime; bottom_padding=\u00a0\u00bb5&Prime; overlay_alpha=\u00a0\u00bb50&Prime; gutter_size=\u00a0\u00bb4&Prime; column_width_percent=\u00a0\u00bb100&Prime; shift_y=\u00a0\u00bb0&Prime; z_index=\u00a0\u00bb0&Prime; uncode_shortcode_id=\u00a0\u00bb124396&Prime;][vc_column column_width_percent=\u00a0\u00bb100&Prime; gutter_size=\u00a0\u00bb3&Prime; overlay_alpha=\u00a0\u00bb50&Prime; shift_x=\u00a0\u00bb0&Prime; shift_y=\u00a0\u00bb0&Prime; shift_y_down=\u00a0\u00bb0&Prime; z_index=\u00a0\u00bb0&Prime; medium_width=\u00a0\u00bb4&Prime; [&hellip;]<\/p>\n","protected":false},"author":1,"featured_media":0,"parent":0,"menu_order":0,"comment_status":"closed","ping_status":"closed","template":"","meta":{"footnotes":""},"class_list":["post-800","page","type-page","status-publish","hentry"],"_links":{"self":[{"href":"https:\/\/www.baduno.com\/fr\/wp-json\/wp\/v2\/pages\/800","targetHints":{"allow":["GET"]}}],"collection":[{"href":"https:\/\/www.baduno.com\/fr\/wp-json\/wp\/v2\/pages"}],"about":[{"href":"https:\/\/www.baduno.com\/fr\/wp-json\/wp\/v2\/types\/page"}],"author":[{"embeddable":true,"href":"https:\/\/www.baduno.com\/fr\/wp-json\/wp\/v2\/users\/1"}],"replies":[{"embeddable":true,"href":"https:\/\/www.baduno.com\/fr\/wp-json\/wp\/v2\/comments?post=800"}],"version-history":[{"count":3,"href":"https:\/\/www.baduno.com\/fr\/wp-json\/wp\/v2\/pages\/800\/revisions"}],"predecessor-version":[{"id":931,"href":"https:\/\/www.baduno.com\/fr\/wp-json\/wp\/v2\/pages\/800\/revisions\/931"}],"wp:attachment":[{"href":"https:\/\/www.baduno.com\/fr\/wp-json\/wp\/v2\/media?parent=800"}],"curies":[{"name":"wp","href":"https:\/\/api.w.org\/{rel}","templated":true}]}}