{"id":792,"date":"2022-06-26T18:55:52","date_gmt":"2022-06-26T18:55:52","guid":{"rendered":"https:\/\/www.baduno.com\/impression\/"},"modified":"2026-02-11T21:42:42","modified_gmt":"2026-02-11T21:42:42","slug":"impression","status":"publish","type":"page","link":"https:\/\/www.baduno.com\/fr\/impression\/","title":{"rendered":"Impression"},"content":{"rendered":"<h2>Information selon le \u00a7 5<\/h2>\n<h3>Baduno GmbH<\/h3>\n<p>Mainzer Landstr. 166<br \/>\nD-60327 Frankfurt a. Principal<\/p>\n<p><strong>Contact :<\/strong><br \/>\nTel : 06917527903<br \/>\nEmail : service(at)baduno.com<\/p>\n<p>Tribunal d&rsquo;enregistrement : <strong>Francfort-sur-le-Main<\/strong><br \/>\nNum\u00e9ro d&rsquo;enregistrement : <strong>HRB 111727<\/strong><br \/>\nDirecteurs g\u00e9n\u00e9raux autoris\u00e9s : <strong>Mahsa Asgarian<\/strong><br \/>\nNum\u00e9ro d&rsquo;identification de la taxe sur les ventes selon \u00a7 27a UStG : <strong>DE321105943<\/strong><\/p>\n<p>Veuillez noter que nous ne fournissons PAS de service client\u00e8le ou d&rsquo;assistance \u00e0 ces adresses et num\u00e9ros de t\u00e9l\u00e9phone !<\/p>\n<p><em>Note : Pour \u00e9viter les spams, nous avons remplac\u00e9 le \u00ab\u00a0@\u00a0\u00bb de notre adresse \u00e9lectronique par \u00ab\u00a0(at)\u00a0\u00bb. Veuillez utiliser \u00e0 nouveau le \u00ab\u00a0@\u00a0\u00bb si vous souhaitez nous contacter.<\/em><\/p>\n<p><em>Plate-forme d&rsquo;arbitrage de l&rsquo;UE pour les boutiques en ligne &#8211; r\u00e9solution des litiges en ligne conform\u00e9ment \u00e0 l&rsquo;article 14, paragraphe 1 ODR-VO : La Commission europ\u00e9enne met \u00e0 disposition une plate-forme de r\u00e9solution des litiges en ligne (OS), que vous trouverez sur http:\/\/ec.europa.eu\/consumers\/odr \/ Find.<\/em><\/p>\n<p>&nbsp;<\/p>\n<h2>CLAUSE DE NON-RESPONSABILIT\u00c9<\/h2>\n<h3>Responsabilit\u00e9 du contenu<\/h3>\n<p>En tant que prestataire de services, nous sommes responsables de notre propre contenu sur ces pages conform\u00e9ment \u00e0 l&rsquo;article 7, paragraphe 1 de la loi allemande sur les t\u00e9l\u00e9m\u00e9dias (TMG). Conform\u00e9ment aux articles 8 \u00e0 10 de la TMG, nous ne sommes toutefois pas tenus, en tant que prestataire de services, de surveiller les informations transmises ou stock\u00e9es par des tiers ou d&rsquo;enqu\u00eater sur des circonstances qui indiquent une activit\u00e9 ill\u00e9gale.<\/p>\n<p>Les obligations de supprimer ou de bloquer l&rsquo;utilisation des informations conform\u00e9ment aux lois g\u00e9n\u00e9rales ne sont pas affect\u00e9es. Toutefois, la responsabilit\u00e9 \u00e0 cet \u00e9gard n&rsquo;est possible qu&rsquo;\u00e0 partir du moment o\u00f9 l&rsquo;on a connaissance d&rsquo;une infraction sp\u00e9cifique \u00e0 la loi. D\u00e8s que nous aurons connaissance d&rsquo;une quelconque violation de la loi, nous supprimerons imm\u00e9diatement ce contenu.<\/p>\n<h3>Responsabilit\u00e9 pour les liens<\/h3>\n<p>Notre offre contient des liens vers des sites web externes de tiers, sur le contenu desquels nous n&rsquo;avons aucune influence. Par cons\u00e9quent, nous ne pouvons assumer aucune responsabilit\u00e9 pour ce contenu externe. Le fournisseur ou l&rsquo;exploitant respectif des pages est toujours responsable du contenu des pages li\u00e9es. Les pages li\u00e9es ont \u00e9t\u00e9 contr\u00f4l\u00e9es au moment de la cr\u00e9ation du lien pour v\u00e9rifier qu&rsquo;il n&rsquo;y avait pas d&rsquo;\u00e9ventuelles violations de la loi. Le contenu ill\u00e9gal n&rsquo;\u00e9tait pas reconnaissable au moment de l&rsquo;\u00e9tablissement du lien.<\/p>\n<p>Toutefois, un contr\u00f4le permanent du contenu des pages li\u00e9es n&rsquo;est pas raisonnable sans preuve concr\u00e8te d&rsquo;une infraction. D\u00e8s que nous aurons connaissance de violations l\u00e9gales, nous supprimerons imm\u00e9diatement ces liens.<\/p>\n<h3>copyright<\/h3>\n<p>Le contenu et les \u0153uvres de ces pages cr\u00e9\u00e9s par les exploitants du site sont soumis \u00e0 la l\u00e9gislation allemande sur le droit d&rsquo;auteur. La duplication, l&rsquo;\u00e9dition, la distribution et tout type d&rsquo;exploitation en dehors des limites du droit d&rsquo;auteur n\u00e9cessitent le consentement \u00e9crit de l&rsquo;auteur ou du cr\u00e9ateur respectif. Les t\u00e9l\u00e9chargements et les copies de ce site ne sont autoris\u00e9s que pour un usage priv\u00e9 et non commercial.<\/p>\n<p>Dans la mesure o\u00f9 le contenu de ce site n&rsquo;a pas \u00e9t\u00e9 cr\u00e9\u00e9 par l&rsquo;op\u00e9rateur, les droits d&rsquo;auteur de tiers sont respect\u00e9s. En particulier, les contenus de tiers sont signal\u00e9s comme tels. Si vous deviez n\u00e9anmoins avoir connaissance d&rsquo;une violation des droits d&rsquo;auteur, nous vous demandons de nous en informer. D\u00e8s que nous aurons connaissance d&rsquo;une violation de la loi, nous supprimerons imm\u00e9diatement ce contenu.<\/p>\n","protected":false},"excerpt":{"rendered":"<p>Information selon le \u00a7 5 Baduno GmbH Mainzer Landstr. 166 D-60327 Frankfurt a. Principal Contact : Tel : 06917527903 Email [&hellip;]<\/p>\n","protected":false},"author":1,"featured_media":0,"parent":0,"menu_order":0,"comment_status":"closed","ping_status":"closed","template":"","meta":{"footnotes":""},"class_list":["post-792","page","type-page","status-publish","hentry"],"_links":{"self":[{"href":"https:\/\/www.baduno.com\/fr\/wp-json\/wp\/v2\/pages\/792","targetHints":{"allow":["GET"]}}],"collection":[{"href":"https:\/\/www.baduno.com\/fr\/wp-json\/wp\/v2\/pages"}],"about":[{"href":"https:\/\/www.baduno.com\/fr\/wp-json\/wp\/v2\/types\/page"}],"author":[{"embeddable":true,"href":"https:\/\/www.baduno.com\/fr\/wp-json\/wp\/v2\/users\/1"}],"replies":[{"embeddable":true,"href":"https:\/\/www.baduno.com\/fr\/wp-json\/wp\/v2\/comments?post=792"}],"version-history":[{"count":1,"href":"https:\/\/www.baduno.com\/fr\/wp-json\/wp\/v2\/pages\/792\/revisions"}],"predecessor-version":[{"id":1263,"href":"https:\/\/www.baduno.com\/fr\/wp-json\/wp\/v2\/pages\/792\/revisions\/1263"}],"wp:attachment":[{"href":"https:\/\/www.baduno.com\/fr\/wp-json\/wp\/v2\/media?parent=792"}],"curies":[{"name":"wp","href":"https:\/\/api.w.org\/{rel}","templated":true}]}}