{"id":767,"date":"2022-06-26T18:59:01","date_gmt":"2022-06-26T18:59:01","guid":{"rendered":"https:\/\/www.baduno.com\/politique-de-remboursement-et-de-retour\/"},"modified":"2022-07-06T08:48:48","modified_gmt":"2022-07-06T08:48:48","slug":"politique-de-remboursement-et-de-retour","status":"publish","type":"page","link":"https:\/\/www.baduno.com\/fr\/politique-de-remboursement-et-de-retour\/","title":{"rendered":"Politique de remboursement et de retour"},"content":{"rendered":"<header class=\"entry-header ast-no-thumbnail ast-no-meta\">&#13;\n<h1 class=\"entry-title\">Refund Policy<\/h1>&#13;\n<\/header>&#13;\n<div class=\"entry-content clear\">&#13;\n<div class=\"text-lg max-w-prose mx-auto mb-6\">&#13;\n<p class=\"text-xl text-gray-500 leading-8\">Baduno se consacre \u00e0 la r\u00e9ussite de ses pr\u00e9cieux clients. Nous travaillons sans rel\u00e2che pour mener des campagnes de croissance manuelles et assurer les plus hauts niveaux de croissance possibles.<\/p>&#13;\n<\/div>&#13;\n<div class=\"prose prose-lg text-gray-500 mx-auto\">&#13;\n<p class=\"text-xl text-gray-500 leading-8\">Bien que nous consacrions le m\u00eame temps \u00e0 toutes les campagnes de chaque cat\u00e9gorie de plan, la croissance peut varier consid\u00e9rablement en fonction de la niche de notre client, de la qualit\u00e9 du contenu, de la quantit\u00e9 de contenu et du ciblage qui nous a \u00e9t\u00e9 donn\u00e9. Par exemple, nous pourrions obtenir des r\u00e9sultats l\u00e9g\u00e8rement meilleurs avec le compte d&rsquo;un photographe qu&rsquo;avec celui d&rsquo;une soci\u00e9t\u00e9 de comptabilit\u00e9. Le photographe est susceptible de publier un grand nombre d&rsquo;images de haute qualit\u00e9 et donc de se d\u00e9velopper un peu plus rapidement.<\/p>&#13;\n<p class=\"text-xl text-gray-500 leading-8\">En raison de la quantit\u00e9 de travail que nous consacrons \u00e0 toutes nos campagnes, nous offrons des remboursements au cas par cas. Toutefois, nous nous r\u00e9servons le droit de refuser les remboursements. Les cr\u00e9dits peuvent \u00eatre accord\u00e9s une fois que l&rsquo;\u00e9quipe charg\u00e9e de la r\u00e9ussite des clients a re\u00e7u votre approbation pour un cr\u00e9dit. Avant que les cr\u00e9dits ne soient offerts, vous aurez la possibilit\u00e9 de continuer \u00e0 recevoir des followers ou des likes au lieu d&rsquo;arr\u00eater la livraison. Si vous choisissez de recevoir un cr\u00e9dit, celui-ci sera envoy\u00e9 \u00e0 votre adresse \u00e9lectronique. La valeur sera celle de la commande initiale pour laquelle vous faites une r\u00e9clamation. Consid\u00e9rez ce cr\u00e9dit comme un bon d&rsquo;achat \u00e9lectronique que vous pouvez d\u00e9penser quand vous le souhaitez. Le cr\u00e9dit est valable pendant 1 an \u00e0 partir du moment o\u00f9 il est \u00e9mis, sur n&rsquo;importe lequel de nos produits. Ce cr\u00e9dit est \u00e9mis avec un code de remboursement qui peut \u00eatre utilis\u00e9 dans notre bo\u00eete \u00a0\u00bb code de r\u00e9duction \u00ab\u00a0. Vous pouvez utiliser votre cr\u00e9dit pour vous-m\u00eame ou pour quelqu&rsquo;un d&rsquo;autre.<\/p>&#13;\n<p>Baduno GmbH<br\/><br\/><\/p>&#13;\n<\/div>&#13;\n<\/div>&#13;","protected":false},"excerpt":{"rendered":"<p>&#13; Refund Policy &#13; &#13; &#13; &#13; Baduno se consacre \u00e0 la r\u00e9ussite de ses pr\u00e9cieux clients. Nous travaillons sans [&hellip;]<\/p>\n","protected":false},"author":1,"featured_media":0,"parent":0,"menu_order":0,"comment_status":"closed","ping_status":"closed","template":"","meta":{"footnotes":""},"class_list":["post-767","page","type-page","status-publish","hentry"],"_links":{"self":[{"href":"https:\/\/www.baduno.com\/fr\/wp-json\/wp\/v2\/pages\/767","targetHints":{"allow":["GET"]}}],"collection":[{"href":"https:\/\/www.baduno.com\/fr\/wp-json\/wp\/v2\/pages"}],"about":[{"href":"https:\/\/www.baduno.com\/fr\/wp-json\/wp\/v2\/types\/page"}],"author":[{"embeddable":true,"href":"https:\/\/www.baduno.com\/fr\/wp-json\/wp\/v2\/users\/1"}],"replies":[{"embeddable":true,"href":"https:\/\/www.baduno.com\/fr\/wp-json\/wp\/v2\/comments?post=767"}],"version-history":[{"count":1,"href":"https:\/\/www.baduno.com\/fr\/wp-json\/wp\/v2\/pages\/767\/revisions"}],"predecessor-version":[{"id":778,"href":"https:\/\/www.baduno.com\/fr\/wp-json\/wp\/v2\/pages\/767\/revisions\/778"}],"wp:attachment":[{"href":"https:\/\/www.baduno.com\/fr\/wp-json\/wp\/v2\/media?parent=767"}],"curies":[{"name":"wp","href":"https:\/\/api.w.org\/{rel}","templated":true}]}}