{"id":762,"date":"2022-06-26T13:18:14","date_gmt":"2022-06-26T13:18:14","guid":{"rendered":"https:\/\/www.baduno.com\/accueil\/"},"modified":"2026-02-11T21:42:46","modified_gmt":"2026-02-11T21:42:46","slug":"accueil","status":"publish","type":"page","link":"https:\/\/www.baduno.com\/fr\/","title":{"rendered":"Accueil"},"content":{"rendered":"<div class=\"wpb-content-wrapper\"><p>[vc_row row_height_percent=\u00a0\u00bb0&Prime; override_padding=\u00a0\u00bbyes\u00a0\u00bb h_padding=\u00a0\u00bb2&Prime; top_padding=\u00a0\u00bb7&Prime; bottom_padding=\u00a0\u00bb7&Prime; back_color=\u00a0\u00bbcolor-wayh\u00a0\u00bb back_image=\u00a0\u00bb866&Prime; back_repeat=\u00a0\u00bbno-repeat\u00a0\u00bb back_attachment=\u00a0\u00bbfixed\u00a0\u00bb back_position=\u00a0\u00bbcenter center\u00a0\u00bb overlay_color=\u00a0\u00bbcolor-wayh\u00a0\u00bb overlay_alpha=\u00a0\u00bb95&Prime; gutter_size=\u00a0\u00bb3&Prime; column_width_percent=\u00a0\u00bb100&Prime; shift_y=\u00a0\u00bb0&Prime; z_index=\u00a0\u00bb0&Prime; top_divider=\u00a0\u00bbgradient\u00a0\u00bb bottom_divider=\u00a0\u00bbgradient\u00a0\u00bb uncode_shortcode_id=\u00a0\u00bb616816&Prime; back_color_type=\u00a0\u00bbuncode-palette\u00a0\u00bb overlay_color_type=\u00a0\u00bbuncode-palette\u00a0\u00bb][vc_column column_width_use_pixel=\u00a0\u00bbyes\u00a0\u00bb position_vertical=\u00a0\u00bbmiddle\u00a0\u00bb gutter_size=\u00a0\u00bb4&Prime; style=\u00a0\u00bbdark\u00a0\u00bb overlay_alpha=\u00a0\u00bb50&Prime; shift_x=\u00a0\u00bb0&Prime; shift_y=\u00a0\u00bb0&Prime; shift_y_down=\u00a0\u00bb0&Prime; z_index=\u00a0\u00bb0&Prime; medium_width=\u00a0\u00bb0&Prime; mobile_width=\u00a0\u00bb0&Prime; width=\u00a0\u00bb1\/1&Prime; uncode_shortcode_id=\u00a0\u00bb186018&Prime; column_width_pixel=\u00a0\u00bb1000&Prime;][vc_custom_heading heading_semantic=\u00a0\u00bbh3&Prime; text_size=\u00a0\u00bbh1&Prime; uncode_shortcode_id=\u00a0\u00bb151889&Prime;]Commen\u00e7ons quelque chose d&rsquo;incroyable ensemble[\/vc_custom_heading][vc_row_inner row_inner_height_percent=\u00a0\u00bb0&Prime; overlay_alpha=\u00a0\u00bb50&Prime; gutter_size=\u00a0\u00bb4&Prime; shift_y=\u00a0\u00bb0&Prime; z_index=\u00a0\u00bb0&Prime; limit_content=\u00a0\u00bb\u00a0\u00bb][vc_column_inner column_width_percent=\u00a0\u00bb100&Prime; gutter_size=\u00a0\u00bb3&Prime; style=\u00a0\u00bbdark\u00a0\u00bb overlay_alpha=\u00a0\u00bb50&Prime; shift_x=\u00a0\u00bb0&Prime; shift_y=\u00a0\u00bb0&Prime; shift_y_down=\u00a0\u00bb0&Prime; z_index=\u00a0\u00bb0&Prime; medium_width=\u00a0\u00bb0&Prime; mobile_width=\u00a0\u00bb0&Prime; width=\u00a0\u00bb1\/1&Prime; uncode_shortcode_id=\u00a0\u00bb500698&Prime;][vc_custom_heading heading_semantic=\u00a0\u00bbh6&Prime; text_size=\u00a0\u00bbh3&Prime; uncode_shortcode_id=\u00a0\u00bb211250&Prime;]Quel que soit le groupe auquel vous appartenez, pour am\u00e9liorer la fid\u00e9lit\u00e9 et la r\u00e9putation de votre marque et pour augmenter le trafic entrant, les experts de VE vous aident dans l&rsquo;ensemble du cycle de vie SMM SOM WEB.[\/vc_custom_heading][vc_empty_space empty_h=\u00a0\u00bb1&Prime; mobile_visibility=\u00a0\u00bbyes\u00a0\u00bb][\/vc_column_inner][\/vc_row_inner][vc_separator sep_color=\u00a0\u00bb,Default\u00a0\u00bb][vc_row_inner row_inner_height_percent=\u00a0\u00bb0&Prime; overlay_alpha=\u00a0\u00bb50&Prime; gutter_size=\u00a0\u00bb4&Prime; shift_y=\u00a0\u00bb0&Prime; z_index=\u00a0\u00bb0&Prime; limit_content=\u00a0\u00bb\u00a0\u00bb][vc_column_inner column_width_percent=\u00a0\u00bb100&Prime; gutter_size=\u00a0\u00bb3&Prime; style=\u00a0\u00bbdark\u00a0\u00bb overlay_alpha=\u00a0\u00bb50&Prime; shift_x=\u00a0\u00bb0&Prime; shift_y=\u00a0\u00bb0&Prime; shift_y_down=\u00a0\u00bb0&Prime; z_index=\u00a0\u00bb0&Prime; medium_width=\u00a0\u00bb4&Prime; mobile_width=\u00a0\u00bb0&Prime; width=\u00a0\u00bb1\/2&Prime; uncode_shortcode_id=\u00a0\u00bb745225&Prime;][vc_custom_heading heading_semantic=\u00a0\u00bbh6&Prime; text_size=\u00a0\u00bbh1&Prime; uncode_shortcode_id=\u00a0\u00bb580881&Prime;]<a href=\"mailto:hello@yoursite.com\">hello@baduno.com<\/a>[\/vc_custom_heading][\/vc_column_inner][vc_column_inner column_width_percent=\u00a0\u00bb100&Prime; align_horizontal=\u00a0\u00bbalign_right\u00a0\u00bb gutter_size=\u00a0\u00bb3&Prime; style=\u00a0\u00bbdark\u00a0\u00bb overlay_alpha=\u00a0\u00bb50&Prime; shift_x=\u00a0\u00bb0&Prime; shift_y=\u00a0\u00bb0&Prime; shift_y_down=\u00a0\u00bb0&Prime; z_index=\u00a0\u00bb0&Prime; medium_width=\u00a0\u00bb4&Prime; align_mobile=\u00a0\u00bbalign_left_mobile\u00a0\u00bb mobile_width=\u00a0\u00bb0&Prime; width=\u00a0\u00bb1\/2&Prime; uncode_shortcode_id=\u00a0\u00bb201491&Prime;][vc_custom_heading heading_semantic=\u00a0\u00bbh6&Prime; text_size=\u00a0\u00bbh1&Prime; uncode_shortcode_id=\u00a0\u00bb147822&Prime;]+49 (0) 69 17527903[\/vc_custom_heading][\/vc_column_inner][\/vc_row_inner][\/vc_column][\/vc_row][vc_row row_height_percent=\u00a0\u00bb0&Prime; override_padding=\u00a0\u00bbyes\u00a0\u00bb h_padding=\u00a0\u00bb2&Prime; top_padding=\u00a0\u00bb5&Prime; bottom_padding=\u00a0\u00bb5&Prime; overlay_alpha=\u00a0\u00bb100&Prime; gutter_size=\u00a0\u00bb3&Prime; column_width_percent=\u00a0\u00bb100&Prime; shift_y=\u00a0\u00bb0&Prime; z_index=\u00a0\u00bb0&Prime; row_height_use_pixel=\u00a0\u00bb\u00a0\u00bb][vc_column column_width_use_pixel=\u00a0\u00bbyes\u00a0\u00bb align_horizontal=\u00a0\u00bbalign_center\u00a0\u00bb gutter_size=\u00a0\u00bb3&Prime; overlay_alpha=\u00a0\u00bb50&Prime; shift_x=\u00a0\u00bb0&Prime; shift_y=\u00a0\u00bb0&Prime; shift_y_down=\u00a0\u00bb0&Prime; z_index=\u00a0\u00bb0&Prime; medium_width=\u00a0\u00bb0&Prime; mobile_width=\u00a0\u00bb0&Prime; zoom_width=\u00a0\u00bb0&Prime; zoom_height=\u00a0\u00bb0&Prime; column_width_pixel=\u00a0\u00bb600&Prime;][vc_row_inner row_inner_height_percent=\u00a0\u00bb0&Prime; overlay_alpha=\u00a0\u00bb50&Prime; gutter_size=\u00a0\u00bb3&Prime; shift_y=\u00a0\u00bb0&Prime; row_height_use_pixel=\u00a0\u00bb\u00a0\u00bb][vc_column_inner column_width_percent=\u00a0\u00bb100&Prime; position_horizontal=\u00a0\u00bbleft\u00a0\u00bb align_horizontal=\u00a0\u00bbalign_center\u00a0\u00bb gutter_size=\u00a0\u00bb3&Prime; overlay_alpha=\u00a0\u00bb50&Prime; shift_x=\u00a0\u00bb0&Prime; shift_y=\u00a0\u00bb0&Prime; medium_width=\u00a0\u00bb0&Prime; zoom_width=\u00a0\u00bb0&Prime; zoom_height=\u00a0\u00bb0&Prime; width=\u00a0\u00bb1\/1&Prime;][vc_custom_heading heading_semantic=\u00a0\u00bbh3&Prime; text_size=\u00a0\u00bbbigtext\u00a0\u00bb text_uppercase=\u00a0\u00bb\u00a0\u00bb uncode_shortcode_id=\u00a0\u00bb153094&Prime;]Marketing des m\u00e9dias sociaux<br \/>\npour les entreprises[\/vc_custom_heading][\/vc_column_inner][\/vc_row_inner][vc_column_text text_lead=\u00a0\u00bbyes\u00a0\u00bb uncode_shortcode_id=\u00a0\u00bb146589&Prime;]<\/p>\n<p style=\"text-align: justify;\">Le marketing des m\u00e9dias sociaux est un moyen puissant pour les entreprises de toutes tailles d&rsquo;atteindre des prospects et des clients. Les gens d\u00e9couvrent, s&rsquo;informent, suivent et ach\u00e8tent des marques sur les m\u00e9dias sociaux. Si vous n&rsquo;\u00eates pas pr\u00e9sent sur des plateformes comme Facebook, Instagram et LinkedIn, vous ratez quelque chose ! Un marketing efficace sur les m\u00e9dias sociaux peut apporter un succ\u00e8s remarquable \u00e0 votre entreprise, en cr\u00e9ant des d\u00e9fenseurs d\u00e9vou\u00e9s de la marque et m\u00eame en g\u00e9n\u00e9rant des prospects et des ventes. Maintenant que vous connaissez les \u00e9l\u00e9ments essentiels d&rsquo;une strat\u00e9gie de marketing des m\u00e9dias sociaux, il est temps de la mettre en \u0153uvre. Votre plan de marketing des m\u00e9dias sociaux est la feuille de route qui vous permettra de mettre en \u0153uvre votre strat\u00e9gie. Elle structure vos efforts afin que vous puissiez mesurer votre r\u00e9ussite et vous assurer que vous d\u00e9pensez vos ressources \u00e0 bon escient.<\/p>\n<p>[\/vc_column_text][\/vc_column][\/vc_row][vc_row unlock_row_content=\u00a0\u00bbyes\u00a0\u00bb row_height_percent=\u00a0\u00bb0&Prime; override_padding=\u00a0\u00bbyes\u00a0\u00bb h_padding=\u00a0\u00bb0&Prime; top_padding=\u00a0\u00bb0&Prime; bottom_padding=\u00a0\u00bb0&Prime; back_color=\u00a0\u00bbcolor-wayh\u00a0\u00bb overlay_alpha=\u00a0\u00bb50&Prime; equal_height=\u00a0\u00bbyes\u00a0\u00bb gutter_size=\u00a0\u00bb0&Prime; column_width_percent=\u00a0\u00bb100&Prime; shift_y=\u00a0\u00bb0&Prime; z_index=\u00a0\u00bb0&Prime; el_class=\u00a0\u00bbinverted-device-order\u00a0\u00bb][vc_column column_width_use_pixel=\u00a0\u00bbyes\u00a0\u00bb gutter_size=\u00a0\u00bb3&Prime; override_padding=\u00a0\u00bbyes\u00a0\u00bb column_padding=\u00a0\u00bb5&Prime; style=\u00a0\u00bbdark\u00a0\u00bb overlay_alpha=\u00a0\u00bb50&Prime; shift_x=\u00a0\u00bb0&Prime; shift_y=\u00a0\u00bb0&Prime; shift_y_down=\u00a0\u00bb0&Prime; z_index=\u00a0\u00bb0&Prime; medium_width=\u00a0\u00bb0&Prime; mobile_width=\u00a0\u00bb0&Prime; width=\u00a0\u00bb1\/2&Prime; column_width_pixel=\u00a0\u00bb528&Prime;][vc_custom_heading text_color=\u00a0\u00bbaccent\u00a0\u00bb heading_semantic=\u00a0\u00bbh6&Prime; text_size=\u00a0\u00bbh6&Prime; text_transform=\u00a0\u00bbuppercase\u00a0\u00bb uncode_shortcode_id=\u00a0\u00bb208630&Prime; text_color_type=\u00a0\u00bbuncode-palette\u00a0\u00bb]Marketing d&rsquo;agence[\/vc_custom_heading][vc_custom_heading text_size=\u00a0\u00bbh1&Prime; uncode_shortcode_id=\u00a0\u00bb208568&Prime;]Cr\u00e9er un contenu diversifi\u00e9[\/vc_custom_heading][vc_column_text text_lead=\u00a0\u00bbyes\u00a0\u00bb uncode_shortcode_id=\u00a0\u00bb653673&Prime;]Comme dans d&rsquo;autres domaines du marketing en ligne, le contenu est le ma\u00eetre mot en mati\u00e8re de marketing des m\u00e9dias sociaux. Veillez \u00e0 publier r\u00e9guli\u00e8rement des messages et \u00e0 offrir des informations r\u00e9ellement utiles que vos clients id\u00e9aux trouveront utiles et int\u00e9ressantes. Cela comprend :[\/vc_column_text][vc_empty_space empty_h=\u00a0\u00bb1&Prime;][vc_row_inner][vc_column_inner column_width_percent=\u00a0\u00bb100&Prime; gutter_size=\u00a0\u00bb3&Prime; style=\u00a0\u00bbdark\u00a0\u00bb overlay_alpha=\u00a0\u00bb50&Prime; shift_x=\u00a0\u00bb0&Prime; shift_y=\u00a0\u00bb0&Prime; shift_y_down=\u00a0\u00bb0&Prime; z_index=\u00a0\u00bb0&Prime; medium_width=\u00a0\u00bb4&Prime; mobile_width=\u00a0\u00bb0&Prime; width=\u00a0\u00bb1\/2&Prime;][vc_custom_heading heading_semantic=\u00a0\u00bbh3&Prime; text_size=\u00a0\u00bbh4&Prime; subheading=\u00a0\u00bbLes plateformes de gestion des m\u00e9dias sociaux comme HootSuite et Sprout Social utilisent une technologie propri\u00e9taire pour aider les sp\u00e9cialistes du marketing des m\u00e9dias sociaux plus exp\u00e9riment\u00e9s \u00e0 rationaliser leurs processus et \u00e0 obtenir des analyses avanc\u00e9es.\u00a0\u00bb uncode_shortcode_id=\u00a0\u00bb113303&Prime;][\/vc_custom_heading][\/vc_column_inner][vc_column_inner column_width_percent=\u00a0\u00bb100&Prime; gutter_size=\u00a0\u00bb3&Prime; style=\u00a0\u00bbdark\u00a0\u00bb overlay_alpha=\u00a0\u00bb50&Prime; shift_x=\u00a0\u00bb0&Prime; shift_y=\u00a0\u00bb0&Prime; shift_y_down=\u00a0\u00bb0&Prime; z_index=\u00a0\u00bb0&Prime; medium_width=\u00a0\u00bb4&Prime; mobile_width=\u00a0\u00bb0&Prime; width=\u00a0\u00bb1\/2&Prime;][vc_custom_heading heading_semantic=\u00a0\u00bbh3&Prime; text_size=\u00a0\u00bbh4&Prime; subheading=\u00a0\u00bbCertains proposent un m\u00e9lange de ces \u00e9l\u00e9ments. Par exemple, les offres de publicit\u00e9 sociale de LOCALiQ utilisent une technologie propri\u00e9taire pour g\u00e9rer votre strat\u00e9gie et vous permettre de vous concentrer sur le social seul ou dans le cadre d&apos;un plan plus large.\u00a0\u00bb uncode_shortcode_id=\u00a0\u00bb163869&Prime;][\/vc_custom_heading][\/vc_column_inner][\/vc_row_inner][\/vc_column][vc_column column_width_percent=\u00a0\u00bb100&Prime; gutter_size=\u00a0\u00bb3&Prime; back_image=\u00a0\u00bb905&Prime; overlay_alpha=\u00a0\u00bb50&Prime; shift_x=\u00a0\u00bb0&Prime; shift_y=\u00a0\u00bb0&Prime; shift_y_down=\u00a0\u00bb0&Prime; z_index=\u00a0\u00bb0&Prime; medium_width=\u00a0\u00bb0&Prime; mobile_width=\u00a0\u00bb0&Prime; width=\u00a0\u00bb1\/2&Prime; mobile_height=\u00a0\u00bb340&Prime; uncode_shortcode_id=\u00a0\u00bb153969&Prime;][\/vc_column][\/vc_row][vc_row row_height_percent=\u00a0\u00bb0&Prime; override_padding=\u00a0\u00bbyes\u00a0\u00bb h_padding=\u00a0\u00bb2&Prime; top_padding=\u00a0\u00bb5&Prime; bottom_padding=\u00a0\u00bb5&Prime; overlay_color=\u00a0\u00bbcolor-xsdn\u00a0\u00bb overlay_alpha=\u00a0\u00bb90&Prime; gutter_size=\u00a0\u00bb4&Prime; column_width_percent=\u00a0\u00bb100&Prime; shift_y=\u00a0\u00bb0&Prime; z_index=\u00a0\u00bb0&Prime; row_name=\u00a0\u00bbContact\u00a0\u00bb uncode_shortcode_id=\u00a0\u00bb198251&Prime; overlay_color_type=\u00a0\u00bbuncode-palette\u00a0\u00bb][vc_column column_width_percent=\u00a0\u00bb100&Prime; position_vertical=\u00a0\u00bbmiddle\u00a0\u00bb gutter_size=\u00a0\u00bb0&Prime; overlay_alpha=\u00a0\u00bb50&Prime; shift_x=\u00a0\u00bb0&Prime; shift_y=\u00a0\u00bb0&Prime; shift_y_down=\u00a0\u00bb0&Prime; z_index=\u00a0\u00bb0&Prime; medium_width=\u00a0\u00bb0&Prime; mobile_width=\u00a0\u00bb0&Prime; width=\u00a0\u00bb1\/1&Prime;][vc_row_inner row_inner_height_percent=\u00a0\u00bb0&Prime; overlay_alpha=\u00a0\u00bb50&Prime; gutter_size=\u00a0\u00bb4&Prime; shift_y=\u00a0\u00bb0&Prime; z_index=\u00a0\u00bb0&Prime;][vc_column_inner width=\u00a0\u00bb1\/2&Prime;][vc_custom_heading heading_semantic=\u00a0\u00bbh6&Prime; text_size=\u00a0\u00bbh6&Prime; text_transform=\u00a0\u00bbuppercase\u00a0\u00bb uncode_shortcode_id=\u00a0\u00bb102685&Prime;]Entreprise[\/vc_custom_heading][vc_custom_heading text_color=\u00a0\u00bbaccent\u00a0\u00bb heading_semantic=\u00a0\u00bbh3&Prime; text_size=\u00a0\u00bbh1&Prime; uncode_shortcode_id=\u00a0\u00bb453547&Prime; text_color_type=\u00a0\u00bbuncode-palette\u00a0\u00bb]Visitez-nous maintenant[\/vc_custom_heading][vc_custom_heading text_size=\u00a0\u00bbh1&Prime; uncode_shortcode_id=\u00a0\u00bb139561&Prime;]Baduno GmbH[\/vc_custom_heading][\/vc_column_inner][vc_column_inner width=\u00a0\u00bb1\/2&Prime;][\/vc_column_inner][\/vc_row_inner][vc_row_inner row_inner_height_percent=\u00a0\u00bb0&Prime; overlay_alpha=\u00a0\u00bb50&Prime; gutter_size=\u00a0\u00bb4&Prime; shift_y=\u00a0\u00bb0&Prime; z_index=\u00a0\u00bb0&Prime;][vc_column_inner column_width_percent=\u00a0\u00bb100&Prime; position_vertical=\u00a0\u00bbmiddle\u00a0\u00bb gutter_size=\u00a0\u00bb0&Prime; overlay_alpha=\u00a0\u00bb50&Prime; shift_x=\u00a0\u00bb0&Prime; shift_y=\u00a0\u00bb0&Prime; shift_y_down=\u00a0\u00bb0&Prime; z_index=\u00a0\u00bb0&Prime; medium_width=\u00a0\u00bb0&Prime; mobile_width=\u00a0\u00bb0&Prime; width=\u00a0\u00bb2\/3&Prime;][vc_empty_space empty_h=\u00a0\u00bb2&Prime; medium_visibility=\u00a0\u00bbyes\u00a0\u00bb mobile_visibility=\u00a0\u00bbyes\u00a0\u00bb][vc_column_text uncode_shortcode_id=\u00a0\u00bb186311&Prime;]+49 (0) 69 17527903<\/p>\n<p>Baduno GmbH<br \/>\nMainzer Landstr. 166<br \/>\nD-60327 Frankfurt a. Principal<\/p>\n<p>Une simplicit\u00e9 in\u00e9galable dans sa forme, pourquoi \u00eatre m\u00e9diocre quand on peut aussi \u00eatre professionnel \u00e0 bon prix ?[\/vc_column_text][\/vc_column_inner][vc_column_inner column_width_percent=\u00a0\u00bb100&Prime; position_vertical=\u00a0\u00bbmiddle\u00a0\u00bb align_horizontal=\u00a0\u00bbalign_right\u00a0\u00bb gutter_size=\u00a0\u00bb0&Prime; overlay_alpha=\u00a0\u00bb50&Prime; shift_x=\u00a0\u00bb0&Prime; shift_y=\u00a0\u00bb0&Prime; shift_y_down=\u00a0\u00bb0&Prime; z_index=\u00a0\u00bb0&Prime; align_medium=\u00a0\u00bbalign_left_tablet\u00a0\u00bb medium_width=\u00a0\u00bb0&Prime; mobile_visibility=\u00a0\u00bbyes\u00a0\u00bb align_mobile=\u00a0\u00bbalign_left_mobile\u00a0\u00bb mobile_width=\u00a0\u00bb0&Prime; width=\u00a0\u00bb1\/3&Prime;][vc_empty_space empty_h=\u00a0\u00bb2&Prime; medium_visibility=\u00a0\u00bbyes\u00a0\u00bb mobile_visibility=\u00a0\u00bbyes\u00a0\u00bb][\/vc_column_inner][\/vc_row_inner][\/vc_column][\/vc_row]<\/p>\n<\/div>","protected":false},"excerpt":{"rendered":"<p>[vc_row row_height_percent=\u00a0\u00bb0&Prime; override_padding=\u00a0\u00bbyes\u00a0\u00bb h_padding=\u00a0\u00bb2&Prime; top_padding=\u00a0\u00bb7&Prime; bottom_padding=\u00a0\u00bb7&Prime; back_color=\u00a0\u00bbcolor-wayh\u00a0\u00bb back_image=\u00a0\u00bb866&Prime; back_repeat=\u00a0\u00bbno-repeat\u00a0\u00bb back_attachment=\u00a0\u00bbfixed\u00a0\u00bb back_position=\u00a0\u00bbcenter center\u00a0\u00bb overlay_color=\u00a0\u00bbcolor-wayh\u00a0\u00bb overlay_alpha=\u00a0\u00bb95&Prime; gutter_size=\u00a0\u00bb3&Prime; column_width_percent=\u00a0\u00bb100&Prime; shift_y=\u00a0\u00bb0&Prime; z_index=\u00a0\u00bb0&Prime; top_divider=\u00a0\u00bbgradient\u00a0\u00bb bottom_divider=\u00a0\u00bbgradient\u00a0\u00bb [&hellip;]<\/p>\n","protected":false},"author":1,"featured_media":0,"parent":0,"menu_order":0,"comment_status":"closed","ping_status":"closed","template":"","meta":{"footnotes":""},"class_list":["post-762","page","type-page","status-publish","hentry"],"_links":{"self":[{"href":"https:\/\/www.baduno.com\/fr\/wp-json\/wp\/v2\/pages\/762","targetHints":{"allow":["GET"]}}],"collection":[{"href":"https:\/\/www.baduno.com\/fr\/wp-json\/wp\/v2\/pages"}],"about":[{"href":"https:\/\/www.baduno.com\/fr\/wp-json\/wp\/v2\/types\/page"}],"author":[{"embeddable":true,"href":"https:\/\/www.baduno.com\/fr\/wp-json\/wp\/v2\/users\/1"}],"replies":[{"embeddable":true,"href":"https:\/\/www.baduno.com\/fr\/wp-json\/wp\/v2\/comments?post=762"}],"version-history":[{"count":20,"href":"https:\/\/www.baduno.com\/fr\/wp-json\/wp\/v2\/pages\/762\/revisions"}],"predecessor-version":[{"id":1286,"href":"https:\/\/www.baduno.com\/fr\/wp-json\/wp\/v2\/pages\/762\/revisions\/1286"}],"wp:attachment":[{"href":"https:\/\/www.baduno.com\/fr\/wp-json\/wp\/v2\/media?parent=762"}],"curies":[{"name":"wp","href":"https:\/\/api.w.org\/{rel}","templated":true}]}}