{"id":646,"date":"2022-06-26T18:21:53","date_gmt":"2022-06-26T18:21:53","guid":{"rendered":"https:\/\/www.baduno.com\/product\/el-poder-de-las-redes-sociales\/"},"modified":"2022-06-26T18:21:53","modified_gmt":"2022-06-26T18:21:53","slug":"social-media-power-2","status":"publish","type":"product","link":"https:\/\/www.baduno.com\/es\/producto\/social-media-power-2\/","title":{"rendered":"El poder de las redes sociales"},"content":{"rendered":"<p>Descubra c\u00f3mo aprovechar el poder de las redes sociales, como Facebook y Twitter, para hacer que su negocio se dispare. Esta gu\u00eda compartir\u00e1 con usted 200 poderosas t\u00e1cticas de medios sociales para aumentar las ventas, los fans y los seguidores.<\/p>\n","protected":false},"excerpt":{"rendered":"<p>Las redes sociales son probablemente el invento m\u00e1s fenomenal jam\u00e1s concebido por el hombre desde el nacimiento de la World Wide Web. Y aunque las versiones anteriores de la comunicaci\u00f3n en l\u00ednea han florecido desde los primeros d\u00edas de Internet, nada se compara con la versatilidad, la facilidad de uso y el factor de diversi\u00f3n de las redes sociales.<\/p>\n","protected":false},"featured_media":371,"comment_status":"open","ping_status":"closed","template":"","meta":[],"product_cat":[56],"product_tag":[],"class_list":{"0":"post-646","1":"product","2":"type-product","3":"status-publish","4":"has-post-thumbnail","6":"product_cat-marketing-en-redes-sociales","8":"first","9":"instock","10":"sale","11":"downloadable","12":"shipping-taxable","13":"purchasable","14":"product-type-simple"},"_links":{"self":[{"href":"https:\/\/www.baduno.com\/es\/wp-json\/wp\/v2\/product\/646","targetHints":{"allow":["GET"]}}],"collection":[{"href":"https:\/\/www.baduno.com\/es\/wp-json\/wp\/v2\/product"}],"about":[{"href":"https:\/\/www.baduno.com\/es\/wp-json\/wp\/v2\/types\/product"}],"replies":[{"embeddable":true,"href":"https:\/\/www.baduno.com\/es\/wp-json\/wp\/v2\/comments?post=646"}],"wp:featuredmedia":[{"embeddable":true,"href":"https:\/\/www.baduno.com\/es\/wp-json\/wp\/v2\/media\/371"}],"wp:attachment":[{"href":"https:\/\/www.baduno.com\/es\/wp-json\/wp\/v2\/media?parent=646"}],"wp:term":[{"taxonomy":"product_cat","embeddable":true,"href":"https:\/\/www.baduno.com\/es\/wp-json\/wp\/v2\/product_cat?post=646"},{"taxonomy":"product_tag","embeddable":true,"href":"https:\/\/www.baduno.com\/es\/wp-json\/wp\/v2\/product_tag?post=646"}],"curies":[{"name":"wp","href":"https:\/\/api.w.org\/{rel}","templated":true}]}}