{"id":640,"date":"2022-06-26T18:14:04","date_gmt":"2022-06-26T18:14:04","guid":{"rendered":"https:\/\/www.baduno.com\/product\/mi-formula-de-facebook\/"},"modified":"2022-06-26T18:14:04","modified_gmt":"2022-06-26T18:14:04","slug":"my-facebook-formula-2","status":"publish","type":"product","link":"https:\/\/www.baduno.com\/es\/producto\/my-facebook-formula-2\/","title":{"rendered":"Mi f\u00f3rmula de Facebook"},"content":{"rendered":"<p>La \u00fanica ventaja que tienes, como propietario de una peque\u00f1a empresa, sobre una gran corporaci\u00f3n son las relaciones. S\u00ed, has o\u00eddo bien. Es m\u00e1s probable que dedique tiempo a establecer relaciones con sus clientes que cualquier gran empresa, ya que \u00e9stas se centran sobre todo en su cuenta de resultados y en el rendimiento de la inversi\u00f3n, pasando por alto estrategias y t\u00e1cticas que quiz\u00e1 no se conviertan en resultados tangibles de inmediato. Sin embargo, incluso los \u00abgrandes\u00bb est\u00e1n empezando a entender el valor de los sitios de medios sociales y la construcci\u00f3n de relaciones con sus clientes, por lo que debe subirse a este tren de oportunidades antes de que se le pase.<\/p>\n","protected":false},"excerpt":{"rendered":"<p>Internet y las redes sociales, especialmente, han hecho que la l\u00ednea que separa nuestra vida social de la profesional se difumine cada d\u00eda m\u00e1s. Las redes sociales ofrecen a las personas la oportunidad de conectar con viejos amigos, hacer nuevos y ampliar su red profesional con s\u00f3lo unos pocos clics, desde la comodidad de su propia casa<\/p>\n","protected":false},"featured_media":345,"comment_status":"open","ping_status":"closed","template":"","meta":[],"product_cat":[60],"product_tag":[],"class_list":{"0":"post-640","1":"product","2":"type-product","3":"status-publish","4":"has-post-thumbnail","6":"product_cat-marketing-social-en-linea","8":"first","9":"instock","10":"sale","11":"downloadable","12":"shipping-taxable","13":"purchasable","14":"product-type-simple"},"_links":{"self":[{"href":"https:\/\/www.baduno.com\/es\/wp-json\/wp\/v2\/product\/640","targetHints":{"allow":["GET"]}}],"collection":[{"href":"https:\/\/www.baduno.com\/es\/wp-json\/wp\/v2\/product"}],"about":[{"href":"https:\/\/www.baduno.com\/es\/wp-json\/wp\/v2\/types\/product"}],"replies":[{"embeddable":true,"href":"https:\/\/www.baduno.com\/es\/wp-json\/wp\/v2\/comments?post=640"}],"wp:featuredmedia":[{"embeddable":true,"href":"https:\/\/www.baduno.com\/es\/wp-json\/wp\/v2\/media\/345"}],"wp:attachment":[{"href":"https:\/\/www.baduno.com\/es\/wp-json\/wp\/v2\/media?parent=640"}],"wp:term":[{"taxonomy":"product_cat","embeddable":true,"href":"https:\/\/www.baduno.com\/es\/wp-json\/wp\/v2\/product_cat?post=640"},{"taxonomy":"product_tag","embeddable":true,"href":"https:\/\/www.baduno.com\/es\/wp-json\/wp\/v2\/product_tag?post=640"}],"curies":[{"name":"wp","href":"https:\/\/api.w.org\/{rel}","templated":true}]}}