{"id":622,"date":"2022-06-26T15:00:57","date_gmt":"2022-06-26T15:00:57","guid":{"rendered":"https:\/\/www.baduno.com\/product\/video-pro-como-utilizar-el-video-marketing-en-su-negocio\/"},"modified":"2022-06-26T15:00:57","modified_gmt":"2022-06-26T15:00:57","slug":"video-pro-como-utilizar-el-marketing-de-video-en-su-negocio","status":"publish","type":"product","link":"https:\/\/www.baduno.com\/es\/producto\/video-pro-como-utilizar-el-marketing-de-video-en-su-negocio\/","title":{"rendered":"Video Pro: C\u00f3mo utilizar el video marketing en su negocio"},"content":{"rendered":"<p>\u00bfBusca m\u00e1s clientes? \u00bfHa probado todo lo dem\u00e1s pero le ha decepcionado? Probablemente no est\u00e1s aprovechando el video marketing.<\/p>\n<p>Cualquiera que sea su mercado, el v\u00eddeo le ofrece m\u00e1s oportunidades de expandir su marca ganando visibilidad y estableciendo credibilidad dentro de su nicho.<\/p>\n<p>Establecer una buena estrategia de v\u00eddeo marketing deber\u00eda ser uno de sus objetivos si quiere dirigirse a un p\u00fablico m\u00e1s amplio.<\/p>\n<p><strong>\u00bfPor qu\u00e9 deber\u00eda utilizar v\u00eddeos en su negocio?<\/strong><\/p>\n<p>&#8211; Baja barrera de entrada: como se ha mencionado anteriormente, los v\u00eddeos online requieren muy poca inversi\u00f3n para su creaci\u00f3n. B\u00e1sicamente, lo que necesitas es una c\u00e1mara web y una cuenta de YouTube.<\/p>\n<p>&#8211; El v\u00eddeo en l\u00ednea le permite transmitir mensajes fuertes y convincentes, establece credibilidad y aumenta su fiabilidad. Es mucho m\u00e1s probable que la gente conf\u00ede en ti y se relacione contigo cuando puede verte y escuchar tu voz.<\/p>\n<p>&#8211; Al igual que las redes sociales, el v\u00eddeo en l\u00ednea le permite establecer una mayor conexi\u00f3n personal con sus clientes y prospectos, asegur\u00e1ndose de crear una conexi\u00f3n personal incluso antes de conocerlos cara a cara.<\/p>\n<p>&#8211; Es bueno para su clasificaci\u00f3n en los motores de b\u00fasqueda: seg\u00fan un estudio realizado por Forrester Research, una mayor presencia en YouTube puede hacerle subir en las clasificaciones porque el v\u00eddeo tiene hasta 50 veces m\u00e1s posibilidades que el texto plano de llegar a la cima de las clasificaciones de b\u00fasqueda.<\/p>\n","protected":false},"excerpt":{"rendered":"<p>El v\u00eddeo en l\u00ednea se ha utilizado eficazmente durante un tiempo como herramienta de marketing y promoci\u00f3n por parte de empresas grandes y peque\u00f1as de todos los sectores. Los recursos necesarios para crear y emitir estos v\u00eddeos -YouTube y similares- est\u00e1n f\u00e1cilmente disponibles, lo que facilita a las peque\u00f1as empresas y a los emprendedores llegar a los clientes potenciales de forma r\u00e1pida y asequible.<\/p>\n","protected":false},"featured_media":225,"comment_status":"open","ping_status":"closed","template":"","meta":[],"product_cat":[60],"product_tag":[],"class_list":{"0":"post-622","1":"product","2":"type-product","3":"status-publish","4":"has-post-thumbnail","6":"product_cat-marketing-social-en-linea","8":"first","9":"instock","10":"sale","11":"downloadable","12":"shipping-taxable","13":"purchasable","14":"product-type-simple"},"_links":{"self":[{"href":"https:\/\/www.baduno.com\/es\/wp-json\/wp\/v2\/product\/622","targetHints":{"allow":["GET"]}}],"collection":[{"href":"https:\/\/www.baduno.com\/es\/wp-json\/wp\/v2\/product"}],"about":[{"href":"https:\/\/www.baduno.com\/es\/wp-json\/wp\/v2\/types\/product"}],"replies":[{"embeddable":true,"href":"https:\/\/www.baduno.com\/es\/wp-json\/wp\/v2\/comments?post=622"}],"wp:featuredmedia":[{"embeddable":true,"href":"https:\/\/www.baduno.com\/es\/wp-json\/wp\/v2\/media\/225"}],"wp:attachment":[{"href":"https:\/\/www.baduno.com\/es\/wp-json\/wp\/v2\/media?parent=622"}],"wp:term":[{"taxonomy":"product_cat","embeddable":true,"href":"https:\/\/www.baduno.com\/es\/wp-json\/wp\/v2\/product_cat?post=622"},{"taxonomy":"product_tag","embeddable":true,"href":"https:\/\/www.baduno.com\/es\/wp-json\/wp\/v2\/product_tag?post=622"}],"curies":[{"name":"wp","href":"https:\/\/api.w.org\/{rel}","templated":true}]}}