{"id":836,"date":"2022-07-08T05:21:52","date_gmt":"2022-07-08T05:21:52","guid":{"rendered":"https:\/\/www.baduno.com\/alojamiento-de-servidores-dedicados\/"},"modified":"2022-07-08T06:47:45","modified_gmt":"2022-07-08T06:47:45","slug":"alojamiento-de-servidores-dedicados","status":"publish","type":"page","link":"https:\/\/www.baduno.com\/es\/alojamiento-de-servidores-dedicados\/","title":{"rendered":"Alojamiento de servidores dedicados"},"content":{"rendered":"<div class=\"wpb-content-wrapper\"><p>[vc_row row_height_percent=\u00bb85&#8243; override_padding=\u00bbyes\u00bb h_padding=\u00bb2&#8243; top_padding=\u00bb5&#8243; bottom_padding=\u00bb5&#8243; back_color=\u00bbaccent\u00bb back_image=\u00bb1013&#8243; back_repeat=\u00bbno-repeat\u00bb back_attachment=\u00bbfixed\u00bb back_position=\u00bbcenter center\u00bb overlay_color=\u00bbcolor-wayh\u00bb overlay_alpha=\u00bb95&#8243; gutter_size=\u00bb4&#8243; column_width_percent=\u00bb100&#8243; shift_y=\u00bb0&#8243; z_index=\u00bb0&#8243; enable_bottom_divider=\u00bbdefault\u00bb bottom_divider_inv=\u00bbwaves-opacity\u00bb shape_bottom_invert=\u00bbyes\u00bb shape_bottom_h_use_pixel=\u00bb\u00bb shape_bottom_height=\u00bb200&#8243; shape_bottom_opacity=\u00bb100&#8243; shape_bottom_index=\u00bb0&#8243; uncode_shortcode_id=\u00bb237785&#8243; back_color_type=\u00bbuncode-palette\u00bb overlay_color_type=\u00bbuncode-palette\u00bb][vc_column column_width_percent=\u00bb100&#8243; position_vertical=\u00bbmiddle\u00bb gutter_size=\u00bb3&#8243; style=\u00bbdark\u00bb overlay_alpha=\u00bb50&#8243; shift_x=\u00bb0&#8243; shift_y=\u00bb0&#8243; shift_y_down=\u00bb0&#8243; z_index=\u00bb0&#8243; medium_width=\u00bb4&#8243; align_mobile=\u00bbalign_center_mobile\u00bb mobile_width=\u00bb0&#8243; width=\u00bb1\/2&#8243;][vc_custom_heading heading_semantic=\u00bbh3&#8243; text_size=\u00bbh1&#8243; uncode_shortcode_id=\u00bb511101&#8243;]Vaya a donde los profesionales acogen.[\/vc_custom_heading][vc_column_text text_lead=\u00bbyes\u00bb uncode_shortcode_id=\u00bb837803&#8243;]<\/p>\n<h2 class=\"jsx-692990550 h3 h-200\">Alojamiento web que va de f\u00e1cil a experto.<\/h2>\n<div class=\"jsx-692990550 split \">\n<div class=\"jsx-692990550 copy\"><\/div>\n<\/div>\n<p>Un mont\u00f3n de opciones de alojamiento de sitios web, garant\u00eda de tiempo de actividad del 99,9%, certificado SSL gratuito, instalaciones sencillas de WordPress y un dominio gratuito durante un a\u00f1o.<\/p>\n<p>S\u00ed, as\u00ed es como rodamos.[\/vc_column_text][vc_button border_width=\u00bb0&#8243; link=\u00bburl:%23Precio|\u00bb uncode_shortcode_id=\u00bb114255&#8243;]Haga clic en el bot\u00f3n[\/vc_button][\/vc_column][vc_column column_width_percent=\u00bb100&#8243; position_vertical=\u00bbmiddle\u00bb gutter_size=\u00bb3&#8243; overlay_alpha=\u00bb50&#8243; shift_x=\u00bb0&#8243; shift_y=\u00bb0&#8243; shift_y_down=\u00bb0&#8243; z_index=\u00bb0&#8243; medium_width=\u00bb4&#8243; mobile_width=\u00bb0&#8243; width=\u00bb1\/2&#8243;][vc_single_image media=\u00bb1126&#8243; media_width_percent=\u00bb100&#8243; media_ratio=\u00bbone-one\u00bb shadow=\u00bbyes\u00bb shadow_weight=\u00bbxl\u00bb uncode_shortcode_id=\u00bb789629&#8243;][\/vc_column][\/vc_row][vc_row row_height_percent=\u00bb0&#8243; overlay_alpha=\u00bb50&#8243; gutter_size=\u00bb3&#8243; column_width_percent=\u00bb100&#8243; shift_y=\u00bb0&#8243; z_index=\u00bb0&#8243; uncode_shortcode_id=\u00bb185535&#8243; el_id=\u00bbprecio\u00bb][vc_column width=\u00bb1\/1&#8243;]\n            <div \n                class=\"elfsight-widget-pricing-table elfsight-widget\" \n                data-elfsight-pricing-table-options=\"%7B%22layout%22%3A%22table%22%2C%22skin%22%3A%22skin1%22%2C%22mainColor%22%3A%22rgb%2882%2C%2094%2C%20187%29%22%2C%22styleColumnBorderRadius%22%3Atrue%2C%22styleColumnBorderWidth%22%3Atrue%2C%22useHorizontalScroll%22%3Afalse%2C%22headTitle%22%3A%22%22%2C%22headFeatures%22%3A%5B%7B%22text%22%3A%22Design%20Quality%22%2C%22hint%22%3A%22%22%7D%2C%7B%22text%22%3A%22Pages%22%2C%22hint%22%3A%22%22%7D%2C%7B%22text%22%3A%22SEO%20Optimization%22%2C%22hint%22%3A%22%22%7D%2C%7B%22text%22%3A%22SEO%20Level%22%2C%22hint%22%3A%22%22%7D%2C%7B%22text%22%3A%22Content%20update%22%2C%22hint%22%3A%22%22%7D%2C%7B%22text%22%3A%22Licensed%20images%22%2C%22hint%22%3A%22%22%7D%2C%7B%22text%22%3A%22%22%2C%22hint%22%3A%22%22%7D%2C%7B%22text%22%3A%22Domain%22%2C%22hint%22%3A%22%22%7D%2C%7B%22text%22%3A%22SSL%20Encryption%22%2C%22hint%22%3A%22%22%7D%2C%7B%22text%22%3A%22Visitor%20statistics%22%2C%22hint%22%3A%22%22%7D%2C%7B%22text%22%3A%22Storage%20space%22%2C%22hint%22%3A%22%22%7D%2C%7B%22text%22%3A%22%22%2C%22hint%22%3A%22%22%7D%2C%7B%22text%22%3A%22Email%20addresses%5Cn%22%2C%22hint%22%3A%22%22%7D%2C%7B%22text%22%3A%22E-Mail%20Space%22%2C%22hint%22%3A%22%22%7D%2C%7B%22text%22%3A%22%22%2C%22hint%22%3A%22%22%7D%2C%7B%22text%22%3A%22Cloudflare%22%2C%22hint%22%3A%22%22%7D%2C%7B%22text%22%3A%22CDN%22%2C%22hint%22%3A%22%22%7D%2C%7B%22text%22%3A%22DDoS%20Protection%22%2C%22hint%22%3A%22%22%7D%2C%7B%22text%22%3A%22Pagespeed%20Optimization%22%2C%22hint%22%3A%22%22%7D%2C%7B%22text%22%3A%22%22%2C%22hint%22%3A%22%22%7D%2C%7B%22text%22%3A%22Mobile%20design%5Cn%22%2C%22hint%22%3A%22%22%7D%2C%7B%22text%22%3A%22Multilingual%22%2C%22hint%22%3A%22%22%7D%2C%7B%22text%22%3A%22%22%2C%22hint%22%3A%22%22%7D%2C%7B%22text%22%3A%22Contract%20period%22%2C%22hint%22%3A%22%22%7D%2C%7B%22text%22%3A%22Notice%20period%22%2C%22hint%22%3A%22%22%7D%5D%2C%22headTextColor%22%3A%22rgb%2823%2C%2025%2C%2026%29%22%2C%22headBackgroundColor%22%3A%22rgb%28247%2C%20247%2C%20247%29%22%2C%22toggleVisible%22%3Afalse%2C%22toggleItems%22%3A%5B%7B%22value%22%3A%22479cfa97-4f13-42ff-9d0c-4601ca05a215%22%2C%22name%22%3A%22%22%2C%22hint%22%3Anull%7D%5D%2C%22toggleDefaultItem%22%3A%22479cfa97-4f13-42ff-9d0c-4601ca05a215%22%2C%22toggleColor%22%3A%22%22%2C%22columns%22%3A%5B%7B%22isFeatured%22%3Afalse%2C%22title%22%3A%22Lite%20Plan%22%2C%22titleCaption%22%3A%22Individuals%20and%20small%20teams%22%2C%22features%22%3A%5B%7B%22text%22%3A%22Standard%22%2C%22icon%22%3A%22bulb%22%2C%22hint%22%3A%22%22%7D%2C%7B%22text%22%3A%22up%20to%204%20subpages%5Cn%22%2C%22icon%22%3A%22none%22%2C%22hint%22%3A%22%22%7D%2C%7B%22text%22%3A%22%22%2C%22icon%22%3A%22cross%22%2C%22hint%22%3A%22%22%7D%2C%7B%22text%22%3A%22%22%2C%22icon%22%3A%22cross%22%2C%22hint%22%3A%22%22%7D%2C%7B%22text%22%3A%224%20Revisions%22%2C%22icon%22%3A%22none%22%2C%22hint%22%3A%22%22%7D%2C%7B%22text%22%3A%222%22%2C%22icon%22%3A%22none%22%2C%22hint%22%3A%22%22%7D%2C%7B%22text%22%3A%22%22%2C%22icon%22%3A%22none%22%2C%22hint%22%3A%22%22%7D%2C%7B%22text%22%3A%221%20Domain%20%28.com%29%22%2C%22icon%22%3A%22none%22%2C%22hint%22%3A%22%22%7D%2C%7B%22text%22%3A%22%22%2C%22icon%22%3A%22check%22%2C%22hint%22%3A%22%22%7D%2C%7B%22text%22%3A%22%22%2C%22icon%22%3A%22cross%22%2C%22hint%22%3A%22%22%7D%2C%7B%22text%22%3A%222%20GB%22%2C%22icon%22%3A%22none%22%2C%22hint%22%3A%22%22%7D%2C%7B%22text%22%3A%22%22%2C%22icon%22%3A%22none%22%2C%22hint%22%3A%22%22%7D%2C%7B%22text%22%3A%22up%20to%203%20email%20addresses%5Cn%22%2C%22icon%22%3A%22none%22%2C%22hint%22%3A%22%22%7D%2C%7B%22text%22%3A%221%20GB%22%2C%22icon%22%3A%22none%22%2C%22hint%22%3A%22%22%7D%2C%7B%22text%22%3A%22%22%2C%22icon%22%3A%22none%22%2C%22hint%22%3A%22%22%7D%2C%7B%22text%22%3A%22%22%2C%22icon%22%3A%22cross%22%2C%22hint%22%3A%22%22%7D%2C%7B%22text%22%3A%22%22%2C%22icon%22%3A%22cross%22%2C%22hint%22%3A%22%22%7D%2C%7B%22text%22%3A%22%22%2C%22icon%22%3A%22check%22%2C%22hint%22%3A%22%22%7D%2C%7B%22text%22%3A%22%22%2C%22icon%22%3A%22cross%22%2C%22hint%22%3A%22%22%7D%2C%7B%22text%22%3A%22%22%2C%22icon%22%3A%22none%22%2C%22hint%22%3A%22%22%7D%2C%7B%22text%22%3A%22%26nbsp%3B4%2C95%5Cu20ac%20%5C%2F%20mo.%22%2C%22icon%22%3A%22plusCircle%22%2C%22hint%22%3A%22%22%7D%2C%7B%22text%22%3A%22%26nbsp%3B4%2C95%5Cu20ac%20%5C%2F%20mo.%22%2C%22icon%22%3A%22plusCircle%22%2C%22hint%22%3A%22%22%7D%2C%7B%22text%22%3A%22%22%2C%22icon%22%3A%22none%22%2C%22hint%22%3A%22%22%7D%2C%7B%22text%22%3A%2212%20months%22%2C%22icon%22%3A%22none%22%2C%22hint%22%3A%22%22%7D%2C%7B%22text%22%3A%221%20month%22%2C%22icon%22%3A%22none%22%2C%22hint%22%3A%22%22%7D%5D%2C%22priceCurrency%22%3A%22USD%22%2C%22price%22%3A%229%22%2C%22pricePostfix%22%3A%22month%22%2C%22button%22%3A%22Select%22%2C%22buttonLink%22%3A%22https%3A%5C%2F%5C%2Fwww.baduno.com%5C%2Fcheckout%5C%2F%3Fadd-to-cart%3D935%22%2C%22buttonCaption%22%3A%2214-day%20money%20back%20guarantee%22%2C%22mainColor%22%3A%22rgb%2882%2C%2094%2C%20187%29%22%2C%22priceOptions%22%3A%5B%7B%22price%22%3A%229%22%2C%22pricePostfix%22%3A%22month%22%2C%22pricePrefix%22%3A%22%22%2C%22toggleOptionName%22%3A%22%22%2C%22toggleOptionId%22%3A%22479cfa97-4f13-42ff-9d0c-4601ca05a215%22%7D%5D%2C%22buttonOptions%22%3A%5B%7B%22button%22%3A%22Select%22%2C%22buttonLink%22%3A%22https%3A%5C%2F%5C%2Felfsight.com%22%2C%22toggleOptionName%22%3A%22%22%2C%22toggleOptionId%22%3A%22479cfa97-4f13-42ff-9d0c-4601ca05a215%22%7D%5D%2C%22pricePrefix%22%3A%22%22%2C%22priceCaption%22%3A%22%22%2C%22buttonTargetBlank%22%3Afalse%2C%22picture%22%3A%22%22%2C%22ribbonText%22%3A%22%22%2C%22ribbonBackgroundColor%22%3A%22%22%2C%22ribbonTextColor%22%3A%22%22%2C%22contentDivider%22%3Anull%7D%2C%7B%22isFeatured%22%3Atrue%2C%22title%22%3A%22Pro%20Plan%22%2C%22titleCaption%22%3A%22Growing%20businesses%22%2C%22features%22%3A%5B%7B%22text%22%3A%22Premium%22%2C%22icon%22%3A%22like%22%2C%22hint%22%3A%22%22%7D%2C%7B%22text%22%3A%22up%20to%208%20subpages%22%2C%22icon%22%3A%22none%22%2C%22hint%22%3A%22%22%7D%2C%7B%22text%22%3A%22%22%2C%22icon%22%3A%22check%22%2C%22hint%22%3A%22%22%7D%2C%7B%22text%22%3A%22Standard%22%2C%22icon%22%3A%22none%22%2C%22hint%22%3A%22%22%7D%2C%7B%22text%22%3A%228%20Revisions%22%2C%22icon%22%3A%22none%22%2C%22hint%22%3A%22%22%7D%2C%7B%22text%22%3A%226%22%2C%22icon%22%3A%22none%22%2C%22hint%22%3A%22%22%7D%2C%7B%22text%22%3A%22%22%2C%22icon%22%3A%22none%22%2C%22hint%22%3A%22%22%7D%2C%7B%22text%22%3A%223%20Domains%20%28.com%20.net%20.org%29%22%2C%22icon%22%3A%22none%22%2C%22hint%22%3A%22%22%7D%2C%7B%22text%22%3A%22%22%2C%22icon%22%3A%22check%22%2C%22hint%22%3A%22%22%7D%2C%7B%22text%22%3A%22%22%2C%22icon%22%3A%22check%22%2C%22hint%22%3A%22%22%7D%2C%7B%22text%22%3A%226%20GB%22%2C%22icon%22%3A%22none%22%2C%22hint%22%3A%22%22%7D%2C%7B%22text%22%3A%22%22%2C%22icon%22%3A%22none%22%2C%22hint%22%3A%22%22%7D%2C%7B%22text%22%3A%22up%20to%209%20email%20addresses%22%2C%22icon%22%3A%22none%22%2C%22hint%22%3A%22%22%7D%2C%7B%22text%22%3A%224%20GB%22%2C%22icon%22%3A%22none%22%2C%22hint%22%3A%22%22%7D%2C%7B%22text%22%3A%22%22%2C%22icon%22%3A%22none%22%2C%22hint%22%3A%22%22%7D%2C%7B%22text%22%3A%22%22%2C%22icon%22%3A%22check%22%2C%22hint%22%3A%22%22%7D%2C%7B%22text%22%3A%22%22%2C%22icon%22%3A%22cross%22%2C%22hint%22%3A%22%22%7D%2C%7B%22text%22%3A%22%22%2C%22icon%22%3A%22check%22%2C%22hint%22%3A%22%22%7D%2C%7B%22text%22%3A%22%22%2C%22icon%22%3A%22cross%22%2C%22hint%22%3A%22%22%7D%2C%7B%22text%22%3A%22%22%2C%22icon%22%3A%22none%22%2C%22hint%22%3A%22%22%7D%2C%7B%22text%22%3A%22%26nbsp%3B4%2C95%5Cu20ac%20%5C%2F%20mo.%22%2C%22icon%22%3A%22plusCircle%22%2C%22hint%22%3A%22%22%7D%2C%7B%22text%22%3A%22%26nbsp%3B4%2C95%5Cu20ac%20%5C%2F%20mo.%22%2C%22icon%22%3A%22plusCircle%22%2C%22hint%22%3A%22%22%7D%2C%7B%22text%22%3A%22%22%2C%22icon%22%3A%22none%22%2C%22hint%22%3A%22%22%7D%2C%7B%22text%22%3A%2212%20months%22%2C%22icon%22%3A%22none%22%2C%22hint%22%3A%22%22%7D%2C%7B%22text%22%3A%221%20month%22%2C%22icon%22%3A%22none%22%2C%22hint%22%3A%22%22%7D%5D%2C%22priceCurrency%22%3A%22USD%22%2C%22price%22%3A%2219%22%2C%22pricePostfix%22%3A%22month%22%2C%22button%22%3A%22Select%22%2C%22buttonLink%22%3A%22https%3A%5C%2F%5C%2Fwww.baduno.com%5C%2Fcheckout%5C%2F%3Fadd-to-cart%3D936%22%2C%22buttonCaption%22%3A%2214-day%20money%20back%20guarantee%22%2C%22buttonFeatured%22%3Atrue%2C%22ribbonText%22%3A%22Popular%22%2C%22mainColor%22%3A%22rgb%2882%2C%2094%2C%20187%29%22%2C%22priceOptions%22%3A%5B%7B%22price%22%3A%2219%22%2C%22pricePostfix%22%3A%22month%22%2C%22pricePrefix%22%3A%22%22%2C%22toggleOptionName%22%3A%22%22%2C%22toggleOptionId%22%3A%22479cfa97-4f13-42ff-9d0c-4601ca05a215%22%7D%5D%2C%22buttonOptions%22%3A%5B%7B%22button%22%3A%22Select%22%2C%22buttonLink%22%3A%22https%3A%5C%2F%5C%2Felfsight.com%22%2C%22toggleOptionName%22%3A%22%22%2C%22toggleOptionId%22%3A%22479cfa97-4f13-42ff-9d0c-4601ca05a215%22%7D%5D%2C%22pricePrefix%22%3A%22%22%2C%22priceCaption%22%3A%22%22%2C%22buttonTargetBlank%22%3Afalse%2C%22picture%22%3A%22%22%2C%22ribbonBackgroundColor%22%3A%22%22%2C%22ribbonTextColor%22%3A%22%22%2C%22contentDivider%22%3Anull%7D%2C%7B%22isFeatured%22%3Afalse%2C%22title%22%3A%22Enterprise%20Plan%22%2C%22titleCaption%22%3A%22Advanced%20companies%22%2C%22features%22%3A%5B%7B%22text%22%3A%22Exclusive%22%2C%22icon%22%3A%22star%22%2C%22hint%22%3A%22%22%7D%2C%7B%22text%22%3A%22up%20to%2016%20subpages%22%2C%22icon%22%3A%22none%22%2C%22hint%22%3A%22%22%7D%2C%7B%22text%22%3A%22%22%2C%22icon%22%3A%22check%22%2C%22hint%22%3A%22%22%7D%2C%7B%22text%22%3A%22Expert%22%2C%22icon%22%3A%22none%22%2C%22hint%22%3A%22%22%7D%2C%7B%22text%22%3A%2216%20Revisions%22%2C%22icon%22%3A%22none%22%2C%22hint%22%3A%22%22%7D%2C%7B%22text%22%3A%2224%22%2C%22icon%22%3A%22none%22%2C%22hint%22%3A%22%22%7D%2C%7B%22text%22%3A%22%22%2C%22icon%22%3A%22none%22%2C%22hint%22%3A%22%22%7D%2C%7B%22text%22%3A%225%20Domains%20%28.com%20.net%20.org%20.co.%20.de%29%22%2C%22icon%22%3A%22none%22%2C%22hint%22%3A%22%22%7D%2C%7B%22text%22%3A%22%22%2C%22icon%22%3A%22check%22%2C%22hint%22%3A%22%22%7D%2C%7B%22text%22%3A%22%22%2C%22icon%22%3A%22check%22%2C%22hint%22%3A%22%22%7D%2C%7B%22text%22%3A%2224%20GB%22%2C%22icon%22%3A%22none%22%2C%22hint%22%3A%22%22%7D%2C%7B%22text%22%3A%22%22%2C%22icon%22%3A%22none%22%2C%22hint%22%3A%22%22%7D%2C%7B%22text%22%3A%22Unlimited%20E-Mail%20addresses%22%2C%22icon%22%3A%22none%22%2C%22hint%22%3A%22%22%7D%2C%7B%22text%22%3A%2216%20GB%22%2C%22icon%22%3A%22none%22%2C%22hint%22%3A%22%22%7D%2C%7B%22text%22%3A%22%22%2C%22icon%22%3A%22none%22%2C%22hint%22%3A%22%22%7D%2C%7B%22text%22%3A%22%22%2C%22icon%22%3A%22check%22%2C%22hint%22%3A%22%22%7D%2C%7B%22text%22%3A%22%22%2C%22icon%22%3A%22check%22%2C%22hint%22%3A%22%22%7D%2C%7B%22text%22%3A%22%22%2C%22icon%22%3A%22check%22%2C%22hint%22%3A%22%22%7D%2C%7B%22text%22%3A%22%22%2C%22icon%22%3A%22check%22%2C%22hint%22%3A%22%22%7D%2C%7B%22text%22%3A%22%22%2C%22icon%22%3A%22none%22%2C%22hint%22%3A%22%22%7D%2C%7B%22text%22%3A%22%26nbsp%3B4%2C95%5Cu20ac%20%5C%2F%20mo.%22%2C%22icon%22%3A%22plusCircle%22%2C%22hint%22%3A%22%22%7D%2C%7B%22text%22%3A%22%26nbsp%3B4%2C95%5Cu20ac%20%5C%2F%20mo.%22%2C%22icon%22%3A%22plusCircle%22%2C%22hint%22%3A%22%22%7D%2C%7B%22text%22%3A%22%22%2C%22icon%22%3A%22none%22%2C%22hint%22%3A%22%22%7D%2C%7B%22text%22%3A%2212%20months%22%2C%22icon%22%3A%22none%22%2C%22hint%22%3A%22%22%7D%2C%7B%22text%22%3A%221%20month%22%2C%22icon%22%3A%22none%22%2C%22hint%22%3A%22%22%7D%5D%2C%22priceCurrency%22%3A%22USD%22%2C%22price%22%3A%2229%22%2C%22pricePostfix%22%3A%22month%22%2C%22button%22%3A%22Select%22%2C%22buttonLink%22%3A%22https%3A%5C%2F%5C%2Fwww.baduno.com%5C%2Fcheckout%5C%2F%3Fadd-to-cart%3D937%22%2C%22buttonCaption%22%3A%2214-day%20money%20back%20guarantee%22%2C%22mainColor%22%3A%22rgb%2882%2C%2094%2C%20187%29%22%2C%22priceOptions%22%3A%5B%7B%22price%22%3A%2229%22%2C%22pricePostfix%22%3A%22month%22%2C%22pricePrefix%22%3A%22%22%2C%22toggleOptionName%22%3A%22%22%2C%22toggleOptionId%22%3A%22479cfa97-4f13-42ff-9d0c-4601ca05a215%22%7D%5D%2C%22buttonOptions%22%3A%5B%7B%22button%22%3A%22Select%22%2C%22buttonLink%22%3A%22https%3A%5C%2F%5C%2Felfsight.com%22%2C%22toggleOptionName%22%3A%22%22%2C%22toggleOptionId%22%3A%22479cfa97-4f13-42ff-9d0c-4601ca05a215%22%7D%5D%2C%22pricePrefix%22%3A%22%22%2C%22priceCaption%22%3A%22%22%2C%22buttonTargetBlank%22%3Afalse%2C%22picture%22%3A%22%22%2C%22ribbonText%22%3A%22%22%2C%22ribbonBackgroundColor%22%3A%22%22%2C%22ribbonTextColor%22%3A%22%22%2C%22contentDivider%22%3Anull%7D%5D%2C%22elements%22%3A%5B%7B%22complexGroup%22%3A%22title%22%2C%22name%22%3A%22Title%22%2C%22titleEnable%22%3Atrue%2C%22titleCaptionColor%22%3A%22%22%2C%22titleTextColor%22%3A%22%22%2C%22titleFontSize%22%3A25%2C%22titleFontWeight%22%3A600%7D%2C%7B%22complexGroup%22%3A%22features%22%2C%22name%22%3A%22Features%22%2C%22featuresEnable%22%3Atrue%2C%22featuresStyle%22%3A%22clean%22%2C%22featuresIconColor%22%3A%22%22%2C%22featuresTextColor%22%3A%22%22%2C%22featuresAlign%22%3A%22center%22%2C%22featuresFontSize%22%3A13%7D%2C%7B%22complexGroup%22%3A%22price%22%2C%22name%22%3A%22Price%22%2C%22priceEnable%22%3Atrue%2C%22priceCaptionColor%22%3A%22%22%2C%22priceTextColor%22%3A%22%22%2C%22priceFontSize%22%3A32%2C%22priceFontWeight%22%3A600%7D%2C%7B%22complexGroup%22%3A%22button%22%2C%22name%22%3A%22Button%22%2C%22buttonEnable%22%3Atrue%2C%22buttonType%22%3A%22outline%22%2C%22buttonColor%22%3A%22%22%2C%22buttonTextColor%22%3A%22%22%2C%22buttonSize%22%3A%22medium%22%2C%22buttonCaptionColor%22%3A%22%22%7D%2C%7B%22complexGroup%22%3A%22picture%22%2C%22name%22%3A%22Picture%22%2C%22pictureEnable%22%3Atrue%7D%5D%2C%22widgetId%22%3A%221%22%7D\" \n                data-elfsight-pricing-table-version=\"2.6.1\"\n                data-elfsight-widget-id=\"elfsight-pricing-table-1\">\n            <\/div>\n            [\/vc_column][\/vc_row][vc_row][vc_column width=\u00bb1\/1&#8243;][vc_column_text uncode_shortcode_id=\u00bb110487&#8243;]<\/p>\n<h2>Un sitio web acorde con sus expectativas<\/h2>\n<p>\u00bfSabes cu\u00e1l es la mejor parte? S\u00f3lo necesitamos 5 puntos clave de c\u00f3mo debe ser su p\u00e1gina.<br \/>\nSe le har\u00e1n unas cuantas preguntas r\u00e1pidas, y el trabajo en su sitio web comenzar\u00e1 en poco tiempo. Puedes esperarlo con ansias<\/p>\n<h3>Su imagen cincelada en la web<\/h3>\n<p>Nuestros dise\u00f1adores conciben un sitio web de acuerdo con sus expectativas y deseos. Al fin y al cabo, no deber\u00eda faltar nada en ella.<br \/>\nSin embargo, si todav\u00eda se necesita algo afectado, nos pondremos en contacto con usted. En \u00faltima instancia, su sitio web debe destacar y estar tallado en piedra o como la web<br \/>\nser.<\/p>\n<h4>Vamos<\/h4>\n<p>\u00a1Su sitio web est\u00e1 listo! M\u00e1s emocionante que la Navidad, puedes hacer crecer tu negocio. \u00bfTe falta algo o no te gusta una cosita? no hay problema<br \/>\nPor supuesto, puede indicarnos lo que desea cambiar, para que nuestros expertos puedan mejorar su sitio web en poco tiempo. Para que puedas ocuparte completamente de tus asuntos.<\/p>\n<h3>\u00bfPor qu\u00e9 un sitio web?<\/h3>\n<p>\u00bfDe verdad? \u00bfConoce alguna empresa de renombre que no tenga un sitio web?<br \/>\nNosotros tampoco. Ahora mismo, conseguir un sitio web nunca ha sido tan f\u00e1cil. Los blogueros m\u00e1s sencillos tienen un sitio web. As\u00ed que quiere que su empresa o persona<br \/>\ncrecer o quieres arriesgarte a perderlo?<\/p>\n<h3>\u00bfQu\u00e9 es crucial para decidirse por un sitio web?<\/h3>\n<p>Imag\u00ednate, estamos en una ciudad nueva y tenemos hambre. \u00bfQu\u00e9 har\u00edamos t\u00fa, yo o cualquier otra persona nueva?<br \/>\n\u00a1Correcto! Es muy probable que lo busque en Google y pruebe uno con las mejores cr\u00edticas. Ahora podr\u00eda ser un restaurante<br \/>\n\u00bfque NO SE MOSTRAR\u00c1?<\/p>\n<h5>\u00bfRealmente necesito un sitio web?<\/h5>\n<p>Un gran s\u00ed. Si no lo encuentras en Internet, no existes. Un dicho muy cierto. Tenga siempre presente hacia d\u00f3nde se dirigen los futuros clientes. \u00bfPuede ocurrir que mi grupo objetivo haya cambiado o se haya desplazado?<br \/>\nOtro refr\u00e1n que sustenta esto es: \u00ab\u00a1Si no te pones al d\u00eda, te pondr\u00e1s al d\u00eda!\u00bb. Por supuesto, usted decide en \u00faltima instancia lo que es bueno para su empresa.<\/p>\n<h3>\u00bfIncremento de las ventas? \u00a1Deje que su negocio crezca!<\/h3>\n<p>Eso es ya una cuesti\u00f3n de rutina. \u00bfC\u00f3mo es eso? Simplemente se llega a mucha m\u00e1s gente que con la publicidad cl\u00e1sica. No se podr\u00eda conseguir este alcance con ning\u00fan folleto ni con anuncios en los peri\u00f3dicos.<br \/>\n\u00bfLa mejor? La caja registradora sonar\u00e1 m\u00e1s veces de las que puedas imaginar. Los ex\u00e1menes est\u00e1n por encima de los estudios.<\/p>\n<h4>\u00bfQu\u00e9 pasa con la vista m\u00f3vil?<\/h4>\n<p>Por supuesto, tambi\u00e9n podemos ponerlo en pr\u00e1ctica. La vista m\u00f3vil es uno de los criterios m\u00e1s importantes para la localizaci\u00f3n en los motores de b\u00fasqueda. Esto significa que es muy relevante para Google y compa\u00f1\u00eda. All\u00ed<br \/>\nDado que cada vez m\u00e1s personas utilizan sus tel\u00e9fonos m\u00f3viles para conectarse a Internet, una vista responsiva se ha vuelto indispensable. O preg\u00fantate con qu\u00e9 frecuencia entras en Internet y con qu\u00e9 dispositivo. Precisamente por eso deber\u00eda<br \/>\ndefinitivamente dan una visi\u00f3n de m\u00f3vil.<\/p>\n<h4>Con nuestra elegancia se ahorra mucho esfuerzo y tiempo y dolores de cabeza innecesarios.<\/h4>\n<p>\u00bfEs un sistema modular? No, en absoluto. Con nosotros, cada sitio web debe adaptarse lo mejor posible al cliente correspondiente. Un kit de construcci\u00f3n convencional no puede seguir el ritmo. Nuestros dise\u00f1adores web trabajan para hacerlo posible<br \/>\nexactamente a sus deseos y necesidades. Despu\u00e9s, un sitio web es como su tarjeta de visita en Internet. Esto tambi\u00e9n debe verse en consecuencia. Siempre puede confiar en nuestros expertos.<\/p>\n<h3>\u00bfCu\u00e1nto suele costar un sitio web?<\/h3>\n<p>Esta es una muy buena pregunta. Desgraciadamente, no se puede responder a eso directamente. Al fin y al cabo, no es un producto acabado, sino que tiene que adaptarse a usted y a su negocio. Adem\u00e1s, depende<br \/>\nIndique si contrata a un aut\u00f3nomo o se dedica a una agencia. \u00bfCu\u00e1nto cuesta un sitio web? Tambi\u00e9n puedes preguntar cu\u00e1nto me costar\u00e1 una casa. Uno responder\u00eda, \u00bfd\u00f3nde deber\u00eda estar? \u00bfCu\u00e1ntas habitaciones y ba\u00f1os quiere?<br \/>\n\u00bflo tienes? \u00bfCu\u00e1ntos metros cuadrados? Entiende que es hacia donde nos dirigimos. Para un dise\u00f1ador de p\u00e1ginas web tradicional, estos son los elementos b\u00e1sicos que necesita para dise\u00f1ar su sitio web. Pero en general hay que pagar por los conocimientos y el tiempo. Me gusta<br \/>\n\u00bfmira?<\/p>\n<ol>\n<li>Recoger los puntos y crear el concepto ( 2 &#8211; 3 h )<\/li>\n<li>Estructura de la informaci\u00f3n (7 &#8211; 11 h)<\/li>\n<li>Configuraci\u00f3n del servidor (3 &#8211; 6 h)<\/li>\n<li>Editar todos los puntos discutidos ( 24 &#8211; 48 h )<\/li>\n<li>Control de calidad (4 &#8211; 5 h)<\/li>\n<li>Mejoras ( 9 a.m. &#8211; 12 p.m. )<\/li>\n<li>\u00bfTe imaginas cu\u00e1nto dinero puede costar eso?<\/li>\n<\/ol>\n<p>Por regla general, estamos hablando de una suma entre 2500 &#8211; 5000 euros. Si realmente quieres que sea profesional, como una gran empresa, puede hacer a\u00fan m\u00e1s<br \/>\nde 10.000 euros. Y no es una broma, no dude en hablar con un dise\u00f1ador web sobre eso. Por supuesto que es mucho dinero. Pero la cosa se pone a\u00fan m\u00e1s espesa. El sitio web[\/vc_column_text][\/vc_column][\/vc_row]<\/p>\n<\/div>","protected":false},"excerpt":{"rendered":"<p>[vc_row row_height_percent=\u00bb85&#8243; override_padding=\u00bbyes\u00bb h_padding=\u00bb2&#8243; top_padding=\u00bb5&#8243; bottom_padding=\u00bb5&#8243; back_color=\u00bbaccent\u00bb back_image=\u00bb1013&#8243; back_repeat=\u00bbno-repeat\u00bb back_attachment=\u00bbfixed\u00bb back_position=\u00bbcenter center\u00bb overlay_color=\u00bbcolor-wayh\u00bb overlay_alpha=\u00bb95&#8243; gutter_size=\u00bb4&#8243; column_width_percent=\u00bb100&#8243; shift_y=\u00bb0&#8243; z_index=\u00bb0&#8243; enable_bottom_divider=\u00bbdefault\u00bb bottom_divider_inv=\u00bbwaves-opacity\u00bb [&hellip;]<\/p>\n","protected":false},"author":1,"featured_media":0,"parent":0,"menu_order":0,"comment_status":"closed","ping_status":"closed","template":"","meta":{"footnotes":""},"class_list":["post-836","page","type-page","status-publish","hentry"],"_links":{"self":[{"href":"https:\/\/www.baduno.com\/es\/wp-json\/wp\/v2\/pages\/836","targetHints":{"allow":["GET"]}}],"collection":[{"href":"https:\/\/www.baduno.com\/es\/wp-json\/wp\/v2\/pages"}],"about":[{"href":"https:\/\/www.baduno.com\/es\/wp-json\/wp\/v2\/types\/page"}],"author":[{"embeddable":true,"href":"https:\/\/www.baduno.com\/es\/wp-json\/wp\/v2\/users\/1"}],"replies":[{"embeddable":true,"href":"https:\/\/www.baduno.com\/es\/wp-json\/wp\/v2\/comments?post=836"}],"version-history":[{"count":33,"href":"https:\/\/www.baduno.com\/es\/wp-json\/wp\/v2\/pages\/836\/revisions"}],"predecessor-version":[{"id":1149,"href":"https:\/\/www.baduno.com\/es\/wp-json\/wp\/v2\/pages\/836\/revisions\/1149"}],"wp:attachment":[{"href":"https:\/\/www.baduno.com\/es\/wp-json\/wp\/v2\/media?parent=836"}],"curies":[{"name":"wp","href":"https:\/\/api.w.org\/{rel}","templated":true}]}}