{"id":804,"date":"2022-06-27T12:55:56","date_gmt":"2022-06-27T12:55:56","guid":{"rendered":"https:\/\/www.baduno.com\/web\/seo\/"},"modified":"2022-07-08T06:19:55","modified_gmt":"2022-07-08T06:19:55","slug":"seo","status":"publish","type":"page","link":"https:\/\/www.baduno.com\/es\/seo\/","title":{"rendered":"Optimizaci\u00f3n de los motores de b\u00fasqueda"},"content":{"rendered":"<div class=\"wpb-content-wrapper\"><p>[vc_row row_height_percent=\u00bb0&#8243; override_padding=\u00bbyes\u00bb h_padding=\u00bb2&#8243; top_padding=\u00bb5&#8243; bottom_padding=\u00bb5&#8243; overlay_alpha=\u00bb50&#8243; gutter_size=\u00bb4&#8243; column_width_percent=\u00bb100&#8243; shift_y=\u00bb0&#8243; z_index=\u00bb0&#8243; uncode_shortcode_id=\u00bb124396&#8243;][vc_column column_width_percent=\u00bb100&#8243; gutter_size=\u00bb3&#8243; overlay_alpha=\u00bb50&#8243; shift_x=\u00bb0&#8243; shift_y=\u00bb0&#8243; shift_y_down=\u00bb0&#8243; z_index=\u00bb0&#8243; medium_width=\u00bb4&#8243; mobile_width=\u00bb0&#8243; width=\u00bb6\/12&#8243; el_class=\u00bbimage-card image-card-triple\u00bb uncode_shortcode_id=\u00bb327674&#8243;][vc_single_image media=\u00bb93&#8243; media_width_percent=\u00bb100&#8243; media_ratio=\u00bbone-one\u00bb alignment=\u00bbright\u00bb shadow=\u00bbyes\u00bb shadow_weight=\u00bbstd\u00bb uncode_shortcode_id=\u00bb173235&#8243;][vc_single_image media=\u00bb90&#8243; media_width_percent=\u00bb100&#8243; media_ratio=\u00bbone-one\u00bb alignment=\u00bbright\u00bb shadow=\u00bbyes\u00bb shadow_weight=\u00bbstd\u00bb css_animation=\u00bbparallax\u00bb parallax_intensity=\u00bb2&#8243; uncode_shortcode_id=\u00bb788844&#8243;][vc_single_image media=\u00bb91&#8243; media_width_percent=\u00bb100&#8243; media_ratio=\u00bbone-one\u00bb alignment=\u00bbright\u00bb shadow=\u00bbyes\u00bb shadow_weight=\u00bbstd\u00bb css_animation=\u00bbparallax\u00bb parallax_intensity=\u00bb3&#8243; uncode_shortcode_id=\u00bb204962&#8243;][uncode_vertical_text vertical_text_h_pos=\u00bb-1&#8243; z_index=\u00bb0&#8243; text_size=\u00bbh5&#8243; medium_visibility=\u00bbyes\u00bb mobile_visibility=\u00bbyes\u00bb uncode_shortcode_id=\u00bb112882&#8243;]SEO TEXT[\/uncode_vertical_text][\/vc_column][vc_column column_width_percent=\u00bb100&#8243; position_horizontal=\u00bbleft\u00bb position_vertical=\u00bbmiddle\u00bb gutter_size=\u00bb3&#8243; font_family=\u00bbfont-136269&#8243; overlay_alpha=\u00bb50&#8243; shift_x=\u00bb0&#8243; shift_y=\u00bb0&#8243; shift_y_down=\u00bb0&#8243; z_index=\u00bb0&#8243; medium_width=\u00bb4&#8243; align_mobile=\u00bbalign_center_mobile\u00bb mobile_width=\u00bb0&#8243; width=\u00bb6\/12&#8243; uncode_shortcode_id=\u00bb573911&#8243;][vc_custom_heading heading_semantic=\u00bbh3&#8243; text_size=\u00bbh1&#8243; sub_lead=\u00bbyes\u00bb subheading=\u00bbSu sitio web est\u00e1 en funcionamiento. Has puesto mucho esfuerzo en el dise\u00f1o. Por supuesto que quiere que mucha gente visite su sitio web. \u00bfCu\u00e1l es la mejor manera? La forma m\u00e1s f\u00e1cil ser\u00eda, por supuesto, a trav\u00e9s de Google. Pero cuando escribes tu sitio web en la barra de b\u00fasqueda, ves tu p\u00e1gina muy abajo. Es a\u00fan peor si s\u00f3lo aparece en la segunda p\u00e1gina. c\u00f3mo puede cambiar eso Con los textos SEO puede mejorar su clasificaci\u00f3n. Pero, \u00bfqu\u00e9 es el SEO? \u00bfQu\u00e9 tiene que ver esto con Google? \u00bfQu\u00e9 aspectos debe tener en cuenta? Lea las siguientes secciones y vea qu\u00e9 es exactamente el SEO y c\u00f3mo puede ayudar a que su sitio se clasifique mejor. Si no entiende algo, no dude en ponerse en contacto con nosotros.\u00bb uncode_shortcode_id=\u00bb839764&#8243;]Textos SEO de alta calidad[\/vc_custom_heading][vc_button button_color=\u00bbcolor-uydo\u00bb size=\u00bbbtn-lg\u00bb outline=\u00bbyes\u00bb text_skin=\u00bbyes\u00bb border_width=\u00bb0&#8243; link=\u00bburl:https%3A%2F%2Fwww.baduno.com%2Fes%2Fproducto%2Fseo-texto%2F|target:_blank|\u00bb button_color_type=\u00bbuncode-palette\u00bb uncode_shortcode_id=\u00bb979759&#8243;]Comprar texto SEO[\/vc_button][\/vc_column][\/vc_row][vc_row row_height_percent=\u00bb0&#8243; override_padding=\u00bbyes\u00bb h_padding=\u00bb2&#8243; top_padding=\u00bb5&#8243; bottom_padding=\u00bb3&#8243; overlay_alpha=\u00bb100&#8243; gutter_size=\u00bb3&#8243; column_width_percent=\u00bb100&#8243; shift_y=\u00bb0&#8243; z_index=\u00bb0&#8243; row_height_use_pixel=\u00bb\u00bb][vc_column column_width_use_pixel=\u00bbyes\u00bb gutter_size=\u00bb3&#8243; overlay_alpha=\u00bb50&#8243; shift_x=\u00bb0&#8243; shift_y=\u00bb0&#8243; medium_width=\u00bb0&#8243; zoom_width=\u00bb0&#8243; zoom_height=\u00bb0&#8243; column_width_pixel=\u00bb800&#8243;][vc_column_text uncode_shortcode_id=\u00bb101142&#8243;]Para aparecer en los rankings de Google para una determinada palabra clave, hay que seguir algunos pasos. El contenido SEO no s\u00f3lo se escribe. Se planifica y se prepara, lo crea un experto en la materia y finalmente se posedita. Cualquiera que compre contenido SEO espera que atraiga a los visitantes adecuados en Internet. As\u00ed es como procedemos en BlogTec. P\u00f3ngase en contacto con nosotros a trav\u00e9s de nuestra p\u00e1gina web y explique brevemente su situaci\u00f3n. Nos pondremos en contacto con usted y discutiremos juntos las diferentes opciones de contenido y SEO. Con nosotros, puede tener un nuevo contenido SEO escrito o optimizar su contenido existente con palabras clave de alta calidad. Y si todav\u00eda necesita un backlink para aumentar su confianza en Google, encontraremos la p\u00e1gina perfecta para un post invitado.[\/vc_column_text][\/vc_column][\/vc_row][vc_row row_height_percent=\u00bb0&#8243; override_padding=\u00bbyes\u00bb h_padding=\u00bb2&#8243; top_padding=\u00bb0&#8243; bottom_padding=\u00bb0&#8243; overlay_alpha=\u00bb100&#8243; gutter_size=\u00bb3&#8243; column_width_percent=\u00bb100&#8243; shift_y=\u00bb0&#8243; z_index=\u00bb0&#8243; row_height_use_pixel=\u00bb\u00bb][vc_column column_width_use_pixel=\u00bbyes\u00bb gutter_size=\u00bb3&#8243; overlay_alpha=\u00bb50&#8243; shift_x=\u00bb0&#8243; shift_y=\u00bb0&#8243; medium_width=\u00bb0&#8243; zoom_width=\u00bb0&#8243; zoom_height=\u00bb0&#8243; width=\u00bb5\/6&#8243;][vc_single_image media=\u00bb922&#8243; media_width_percent=\u00bb100&#8243; media_ratio=\u00bbthree-two\u00bb media_title_uppercase=\u00bb\u00bb uncode_shortcode_id=\u00bb672329&#8243;][\/vc_column][vc_column column_width_percent=\u00bb100&#8243; gutter_size=\u00bb3&#8243; overlay_alpha=\u00bb50&#8243; shift_x=\u00bb0&#8243; shift_y=\u00bb0&#8243; medium_width=\u00bb0&#8243; zoom_width=\u00bb0&#8243; zoom_height=\u00bb0&#8243; width=\u00bb1\/6&#8243;][vc_column_text uncode_shortcode_id=\u00bb445723&#8243;]Una vez redactado el contenido, no se lo enviamos directamente a usted&#8230;. Hay que revisar la forma y la estructura. No s\u00f3lo se corrigen las faltas de ortograf\u00eda, sino que tambi\u00e9n nos aseguramos de que se cumpla la intenci\u00f3n de b\u00fasqueda y se coloquen correctamente todas las palabras clave importantes.[\/vc_column_text][\/vc_column][\/vc_row][vc_row row_height_percent=\u00bb0&#8243; override_padding=\u00bbyes\u00bb h_padding=\u00bb2&#8243; top_padding=\u00bb3&#8243; bottom_padding=\u00bb3&#8243; overlay_alpha=\u00bb100&#8243; gutter_size=\u00bb3&#8243; column_width_percent=\u00bb100&#8243; shift_y=\u00bb0&#8243; z_index=\u00bb0&#8243; row_height_use_pixel=\u00bb\u00bb][vc_column column_width_use_pixel=\u00bbyes\u00bb gutter_size=\u00bb3&#8243; overlay_alpha=\u00bb50&#8243; shift_x=\u00bb0&#8243; shift_y=\u00bb0&#8243; medium_width=\u00bb0&#8243; zoom_width=\u00bb0&#8243; zoom_height=\u00bb0&#8243; column_width_pixel=\u00bb800&#8243;][vc_column_text uncode_shortcode_id=\u00bb658730&#8243;]En algunos casos, usted ya tiene palabras clave y est\u00e1 buscando a alguien que escriba el contenido SEO para usted. En este caso, le proporcionamos un escritor experto en su campo. Si no tienes palabras clave, \u00a1tampoco hay problema! A continuaci\u00f3n, realizamos un profundo an\u00e1lisis, encontrando las palabras clave que se ajustan a su marca y para las que puede posicionarse. El SEO no s\u00f3lo significa difundir las palabras clave adecuadas en una p\u00e1gina. Tambi\u00e9n se trata de responder a las preguntas y problemas que los usuarios de Google tienen con la palabra clave. Nuestros gestores de contenidos crean un briefing para cada pieza de contenido, en el que determinan la intenci\u00f3n de b\u00fasqueda. Finalmente, todo confluye en el proceso de escritura. Creemos que las personas son m\u00e1s productivas cuando realizan tareas que les gustan. Por ello, nadie en nuestra empresa escribe sobre un tema sin tener una conexi\u00f3n personal con el contenido. As\u00ed es como encontramos la voz adecuada para su negocio.[\/vc_column_text][\/vc_column][\/vc_row]<\/p>\n<\/div>","protected":false},"excerpt":{"rendered":"<p>[vc_row row_height_percent=\u00bb0&#8243; override_padding=\u00bbyes\u00bb h_padding=\u00bb2&#8243; top_padding=\u00bb5&#8243; bottom_padding=\u00bb5&#8243; overlay_alpha=\u00bb50&#8243; gutter_size=\u00bb4&#8243; column_width_percent=\u00bb100&#8243; shift_y=\u00bb0&#8243; z_index=\u00bb0&#8243; uncode_shortcode_id=\u00bb124396&#8243;][vc_column column_width_percent=\u00bb100&#8243; gutter_size=\u00bb3&#8243; overlay_alpha=\u00bb50&#8243; shift_x=\u00bb0&#8243; shift_y=\u00bb0&#8243; shift_y_down=\u00bb0&#8243; z_index=\u00bb0&#8243; medium_width=\u00bb4&#8243; [&hellip;]<\/p>\n","protected":false},"author":1,"featured_media":0,"parent":0,"menu_order":0,"comment_status":"closed","ping_status":"closed","template":"","meta":{"footnotes":""},"class_list":["post-804","page","type-page","status-publish","hentry"],"_links":{"self":[{"href":"https:\/\/www.baduno.com\/es\/wp-json\/wp\/v2\/pages\/804","targetHints":{"allow":["GET"]}}],"collection":[{"href":"https:\/\/www.baduno.com\/es\/wp-json\/wp\/v2\/pages"}],"about":[{"href":"https:\/\/www.baduno.com\/es\/wp-json\/wp\/v2\/types\/page"}],"author":[{"embeddable":true,"href":"https:\/\/www.baduno.com\/es\/wp-json\/wp\/v2\/users\/1"}],"replies":[{"embeddable":true,"href":"https:\/\/www.baduno.com\/es\/wp-json\/wp\/v2\/comments?post=804"}],"version-history":[{"count":3,"href":"https:\/\/www.baduno.com\/es\/wp-json\/wp\/v2\/pages\/804\/revisions"}],"predecessor-version":[{"id":930,"href":"https:\/\/www.baduno.com\/es\/wp-json\/wp\/v2\/pages\/804\/revisions\/930"}],"wp:attachment":[{"href":"https:\/\/www.baduno.com\/es\/wp-json\/wp\/v2\/media?parent=804"}],"curies":[{"name":"wp","href":"https:\/\/api.w.org\/{rel}","templated":true}]}}