{"id":790,"date":"2022-06-26T18:55:52","date_gmt":"2022-06-26T18:55:52","guid":{"rendered":"https:\/\/www.baduno.com\/pie-de-imprenta\/"},"modified":"2026-02-11T21:42:41","modified_gmt":"2026-02-11T21:42:41","slug":"pie-de-imprenta","status":"publish","type":"page","link":"https:\/\/www.baduno.com\/es\/pie-de-imprenta\/","title":{"rendered":"Pie de imprenta"},"content":{"rendered":"<h2>Informaci\u00f3n seg\u00fan el art\u00edculo 5<\/h2>\n<h3>Baduno GmbH<\/h3>\n<p>Mainzer Landstr. 166<br \/>\nD-60327 Frankfurt a. Principal<\/p>\n<p><strong>Contacto:<\/strong><br \/>\nTel: 06917527903<br \/>\nEmail: service(at)baduno.com<\/p>\n<p>Tribunal de registro: <strong>Fr\u00e1ncfort del Meno<\/strong><br \/>\nN\u00famero de registro: <strong>HRB 111727<\/strong><br \/>\nDirectores Gerentes Autorizados: <strong>Mahsa Asgarian<\/strong><br \/>\nN\u00famero de identificaci\u00f3n fiscal seg\u00fan \u00a7 27a UStG: <strong>DE321105943<\/strong><\/p>\n<p>\u00a1Por favor, tenga en cuenta que NO proporcionamos ning\u00fan servicio de atenci\u00f3n al cliente o soporte en estas direcciones, n\u00fameros de tel\u00e9fono!<\/p>\n<p><em>Nota: Para evitar el spam, hemos sustituido la \u00ab@\u00bb de nuestra direcci\u00f3n de correo electr\u00f3nico por \u00ab(at)\u00bb. Por favor, vuelva a utilizar la \u00ab@\u00bb en su lugar si quiere ponerse en contacto con nosotros.<\/em><\/p>\n<p><em>Plataforma de arbitraje de la UE para tiendas en l\u00ednea &#8211; resoluci\u00f3n de litigios en l\u00ednea de conformidad con el art\u00edculo 14, apartado 1, ODR-VO: La Comisi\u00f3n Europea ofrece una plataforma para la resoluci\u00f3n de litigios en l\u00ednea (OS), que puede encontrar en http:\/\/ec.europa.eu\/consumers\/odr \/ Find.<\/em><\/p>\n<p>&nbsp;<\/p>\n<h2>DESCARGO DE RESPONSABILIDAD<\/h2>\n<h3>Responsabilidad por el contenido<\/h3>\n<p>Como proveedor de servicios, somos responsables de nuestros propios contenidos en estas p\u00e1ginas, de acuerdo con el art\u00edculo 7, p\u00e1rrafo 1 de la Ley alemana de medios de comunicaci\u00f3n (TMG). Sin embargo, seg\u00fan los art\u00edculos 8 a 10 de la TMG, nosotros, como proveedores de servicios, no estamos obligados a controlar la informaci\u00f3n de terceros transmitida o almacenada ni a investigar las circunstancias que indiquen una actividad ilegal.<\/p>\n<p>Las obligaciones de eliminar o bloquear el uso de la informaci\u00f3n seg\u00fan las leyes generales no se ven afectadas. Sin embargo, la responsabilidad en este sentido s\u00f3lo es posible a partir del momento en que se tiene conocimiento de una infracci\u00f3n concreta de la ley. En cuanto tengamos conocimiento de cualquier infracci\u00f3n de la ley, eliminaremos este contenido inmediatamente.<\/p>\n<h3>Responsabilidad de los enlaces<\/h3>\n<p>Nuestra oferta contiene enlaces a sitios web externos de terceros, sobre cuyo contenido no tenemos ninguna influencia. Por lo tanto, no podemos asumir ninguna responsabilidad por este contenido externo. El proveedor u operador de las p\u00e1ginas es siempre responsable del contenido de las p\u00e1ginas enlazadas. Las p\u00e1ginas enlazadas fueron revisadas para detectar posibles infracciones legales en el momento de enlazarlas. El contenido ilegal no era reconocible en el momento del enlace.<\/p>\n<p>Sin embargo, un control permanente del contenido de las p\u00e1ginas enlazadas no es razonable sin pruebas concretas de una infracci\u00f3n. En cuanto tengamos conocimiento de infracciones legales, eliminaremos dichos enlaces inmediatamente.<\/p>\n<h3>derechos de autor<\/h3>\n<p>El contenido y las obras de estas p\u00e1ginas creadas por los operadores del sitio est\u00e1n sujetos a la legislaci\u00f3n alemana sobre derechos de autor. La duplicaci\u00f3n, edici\u00f3n, distribuci\u00f3n y cualquier tipo de explotaci\u00f3n fuera de los l\u00edmites de los derechos de autor requieren el consentimiento por escrito del respectivo autor o creador. Las descargas y copias de este sitio s\u00f3lo se permiten para uso privado y no comercial.<\/p>\n<p>En la medida en que el contenido de este sitio no ha sido creado por el operador, se respetan los derechos de autor de terceros. En particular, los contenidos de terceros est\u00e1n marcados como tales. No obstante, si tiene conocimiento de una infracci\u00f3n de los derechos de autor, le rogamos que nos informe al respecto. En cuanto tengamos conocimiento de infracciones legales, eliminaremos inmediatamente dichos contenidos.<\/p>\n","protected":false},"excerpt":{"rendered":"<p>Informaci\u00f3n seg\u00fan el art\u00edculo 5 Baduno GmbH Mainzer Landstr. 166 D-60327 Frankfurt a. Principal Contacto: Tel: 06917527903 Email: service(at)baduno.com Tribunal [&hellip;]<\/p>\n","protected":false},"author":1,"featured_media":0,"parent":0,"menu_order":0,"comment_status":"closed","ping_status":"closed","template":"","meta":{"footnotes":""},"class_list":["post-790","page","type-page","status-publish","hentry"],"_links":{"self":[{"href":"https:\/\/www.baduno.com\/es\/wp-json\/wp\/v2\/pages\/790","targetHints":{"allow":["GET"]}}],"collection":[{"href":"https:\/\/www.baduno.com\/es\/wp-json\/wp\/v2\/pages"}],"about":[{"href":"https:\/\/www.baduno.com\/es\/wp-json\/wp\/v2\/types\/page"}],"author":[{"embeddable":true,"href":"https:\/\/www.baduno.com\/es\/wp-json\/wp\/v2\/users\/1"}],"replies":[{"embeddable":true,"href":"https:\/\/www.baduno.com\/es\/wp-json\/wp\/v2\/comments?post=790"}],"version-history":[{"count":2,"href":"https:\/\/www.baduno.com\/es\/wp-json\/wp\/v2\/pages\/790\/revisions"}],"predecessor-version":[{"id":1257,"href":"https:\/\/www.baduno.com\/es\/wp-json\/wp\/v2\/pages\/790\/revisions\/1257"}],"wp:attachment":[{"href":"https:\/\/www.baduno.com\/es\/wp-json\/wp\/v2\/media?parent=790"}],"curies":[{"name":"wp","href":"https:\/\/api.w.org\/{rel}","templated":true}]}}