{"id":789,"date":"2022-06-26T18:53:37","date_gmt":"2022-06-26T18:53:37","guid":{"rendered":"https:\/\/www.baduno.com\/condiciones-de-uso\/"},"modified":"2022-07-06T08:48:56","modified_gmt":"2022-07-06T08:48:56","slug":"condiciones-de-uso","status":"publish","type":"page","link":"https:\/\/www.baduno.com\/es\/condiciones-de-uso\/","title":{"rendered":"Condiciones de uso"},"content":{"rendered":"<header class=\"entry-header ast-no-thumbnail ast-no-meta\">\n<h1 class=\"entry-title\">T\u00e9rminos y condiciones<\/h1>\n<\/header>\n<div class=\"entry-content clear\">\n<h3>Condiciones generales con informaci\u00f3n al cliente<\/h3>\n<h5>\u00cdndice de contenidos<\/h5>\n<p>&nbsp;<\/p>\n<ol>\n<li>Alcance<\/li>\n<li>Conclusi\u00f3n del contrato<\/li>\n<li>Derecho de desistimiento<\/li>\n<li>Compensaci\u00f3n<\/li>\n<li>Transferencia del contenido<\/li>\n<li>Concesi\u00f3n de derechos de uso<\/li>\n<li>Responsabilidad por defectos<\/li>\n<li>Legislaci\u00f3n aplicable<\/li>\n<li>Resoluci\u00f3n alternativa de conflictos<\/li>\n<\/ol>\n<h5>1) \u00c1mbito de aplicaci\u00f3n<\/h5>\n<p><strong>1.1<\/strong>  Las presentes Condiciones Generales de Contrataci\u00f3n (en adelante \u00abCGC\u00bb) de Baduno (en adelante \u00abLicenciante\u00bb), se aplican a todos los contratos de entrega de datos no contenidos en un soporte f\u00edsico de datos, producidos y suministrados en forma digital (contenidos digitales), que un consumidor o empresario (en adelante \u00abLicenciatario\u00bb) celebre con el Licenciante en relaci\u00f3n con los contenidos digitales expuestos por el Licenciante en su tienda online. Con ello se contradice la inclusi\u00f3n de las condiciones propias del licenciatario, salvo acuerdo en contrario.<\/p>\n<p><strong>1.2<\/strong> El objeto del contrato es la cesi\u00f3n de los contenidos digitales ofrecidos por el licenciante al licenciatario en formato electr\u00f3nico bajo la concesi\u00f3n de determinados derechos de uso que se regulan de forma m\u00e1s precisa en estas Condiciones Generales.<\/p>\n<p><strong>1.3<\/strong> Consumidor, en el sentido de estas CGC, es toda persona f\u00edsica que celebra un negocio jur\u00eddico con fines que no pueden atribuirse predominantemente a su actividad comercial ni a su actividad profesional aut\u00f3noma. Un empresario, en el sentido de las presentes Condiciones Generales, es una persona f\u00edsica o jur\u00eddica o una sociedad con capacidad jur\u00eddica que, al celebrar un negocio jur\u00eddico, act\u00faa en el ejercicio de su actividad comercial o profesional independiente.<\/p>\n<h5>2) Conclusi\u00f3n del contrato<\/h5>\n<p><strong>2.1<\/strong> Los contenidos publicados en la tienda online del licenciante no representan ofertas vinculantes por parte del licenciante, sino que sirven para la presentaci\u00f3n de una oferta vinculante por parte del licenciatario.<\/p>\n<p><strong>2.2<\/strong> El licenciatario puede presentar la oferta a trav\u00e9s del formulario de pedido online integrado en la tienda online del licenciante. Al hacerlo, el Licenciatario, despu\u00e9s de haber colocado los contenidos seleccionados en la cesta de la compra virtual y haber pasado por el proceso de pedido electr\u00f3nico, presenta una oferta jur\u00eddicamente vinculante para celebrar un contrato con respecto a los contenidos incluidos en la cesta de la compra haciendo clic en el bot\u00f3n que concluye el proceso de pedido.<\/p>\n<p><strong>2.3<\/strong> El Licenciante podr\u00e1 aceptar la oferta del Licenciatario en un plazo de cinco d\u00edas,<\/p>\n<ul>\n<li>enviando al Licenciatario una confirmaci\u00f3n de pedido por escrito o una confirmaci\u00f3n de pedido en forma de texto (fax o correo electr\u00f3nico), siendo decisiva la recepci\u00f3n de la confirmaci\u00f3n de pedido por parte del Licenciatario, o<\/li>\n<li>proporcionando al licenciatario los contenidos solicitados, por lo que el acceso al licenciatario es decisivo, o<\/li>\n<li>solicitando al licenciatario que pague despu\u00e9s de haber realizado el pedido.<\/li>\n<\/ul>\n<p>Si hay varias alternativas, el contrato se celebra en el momento en que una de las alternativas se produce primero. Si el licenciante no acepta la oferta del licenciatario dentro del plazo, se considerar\u00e1 como un rechazo de la oferta con la consecuencia de que el licenciatario ya no est\u00e1 obligado por su declaraci\u00f3n de intenciones.<\/p>\n<p><strong>2.4<\/strong> El plazo de aceptaci\u00f3n de la oferta comienza el d\u00eda siguiente al env\u00edo de la oferta por parte del licenciatario y finaliza al expirar el quinto d\u00eda siguiente al env\u00edo de la oferta.<\/p>\n<p><strong>2.5<\/strong>  Al enviar una oferta a trav\u00e9s del formulario de pedido online del Licenciante, el texto del contrato ser\u00e1 guardado por el Licenciante despu\u00e9s de la conclusi\u00f3n del contrato y enviado al Licenciatario en forma de texto (por ejemplo, correo electr\u00f3nico, fax o carta) despu\u00e9s de que el Licenciatario haya enviado su pedido. El licenciante no har\u00e1 accesible el texto del contrato m\u00e1s all\u00e1 de esto. Si el Licenciatario ha creado una cuenta de usuario en la tienda online del Otorgante de la Licencia antes de enviar su pedido, los datos del pedido se archivar\u00e1n en el sitio web del Otorgante de la Licencia y el Licenciatario podr\u00e1 acceder a ellos gratuitamente a trav\u00e9s de su cuenta de usuario protegida por contrase\u00f1a introduciendo los datos de acceso correspondientes.<\/p>\n<p><strong>2.6<\/strong> Antes de la presentaci\u00f3n vinculante del pedido a trav\u00e9s del formulario de pedido en l\u00ednea, el licenciatario puede corregir continuamente sus entradas utilizando las funciones habituales del teclado y el rat\u00f3n. Adem\u00e1s, todas las entradas se muestran de nuevo en una ventana de confirmaci\u00f3n antes de la presentaci\u00f3n vinculante del pedido y tambi\u00e9n pueden corregirse all\u00ed utilizando las funciones habituales del teclado y el rat\u00f3n.<\/p>\n<p><strong>2.7<\/strong> Para la celebraci\u00f3n del contrato s\u00f3lo est\u00e1 disponible el idioma alem\u00e1n.<\/p>\n<p><strong>2.8<\/strong> La tramitaci\u00f3n del pedido y el contacto se realizan normalmente por correo electr\u00f3nico y mediante la tramitaci\u00f3n automatizada del pedido. El cliente debe asegurarse de que la direcci\u00f3n de correo electr\u00f3nico facilitada por \u00e9l para la tramitaci\u00f3n del pedido es correcta, de modo que los correos electr\u00f3nicos enviados por el licenciante puedan ser recibidos en esta direcci\u00f3n. Al utilizar los filtros de SPAM, el cliente debe asegurarse de que todos los correos electr\u00f3nicos enviados por el licenciante o por terceros encargados por el licenciante de procesar el pedido puedan ser entregados.<\/p>\n<h5>3) Derecho de desistimiento<\/h5>\n<p>Por lo general, los consumidores tienen derecho de desistimiento. Encontrar\u00e1 informaci\u00f3n m\u00e1s detallada sobre el derecho de revocaci\u00f3n en las instrucciones de revocaci\u00f3n del licenciante.<\/p>\n<h5>4) Remuneraci\u00f3n<\/h5>\n<p><strong>4.1<\/strong> Por la concesi\u00f3n de los derechos sobre el contenido respectivo, el Licenciante recibir\u00e1 una tasa de licencia a tanto alzado, cuyo importe se especifica en la descripci\u00f3n del art\u00edculo respectivo.<\/p>\n<p><strong>4.2<\/strong> Los precios indicados por el Licenciante son precios totales e incluyen el impuesto sobre el valor a\u00f1adido legal.<\/p>\n<p><strong>4.3<\/strong> En el caso de pagos en pa\u00edses fuera de la Uni\u00f3n Europea, pueden surgir otros costes en casos individuales de los que el licenciante no es responsable y que deben ser asumidos por el licenciatario. Entre ellos se encuentran, por ejemplo, los costes de la transferencia de fondos a trav\u00e9s de las entidades de cr\u00e9dito (por ejemplo, comisiones de transferencia, gastos de cambio).<\/p>\n<p><strong>4.4<\/strong> El licenciatario dispone de varias opciones de pago, que se especifican en la tienda online del licenciante.<\/p>\n<p><strong>4.5<\/strong> Si se ha acordado el pago por adelantado mediante transferencia bancaria, el pago debe realizarse inmediatamente despu\u00e9s de la celebraci\u00f3n del contrato, a menos que las partes hayan acordado una fecha de vencimiento posterior.<\/p>\n<p><strong>4.6<\/strong> Si se selecciona la forma de pago \u00abPayPal\u00bb, el pago ser\u00e1 procesado por el proveedor de servicios de pago PayPal (Europe) S.\u00e0 r.l. et Cie, S.C.A., 22-24 Boulevard Royal, L-2449 Luxemburgo bajo los t\u00e9rminos de las Condiciones de Uso de PayPal, disponibles en https:\/\/www.paypal.com\/de\/webapps\/mpp\/ua\/useragreement-full.<\/p>\n<h5>5) Transferencia del contenido<\/h5>\n<p>El contenido se suministra exclusivamente en formato electr\u00f3nico por correo electr\u00f3nico o por descarga desde el sitio web del licenciante.<\/p>\n<h5>6) Concesi\u00f3n de derechos de uso<\/h5>\n<p><strong>6.1<\/strong> Salvo que se indique lo contrario en la descripci\u00f3n de la tienda online del Licenciante, el Licenciante concede al Licenciatario el derecho no exclusivo de utilizar el contenido proporcionado para fines privados y comerciales, sin l\u00edmite de tiempo y lugar.<\/p>\n<p><strong>6.2<\/strong> La transferencia de los contenidos a terceros o la creaci\u00f3n de copias para terceros fuera del \u00e1mbito de estas CGC no est\u00e1 permitida, a menos que el licenciante haya aceptado una transferencia de la licencia contractual al tercero.<\/p>\n<p><strong>6.3<\/strong> La concesi\u00f3n de derechos s\u00f3lo se har\u00e1 efectiva cuando el Licenciatario haya pagado \u00edntegramente la remuneraci\u00f3n contractualmente debida. El licenciante tambi\u00e9n puede permitir provisionalmente el uso del contenido del contrato antes de ese momento. Esta autorizaci\u00f3n provisional no constituye una cesi\u00f3n de derechos.<\/p>\n<h5>7) Responsabilidad por defectos<\/h5>\n<p>Se aplica la responsabilidad legal por defectos.<\/p>\n<h5>8) Derecho aplicable<\/h5>\n<p>Si el licenciatario act\u00faa como comerciante, persona jur\u00eddica de derecho p\u00fablico o patrimonio especial de derecho p\u00fablico con domicilio social en el territorio de la Rep\u00fablica Federal de Alemania, el lugar de jurisdicci\u00f3n exclusivo para todos los litigios derivados de este contrato es el domicilio social del licenciante. Si el Licenciatario tiene su domicilio social fuera del territorio de la Rep\u00fablica Federal de Alemania, el domicilio social del Licenciante ser\u00e1 el lugar de jurisdicci\u00f3n exclusiva para todos los litigios derivados del presente Contrato si el Contrato o las reclamaciones derivadas del mismo pueden atribuirse a las actividades profesionales o comerciales del Licenciatario. Sin embargo, en los casos anteriores, el Licenciante est\u00e1 en todo caso facultado para emprender acciones legales en el tribunal del lugar de residencia del Licenciatario.<\/p>\n<h5>9) Resoluci\u00f3n alternativa de conflictos<\/h5>\n<p><strong>9.1<\/strong> La Comisi\u00f3n de la UE ofrece una plataforma de resoluci\u00f3n de litigios en l\u00ednea en el siguiente enlace: https:\/\/ec.europa.eu\/consumers\/odr<\/p>\n<p>Esta plataforma sirve de punto de contacto para la resoluci\u00f3n extrajudicial de los litigios derivados de los contratos de compra o de servicios en l\u00ednea en los que interviene un consumidor.<\/p>\n<p><strong>9.2<\/strong> El Otorgante de la Licencia no est\u00e1 obligado ni dispuesto a participar en procedimientos de resoluci\u00f3n de conflictos ante un organismo de resoluci\u00f3n de conflictos de los consumidores.<\/p>\n<\/div>\n","protected":false},"excerpt":{"rendered":"<p>T\u00e9rminos y condiciones Condiciones generales con informaci\u00f3n al cliente \u00cdndice de contenidos &nbsp; Alcance Conclusi\u00f3n del contrato Derecho de desistimiento [&hellip;]<\/p>\n","protected":false},"author":1,"featured_media":0,"parent":0,"menu_order":0,"comment_status":"closed","ping_status":"closed","template":"","meta":{"footnotes":""},"class_list":["post-789","page","type-page","status-publish","hentry"],"_links":{"self":[{"href":"https:\/\/www.baduno.com\/es\/wp-json\/wp\/v2\/pages\/789","targetHints":{"allow":["GET"]}}],"collection":[{"href":"https:\/\/www.baduno.com\/es\/wp-json\/wp\/v2\/pages"}],"about":[{"href":"https:\/\/www.baduno.com\/es\/wp-json\/wp\/v2\/types\/page"}],"author":[{"embeddable":true,"href":"https:\/\/www.baduno.com\/es\/wp-json\/wp\/v2\/users\/1"}],"replies":[{"embeddable":true,"href":"https:\/\/www.baduno.com\/es\/wp-json\/wp\/v2\/comments?post=789"}],"version-history":[{"count":1,"href":"https:\/\/www.baduno.com\/es\/wp-json\/wp\/v2\/pages\/789\/revisions"}],"predecessor-version":[{"id":818,"href":"https:\/\/www.baduno.com\/es\/wp-json\/wp\/v2\/pages\/789\/revisions\/818"}],"wp:attachment":[{"href":"https:\/\/www.baduno.com\/es\/wp-json\/wp\/v2\/media?parent=789"}],"curies":[{"name":"wp","href":"https:\/\/api.w.org\/{rel}","templated":true}]}}