{"id":759,"date":"2022-06-26T18:59:01","date_gmt":"2022-06-26T18:59:01","guid":{"rendered":"https:\/\/www.baduno.com\/politica-de-devoluciones-y-reembolsos\/"},"modified":"2022-07-06T08:48:50","modified_gmt":"2022-07-06T08:48:50","slug":"politica-de-devoluciones-y-reembolsos","status":"publish","type":"page","link":"https:\/\/www.baduno.com\/es\/politica-de-devoluciones-y-reembolsos\/","title":{"rendered":"Pol\u00edtica de devoluciones y reembolsos"},"content":{"rendered":"<header class=\"entry-header ast-no-thumbnail ast-no-meta\">&#13;\n<h1 class=\"entry-title\">Refund Policy<\/h1>&#13;\n<\/header>&#13;\n<div class=\"entry-content clear\">&#13;\n<div class=\"text-lg max-w-prose mx-auto mb-6\">&#13;\n<p class=\"text-xl text-gray-500 leading-8\">Baduno se dedica al \u00e9xito de sus valiosos clientes. Trabajamos incansablemente para llevar a cabo campa\u00f1as de crecimiento manual y garantizar los mayores niveles de crecimiento posibles.<\/p>&#13;\n<\/div>&#13;\n<div class=\"prose prose-lg text-gray-500 mx-auto\">&#13;\n<p class=\"text-xl text-gray-500 leading-8\">Aunque dedicamos la misma cantidad de tiempo a todas las campa\u00f1as de cada categor\u00eda de plan, el crecimiento puede variar mucho en funci\u00f3n del nicho de nuestro cliente, la calidad del contenido, la cantidad de contenido y la orientaci\u00f3n que se nos haya dado. Por ejemplo, podemos obtener resultados ligeramente mejores con la cuenta de un fot\u00f3grafo que con la de una empresa de contabilidad. Es probable que el fot\u00f3grafo publique muchas im\u00e1genes de alta calidad y por lo tanto va a crecer un poco m\u00e1s r\u00e1pido.<\/p>&#13;\n<p class=\"text-xl text-gray-500 leading-8\">Debido a la cantidad de trabajo que dedicamos a todas nuestras campa\u00f1as, ofrecemos reembolsos en funci\u00f3n de cada caso. No obstante, nos reservamos el derecho a denegar el reembolso. Los cr\u00e9ditos se pueden conceder una vez que el equipo de Customer Success haya recibido su aprobaci\u00f3n para un cr\u00e9dito. Antes de que se ofrezcan cr\u00e9ditos, tendr\u00e1 la posibilidad de seguir recibiendo seguidores o likes en lugar de detener la entrega. Si opta por recibir un cr\u00e9dito, \u00e9ste se enviar\u00e1 a su correo electr\u00f3nico. El valor ser\u00e1 el del pedido original que usted reclama. Piensa en este cr\u00e9dito como si tuvieras un vale electr\u00f3nico para gastar cuando quieras. El cr\u00e9dito es v\u00e1lido durante 1 a\u00f1o a partir del momento en que se emite, en cualquiera de nuestros productos. Este cr\u00e9dito se emite con un c\u00f3digo de canje que puede utilizarse en nuestra casilla \u00abc\u00f3digo de descuento\u00bb. Puedes utilizar tu cr\u00e9dito para ti o para otra persona.<\/p>&#13;\n<p>Baduno GmbH<br\/><br\/><\/p>&#13;\n<\/div>&#13;\n<\/div>&#13;","protected":false},"excerpt":{"rendered":"<p>&#13; Refund Policy &#13; &#13; &#13; &#13; Baduno se dedica al \u00e9xito de sus valiosos clientes. Trabajamos incansablemente para llevar [&hellip;]<\/p>\n","protected":false},"author":1,"featured_media":0,"parent":0,"menu_order":0,"comment_status":"closed","ping_status":"closed","template":"","meta":{"footnotes":""},"class_list":["post-759","page","type-page","status-publish","hentry"],"_links":{"self":[{"href":"https:\/\/www.baduno.com\/es\/wp-json\/wp\/v2\/pages\/759","targetHints":{"allow":["GET"]}}],"collection":[{"href":"https:\/\/www.baduno.com\/es\/wp-json\/wp\/v2\/pages"}],"about":[{"href":"https:\/\/www.baduno.com\/es\/wp-json\/wp\/v2\/types\/page"}],"author":[{"embeddable":true,"href":"https:\/\/www.baduno.com\/es\/wp-json\/wp\/v2\/users\/1"}],"replies":[{"embeddable":true,"href":"https:\/\/www.baduno.com\/es\/wp-json\/wp\/v2\/comments?post=759"}],"version-history":[{"count":1,"href":"https:\/\/www.baduno.com\/es\/wp-json\/wp\/v2\/pages\/759\/revisions"}],"predecessor-version":[{"id":765,"href":"https:\/\/www.baduno.com\/es\/wp-json\/wp\/v2\/pages\/759\/revisions\/765"}],"wp:attachment":[{"href":"https:\/\/www.baduno.com\/es\/wp-json\/wp\/v2\/media?parent=759"}],"curies":[{"name":"wp","href":"https:\/\/api.w.org\/{rel}","templated":true}]}}