{"id":965,"date":"2022-07-08T06:28:37","date_gmt":"2022-07-08T06:28:37","guid":{"rendered":"https:\/\/www.baduno.com\/product\/dedizierter-server-hosting\/"},"modified":"2022-07-08T06:31:30","modified_gmt":"2022-07-08T06:31:30","slug":"dedicated-server-hosting","status":"publish","type":"product","link":"https:\/\/www.baduno.com\/de\/produkt\/dedicated-server-hosting\/","title":{"rendered":"Dedizierter Server-Hosting"},"content":{"rendered":"<h2 class=\"ods-title font-weight-bold text-level--xl mb-5 text-left \">Erfahren Sie mehr \u00fcber Baduno dedizierte Server<\/h2>\n<div class=\"limited-content-size\" data-seo-content=\"\">\n<h3>Was ist ein dedizierter Server?<\/h3>\n<p>Ein dedizierter Server oder Computing-Server ist ein Rechner, der seine gesamten Hardwareressourcen dem Benutzer zur Verf\u00fcgung stellt. Im Gegensatz zu einem virtuellen Server, bei dem ein Teil der Ressourcen der Virtualisierungstechnologie zugewiesen wird, bietet Ihnen ein dedizierter Server seinen gesamten Arbeitsspeicher, Speicherplatz und seine gesamte Rechenleistung. Diese Technologie kann auf das Cloud Computing angewendet werden, w\u00e4hrend dedizierte Server als &#8222;Bare-Metal&#8220; bezeichnet werden. Bei dieser Art von L\u00f6sung steht die physische Verf\u00fcgbarkeit der Hardwareressourcen des Servers im Vordergrund, im Gegensatz zu Diensten, die auf virtuellen Instanzen basieren.<\/p>\n<h3>Welchen dedizierten Server sollte ich w\u00e4hlen?<\/h3>\n<p>Unsere dedizierten Serverkonfigurationen sind speziell auf eine breite Palette professioneller Anwendungen abgestimmt. Je nach Ihren Bed\u00fcrfnissen k\u00f6nnen Sie sich f\u00fcr mehr RAM, mehr Speicherplatz oder einen schnelleren Prozessor entscheiden.<\/p>\n<p>Die dedizierten Server von Baduno zeichnen sich auch durch ihre Bandbreitenkapazit\u00e4t und die damit verbundenen Dienstleistungen aus. Sie k\u00f6nnen auch unsere Anti-DDoS-L\u00f6sung nutzen, die f\u00fcr Spiele geeignet ist &#8211; und unser privates Netzwerk (vRack) kann verwendet werden, um Ihren dedizierten Server mit Ihrer Infrastruktur zu verbinden, oder sogar Hardware-RAID. W\u00e4hlen Sie eine Konfiguration, die Ihren Bed\u00fcrfnissen am besten entspricht.<\/p>\n<h3>Cloud-L\u00f6sungen, gemeinsames Hosting oder ein dedizierter Server?<\/h3>\n<p>Es gibt zwei Hauptfaktoren, die einen dedizierten Server von einer Cloud-Instanz unterscheiden. Erstens ist die reine Leistung des Rechners anders: Auf einem dedizierten Server gibt es keine Virtualisierungsschicht, die Ressourcen verbraucht, so dass die volle Nutzung der physischen Ressourcen gew\u00e4hrleistet ist. Der zweite Unterschied betrifft die Ebene der Serververwaltung. Bei einem dedizierten Server verwalten Sie alles, von der Konfiguration bis zu den Daten, die darauf gehostet werden, und Sie sind auch f\u00fcr die Sicherheit des Servers verantwortlich. Das bedeutet, dass Sie sich f\u00fcr eine erweiterte Installation entscheiden k\u00f6nnen, die beispielsweise f\u00fcr die Nutzung bestimmter Gesch\u00e4ftsanwendungen unerl\u00e4sslich ist. Der Hauptvorteil einer dedizierten L\u00f6sung ist die v\u00f6llige Freiheit, die Sie als Administrator haben. Wenn Sie jedoch das technische Management vermeiden und sich ausschlie\u00dflich auf Ihr Webprojekt konzentrieren m\u00f6chten, dann sind die Baduno Public Cloud Instanzen die beste L\u00f6sung f\u00fcr Sie. Sie m\u00f6chten nur eine einfache Website erstellen? Werfen Sie einen Blick auf unsere Shared-Hosting-L\u00f6sungen, die Ihnen eine Hosting-Plattform zu einem unschlagbaren Preis bieten, wobei die Konfiguration vollst\u00e4ndig von Baduno verwaltet wird.<\/p>\n<\/div>\n","protected":false},"excerpt":{"rendered":"<div class=\"elementor-element elementor-element-2711060 elementor-widget elementor-widget-heading\" data-id=\"2711060\" data-element_type=\"widget\" data-widget_type=\"heading.default\">\n<div class=\"elementor-widget-container\">\n<h3 class=\"elementor-heading-title elementor-size-default\">Bereitstellen und Erweitern mit Baduno<\/h3>\n<\/div>\n<\/div>\n<div class=\"elementor-element elementor-element-52a78b4e elementor-widget elementor-widget-text-editor\" data-id=\"52a78b4e\" data-element_type=\"widget\" data-widget_type=\"text-editor.default\">\n<div class=\"elementor-widget-container\">\n<div class=\"elementor-text-editor elementor-clearfix\">\n<p>Verwalten Sie eine umfangreiche Infrastruktur ganz einfach mit robusten Tools, wie z. B. gemanagte Dienste, sofortige Bereitstellung auf der ganzen Welt, DNS-Verwaltung, sofortige Reloads, Bandbreiten\u00fcberwachung und vieles mehr &#8211; alles \u00fcber ein blitzschnelles, mobilfreundliches Control Panel.<\/p>\n<\/div>\n<\/div>\n<\/div>\n","protected":false},"featured_media":959,"comment_status":"open","ping_status":"closed","template":"","meta":[],"product_cat":[72,77,78,79],"product_tag":[],"class_list":{"0":"post-965","1":"product","2":"type-product","3":"status-publish","4":"has-post-thumbnail","6":"product_cat-seo-de","7":"product_cat-web-de","8":"product_cat-server-de","9":"product_cat-hosting-de","11":"first","12":"instock","13":"sale","14":"sold-individually","15":"shipping-taxable","16":"purchasable","17":"product-type-variable","18":"has-default-attributes"},"_links":{"self":[{"href":"https:\/\/www.baduno.com\/de\/wp-json\/wp\/v2\/product\/965","targetHints":{"allow":["GET"]}}],"collection":[{"href":"https:\/\/www.baduno.com\/de\/wp-json\/wp\/v2\/product"}],"about":[{"href":"https:\/\/www.baduno.com\/de\/wp-json\/wp\/v2\/types\/product"}],"replies":[{"embeddable":true,"href":"https:\/\/www.baduno.com\/de\/wp-json\/wp\/v2\/comments?post=965"}],"wp:featuredmedia":[{"embeddable":true,"href":"https:\/\/www.baduno.com\/de\/wp-json\/wp\/v2\/media\/959"}],"wp:attachment":[{"href":"https:\/\/www.baduno.com\/de\/wp-json\/wp\/v2\/media?parent=965"}],"wp:term":[{"taxonomy":"product_cat","embeddable":true,"href":"https:\/\/www.baduno.com\/de\/wp-json\/wp\/v2\/product_cat?post=965"},{"taxonomy":"product_tag","embeddable":true,"href":"https:\/\/www.baduno.com\/de\/wp-json\/wp\/v2\/product_tag?post=965"}],"curies":[{"name":"wp","href":"https:\/\/api.w.org\/{rel}","templated":true}]}}