{"id":668,"date":"2022-06-27T13:05:00","date_gmt":"2022-06-27T13:05:00","guid":{"rendered":"https:\/\/www.baduno.com\/product\/seo-text\/"},"modified":"2022-06-27T13:05:00","modified_gmt":"2022-06-27T13:05:00","slug":"seo-text-2","status":"publish","type":"product","link":"https:\/\/www.baduno.com\/de\/produkt\/seo-text-2\/","title":{"rendered":"SEO-Text"},"content":{"rendered":"<p>Surfer ist eines der besten Tools f\u00fcr die Content-Planung und -Strategie, da es \u00fcber eine Reihe von Funktionen verf\u00fcgt, die Ihnen dabei helfen k\u00f6nnen, Keyword-Ideen zu finden und diese in Inhalte mit hohem Ranking-Potenzial zu verwandeln.<\/p>\n<p>Auf der Grundlage eines einzigen Schl\u00fcsselworts liefert Surfer eine Vielzahl verwandter Suchbegriffe und kategorisiert sie in relevante Gruppen, die Ihnen dabei helfen k\u00f6nnen, mehrere Suchbegriffe in einem einzigen Inhalt zu erfassen. Es wird auch Einblicke in die Suchabsicht und das Suchvolumen geben.<\/p>\n<p>Dann k\u00f6nnen Sie das KI-gest\u00fctzte Briefing-Tool verwenden, um mit wenigen Klicks ein SEO-optimiertes Briefing f\u00fcr Ihre Artikel-Slips zu erstellen.<\/p>\n<p>Surfer enth\u00e4lt auch ein Content-Editor-Tool, das die Inhalte der Autoren bei der Erstellung bewertet und feststellt, welche relevanten Suchbegriffe wie oft enthalten sind. Sie k\u00f6nnen auch das Surfer-Audit-Tool verwenden, um bestehende Inhalte auf Ihrer Website zu bearbeiten und zu optimieren.<\/p>\n<p>Insgesamt ist Surfer eines der besten Tools zur Optimierung der Planung und Optimierung von Inhalten. Es ist auch eine besonders gute Wahl f\u00fcr Website-Besitzer, die Schreibaufgaben auslagern, da Sie mit Surfer detaillierte Briefings f\u00fcr Autoren erstellen und dank des Bewertungssystems f\u00fcr Inhalte konsistente Qualit\u00e4tsstandards einhalten k\u00f6nnen.<\/p>\n<p>Mir gef\u00e4llt besonders, wie gut Surfer mit anderen Plattformen zusammenarbeitet und wie n\u00fctzlich es f\u00fcr Teams ist. So k\u00f6nnen beispielsweise Inhaltsredakteure erstellt und \u00fcber einen Freigabelink an eine unbegrenzte Anzahl von Teammitgliedern weitergegeben werden. Mit der Chrome-Erweiterung k\u00f6nnen Sie dann Inhalte direkt in Google Docs und WordPress optimieren.<\/p>\n","protected":false},"excerpt":{"rendered":"<p>Ihre Website ist online. Sie haben sich sehr viel M\u00fche mit dem Design gegeben. Nat\u00fcrlich m\u00f6chten Sie, dass Ihre Website von vielen Menschen besucht wird. Was ist der beste Weg? Der einfachste Weg w\u00e4re nat\u00fcrlich \u00fcber Google. Aber wenn Sie Ihre Website in die Suchleiste eingeben, sehen Sie Ihre Seite viel zu weit unten. Noch schlimmer ist es, wenn Sie nur auf der zweiten Seite erscheinen. Wie k\u00f6nnen Sie das \u00e4ndern? Mit SEO-Texten k\u00f6nnen Sie Ihr Ranking verbessern. Aber was ist SEO \u00fcberhaupt? Was hat das mit Google zu tun? Welche Aspekte sollten Sie ber\u00fccksichtigen? Lesen Sie die folgenden Abschnitte und erfahren Sie, was genau SEO ist und wie es Ihrer Website zu einem besseren Ranking verhelfen kann. Wenn Sie etwas nicht verstehen, k\u00f6nnen Sie uns gerne kontaktieren.<\/p>\n","protected":false},"featured_media":405,"comment_status":"open","ping_status":"closed","template":"","meta":[],"product_cat":[72],"product_tag":[],"class_list":{"0":"post-668","1":"product","2":"type-product","3":"status-publish","4":"has-post-thumbnail","6":"product_cat-seo-de","8":"first","9":"instock","10":"sale","11":"shipping-taxable","12":"purchasable","13":"product-type-variable"},"_links":{"self":[{"href":"https:\/\/www.baduno.com\/de\/wp-json\/wp\/v2\/product\/668","targetHints":{"allow":["GET"]}}],"collection":[{"href":"https:\/\/www.baduno.com\/de\/wp-json\/wp\/v2\/product"}],"about":[{"href":"https:\/\/www.baduno.com\/de\/wp-json\/wp\/v2\/types\/product"}],"replies":[{"embeddable":true,"href":"https:\/\/www.baduno.com\/de\/wp-json\/wp\/v2\/comments?post=668"}],"wp:featuredmedia":[{"embeddable":true,"href":"https:\/\/www.baduno.com\/de\/wp-json\/wp\/v2\/media\/405"}],"wp:attachment":[{"href":"https:\/\/www.baduno.com\/de\/wp-json\/wp\/v2\/media?parent=668"}],"wp:term":[{"taxonomy":"product_cat","embeddable":true,"href":"https:\/\/www.baduno.com\/de\/wp-json\/wp\/v2\/product_cat?post=668"},{"taxonomy":"product_tag","embeddable":true,"href":"https:\/\/www.baduno.com\/de\/wp-json\/wp\/v2\/product_tag?post=668"}],"curies":[{"name":"wp","href":"https:\/\/api.w.org\/{rel}","templated":true}]}}