{"id":649,"date":"2022-06-26T18:21:53","date_gmt":"2022-06-26T18:21:53","guid":{"rendered":"https:\/\/www.baduno.com\/product\/macht-der-sozialen-medien\/"},"modified":"2022-06-26T18:21:53","modified_gmt":"2022-06-26T18:21:53","slug":"social-media-power-2","status":"publish","type":"product","link":"https:\/\/www.baduno.com\/de\/produkt\/social-media-power-2\/","title":{"rendered":"Macht der sozialen Medien"},"content":{"rendered":"<p>Entdecken Sie, wie Sie die Macht von Social-Media-Seiten wie Facebook und Twitter nutzen k\u00f6nnen, um Ihr Gesch\u00e4ft in Schwung zu bringen. In diesem Leitfaden finden Sie 200 wirkungsvolle Social-Media-Taktiken f\u00fcr mehr Umsatz, Fans und Follower.<\/p>\n","protected":false},"excerpt":{"rendered":"<p>Soziale Medien &#8211; das ist wahrscheinlich die ph\u00e4nomenalste Erfindung, die der Mensch seit der Geburt des World Wide Web gemacht hat. Und auch wenn fr\u00fchere Versionen der Online-Kommunikation seit den Anf\u00e4ngen des Internets florieren, ist nichts mit der Vielseitigkeit, der Benutzerfreundlichkeit und dem Spa\u00dffaktor der sozialen Medien vergleichbar.<\/p>\n","protected":false},"featured_media":369,"comment_status":"open","ping_status":"closed","template":"","meta":[],"product_cat":[55],"product_tag":[],"class_list":{"0":"post-649","1":"product","2":"type-product","3":"status-publish","4":"has-post-thumbnail","6":"product_cat-marketing-fur-soziale-medien","8":"first","9":"instock","10":"sale","11":"downloadable","12":"shipping-taxable","13":"purchasable","14":"product-type-simple"},"_links":{"self":[{"href":"https:\/\/www.baduno.com\/de\/wp-json\/wp\/v2\/product\/649","targetHints":{"allow":["GET"]}}],"collection":[{"href":"https:\/\/www.baduno.com\/de\/wp-json\/wp\/v2\/product"}],"about":[{"href":"https:\/\/www.baduno.com\/de\/wp-json\/wp\/v2\/types\/product"}],"replies":[{"embeddable":true,"href":"https:\/\/www.baduno.com\/de\/wp-json\/wp\/v2\/comments?post=649"}],"wp:featuredmedia":[{"embeddable":true,"href":"https:\/\/www.baduno.com\/de\/wp-json\/wp\/v2\/media\/369"}],"wp:attachment":[{"href":"https:\/\/www.baduno.com\/de\/wp-json\/wp\/v2\/media?parent=649"}],"wp:term":[{"taxonomy":"product_cat","embeddable":true,"href":"https:\/\/www.baduno.com\/de\/wp-json\/wp\/v2\/product_cat?post=649"},{"taxonomy":"product_tag","embeddable":true,"href":"https:\/\/www.baduno.com\/de\/wp-json\/wp\/v2\/product_tag?post=649"}],"curies":[{"name":"wp","href":"https:\/\/api.w.org\/{rel}","templated":true}]}}