{"id":639,"date":"2022-06-26T18:17:19","date_gmt":"2022-06-26T18:17:19","guid":{"rendered":"https:\/\/www.baduno.com\/product\/die-google-business-blaupause\/"},"modified":"2022-06-26T18:17:19","modified_gmt":"2022-06-26T18:17:19","slug":"der-google-business-blueprint","status":"publish","type":"product","link":"https:\/\/www.baduno.com\/de\/produkt\/der-google-business-blueprint\/","title":{"rendered":"Die Google+ Business Blaupause"},"content":{"rendered":"<p>Google+ wurde im Juni 2011 eingef\u00fchrt und ist ein neues soziales Netzwerk, das bei Vermarktern gro\u00dfe Aufmerksamkeit erregt. In nur wenigen Monaten hat die Plattform mehr als 40 Millionen Nutzer, fast ein Drittel der 135 Millionen Mitglieder von LinkedIn, erreicht. Trotz dieses beeindruckenden Wachstums ist die Akzeptanz von Google+ noch nicht mit der von Facebook vergleichbar, das mehr als 800 Millionen Nutzer hat. Aber wer wei\u00df schon, was als n\u00e4chstes passiert, und k\u00f6nnen Sie es sich leisten, es zu ignorieren?<\/p>\n","protected":false},"excerpt":{"rendered":"<p>Anfang November hat Google+ endlich die Business Pages eingef\u00fchrt. Die Plattform erm\u00f6glicht es Unternehmen nicht nur, Seiten zu erstellen, sondern ermutigt sie auch, ihre Anh\u00e4ngerschaft zu vergr\u00f6\u00dfern. &#8222;Ich gehe davon aus, dass Marken dies bemerken und Marketingpl\u00e4ne darauf aufbauen werden&#8220;, sagte Bradley Horowitz, Vice President f\u00fcr Produkte bei Google+, in einem Artikel f\u00fcr die New York Times. Seine Aussage unterstreicht definitiv das Potenzial des sozialen Netzwerks f\u00fcr Marketingzwecke.<\/p>\n","protected":false},"featured_media":356,"comment_status":"open","ping_status":"closed","template":"","meta":[],"product_cat":[59],"product_tag":[],"class_list":{"0":"post-639","1":"product","2":"type-product","3":"status-publish","4":"has-post-thumbnail","6":"product_cat-soziales-online-marketing","8":"first","9":"instock","10":"sale","11":"downloadable","12":"shipping-taxable","13":"purchasable","14":"product-type-simple"},"_links":{"self":[{"href":"https:\/\/www.baduno.com\/de\/wp-json\/wp\/v2\/product\/639","targetHints":{"allow":["GET"]}}],"collection":[{"href":"https:\/\/www.baduno.com\/de\/wp-json\/wp\/v2\/product"}],"about":[{"href":"https:\/\/www.baduno.com\/de\/wp-json\/wp\/v2\/types\/product"}],"replies":[{"embeddable":true,"href":"https:\/\/www.baduno.com\/de\/wp-json\/wp\/v2\/comments?post=639"}],"wp:featuredmedia":[{"embeddable":true,"href":"https:\/\/www.baduno.com\/de\/wp-json\/wp\/v2\/media\/356"}],"wp:attachment":[{"href":"https:\/\/www.baduno.com\/de\/wp-json\/wp\/v2\/media?parent=639"}],"wp:term":[{"taxonomy":"product_cat","embeddable":true,"href":"https:\/\/www.baduno.com\/de\/wp-json\/wp\/v2\/product_cat?post=639"},{"taxonomy":"product_tag","embeddable":true,"href":"https:\/\/www.baduno.com\/de\/wp-json\/wp\/v2\/product_tag?post=639"}],"curies":[{"name":"wp","href":"https:\/\/api.w.org\/{rel}","templated":true}]}}