{"id":637,"date":"2022-06-26T18:14:04","date_gmt":"2022-06-26T18:14:04","guid":{"rendered":"https:\/\/www.baduno.com\/product\/meine-facebook-formel\/"},"modified":"2022-06-26T18:14:04","modified_gmt":"2022-06-26T18:14:04","slug":"meine-facebook-formel","status":"publish","type":"product","link":"https:\/\/www.baduno.com\/de\/produkt\/meine-facebook-formel\/","title":{"rendered":"Meine Facebook-Formel"},"content":{"rendered":"<p>Der einzige Vorteil, den Sie als Kleinunternehmer gegen\u00fcber einem Gro\u00dfunternehmen haben, sind Beziehungen. Ja, Sie haben richtig geh\u00f6rt! Es ist wahrscheinlicher, dass Sie mehr Zeit f\u00fcr den Aufbau von Beziehungen zu Ihren Kunden aufwenden als ein gro\u00dfes Unternehmen, da diese sich haupts\u00e4chlich auf ihr Endergebnis und die Kapitalrendite konzentrieren und dabei Strategien und Taktiken \u00fcbersehen, die sich nicht sofort in greifbare Ergebnisse umwandeln. Aber auch die &#8222;Gro\u00dfen&#8220; beginnen, den Wert von Social-Media-Websites und den Aufbau von Beziehungen zu ihren Kunden zu verstehen, weshalb Sie auf diesen Zug der M\u00f6glichkeiten aufspringen m\u00fcssen, bevor er an Ihnen vorbeizieht.<\/p>\n","protected":false},"excerpt":{"rendered":"<p>Das Internet und insbesondere die sozialen Medien haben dazu gef\u00fchrt, dass die Grenze zwischen unserem Privat- und Berufsleben immer mehr verschwimmt. Soziale Medien bieten den Menschen die M\u00f6glichkeit, mit nur wenigen Klicks und bequem von zu Hause aus mit alten Freunden in Kontakt zu treten, neue Freunde zu finden und ihr berufliches Netzwerk zu erweitern<\/p>\n","protected":false},"featured_media":343,"comment_status":"open","ping_status":"closed","template":"","meta":[],"product_cat":[59],"product_tag":[],"class_list":{"0":"post-637","1":"product","2":"type-product","3":"status-publish","4":"has-post-thumbnail","6":"product_cat-soziales-online-marketing","8":"first","9":"instock","10":"sale","11":"downloadable","12":"shipping-taxable","13":"purchasable","14":"product-type-simple"},"_links":{"self":[{"href":"https:\/\/www.baduno.com\/de\/wp-json\/wp\/v2\/product\/637","targetHints":{"allow":["GET"]}}],"collection":[{"href":"https:\/\/www.baduno.com\/de\/wp-json\/wp\/v2\/product"}],"about":[{"href":"https:\/\/www.baduno.com\/de\/wp-json\/wp\/v2\/types\/product"}],"replies":[{"embeddable":true,"href":"https:\/\/www.baduno.com\/de\/wp-json\/wp\/v2\/comments?post=637"}],"wp:featuredmedia":[{"embeddable":true,"href":"https:\/\/www.baduno.com\/de\/wp-json\/wp\/v2\/media\/343"}],"wp:attachment":[{"href":"https:\/\/www.baduno.com\/de\/wp-json\/wp\/v2\/media?parent=637"}],"wp:term":[{"taxonomy":"product_cat","embeddable":true,"href":"https:\/\/www.baduno.com\/de\/wp-json\/wp\/v2\/product_cat?post=637"},{"taxonomy":"product_tag","embeddable":true,"href":"https:\/\/www.baduno.com\/de\/wp-json\/wp\/v2\/product_tag?post=637"}],"curies":[{"name":"wp","href":"https:\/\/api.w.org\/{rel}","templated":true}]}}