{"id":621,"date":"2022-06-26T17:28:40","date_gmt":"2022-06-26T17:28:40","guid":{"rendered":"https:\/\/www.baduno.com\/product\/facebook-marketing-wahnsinn\/"},"modified":"2022-06-26T17:28:40","modified_gmt":"2022-06-26T17:28:40","slug":"facebook-marketing-mania-2","status":"publish","type":"product","link":"https:\/\/www.baduno.com\/de\/produkt\/facebook-marketing-mania-2\/","title":{"rendered":"Facebook-Marketing-Wahnsinn"},"content":{"rendered":"<p>Der Weg, um massiven Traffic \u00fcber eine Fanseite zu generieren, besteht darin, Ihre Fans dazu zu bringen, mit dem Inhalt zu interagieren, den Sie auf Ihrer Fanseite ver\u00f6ffentlichen. Hier finden Sie einige Techniken, mit denen Sie das erreichen k\u00f6nnen:<\/p>\n<p>-Fragen stellen. Eine M\u00f6glichkeit besteht darin, denjenigen, denen wir auf Facebook &#8222;gefallen&#8220;, einfach Fragen zu stellen. Alle ein bis zwei Tage stellen wir eine einfache Frage, in der wir die Leser um ihre Meinung bitten, um eine Erfahrung, die sie gemacht haben, um etwas \u00fcber Dinge zu erz\u00e4hlen, die sie interessieren, und so weiter.<\/p>\n","protected":false},"excerpt":{"rendered":"<p>Facebook-Fanseiten k\u00f6nnen ein sehr n\u00fctzliches Instrument sein, um massiven Verkehr auf Ihre Websites, Ihre Facebook-Seite oder Ihren Blog zu ziehen. Fan-Seiten sind besser als Profilseiten, weil sie &#8222;Fans&#8220; haben, die st\u00e4ndig \u00fcber alles, was Sie auf Ihrer Fan-Seite ver\u00f6ffentlichen, informiert werden.<\/p>\n","protected":false},"featured_media":296,"comment_status":"open","ping_status":"closed","template":"","meta":[],"product_cat":[55],"product_tag":[],"class_list":{"0":"post-621","1":"product","2":"type-product","3":"status-publish","4":"has-post-thumbnail","6":"product_cat-marketing-fur-soziale-medien","8":"first","9":"instock","10":"sale","11":"downloadable","12":"shipping-taxable","13":"purchasable","14":"product-type-simple"},"_links":{"self":[{"href":"https:\/\/www.baduno.com\/de\/wp-json\/wp\/v2\/product\/621","targetHints":{"allow":["GET"]}}],"collection":[{"href":"https:\/\/www.baduno.com\/de\/wp-json\/wp\/v2\/product"}],"about":[{"href":"https:\/\/www.baduno.com\/de\/wp-json\/wp\/v2\/types\/product"}],"replies":[{"embeddable":true,"href":"https:\/\/www.baduno.com\/de\/wp-json\/wp\/v2\/comments?post=621"}],"wp:featuredmedia":[{"embeddable":true,"href":"https:\/\/www.baduno.com\/de\/wp-json\/wp\/v2\/media\/296"}],"wp:attachment":[{"href":"https:\/\/www.baduno.com\/de\/wp-json\/wp\/v2\/media?parent=621"}],"wp:term":[{"taxonomy":"product_cat","embeddable":true,"href":"https:\/\/www.baduno.com\/de\/wp-json\/wp\/v2\/product_cat?post=621"},{"taxonomy":"product_tag","embeddable":true,"href":"https:\/\/www.baduno.com\/de\/wp-json\/wp\/v2\/product_tag?post=621"}],"curies":[{"name":"wp","href":"https:\/\/api.w.org\/{rel}","templated":true}]}}