{"id":618,"date":"2022-06-26T15:00:57","date_gmt":"2022-06-26T15:00:57","guid":{"rendered":"https:\/\/www.baduno.com\/product\/video-pro-wie-sie-video-marketing-in-ihrem-unternehmen-einsetzen\/"},"modified":"2022-06-26T15:00:57","modified_gmt":"2022-06-26T15:00:57","slug":"video-pro-wie-man-video-marketing-in-ihrem-unternehmen-einsetzt","status":"publish","type":"product","link":"https:\/\/www.baduno.com\/de\/produkt\/video-pro-wie-man-video-marketing-in-ihrem-unternehmen-einsetzt\/","title":{"rendered":"Video Pro: Wie Sie Video-Marketing in Ihrem Unternehmen einsetzen"},"content":{"rendered":"<p>Suchen Sie mehr Kunden? Sie haben alles andere ausprobiert und wurden entt\u00e4uscht? Wahrscheinlich nutzen Sie die Vorteile des Videomarketings nicht.<\/p>\n<p>Unabh\u00e4ngig von Ihrem Markt bietet Ihnen Video mehr M\u00f6glichkeiten, Ihre Marke auszubauen, indem Sie ihr Sichtbarkeit verschaffen und Glaubw\u00fcrdigkeit in Ihrer Nische schaffen.<\/p>\n<p>Die Entwicklung einer guten Videomarketingstrategie sollte eines Ihrer Ziele sein, wenn Sie ein gr\u00f6\u00dferes Publikum ansprechen wollen.<\/p>\n<p><strong>Warum sollten Sie Videos in Ihrem Unternehmen einsetzen?<\/strong><\/p>\n<p>&#8211; Niedrige Einstiegsh\u00fcrde: Wie bereits erw\u00e4hnt, erfordert die Erstellung von Online-Videos nur sehr geringe Investitionen. Im Wesentlichen ben\u00f6tigen Sie eine Web-Cam und ein YouTube-Konto.<\/p>\n<p>&#8211; Mit Online-Videos k\u00f6nnen Sie starke, \u00fcberzeugende Botschaften vermitteln, Glaubw\u00fcrdigkeit schaffen und Ihre Vertrauensw\u00fcrdigkeit erh\u00f6hen. Es ist viel wahrscheinlicher, dass die Menschen Ihnen vertrauen und eine Beziehung zu Ihnen aufbauen, wenn sie Sie sehen und Ihre Stimme h\u00f6ren k\u00f6nnen.<\/p>\n<p>&#8211; Wie bei den sozialen Medien k\u00f6nnen Sie mit Online-Videos eine st\u00e4rkere pers\u00f6nliche Verbindung zu Ihren Kunden und potenziellen Kunden aufbauen, noch bevor Sie sie pers\u00f6nlich treffen.<\/p>\n<p>&#8211; Es ist gut f\u00fcr die Platzierung in Suchmaschinen: Laut einer Studie von Forrester Research kann eine st\u00e4rkere Pr\u00e4senz auf YouTube zu besseren Platzierungen f\u00fchren, da Videos bis zu 50 Mal bessere Chancen haben, in den Suchergebnissen ganz oben zu erscheinen als reiner Text.<\/p>\n","protected":false},"excerpt":{"rendered":"<p>Online-Videos werden schon seit geraumer Zeit von gro\u00dfen und kleinen Unternehmen aller Branchen erfolgreich als Marketing- und Werbemittel eingesetzt. Die f\u00fcr die Erstellung und Ausstrahlung dieser Videos erforderlichen Ressourcen &#8211; YouTube und dergleichen &#8211; sind leicht verf\u00fcgbar, so dass es f\u00fcr kleine Unternehmen und Unternehmer einfacher wird, potenzielle Kunden schnell und kosteng\u00fcnstig zu erreichen.<\/p>\n","protected":false},"featured_media":223,"comment_status":"open","ping_status":"closed","template":"","meta":[],"product_cat":[59],"product_tag":[],"class_list":{"0":"post-618","1":"product","2":"type-product","3":"status-publish","4":"has-post-thumbnail","6":"product_cat-soziales-online-marketing","8":"first","9":"instock","10":"sale","11":"downloadable","12":"shipping-taxable","13":"purchasable","14":"product-type-simple"},"_links":{"self":[{"href":"https:\/\/www.baduno.com\/de\/wp-json\/wp\/v2\/product\/618","targetHints":{"allow":["GET"]}}],"collection":[{"href":"https:\/\/www.baduno.com\/de\/wp-json\/wp\/v2\/product"}],"about":[{"href":"https:\/\/www.baduno.com\/de\/wp-json\/wp\/v2\/types\/product"}],"replies":[{"embeddable":true,"href":"https:\/\/www.baduno.com\/de\/wp-json\/wp\/v2\/comments?post=618"}],"wp:featuredmedia":[{"embeddable":true,"href":"https:\/\/www.baduno.com\/de\/wp-json\/wp\/v2\/media\/223"}],"wp:attachment":[{"href":"https:\/\/www.baduno.com\/de\/wp-json\/wp\/v2\/media?parent=618"}],"wp:term":[{"taxonomy":"product_cat","embeddable":true,"href":"https:\/\/www.baduno.com\/de\/wp-json\/wp\/v2\/product_cat?post=618"},{"taxonomy":"product_tag","embeddable":true,"href":"https:\/\/www.baduno.com\/de\/wp-json\/wp\/v2\/product_tag?post=618"}],"curies":[{"name":"wp","href":"https:\/\/api.w.org\/{rel}","templated":true}]}}