{"id":615,"date":"2022-06-26T15:16:38","date_gmt":"2022-06-26T15:16:38","guid":{"rendered":"https:\/\/www.baduno.com\/product\/modernes-facebook-marketing\/"},"modified":"2022-06-26T15:16:38","modified_gmt":"2022-06-26T15:16:38","slug":"modernes-facebook-marketing","status":"publish","type":"product","link":"https:\/\/www.baduno.com\/de\/produkt\/modernes-facebook-marketing\/","title":{"rendered":"Modernes Facebook-Marketing"},"content":{"rendered":"<p>Wenn es darum geht, demografische Gruppen auf der Grundlage des individuellen Nutzerverhaltens gezielt anzusprechen, kommt nichts auch nur ann\u00e4hernd an Facebook heran. Facebook kann anhand von Vermutungen feststellen, welche Interessen Sie haben, und kann Ihnen dann Werbung zeigen, die zu diesen Interessen passt. Das ist kein leichtes Ziel, wohlgemerkt. Sie k\u00f6nnen es sich wirklich nicht leisten, auf Facebook und sein Marketingpotenzial zu verzichten. Hier sind nur einige der Dinge, die Sie in diesem ebook lernen werden:<\/p>\n<ul>\n<li>Sie werden Facebook-Marketing verstehen.<\/li>\n<li>Sie werden lernen, h\u00e4ufige Facebook-Marketing-Fehler zu erkennen.<\/li>\n<li>Sie werden Facebook in Bezug auf Effizienz, Effektivit\u00e4t und Investitionsrentabilit\u00e4t verstehen.<\/li>\n<li>Sie k\u00f6nnen damit beginnen, das branchen\u00fcbliche Erscheinungsbild, die Inhaltsstrategie und andere Elemente herauszuarbeiten.<\/li>\n<li>Sie erfahren, wie Sie am besten auf Facebook werben k\u00f6nnen.<\/li>\n<\/ul>\n","protected":false},"excerpt":{"rendered":"<p>Die geheime So\u00dfe hinter Ad Retargeting Wenn Sie diesen Artikel lesen, haben Sie wahrscheinlich schon alles M\u00f6gliche \u00fcber die Ad Retargeting-Technologie von Facebook geh\u00f6rt. Ich kann Ihnen sagen, dass die meisten Dinge, die Sie geh\u00f6rt haben, absolut richtig sind. Vielleicht haben Sie schon einmal davon geh\u00f6rt, dass H\u00e4ndler mit Hilfe von Retargeting-Anzeigen Kunden zur\u00fcck in den Einkaufswagen bringen k\u00f6nnen, damit sie etwas kaufen. Das ist absolut richtig. Es funktioniert nicht immer zu 100 %, aber es funktioniert genug, um einen gro\u00dfen Unterschied zu machen. In \u00e4hnlicher Weise erm\u00f6glicht das Ad-Retargeting den H\u00e4ndlern, Kunden auf Inhaltsseiten zu leiten, die sie schlie\u00dflich in zahlende K\u00e4ufer umwandeln.<\/p>\n","protected":false},"featured_media":233,"comment_status":"open","ping_status":"closed","template":"","meta":[],"product_cat":[55],"product_tag":[],"class_list":{"0":"post-615","1":"product","2":"type-product","3":"status-publish","4":"has-post-thumbnail","6":"product_cat-marketing-fur-soziale-medien","8":"first","9":"instock","10":"sale","11":"downloadable","12":"shipping-taxable","13":"purchasable","14":"product-type-simple"},"_links":{"self":[{"href":"https:\/\/www.baduno.com\/de\/wp-json\/wp\/v2\/product\/615","targetHints":{"allow":["GET"]}}],"collection":[{"href":"https:\/\/www.baduno.com\/de\/wp-json\/wp\/v2\/product"}],"about":[{"href":"https:\/\/www.baduno.com\/de\/wp-json\/wp\/v2\/types\/product"}],"replies":[{"embeddable":true,"href":"https:\/\/www.baduno.com\/de\/wp-json\/wp\/v2\/comments?post=615"}],"wp:featuredmedia":[{"embeddable":true,"href":"https:\/\/www.baduno.com\/de\/wp-json\/wp\/v2\/media\/233"}],"wp:attachment":[{"href":"https:\/\/www.baduno.com\/de\/wp-json\/wp\/v2\/media?parent=615"}],"wp:term":[{"taxonomy":"product_cat","embeddable":true,"href":"https:\/\/www.baduno.com\/de\/wp-json\/wp\/v2\/product_cat?post=615"},{"taxonomy":"product_tag","embeddable":true,"href":"https:\/\/www.baduno.com\/de\/wp-json\/wp\/v2\/product_tag?post=615"}],"curies":[{"name":"wp","href":"https:\/\/api.w.org\/{rel}","templated":true}]}}