{"id":612,"date":"2022-06-26T14:57:58","date_gmt":"2022-06-26T14:57:58","guid":{"rendered":"https:\/\/www.baduno.com\/product\/online-video-meistern-und-vermarkten-leicht-gemacht\/"},"modified":"2022-06-26T14:57:58","modified_gmt":"2022-06-26T14:57:58","slug":"mastering-und-marketing-online-video-einfach-gemacht","status":"publish","type":"product","link":"https:\/\/www.baduno.com\/de\/produkt\/mastering-und-marketing-online-video-einfach-gemacht\/","title":{"rendered":"Online-Video meistern und vermarkten leicht gemacht"},"content":{"rendered":"<p>Erscheint Ihnen ein effizientes, effektives und wettbewerbsf\u00e4higes Marketing fast unm\u00f6glich? Haben Sie Monate harter Arbeit und mehrere tausend Dollar damit verbracht, das SEO-Puzzle zu entmystifizieren? Erweisen sich die &#8222;selbsternannten&#8220; SEO-Experten als wertlos f\u00fcr Sie? Sp\u00fcren Sie die Hitze der Wirtschaftskrise? Seien Sie nicht desillusioniert! Es gibt immer noch eine M\u00f6glichkeit, einen hohen ROI zu erreichen! Nutzen Sie Videomarketing anstelle der traditionellen Techniken, um in der Gesellschaft aufzusteigen!<\/p>\n<p>Nutzen Sie die Macht des Videomarketings, um eine Online-Sensation zu werden! Treten Sie mit Ihren potenziellen Kunden in Kontakt und werden Sie zu einer Marke, mit der man sich messen kann!<\/p>\n","protected":false},"excerpt":{"rendered":"<p>Der technologische Wandel hat einen Paradigmenwechsel in der Art und Weise herbeigef\u00fchrt, wie Unternehmen fr\u00fcher ihre Gesch\u00e4fte betrieben. Vorbei sind die Zeiten, in denen Printmedien, Radio und Fernsehen als die einzigen M\u00f6glichkeiten galten, die Massen zu erreichen. Die Entwicklung des Internets hat insbesondere in den Bereichen Werbung und Marketing eine Revolution ausgel\u00f6st. Das Internet hat sich zum effektivsten Kommunikationsmittel entwickelt, und heute sind Millionen von Unternehmen auf der ganzen Welt auf die eine oder andere Weise im Online-Gesch\u00e4ft t\u00e4tig. Selbst Unternehmen, die keine Online-Pr\u00e4senz haben, verlassen sich weitgehend auf Online-Werbe- und Marketingkampagnen, um Millionen von potenziellen Verbrauchern zu erreichen, Markenbewusstsein zu schaffen und ihre Produkte und Dienstleistungen zu bewerben.<\/p>\n","protected":false},"featured_media":213,"comment_status":"open","ping_status":"closed","template":"","meta":[],"product_cat":[59],"product_tag":[],"class_list":{"0":"post-612","1":"product","2":"type-product","3":"status-publish","4":"has-post-thumbnail","6":"product_cat-soziales-online-marketing","8":"first","9":"instock","10":"sale","11":"downloadable","12":"shipping-taxable","13":"purchasable","14":"product-type-simple"},"_links":{"self":[{"href":"https:\/\/www.baduno.com\/de\/wp-json\/wp\/v2\/product\/612","targetHints":{"allow":["GET"]}}],"collection":[{"href":"https:\/\/www.baduno.com\/de\/wp-json\/wp\/v2\/product"}],"about":[{"href":"https:\/\/www.baduno.com\/de\/wp-json\/wp\/v2\/types\/product"}],"replies":[{"embeddable":true,"href":"https:\/\/www.baduno.com\/de\/wp-json\/wp\/v2\/comments?post=612"}],"wp:featuredmedia":[{"embeddable":true,"href":"https:\/\/www.baduno.com\/de\/wp-json\/wp\/v2\/media\/213"}],"wp:attachment":[{"href":"https:\/\/www.baduno.com\/de\/wp-json\/wp\/v2\/media?parent=612"}],"wp:term":[{"taxonomy":"product_cat","embeddable":true,"href":"https:\/\/www.baduno.com\/de\/wp-json\/wp\/v2\/product_cat?post=612"},{"taxonomy":"product_tag","embeddable":true,"href":"https:\/\/www.baduno.com\/de\/wp-json\/wp\/v2\/product_tag?post=612"}],"curies":[{"name":"wp","href":"https:\/\/api.w.org\/{rel}","templated":true}]}}