{"id":834,"date":"2022-07-08T05:21:52","date_gmt":"2022-07-08T05:21:52","guid":{"rendered":"https:\/\/www.baduno.com\/dedizierter-server-hosting\/"},"modified":"2022-07-08T06:47:45","modified_gmt":"2022-07-08T06:47:45","slug":"dedizierter-server-hosting","status":"publish","type":"page","link":"https:\/\/www.baduno.com\/de\/dedizierter-server-hosting\/","title":{"rendered":"Dedizierter Server-Hosting"},"content":{"rendered":"<div class=\"wpb-content-wrapper\"><p>[vc_row row_height_percent=&#8220;85&#8243; override_padding=&#8220;yes&#8220; h_padding=&#8220;2&#8243; top_padding=&#8220;5&#8243; bottom_padding=&#8220;5&#8243; back_color=&#8220;accent&#8220; back_image=&#8220;1013&#8243; back_repeat=&#8220;no-repeat&#8220; back_attachment=&#8220;fixed&#8220; back_position=&#8220;center center&#8220; overlay_color=&#8220;color-wayh&#8220; overlay_alpha=&#8220;95&#8243; gutter_size=&#8220;4&#8243; column_width_percent=&#8220;100&#8243; shift_y=&#8220;0&#8243; z_index=&#8220;0&#8243; enable_bottom_divider=&#8220;default&#8220; bottom_divider_inv=&#8220;waves-opacity&#8220; shape_bottom_invert=&#8220;yes&#8220; shape_bottom_h_use_pixel=&#8220;&#8220; shape_bottom_height=&#8220;200&#8243; shape_bottom_opacity=&#8220;100&#8243; shape_bottom_index=&#8220;0&#8243; uncode_shortcode_id=&#8220;237785&#8243; back_color_type=&#8220;uncode-palette&#8220; overlay_color_type=&#8220;uncode-palette&#8220;][vc_column column_width_percent=&#8220;100&#8243; position_vertical=&#8220;middle&#8220; gutter_size=&#8220;3&#8243; style=&#8220;dark&#8220; overlay_alpha=&#8220;50&#8243; shift_x=&#8220;0&#8243; shift_y=&#8220;0&#8243; shift_y_down=&#8220;0&#8243; z_index=&#8220;0&#8243; medium_width=&#8220;4&#8243; align_mobile=&#8220;align_center_mobile&#8220; mobile_width=&#8220;0&#8243; width=&#8220;1\/2&#8243;][vc_custom_heading heading_semantic=&#8220;h3&#8243; text_size=&#8220;h1&#8243; uncode_shortcode_id=&#8220;511101&#8243;]Gehen Sie dorthin, wo die Profis zu Gast sind.[\/vc_custom_heading][vc_column_text text_lead=&#8220;yes&#8220; uncode_shortcode_id=&#8220;837803&#8243;]<\/p>\n<h2 class=\"jsx-692990550 h3 h-200\">Webhosting, das von einfach bis professionell skaliert.<\/h2>\n<div class=\"jsx-692990550 split \">\n<div class=\"jsx-692990550 copy\"><\/div>\n<\/div>\n<p>Zahlreiche Website-Hosting-Optionen, 99,9 % Betriebszeitgarantie, kostenloses SSL-Zertifikat, einfache WordPress-Installationen und eine kostenlose Domain f\u00fcr ein Jahr.<\/p>\n<p>Ja, so l\u00e4uft das bei uns.[\/vc_column_text][vc_button border_width=&#8220;0&#8243; link=&#8220;url:%23Preis|&#8220; uncode_shortcode_id=&#8220;114255&#8243;]Klicken Sie auf die Schaltfl\u00e4che[\/vc_button][\/vc_column][vc_column column_width_percent=&#8220;100&#8243; position_vertical=&#8220;middle&#8220; gutter_size=&#8220;3&#8243; overlay_alpha=&#8220;50&#8243; shift_x=&#8220;0&#8243; shift_y=&#8220;0&#8243; shift_y_down=&#8220;0&#8243; z_index=&#8220;0&#8243; medium_width=&#8220;4&#8243; mobile_width=&#8220;0&#8243; width=&#8220;1\/2&#8243;][vc_single_image media=&#8220;1126&#8243; media_width_percent=&#8220;100&#8243; media_ratio=&#8220;one-one&#8220; shadow=&#8220;yes&#8220; shadow_weight=&#8220;xl&#8220; uncode_shortcode_id=&#8220;789629&#8243;][\/vc_column][\/vc_row][vc_row row_height_percent=&#8220;0&#8243; overlay_alpha=&#8220;50&#8243; gutter_size=&#8220;3&#8243; column_width_percent=&#8220;100&#8243; shift_y=&#8220;0&#8243; z_index=&#8220;0&#8243; uncode_shortcode_id=&#8220;185535&#8243; el_id=&#8220;Preis&#8220;][vc_column width=&#8220;1\/1&#8243;]\n            <div \n                class=\"elfsight-widget-pricing-table elfsight-widget\" \n                data-elfsight-pricing-table-options=\"%7B%22layout%22%3A%22table%22%2C%22skin%22%3A%22skin1%22%2C%22mainColor%22%3A%22rgb%2882%2C%2094%2C%20187%29%22%2C%22styleColumnBorderRadius%22%3Atrue%2C%22styleColumnBorderWidth%22%3Atrue%2C%22useHorizontalScroll%22%3Afalse%2C%22headTitle%22%3A%22%22%2C%22headFeatures%22%3A%5B%7B%22text%22%3A%22Design%20Quality%22%2C%22hint%22%3A%22%22%7D%2C%7B%22text%22%3A%22Pages%22%2C%22hint%22%3A%22%22%7D%2C%7B%22text%22%3A%22SEO%20Optimization%22%2C%22hint%22%3A%22%22%7D%2C%7B%22text%22%3A%22SEO%20Level%22%2C%22hint%22%3A%22%22%7D%2C%7B%22text%22%3A%22Content%20update%22%2C%22hint%22%3A%22%22%7D%2C%7B%22text%22%3A%22Licensed%20images%22%2C%22hint%22%3A%22%22%7D%2C%7B%22text%22%3A%22%22%2C%22hint%22%3A%22%22%7D%2C%7B%22text%22%3A%22Domain%22%2C%22hint%22%3A%22%22%7D%2C%7B%22text%22%3A%22SSL%20Encryption%22%2C%22hint%22%3A%22%22%7D%2C%7B%22text%22%3A%22Visitor%20statistics%22%2C%22hint%22%3A%22%22%7D%2C%7B%22text%22%3A%22Storage%20space%22%2C%22hint%22%3A%22%22%7D%2C%7B%22text%22%3A%22%22%2C%22hint%22%3A%22%22%7D%2C%7B%22text%22%3A%22Email%20addresses%5Cn%22%2C%22hint%22%3A%22%22%7D%2C%7B%22text%22%3A%22E-Mail%20Space%22%2C%22hint%22%3A%22%22%7D%2C%7B%22text%22%3A%22%22%2C%22hint%22%3A%22%22%7D%2C%7B%22text%22%3A%22Cloudflare%22%2C%22hint%22%3A%22%22%7D%2C%7B%22text%22%3A%22CDN%22%2C%22hint%22%3A%22%22%7D%2C%7B%22text%22%3A%22DDoS%20Protection%22%2C%22hint%22%3A%22%22%7D%2C%7B%22text%22%3A%22Pagespeed%20Optimization%22%2C%22hint%22%3A%22%22%7D%2C%7B%22text%22%3A%22%22%2C%22hint%22%3A%22%22%7D%2C%7B%22text%22%3A%22Mobile%20design%5Cn%22%2C%22hint%22%3A%22%22%7D%2C%7B%22text%22%3A%22Multilingual%22%2C%22hint%22%3A%22%22%7D%2C%7B%22text%22%3A%22%22%2C%22hint%22%3A%22%22%7D%2C%7B%22text%22%3A%22Contract%20period%22%2C%22hint%22%3A%22%22%7D%2C%7B%22text%22%3A%22Notice%20period%22%2C%22hint%22%3A%22%22%7D%5D%2C%22headTextColor%22%3A%22rgb%2823%2C%2025%2C%2026%29%22%2C%22headBackgroundColor%22%3A%22rgb%28247%2C%20247%2C%20247%29%22%2C%22toggleVisible%22%3Afalse%2C%22toggleItems%22%3A%5B%7B%22value%22%3A%22479cfa97-4f13-42ff-9d0c-4601ca05a215%22%2C%22name%22%3A%22%22%2C%22hint%22%3Anull%7D%5D%2C%22toggleDefaultItem%22%3A%22479cfa97-4f13-42ff-9d0c-4601ca05a215%22%2C%22toggleColor%22%3A%22%22%2C%22columns%22%3A%5B%7B%22isFeatured%22%3Afalse%2C%22title%22%3A%22Lite%20Plan%22%2C%22titleCaption%22%3A%22Individuals%20and%20small%20teams%22%2C%22features%22%3A%5B%7B%22text%22%3A%22Standard%22%2C%22icon%22%3A%22bulb%22%2C%22hint%22%3A%22%22%7D%2C%7B%22text%22%3A%22up%20to%204%20subpages%5Cn%22%2C%22icon%22%3A%22none%22%2C%22hint%22%3A%22%22%7D%2C%7B%22text%22%3A%22%22%2C%22icon%22%3A%22cross%22%2C%22hint%22%3A%22%22%7D%2C%7B%22text%22%3A%22%22%2C%22icon%22%3A%22cross%22%2C%22hint%22%3A%22%22%7D%2C%7B%22text%22%3A%224%20Revisions%22%2C%22icon%22%3A%22none%22%2C%22hint%22%3A%22%22%7D%2C%7B%22text%22%3A%222%22%2C%22icon%22%3A%22none%22%2C%22hint%22%3A%22%22%7D%2C%7B%22text%22%3A%22%22%2C%22icon%22%3A%22none%22%2C%22hint%22%3A%22%22%7D%2C%7B%22text%22%3A%221%20Domain%20%28.com%29%22%2C%22icon%22%3A%22none%22%2C%22hint%22%3A%22%22%7D%2C%7B%22text%22%3A%22%22%2C%22icon%22%3A%22check%22%2C%22hint%22%3A%22%22%7D%2C%7B%22text%22%3A%22%22%2C%22icon%22%3A%22cross%22%2C%22hint%22%3A%22%22%7D%2C%7B%22text%22%3A%222%20GB%22%2C%22icon%22%3A%22none%22%2C%22hint%22%3A%22%22%7D%2C%7B%22text%22%3A%22%22%2C%22icon%22%3A%22none%22%2C%22hint%22%3A%22%22%7D%2C%7B%22text%22%3A%22up%20to%203%20email%20addresses%5Cn%22%2C%22icon%22%3A%22none%22%2C%22hint%22%3A%22%22%7D%2C%7B%22text%22%3A%221%20GB%22%2C%22icon%22%3A%22none%22%2C%22hint%22%3A%22%22%7D%2C%7B%22text%22%3A%22%22%2C%22icon%22%3A%22none%22%2C%22hint%22%3A%22%22%7D%2C%7B%22text%22%3A%22%22%2C%22icon%22%3A%22cross%22%2C%22hint%22%3A%22%22%7D%2C%7B%22text%22%3A%22%22%2C%22icon%22%3A%22cross%22%2C%22hint%22%3A%22%22%7D%2C%7B%22text%22%3A%22%22%2C%22icon%22%3A%22check%22%2C%22hint%22%3A%22%22%7D%2C%7B%22text%22%3A%22%22%2C%22icon%22%3A%22cross%22%2C%22hint%22%3A%22%22%7D%2C%7B%22text%22%3A%22%22%2C%22icon%22%3A%22none%22%2C%22hint%22%3A%22%22%7D%2C%7B%22text%22%3A%22%26nbsp%3B4%2C95%5Cu20ac%20%5C%2F%20mo.%22%2C%22icon%22%3A%22plusCircle%22%2C%22hint%22%3A%22%22%7D%2C%7B%22text%22%3A%22%26nbsp%3B4%2C95%5Cu20ac%20%5C%2F%20mo.%22%2C%22icon%22%3A%22plusCircle%22%2C%22hint%22%3A%22%22%7D%2C%7B%22text%22%3A%22%22%2C%22icon%22%3A%22none%22%2C%22hint%22%3A%22%22%7D%2C%7B%22text%22%3A%2212%20months%22%2C%22icon%22%3A%22none%22%2C%22hint%22%3A%22%22%7D%2C%7B%22text%22%3A%221%20month%22%2C%22icon%22%3A%22none%22%2C%22hint%22%3A%22%22%7D%5D%2C%22priceCurrency%22%3A%22USD%22%2C%22price%22%3A%229%22%2C%22pricePostfix%22%3A%22month%22%2C%22button%22%3A%22Select%22%2C%22buttonLink%22%3A%22https%3A%5C%2F%5C%2Fwww.baduno.com%5C%2Fcheckout%5C%2F%3Fadd-to-cart%3D935%22%2C%22buttonCaption%22%3A%2214-day%20money%20back%20guarantee%22%2C%22mainColor%22%3A%22rgb%2882%2C%2094%2C%20187%29%22%2C%22priceOptions%22%3A%5B%7B%22price%22%3A%229%22%2C%22pricePostfix%22%3A%22month%22%2C%22pricePrefix%22%3A%22%22%2C%22toggleOptionName%22%3A%22%22%2C%22toggleOptionId%22%3A%22479cfa97-4f13-42ff-9d0c-4601ca05a215%22%7D%5D%2C%22buttonOptions%22%3A%5B%7B%22button%22%3A%22Select%22%2C%22buttonLink%22%3A%22https%3A%5C%2F%5C%2Felfsight.com%22%2C%22toggleOptionName%22%3A%22%22%2C%22toggleOptionId%22%3A%22479cfa97-4f13-42ff-9d0c-4601ca05a215%22%7D%5D%2C%22pricePrefix%22%3A%22%22%2C%22priceCaption%22%3A%22%22%2C%22buttonTargetBlank%22%3Afalse%2C%22picture%22%3A%22%22%2C%22ribbonText%22%3A%22%22%2C%22ribbonBackgroundColor%22%3A%22%22%2C%22ribbonTextColor%22%3A%22%22%2C%22contentDivider%22%3Anull%7D%2C%7B%22isFeatured%22%3Atrue%2C%22title%22%3A%22Pro%20Plan%22%2C%22titleCaption%22%3A%22Growing%20businesses%22%2C%22features%22%3A%5B%7B%22text%22%3A%22Premium%22%2C%22icon%22%3A%22like%22%2C%22hint%22%3A%22%22%7D%2C%7B%22text%22%3A%22up%20to%208%20subpages%22%2C%22icon%22%3A%22none%22%2C%22hint%22%3A%22%22%7D%2C%7B%22text%22%3A%22%22%2C%22icon%22%3A%22check%22%2C%22hint%22%3A%22%22%7D%2C%7B%22text%22%3A%22Standard%22%2C%22icon%22%3A%22none%22%2C%22hint%22%3A%22%22%7D%2C%7B%22text%22%3A%228%20Revisions%22%2C%22icon%22%3A%22none%22%2C%22hint%22%3A%22%22%7D%2C%7B%22text%22%3A%226%22%2C%22icon%22%3A%22none%22%2C%22hint%22%3A%22%22%7D%2C%7B%22text%22%3A%22%22%2C%22icon%22%3A%22none%22%2C%22hint%22%3A%22%22%7D%2C%7B%22text%22%3A%223%20Domains%20%28.com%20.net%20.org%29%22%2C%22icon%22%3A%22none%22%2C%22hint%22%3A%22%22%7D%2C%7B%22text%22%3A%22%22%2C%22icon%22%3A%22check%22%2C%22hint%22%3A%22%22%7D%2C%7B%22text%22%3A%22%22%2C%22icon%22%3A%22check%22%2C%22hint%22%3A%22%22%7D%2C%7B%22text%22%3A%226%20GB%22%2C%22icon%22%3A%22none%22%2C%22hint%22%3A%22%22%7D%2C%7B%22text%22%3A%22%22%2C%22icon%22%3A%22none%22%2C%22hint%22%3A%22%22%7D%2C%7B%22text%22%3A%22up%20to%209%20email%20addresses%22%2C%22icon%22%3A%22none%22%2C%22hint%22%3A%22%22%7D%2C%7B%22text%22%3A%224%20GB%22%2C%22icon%22%3A%22none%22%2C%22hint%22%3A%22%22%7D%2C%7B%22text%22%3A%22%22%2C%22icon%22%3A%22none%22%2C%22hint%22%3A%22%22%7D%2C%7B%22text%22%3A%22%22%2C%22icon%22%3A%22check%22%2C%22hint%22%3A%22%22%7D%2C%7B%22text%22%3A%22%22%2C%22icon%22%3A%22cross%22%2C%22hint%22%3A%22%22%7D%2C%7B%22text%22%3A%22%22%2C%22icon%22%3A%22check%22%2C%22hint%22%3A%22%22%7D%2C%7B%22text%22%3A%22%22%2C%22icon%22%3A%22cross%22%2C%22hint%22%3A%22%22%7D%2C%7B%22text%22%3A%22%22%2C%22icon%22%3A%22none%22%2C%22hint%22%3A%22%22%7D%2C%7B%22text%22%3A%22%26nbsp%3B4%2C95%5Cu20ac%20%5C%2F%20mo.%22%2C%22icon%22%3A%22plusCircle%22%2C%22hint%22%3A%22%22%7D%2C%7B%22text%22%3A%22%26nbsp%3B4%2C95%5Cu20ac%20%5C%2F%20mo.%22%2C%22icon%22%3A%22plusCircle%22%2C%22hint%22%3A%22%22%7D%2C%7B%22text%22%3A%22%22%2C%22icon%22%3A%22none%22%2C%22hint%22%3A%22%22%7D%2C%7B%22text%22%3A%2212%20months%22%2C%22icon%22%3A%22none%22%2C%22hint%22%3A%22%22%7D%2C%7B%22text%22%3A%221%20month%22%2C%22icon%22%3A%22none%22%2C%22hint%22%3A%22%22%7D%5D%2C%22priceCurrency%22%3A%22USD%22%2C%22price%22%3A%2219%22%2C%22pricePostfix%22%3A%22month%22%2C%22button%22%3A%22Select%22%2C%22buttonLink%22%3A%22https%3A%5C%2F%5C%2Fwww.baduno.com%5C%2Fcheckout%5C%2F%3Fadd-to-cart%3D936%22%2C%22buttonCaption%22%3A%2214-day%20money%20back%20guarantee%22%2C%22buttonFeatured%22%3Atrue%2C%22ribbonText%22%3A%22Popular%22%2C%22mainColor%22%3A%22rgb%2882%2C%2094%2C%20187%29%22%2C%22priceOptions%22%3A%5B%7B%22price%22%3A%2219%22%2C%22pricePostfix%22%3A%22month%22%2C%22pricePrefix%22%3A%22%22%2C%22toggleOptionName%22%3A%22%22%2C%22toggleOptionId%22%3A%22479cfa97-4f13-42ff-9d0c-4601ca05a215%22%7D%5D%2C%22buttonOptions%22%3A%5B%7B%22button%22%3A%22Select%22%2C%22buttonLink%22%3A%22https%3A%5C%2F%5C%2Felfsight.com%22%2C%22toggleOptionName%22%3A%22%22%2C%22toggleOptionId%22%3A%22479cfa97-4f13-42ff-9d0c-4601ca05a215%22%7D%5D%2C%22pricePrefix%22%3A%22%22%2C%22priceCaption%22%3A%22%22%2C%22buttonTargetBlank%22%3Afalse%2C%22picture%22%3A%22%22%2C%22ribbonBackgroundColor%22%3A%22%22%2C%22ribbonTextColor%22%3A%22%22%2C%22contentDivider%22%3Anull%7D%2C%7B%22isFeatured%22%3Afalse%2C%22title%22%3A%22Enterprise%20Plan%22%2C%22titleCaption%22%3A%22Advanced%20companies%22%2C%22features%22%3A%5B%7B%22text%22%3A%22Exclusive%22%2C%22icon%22%3A%22star%22%2C%22hint%22%3A%22%22%7D%2C%7B%22text%22%3A%22up%20to%2016%20subpages%22%2C%22icon%22%3A%22none%22%2C%22hint%22%3A%22%22%7D%2C%7B%22text%22%3A%22%22%2C%22icon%22%3A%22check%22%2C%22hint%22%3A%22%22%7D%2C%7B%22text%22%3A%22Expert%22%2C%22icon%22%3A%22none%22%2C%22hint%22%3A%22%22%7D%2C%7B%22text%22%3A%2216%20Revisions%22%2C%22icon%22%3A%22none%22%2C%22hint%22%3A%22%22%7D%2C%7B%22text%22%3A%2224%22%2C%22icon%22%3A%22none%22%2C%22hint%22%3A%22%22%7D%2C%7B%22text%22%3A%22%22%2C%22icon%22%3A%22none%22%2C%22hint%22%3A%22%22%7D%2C%7B%22text%22%3A%225%20Domains%20%28.com%20.net%20.org%20.co.%20.de%29%22%2C%22icon%22%3A%22none%22%2C%22hint%22%3A%22%22%7D%2C%7B%22text%22%3A%22%22%2C%22icon%22%3A%22check%22%2C%22hint%22%3A%22%22%7D%2C%7B%22text%22%3A%22%22%2C%22icon%22%3A%22check%22%2C%22hint%22%3A%22%22%7D%2C%7B%22text%22%3A%2224%20GB%22%2C%22icon%22%3A%22none%22%2C%22hint%22%3A%22%22%7D%2C%7B%22text%22%3A%22%22%2C%22icon%22%3A%22none%22%2C%22hint%22%3A%22%22%7D%2C%7B%22text%22%3A%22Unlimited%20E-Mail%20addresses%22%2C%22icon%22%3A%22none%22%2C%22hint%22%3A%22%22%7D%2C%7B%22text%22%3A%2216%20GB%22%2C%22icon%22%3A%22none%22%2C%22hint%22%3A%22%22%7D%2C%7B%22text%22%3A%22%22%2C%22icon%22%3A%22none%22%2C%22hint%22%3A%22%22%7D%2C%7B%22text%22%3A%22%22%2C%22icon%22%3A%22check%22%2C%22hint%22%3A%22%22%7D%2C%7B%22text%22%3A%22%22%2C%22icon%22%3A%22check%22%2C%22hint%22%3A%22%22%7D%2C%7B%22text%22%3A%22%22%2C%22icon%22%3A%22check%22%2C%22hint%22%3A%22%22%7D%2C%7B%22text%22%3A%22%22%2C%22icon%22%3A%22check%22%2C%22hint%22%3A%22%22%7D%2C%7B%22text%22%3A%22%22%2C%22icon%22%3A%22none%22%2C%22hint%22%3A%22%22%7D%2C%7B%22text%22%3A%22%26nbsp%3B4%2C95%5Cu20ac%20%5C%2F%20mo.%22%2C%22icon%22%3A%22plusCircle%22%2C%22hint%22%3A%22%22%7D%2C%7B%22text%22%3A%22%26nbsp%3B4%2C95%5Cu20ac%20%5C%2F%20mo.%22%2C%22icon%22%3A%22plusCircle%22%2C%22hint%22%3A%22%22%7D%2C%7B%22text%22%3A%22%22%2C%22icon%22%3A%22none%22%2C%22hint%22%3A%22%22%7D%2C%7B%22text%22%3A%2212%20months%22%2C%22icon%22%3A%22none%22%2C%22hint%22%3A%22%22%7D%2C%7B%22text%22%3A%221%20month%22%2C%22icon%22%3A%22none%22%2C%22hint%22%3A%22%22%7D%5D%2C%22priceCurrency%22%3A%22USD%22%2C%22price%22%3A%2229%22%2C%22pricePostfix%22%3A%22month%22%2C%22button%22%3A%22Select%22%2C%22buttonLink%22%3A%22https%3A%5C%2F%5C%2Fwww.baduno.com%5C%2Fcheckout%5C%2F%3Fadd-to-cart%3D937%22%2C%22buttonCaption%22%3A%2214-day%20money%20back%20guarantee%22%2C%22mainColor%22%3A%22rgb%2882%2C%2094%2C%20187%29%22%2C%22priceOptions%22%3A%5B%7B%22price%22%3A%2229%22%2C%22pricePostfix%22%3A%22month%22%2C%22pricePrefix%22%3A%22%22%2C%22toggleOptionName%22%3A%22%22%2C%22toggleOptionId%22%3A%22479cfa97-4f13-42ff-9d0c-4601ca05a215%22%7D%5D%2C%22buttonOptions%22%3A%5B%7B%22button%22%3A%22Select%22%2C%22buttonLink%22%3A%22https%3A%5C%2F%5C%2Felfsight.com%22%2C%22toggleOptionName%22%3A%22%22%2C%22toggleOptionId%22%3A%22479cfa97-4f13-42ff-9d0c-4601ca05a215%22%7D%5D%2C%22pricePrefix%22%3A%22%22%2C%22priceCaption%22%3A%22%22%2C%22buttonTargetBlank%22%3Afalse%2C%22picture%22%3A%22%22%2C%22ribbonText%22%3A%22%22%2C%22ribbonBackgroundColor%22%3A%22%22%2C%22ribbonTextColor%22%3A%22%22%2C%22contentDivider%22%3Anull%7D%5D%2C%22elements%22%3A%5B%7B%22complexGroup%22%3A%22title%22%2C%22name%22%3A%22Title%22%2C%22titleEnable%22%3Atrue%2C%22titleCaptionColor%22%3A%22%22%2C%22titleTextColor%22%3A%22%22%2C%22titleFontSize%22%3A25%2C%22titleFontWeight%22%3A600%7D%2C%7B%22complexGroup%22%3A%22features%22%2C%22name%22%3A%22Features%22%2C%22featuresEnable%22%3Atrue%2C%22featuresStyle%22%3A%22clean%22%2C%22featuresIconColor%22%3A%22%22%2C%22featuresTextColor%22%3A%22%22%2C%22featuresAlign%22%3A%22center%22%2C%22featuresFontSize%22%3A13%7D%2C%7B%22complexGroup%22%3A%22price%22%2C%22name%22%3A%22Price%22%2C%22priceEnable%22%3Atrue%2C%22priceCaptionColor%22%3A%22%22%2C%22priceTextColor%22%3A%22%22%2C%22priceFontSize%22%3A32%2C%22priceFontWeight%22%3A600%7D%2C%7B%22complexGroup%22%3A%22button%22%2C%22name%22%3A%22Button%22%2C%22buttonEnable%22%3Atrue%2C%22buttonType%22%3A%22outline%22%2C%22buttonColor%22%3A%22%22%2C%22buttonTextColor%22%3A%22%22%2C%22buttonSize%22%3A%22medium%22%2C%22buttonCaptionColor%22%3A%22%22%7D%2C%7B%22complexGroup%22%3A%22picture%22%2C%22name%22%3A%22Picture%22%2C%22pictureEnable%22%3Atrue%7D%5D%2C%22widgetId%22%3A%221%22%7D\" \n                data-elfsight-pricing-table-version=\"2.6.1\"\n                data-elfsight-widget-id=\"elfsight-pricing-table-1\">\n            <\/div>\n            [\/vc_column][\/vc_row][vc_row][vc_column width=&#8220;1\/1&#8243;][vc_column_text uncode_shortcode_id=&#8220;110487&#8243;]<\/p>\n<h2>Eine Website nach Ihren Vorstellungen<\/h2>\n<p>Wissen Sie, was das Beste daran ist? Wir brauchen nur 5 Eckpunkte, wie Ihre Seite aussehen soll!<br \/>\nEs werden Ihnen ein paar kurze Fragen gestellt, und die Arbeit an Ihrer Website beginnt im Handumdrehen. Sie k\u00f6nnen sich darauf freuen<\/p>\n<h3>Ihr Bild im Web gemei\u00dfelt<\/h3>\n<p>Unsere Designer konzipieren eine Website nach Ihren Vorstellungen und W\u00fcnschen. Schlie\u00dflich soll es an nichts fehlen.<br \/>\nSollte es dennoch zu Problemen kommen, werden wir uns mit Ihnen in Verbindung setzen. Letztendlich sollte Ihre Website herausstechen und in Stein gemei\u00dfelt sein oder wie das Web<br \/>\nsein.<\/p>\n<h4>Los geht&#8217;s<\/h4>\n<p>Ihre Website ist fertig! Noch spannender als Weihnachten ist, dass Sie Ihr Gesch\u00e4ft ausbauen k\u00f6nnen. Fehlt Ihnen etwas oder gef\u00e4llt Ihnen eine Kleinigkeit nicht? kein Problem<br \/>\nSie k\u00f6nnen uns nat\u00fcrlich mitteilen, was Sie \u00e4ndern m\u00f6chten, damit unsere Experten Ihre Website in k\u00fcrzester Zeit verbessern k\u00f6nnen. So k\u00f6nnen Sie sich vollst\u00e4ndig um Ihre Angelegenheiten k\u00fcmmern.<\/p>\n<h3>Warum eine Website?<\/h3>\n<p>Ganz ehrlich? Kennen Sie ein seri\u00f6ses Unternehmen, das keine Website hat?<br \/>\nWir auch nicht. Es war noch nie so einfach, eine Website zu erstellen. Die einfachsten Blogger besitzen eine Website. Sie m\u00f6chten also, dass Ihr Unternehmen oder Ihre Person<br \/>\nwachsen oder wollen Sie riskieren, es zu verlieren?<\/p>\n<h3>Was ist bei der Entscheidung f\u00fcr eine Website entscheidend?<\/h3>\n<p>Stellen Sie sich vor, wir sind beide in einer neuen Stadt und haben Hunger. Was w\u00fcrden Sie oder ich oder sonst jemand Neues tun?<br \/>\nGenau! Wahrscheinlich googeln Sie es und probieren Sie eines mit den besten Bewertungen aus. K\u00f6nnte jetzt ein Restaurant sein<br \/>\naufrechtzuerhalten, was NICHT gezeigt werden wird?<\/p>\n<h5>Brauche ich wirklich eine Website?<\/h5>\n<p>Ein gro\u00dfes Ja! Wenn Sie es nicht online finden k\u00f6nnen, gibt es Sie nicht. Ein sehr wahres Sprichwort. Denken Sie immer daran, wohin die zuk\u00fcnftigen Kunden gehen. Kann es sein, dass sich meine Zielgruppe ver\u00e4ndert oder verlagert hat?<br \/>\nEin anderes Sprichwort, das dies unterstreicht, lautet: &#8222;Wenn du nicht mit der Zeit gehst, wirst du mit der Zeit gehen!&#8220; Nat\u00fcrlich entscheiden letztlich Sie, was f\u00fcr Ihr Unternehmen gut ist.<\/p>\n<h3>Umsatzsteigerung? Lassen Sie Ihr Unternehmen wachsen!<\/h3>\n<p>Das ist bereits eine Selbstverst\u00e4ndlichkeit. Wie das? Sie erreichen einfach viel mehr Menschen als mit klassischer Werbung. Mit einem Flugblatt oder einer Zeitungsanzeige k\u00f6nnte man diese Reichweite nicht erreichen.<br \/>\nDas Beste? Die Kasse wird \u00f6fter klingeln, als Sie sich vorstellen k\u00f6nnen. Die Pr\u00fcfung steht \u00fcber dem Studium.<\/p>\n<h4>Was ist mit der mobilen Ansicht?<\/h4>\n<p>Nat\u00fcrlich k\u00f6nnen wir das auch umsetzen. Die mobile Ansicht ist eines der wichtigsten Kriterien f\u00fcr die Auffindbarkeit in Suchmaschinen. Das bedeutet, dass dies f\u00fcr Google und Co. sehr relevant ist. Dort<br \/>\nDa immer mehr Menschen mit ihren Handys online gehen, ist eine responsive Ansicht unverzichtbar geworden. Oder fragen Sie sich, wie oft Sie ins Internet gehen und mit welchem Ger\u00e4t. Genau aus diesem Grund sollte sie<br \/>\nauf jeden Fall eine Handy-Ansicht bieten.<\/p>\n<h4>Mit unserer Eleganz ersparen Sie sich viel M\u00fche, Zeit und unn\u00f6tiges Kopfzerbrechen!<\/h4>\n<p>Ist das ein modulares System? Nein, absolut nicht. Bei uns muss jede Website optimal auf den jeweiligen Kunden abgestimmt sein. Ein herk\u00f6mmlicher Baukasten kann da nicht mithalten. Unsere Webdesigner arbeiten daran, dies m\u00f6glich zu machen<br \/>\ngenau nach Ihren W\u00fcnschen und Bed\u00fcrfnissen. Danach ist eine Website so etwas wie Ihre Visitenkarte im Internet. Das muss auch entsprechend aussehen. Sie k\u00f6nnen sich immer auf unsere Experten verlassen.<\/p>\n<h3>Wie viel kostet eine Website normalerweise?<\/h3>\n<p>Das ist eine sehr gute Frage. Leider kann man das nicht direkt beantworten. Schlie\u00dflich handelt es sich nicht um ein fertiges Produkt, sondern muss an Sie und Ihr Unternehmen angepasst werden. Dar\u00fcber hinaus h\u00e4ngt es ab<br \/>\ngeben Sie an, ob Sie einen Freiberufler beauftragen oder sich einer Agentur widmen. Wie viel kostet eine Website? Sie k\u00f6nnen auch fragen, wie viel mich ein Haus kosten wird. Man k\u00f6nnte antworten, wo sollte sie sein? Wie viele Zimmer und B\u00e4der m\u00f6chten Sie<br \/>\nes haben? Wie viele Quadratmeter? Verstehen Sie, das ist unser Ziel. F\u00fcr einen traditionellen Webdesigner sind dies die Grundlagen, die Sie ben\u00f6tigen, um Ihre Website zu gestalten. Aber im Allgemeinen muss man f\u00fcr Know-how und Zeit bezahlen. Gef\u00e4llt mir<br \/>\nschauen?<\/p>\n<ol>\n<li>Punkte sammeln und Konzept erstellen ( 2 &#8211; 3 h )<\/li>\n<li>Aufbau der Informationsstruktur (7 &#8211; 11 h)<\/li>\n<li>Einrichtung des Servers (3 &#8211; 6 Stunden)<\/li>\n<li>Alle besprochenen Punkte bearbeiten ( 24 &#8211; 48 h )<\/li>\n<li>Qualit\u00e4tskontrolle (4 &#8211; 5 Stunden)<\/li>\n<li>Verbesserungen ( 9.00 &#8211; 12.00 Uhr )<\/li>\n<li>K\u00f6nnen Sie sich vorstellen, wie viel Geld das kosten kann?<\/li>\n<\/ol>\n<p>In der Regel handelt es sich um eine Summe zwischen 2500 und 5000 Euro. Wenn Sie es wirklich professionell haben wollen, wie ein gro\u00dfes Unternehmen, kann es sogar noch mehr leisten<br \/>\nals 10.000 Euro. Und das ist kein Scherz, dar\u00fcber k\u00f6nnen Sie sich gerne mit einem Webdesigner unterhalten. Das ist nat\u00fcrlich eine Menge Geld. Aber es kommt noch dicker. Die Website[\/vc_column_text][\/vc_column][\/vc_row]<\/p>\n<\/div>","protected":false},"excerpt":{"rendered":"<p>[vc_row row_height_percent=&#8220;85&#8243; override_padding=&#8220;yes&#8220; h_padding=&#8220;2&#8243; top_padding=&#8220;5&#8243; bottom_padding=&#8220;5&#8243; back_color=&#8220;accent&#8220; back_image=&#8220;1013&#8243; back_repeat=&#8220;no-repeat&#8220; back_attachment=&#8220;fixed&#8220; back_position=&#8220;center center&#8220; overlay_color=&#8220;color-wayh&#8220; overlay_alpha=&#8220;95&#8243; gutter_size=&#8220;4&#8243; column_width_percent=&#8220;100&#8243; shift_y=&#8220;0&#8243; z_index=&#8220;0&#8243; enable_bottom_divider=&#8220;default&#8220; bottom_divider_inv=&#8220;waves-opacity&#8220; [&hellip;]<\/p>\n","protected":false},"author":1,"featured_media":0,"parent":0,"menu_order":0,"comment_status":"closed","ping_status":"closed","template":"","meta":{"footnotes":""},"class_list":["post-834","page","type-page","status-publish","hentry"],"_links":{"self":[{"href":"https:\/\/www.baduno.com\/de\/wp-json\/wp\/v2\/pages\/834","targetHints":{"allow":["GET"]}}],"collection":[{"href":"https:\/\/www.baduno.com\/de\/wp-json\/wp\/v2\/pages"}],"about":[{"href":"https:\/\/www.baduno.com\/de\/wp-json\/wp\/v2\/types\/page"}],"author":[{"embeddable":true,"href":"https:\/\/www.baduno.com\/de\/wp-json\/wp\/v2\/users\/1"}],"replies":[{"embeddable":true,"href":"https:\/\/www.baduno.com\/de\/wp-json\/wp\/v2\/comments?post=834"}],"version-history":[{"count":42,"href":"https:\/\/www.baduno.com\/de\/wp-json\/wp\/v2\/pages\/834\/revisions"}],"predecessor-version":[{"id":1148,"href":"https:\/\/www.baduno.com\/de\/wp-json\/wp\/v2\/pages\/834\/revisions\/1148"}],"wp:attachment":[{"href":"https:\/\/www.baduno.com\/de\/wp-json\/wp\/v2\/media?parent=834"}],"curies":[{"name":"wp","href":"https:\/\/api.w.org\/{rel}","templated":true}]}}