{"id":795,"date":"2022-06-27T12:55:56","date_gmt":"2022-06-27T12:55:56","guid":{"rendered":"https:\/\/www.baduno.com\/web\/seo\/"},"modified":"2022-07-08T06:19:55","modified_gmt":"2022-07-08T06:19:55","slug":"seo","status":"publish","type":"page","link":"https:\/\/www.baduno.com\/de\/seo\/","title":{"rendered":"Optimierung der Suchmaschine"},"content":{"rendered":"<div class=\"wpb-content-wrapper\"><p>[vc_row row_height_percent=&#8220;0&#8243; override_padding=&#8220;yes&#8220; h_padding=&#8220;2&#8243; top_padding=&#8220;5&#8243; bottom_padding=&#8220;5&#8243; overlay_alpha=&#8220;50&#8243; gutter_size=&#8220;4&#8243; column_width_percent=&#8220;100&#8243; shift_y=&#8220;0&#8243; z_index=&#8220;0&#8243; uncode_shortcode_id=&#8220;124396&#8243;][vc_column column_width_percent=&#8220;100&#8243; gutter_size=&#8220;3&#8243; overlay_alpha=&#8220;50&#8243; shift_x=&#8220;0&#8243; shift_y=&#8220;0&#8243; shift_y_down=&#8220;0&#8243; z_index=&#8220;0&#8243; medium_width=&#8220;4&#8243; mobile_width=&#8220;0&#8243; width=&#8220;6\/12&#8243; el_class=&#8220;image-card image-card-triple&#8220; uncode_shortcode_id=&#8220;327674&#8243;][vc_single_image media=&#8220;93&#8243; media_width_percent=&#8220;100&#8243; media_ratio=&#8220;one-one&#8220; alignment=&#8220;right&#8220; shadow=&#8220;yes&#8220; shadow_weight=&#8220;std&#8220; uncode_shortcode_id=&#8220;173235&#8243;][vc_single_image media=&#8220;90&#8243; media_width_percent=&#8220;100&#8243; media_ratio=&#8220;one-one&#8220; alignment=&#8220;right&#8220; shadow=&#8220;yes&#8220; shadow_weight=&#8220;std&#8220; css_animation=&#8220;parallax&#8220; parallax_intensity=&#8220;2&#8243; uncode_shortcode_id=&#8220;788844&#8243;][vc_single_image media=&#8220;91&#8243; media_width_percent=&#8220;100&#8243; media_ratio=&#8220;one-one&#8220; alignment=&#8220;right&#8220; shadow=&#8220;yes&#8220; shadow_weight=&#8220;std&#8220; css_animation=&#8220;parallax&#8220; parallax_intensity=&#8220;3&#8243; uncode_shortcode_id=&#8220;204962&#8243;][uncode_vertical_text vertical_text_h_pos=&#8220;-1&#8243; z_index=&#8220;0&#8243; text_size=&#8220;h5&#8243; medium_visibility=&#8220;yes&#8220; mobile_visibility=&#8220;yes&#8220; uncode_shortcode_id=&#8220;112882&#8243;]SEO TEXT[\/uncode_vertical_text][\/vc_column][vc_column column_width_percent=&#8220;100&#8243; position_horizontal=&#8220;left&#8220; position_vertical=&#8220;middle&#8220; gutter_size=&#8220;3&#8243; font_family=&#8220;font-136269&#8243; overlay_alpha=&#8220;50&#8243; shift_x=&#8220;0&#8243; shift_y=&#8220;0&#8243; shift_y_down=&#8220;0&#8243; z_index=&#8220;0&#8243; medium_width=&#8220;4&#8243; align_mobile=&#8220;align_center_mobile&#8220; mobile_width=&#8220;0&#8243; width=&#8220;6\/12&#8243; uncode_shortcode_id=&#8220;573911&#8243;][vc_custom_heading heading_semantic=&#8220;h3&#8243; text_size=&#8220;h1&#8243; sub_lead=&#8220;yes&#8220; subheading=&#8220;Ihre Website ist online. Sie haben sich sehr viel M\u00fche mit dem Design gegeben. Nat\u00fcrlich m\u00f6chten Sie, dass Ihre Website von vielen Menschen besucht wird. Was ist der beste Weg? Der einfachste Weg w\u00e4re nat\u00fcrlich \u00fcber Google. Aber wenn Sie Ihre Website in die Suchleiste eingeben, sehen Sie Ihre Seite viel zu weit unten. Noch schlimmer ist es, wenn Sie nur auf der zweiten Seite erscheinen. Wie k\u00f6nnen Sie das \u00e4ndern? Mit SEO-Texten k\u00f6nnen Sie Ihr Ranking verbessern. Aber was ist SEO \u00fcberhaupt? Was hat das mit Google zu tun? Welche Aspekte sollten Sie ber\u00fccksichtigen? Lesen Sie die folgenden Abschnitte und erfahren Sie, was genau SEO ist und wie es Ihrer Website zu einem besseren Ranking verhelfen kann. Wenn Sie etwas nicht verstehen, k\u00f6nnen Sie uns gerne kontaktieren.&#8220; uncode_shortcode_id=&#8220;839764&#8243;]Hochwertige SEO-Texte[\/vc_custom_heading][vc_button button_color=&#8220;color-uydo&#8220; size=&#8220;btn-lg&#8220; outline=&#8220;yes&#8220; text_skin=&#8220;yes&#8220; border_width=&#8220;0&#8243; link=&#8220;url:https%3A%2F%2Fwww.baduno.com%2Fde%2Fprodukt%2Fseo-text-2%2F|target:_blank|&#8220; button_color_type=&#8220;uncode-palette&#8220; uncode_shortcode_id=&#8220;979759&#8243;]SEO-Text kaufen[\/vc_button][\/vc_column][\/vc_row][vc_row row_height_percent=&#8220;0&#8243; override_padding=&#8220;yes&#8220; h_padding=&#8220;2&#8243; top_padding=&#8220;5&#8243; bottom_padding=&#8220;3&#8243; overlay_alpha=&#8220;100&#8243; gutter_size=&#8220;3&#8243; column_width_percent=&#8220;100&#8243; shift_y=&#8220;0&#8243; z_index=&#8220;0&#8243; row_height_use_pixel=&#8220;&#8220;][vc_column column_width_use_pixel=&#8220;yes&#8220; gutter_size=&#8220;3&#8243; overlay_alpha=&#8220;50&#8243; shift_x=&#8220;0&#8243; shift_y=&#8220;0&#8243; medium_width=&#8220;0&#8243; zoom_width=&#8220;0&#8243; zoom_height=&#8220;0&#8243; column_width_pixel=&#8220;800&#8243;][vc_column_text uncode_shortcode_id=&#8220;101142&#8243;]Um in den Google-Rankings f\u00fcr ein bestimmtes Keyword aufzutauchen, sind einige Schritte erforderlich. SEO-Inhalte werden nicht einfach niedergeschrieben. Sie wird geplant und vorbereitet, von einem Experten auf dem Gebiet erstellt und schlie\u00dflich nachbearbeitet. Wer SEO-Inhalte kauft, erwartet, dass sie die richtigen Besucher im Internet anziehen. So gehen wir bei BlogTec vor. Sie kontaktieren uns \u00fcber unsere Website und schildern kurz Ihre Situation. Wir setzen uns mit Ihnen in Verbindung und besprechen mit Ihnen verschiedene Inhalte und SEO-Optionen. Mit uns k\u00f6nnen Sie neuen SEO-Content schreiben lassen oder Ihren bestehenden Content mit hochwertigen Keywords optimieren. Und wenn Sie noch einen Backlink brauchen, um Ihr Vertrauen in Google zu erh\u00f6hen, finden wir die perfekte Seite f\u00fcr einen Gastbeitrag.[\/vc_column_text][\/vc_column][\/vc_row][vc_row row_height_percent=&#8220;0&#8243; override_padding=&#8220;yes&#8220; h_padding=&#8220;2&#8243; top_padding=&#8220;0&#8243; bottom_padding=&#8220;0&#8243; overlay_alpha=&#8220;100&#8243; gutter_size=&#8220;3&#8243; column_width_percent=&#8220;100&#8243; shift_y=&#8220;0&#8243; z_index=&#8220;0&#8243; row_height_use_pixel=&#8220;&#8220;][vc_column column_width_use_pixel=&#8220;yes&#8220; gutter_size=&#8220;3&#8243; overlay_alpha=&#8220;50&#8243; shift_x=&#8220;0&#8243; shift_y=&#8220;0&#8243; medium_width=&#8220;0&#8243; zoom_width=&#8220;0&#8243; zoom_height=&#8220;0&#8243; width=&#8220;5\/6&#8243;][vc_single_image media=&#8220;922&#8243; media_width_percent=&#8220;100&#8243; media_ratio=&#8220;three-two&#8220; media_title_uppercase=&#8220;&#8220; uncode_shortcode_id=&#8220;672329&#8243;][\/vc_column][vc_column column_width_percent=&#8220;100&#8243; gutter_size=&#8220;3&#8243; overlay_alpha=&#8220;50&#8243; shift_x=&#8220;0&#8243; shift_y=&#8220;0&#8243; medium_width=&#8220;0&#8243; zoom_width=&#8220;0&#8243; zoom_height=&#8220;0&#8243; width=&#8220;1\/6&#8243;][vc_column_text uncode_shortcode_id=&#8220;445723&#8243;]Sobald der Inhalt geschrieben ist, senden wir ihn nicht direkt an Sie&#8230;. Form und Struktur m\u00fcssen \u00fcberarbeitet werden. Dabei werden nicht nur Rechtschreibfehler korrigiert, sondern auch darauf geachtet, dass die Suchabsicht erf\u00fcllt wird und alle wichtigen Schl\u00fcsselw\u00f6rter richtig platziert sind.[\/vc_column_text][\/vc_column][\/vc_row][vc_row row_height_percent=&#8220;0&#8243; override_padding=&#8220;yes&#8220; h_padding=&#8220;2&#8243; top_padding=&#8220;3&#8243; bottom_padding=&#8220;3&#8243; overlay_alpha=&#8220;100&#8243; gutter_size=&#8220;3&#8243; column_width_percent=&#8220;100&#8243; shift_y=&#8220;0&#8243; z_index=&#8220;0&#8243; row_height_use_pixel=&#8220;&#8220;][vc_column column_width_use_pixel=&#8220;yes&#8220; gutter_size=&#8220;3&#8243; overlay_alpha=&#8220;50&#8243; shift_x=&#8220;0&#8243; shift_y=&#8220;0&#8243; medium_width=&#8220;0&#8243; zoom_width=&#8220;0&#8243; zoom_height=&#8220;0&#8243; column_width_pixel=&#8220;800&#8243;][vc_column_text uncode_shortcode_id=&#8220;658730&#8243;]In manchen F\u00e4llen haben Sie bereits Schl\u00fcsselw\u00f6rter und suchen jemanden, der die SEO-Inhalte f\u00fcr Sie schreibt. In diesem Fall stellen wir Ihnen einen Autor zur Verf\u00fcgung, der ein Experte auf Ihrem Gebiet ist. Wenn Sie keine Schl\u00fcsselw\u00f6rter haben, ist das auch kein Problem! Dann f\u00fchren wir eine gr\u00fcndliche Analyse durch, um Schl\u00fcsselw\u00f6rter zu finden, die zu Ihrer Marke passen und f\u00fcr die Sie ein Ranking erstellen k\u00f6nnen. SEO bedeutet nicht nur, die richtigen Keywords \u00fcber eine Seite zu verteilen. Es geht auch darum, die Fragen und Probleme zu beantworten, die Google-Nutzer mit dem Schl\u00fcsselwort haben. Unsere Content Manager erstellen f\u00fcr jeden Inhalt ein Briefing, in dem sie die Suchabsicht festlegen. Im Schreibprozess kommt schlie\u00dflich alles zusammen. Wir glauben, dass Menschen am produktivsten sind, wenn sie Aufgaben erledigen, die ihnen Spa\u00df machen. Dementsprechend schreibt bei uns niemand \u00fcber ein Thema, ohne einen pers\u00f6nlichen Bezug zum Inhalt zu haben. So finden wir die richtige Stimme f\u00fcr Ihr Unternehmen.[\/vc_column_text][\/vc_column][\/vc_row]<\/p>\n<\/div>","protected":false},"excerpt":{"rendered":"<p>[vc_row row_height_percent=&#8220;0&#8243; override_padding=&#8220;yes&#8220; h_padding=&#8220;2&#8243; top_padding=&#8220;5&#8243; bottom_padding=&#8220;5&#8243; overlay_alpha=&#8220;50&#8243; gutter_size=&#8220;4&#8243; column_width_percent=&#8220;100&#8243; shift_y=&#8220;0&#8243; z_index=&#8220;0&#8243; uncode_shortcode_id=&#8220;124396&#8243;][vc_column column_width_percent=&#8220;100&#8243; gutter_size=&#8220;3&#8243; overlay_alpha=&#8220;50&#8243; shift_x=&#8220;0&#8243; shift_y=&#8220;0&#8243; shift_y_down=&#8220;0&#8243; z_index=&#8220;0&#8243; medium_width=&#8220;4&#8243; [&hellip;]<\/p>\n","protected":false},"author":1,"featured_media":0,"parent":0,"menu_order":0,"comment_status":"closed","ping_status":"closed","template":"","meta":{"footnotes":""},"class_list":["post-795","page","type-page","status-publish","hentry"],"_links":{"self":[{"href":"https:\/\/www.baduno.com\/de\/wp-json\/wp\/v2\/pages\/795","targetHints":{"allow":["GET"]}}],"collection":[{"href":"https:\/\/www.baduno.com\/de\/wp-json\/wp\/v2\/pages"}],"about":[{"href":"https:\/\/www.baduno.com\/de\/wp-json\/wp\/v2\/types\/page"}],"author":[{"embeddable":true,"href":"https:\/\/www.baduno.com\/de\/wp-json\/wp\/v2\/users\/1"}],"replies":[{"embeddable":true,"href":"https:\/\/www.baduno.com\/de\/wp-json\/wp\/v2\/comments?post=795"}],"version-history":[{"count":6,"href":"https:\/\/www.baduno.com\/de\/wp-json\/wp\/v2\/pages\/795\/revisions"}],"predecessor-version":[{"id":929,"href":"https:\/\/www.baduno.com\/de\/wp-json\/wp\/v2\/pages\/795\/revisions\/929"}],"wp:attachment":[{"href":"https:\/\/www.baduno.com\/de\/wp-json\/wp\/v2\/media?parent=795"}],"curies":[{"name":"wp","href":"https:\/\/api.w.org\/{rel}","templated":true}]}}