{"id":791,"date":"2022-06-26T18:53:37","date_gmt":"2022-06-26T18:53:37","guid":{"rendered":"https:\/\/www.baduno.com\/bedingungen-fuer-die-nutzung\/"},"modified":"2022-07-06T08:48:58","modified_gmt":"2022-07-06T08:48:58","slug":"bedingungen-fuer-die-nutzung","status":"publish","type":"page","link":"https:\/\/www.baduno.com\/de\/bedingungen-fuer-die-nutzung\/","title":{"rendered":"Bedingungen f\u00fcr die Nutzung"},"content":{"rendered":"<header class=\"entry-header ast-no-thumbnail ast-no-meta\">\n<h1 class=\"entry-title\">Bedingungen und Konditionen<\/h1>\n<\/header>\n<div class=\"entry-content clear\">\n<h3>Allgemeine Gesch\u00e4ftsbedingungen mit Kundeninformationen<\/h3>\n<h5>Inhalts\u00fcbersicht<\/h5>\n<p>&nbsp;<\/p>\n<ol>\n<li>Umfang<\/li>\n<li>Abschluss des Vertrags<\/li>\n<li>Recht auf Widerruf<\/li>\n<li>Entsch\u00e4digung<\/li>\n<li>\u00dcbertragung der Inhalte<\/li>\n<li>Einr\u00e4umung von Nutzungsrechten<\/li>\n<li>Haftung f\u00fcr M\u00e4ngel<\/li>\n<li>Anwendbares Recht<\/li>\n<li>Alternative Streitbeilegung<\/li>\n<\/ol>\n<h5>1) Umfang der Anwendung<\/h5>\n<p><strong>1.1<\/strong>  Diese Allgemeinen Gesch\u00e4ftsbedingungen (nachfolgend &#8222;AGB&#8220; genannt) von Baduno (nachfolgend &#8222;Lizenzgeber&#8220; genannt), gelten f\u00fcr alle Vertr\u00e4ge \u00fcber die Lieferung von nicht auf einem k\u00f6rperlichen Datentr\u00e4ger befindlichen Daten, die in digitaler Form hergestellt und bereitgestellt werden (digitale Inhalte), die ein Verbraucher oder Unternehmer (nachfolgend &#8222;Lizenznehmer&#8220; genannt) mit dem Lizenzgeber hinsichtlich der vom Lizenzgeber in seinem Online-Shop dargestellten digitalen Inhalte abschlie\u00dft. Hiermit wird der Einbeziehung von eigenen Bedingungen des Lizenznehmers widersprochen, es sei denn, es ist etwas anderes vereinbart.<\/p>\n<p><strong>1.2<\/strong> Vertragsgegenstand ist die \u00dcberlassung der vom Lizenzgeber angebotenen digitalen Inhalte an den Lizenznehmer in elektronischer Form unter Einr\u00e4umung bestimmter Nutzungsrechte, die in diesen Allgemeinen Gesch\u00e4ftsbedingungen n\u00e4her geregelt sind.<\/p>\n<p><strong>1.3<\/strong> Verbraucher im Sinne dieser AGB ist jede nat\u00fcrliche Person, die ein Rechtsgesch\u00e4ft zu Zwecken abschlie\u00dft, die \u00fcberwiegend weder ihrer gewerblichen noch ihrer selbst\u00e4ndigen beruflichen T\u00e4tigkeit zugerechnet werden k\u00f6nnen. Unternehmer im Sinne dieser Allgemeinen Gesch\u00e4ftsbedingungen ist eine nat\u00fcrliche oder juristische Person oder eine rechtsf\u00e4hige Personengesellschaft, die bei Abschluss eines Rechtsgesch\u00e4ftes in Aus\u00fcbung ihrer gewerblichen oder selbst\u00e4ndigen beruflichen T\u00e4tigkeit handelt.<\/p>\n<h5>2) Vertragsabschluss<\/h5>\n<p><strong>2.1<\/strong> Die im Online-Shop des Lizenzgebers ver\u00f6ffentlichten Inhalte stellen keine verbindlichen Angebote seitens des Lizenzgebers dar, sondern dienen zur Abgabe eines verbindlichen Angebots durch den Lizenznehmer.<\/p>\n<p><strong>2.2<\/strong> Der Lizenznehmer kann das Angebot \u00fcber das in den Online-Shop des Lizenzgebers integrierte Online-Bestellformular abgeben. Dabei gibt der Lizenznehmer, nachdem er die ausgew\u00e4hlten Inhalte in den virtuellen Warenkorb gelegt und den elektronischen Bestellprozess durchlaufen hat, durch Anklicken des den Bestellvorgang abschlie\u00dfenden Buttons ein rechtsverbindliches Angebot zum Abschluss eines Vertrages \u00fcber die im Warenkorb enthaltenen Inhalte ab.<\/p>\n<p><strong>2.3<\/strong> Der Lizenzgeber kann das Angebot des Lizenznehmers innerhalb von f\u00fcnf Tagen annehmen,<\/p>\n<ul>\n<li>durch Zusendung einer schriftlichen Auftragsbest\u00e4tigung oder einer Auftragsbest\u00e4tigung in Textform (Fax oder E-Mail) an den Lizenznehmer, wobei der Zugang der Auftragsbest\u00e4tigung beim Lizenznehmer ma\u00dfgeblich ist, oder<\/li>\n<li>indem er dem Lizenznehmer die bestellten Inhalte zur Verf\u00fcgung stellt, wobei der Zugang zum Lizenznehmer entscheidend ist, oder<\/li>\n<li>indem der Lizenznehmer nach der Bestellung zur Zahlung aufgefordert wird.<\/li>\n<\/ul>\n<p>Gibt es mehrere Alternativen, kommt der Vertrag zu dem Zeitpunkt zustande, an dem eine der Alternativen zuerst eintritt. Nimmt der Lizenzgeber das Angebot des Lizenznehmers nicht innerhalb dieser Frist an, so gilt dies als Ablehnung des Angebots mit der Folge, dass der Lizenznehmer nicht mehr an seine Absichtserkl\u00e4rung gebunden ist.<\/p>\n<p><strong>2.4<\/strong> Die Frist zur Annahme des Angebots beginnt am Tag nach der Absendung des Angebots durch den Lizenznehmer und endet mit dem Ablauf des f\u00fcnften Tages nach der Absendung des Angebots.<\/p>\n<p><strong>2.5<\/strong>  Bei der Abgabe eines Angebots \u00fcber das Online-Bestellformular des Lizenzgebers wird der Vertragstext vom Lizenzgeber nach Vertragsschluss gespeichert und dem Lizenznehmer nach Absendung seiner Bestellung in Textform (z.B. E-Mail, Fax oder Brief) zugeschickt. Der Lizenzgeber wird den Vertragstext dar\u00fcber hinaus nicht zug\u00e4nglich machen. Hat der Lizenznehmer vor dem Absenden seiner Bestellung ein Benutzerkonto im Online-Shop des Lizenzgebers eingerichtet, werden die Bestelldaten auf der Website des Lizenzgebers archiviert und k\u00f6nnen vom Lizenznehmer \u00fcber sein passwortgesch\u00fctztes Benutzerkonto unter Eingabe der entsprechenden Zugangsdaten kostenlos abgerufen werden.<\/p>\n<p><strong>2.6<\/strong> Vor der verbindlichen Abgabe der Bestellung \u00fcber das Online-Bestellformular kann der Lizenznehmer seine Eingaben laufend \u00fcber die \u00fcblichen Tastatur- und Mausfunktionen korrigieren. Dar\u00fcber hinaus werden alle Eingaben vor der verbindlichen Abgabe der Bestellung noch einmal in einem Best\u00e4tigungsfenster angezeigt und k\u00f6nnen dort auch mit den \u00fcblichen Tastatur- und Mausfunktionen korrigiert werden.<\/p>\n<p><strong>2.<\/strong> 7 F\u00fcr den Vertragsschluss steht nur die deutsche Sprache zur Verf\u00fcgung.<\/p>\n<p><strong>2.8<\/strong> Die Auftragsabwicklung und Kontaktaufnahme erfolgt in der Regel per E-Mail und automatisierter Auftragsabwicklung. Der Kunde hat sicherzustellen, dass die von ihm zur Bestellabwicklung angegebene E-Mail-Adresse zutreffend ist, so dass unter dieser Adresse die vom Lizenzgeber versandten E-Mails empfangen werden k\u00f6nnen. Bei der Verwendung von SPAM-Filtern hat der Kunde sicherzustellen, dass alle vom Lizenzgeber oder von diesem mit der Auftragsabwicklung beauftragten Dritten versandten E-Mails zugestellt werden k\u00f6nnen.<\/p>\n<h5>3) Recht auf Widerruf<\/h5>\n<p>Den Verbrauchern steht grunds\u00e4tzlich ein Widerrufsrecht zu. N\u00e4here Informationen zum Widerrufsrecht finden Sie in der Widerrufsbelehrung des Lizenzgebers.<\/p>\n<h5>4) Entlohnung<\/h5>\n<p><strong>4.1<\/strong> F\u00fcr die Einr\u00e4umung von Rechten an den jeweiligen Inhalten erh\u00e4lt der Lizenzgeber eine pauschale Lizenzgeb\u00fchr, deren H\u00f6he sich aus der jeweiligen Artikelbeschreibung ergibt.<\/p>\n<p><strong>4.2<\/strong> Die vom Lizenzgeber angegebenen Preise sind Gesamtpreise und enthalten die gesetzliche Mehrwertsteuer.<\/p>\n<p><strong>4.3<\/strong> Bei Zahlungen in L\u00e4nder au\u00dferhalb der Europ\u00e4ischen Union k\u00f6nnen im Einzelfall weitere Kosten entstehen, die der Lizenzgeber nicht zu vertreten hat und die vom Lizenznehmer zu tragen sind. Dazu geh\u00f6ren z. B. Kosten f\u00fcr die \u00dcberweisung von Geldern durch Kreditinstitute (z. B. \u00dcberweisungsgeb\u00fchren, Wechselkursgeb\u00fchren).<\/p>\n<p><strong>4.4<\/strong> Dem Lizenznehmer stehen verschiedene Zahlungsm\u00f6glichkeiten zur Verf\u00fcgung, die im Online-Shop des Lizenzgebers angegeben sind.<\/p>\n<p><strong>4.5<\/strong> Ist Vorauszahlung per Bank\u00fcberweisung vereinbart, ist die Zahlung sofort nach Vertragsschluss f\u00e4llig, es sei denn, die Parteien haben einen sp\u00e4teren F\u00e4lligkeitstermin vereinbart.<\/p>\n<p><strong>4.6<\/strong> Bei Auswahl der Zahlungsart &#8222;PayPal&#8220; erfolgt die Zahlungsabwicklung \u00fcber den Zahlungsdienstleister PayPal (Europe) S.\u00e0 r.l. et Cie, S.C.A., 22-24 Boulevard Royal, L-2449 Luxemburg gem\u00e4\u00df den PayPal-Nutzungsbedingungen, abrufbar unter https:\/\/www.paypal.com\/de\/webapps\/mpp\/ua\/useragreement-full.<\/p>\n<h5>5) \u00dcbertragung der Inhalte<\/h5>\n<p>Der Inhalt wird ausschlie\u00dflich in elektronischer Form per E-Mail oder durch Herunterladen von der Website des Lizenzgebers bereitgestellt.<\/p>\n<h5>6) Einr\u00e4umung von Nutzungsrechten<\/h5>\n<p><strong>6.1<\/strong> Soweit sich aus der Beschreibung im Online-Shop des Lizenzgebers nichts anderes ergibt, r\u00e4umt der Lizenzgeber dem Lizenznehmer das nicht ausschlie\u00dfliche, zeitlich und r\u00e4umlich unbeschr\u00e4nkte Recht ein, die bereitgestellten Inhalte f\u00fcr private und gesch\u00e4ftliche Zwecke zu nutzen.<\/p>\n<p><strong>6.2<\/strong> Die Weitergabe der Inhalte an Dritte oder die Erstellung von Kopien f\u00fcr Dritte au\u00dferhalb des Geltungsbereichs dieser AGB ist nicht gestattet, es sei denn, der Lizenzgeber hat einer \u00dcbertragung der vertraglichen Lizenz an den Dritten zugestimmt.<\/p>\n<p><strong>6.3<\/strong> Die Rechteeinr\u00e4umung wird erst wirksam, wenn der Lizenznehmer die vertraglich geschuldete Verg\u00fctung vollst\u00e4ndig gezahlt hat. Der Lizenzgeber kann die Nutzung des Vertragsinhalts auch schon vor diesem Zeitpunkt vorl\u00e4ufig gestatten. Eine solche vorl\u00e4ufige Genehmigung stellt keine \u00dcbertragung von Rechten dar.<\/p>\n<h5>7) Haftung f\u00fcr M\u00e4ngel<\/h5>\n<p>Es gilt die gesetzliche Haftung f\u00fcr M\u00e4ngel.<\/p>\n<h5>8) Anwendbares Recht<\/h5>\n<p>Handelt der Lizenznehmer als Kaufmann, juristische Person des \u00f6ffentlichen Rechts oder \u00f6ffentlich-rechtliches Sonderverm\u00f6gen mit Sitz im Gebiet der Bundesrepublik Deutschland, ist ausschlie\u00dflicher Gerichtsstand f\u00fcr alle Streitigkeiten aus diesem Vertrag der Sitz des Lizenzgebers. Hat der Lizenznehmer seinen Sitz au\u00dferhalb des Gebietes der Bundesrepublik Deutschland, so ist ausschlie\u00dflicher Gerichtsstand f\u00fcr alle Streitigkeiten aus diesem Vertrag der Gesch\u00e4ftssitz des Lizenzgebers, wenn der Vertrag oder Anspr\u00fcche aus dem Vertrag der beruflichen oder gewerblichen T\u00e4tigkeit des Lizenznehmers zugerechnet werden k\u00f6nnen. Der Lizenzgeber ist jedoch in den vorgenannten F\u00e4llen in jedem Fall berechtigt, das Gericht am Sitz des Lizenznehmers anzurufen.<\/p>\n<h5>9) Alternative Streitbeilegung<\/h5>\n<p><strong>9.1<\/strong> Die EU-Kommission stellt eine Plattform zur Online-Streitbeilegung im Internet unter folgendem Link zur Verf\u00fcgung: https:\/\/ec.europa.eu\/consumers\/odr<\/p>\n<p>Diese Plattform dient als Anlaufstelle f\u00fcr die au\u00dfergerichtliche Beilegung von Streitigkeiten, die sich aus Online-Kauf- oder Dienstleistungsvertr\u00e4gen ergeben, an denen ein Verbraucher beteiligt ist.<\/p>\n<p><strong>9.2<\/strong> Der Lizenzgeber ist weder verpflichtet noch bereit, an einem Streitbeilegungsverfahren vor einer Verbraucherschlichtungsstelle teilzunehmen.<\/p>\n<\/div>\n","protected":false},"excerpt":{"rendered":"<p>Bedingungen und Konditionen Allgemeine Gesch\u00e4ftsbedingungen mit Kundeninformationen Inhalts\u00fcbersicht &nbsp; Umfang Abschluss des Vertrags Recht auf Widerruf Entsch\u00e4digung \u00dcbertragung der Inhalte [&hellip;]<\/p>\n","protected":false},"author":1,"featured_media":0,"parent":0,"menu_order":0,"comment_status":"closed","ping_status":"closed","template":"","meta":{"footnotes":""},"class_list":["post-791","page","type-page","status-publish","hentry"],"_links":{"self":[{"href":"https:\/\/www.baduno.com\/de\/wp-json\/wp\/v2\/pages\/791","targetHints":{"allow":["GET"]}}],"collection":[{"href":"https:\/\/www.baduno.com\/de\/wp-json\/wp\/v2\/pages"}],"about":[{"href":"https:\/\/www.baduno.com\/de\/wp-json\/wp\/v2\/types\/page"}],"author":[{"embeddable":true,"href":"https:\/\/www.baduno.com\/de\/wp-json\/wp\/v2\/users\/1"}],"replies":[{"embeddable":true,"href":"https:\/\/www.baduno.com\/de\/wp-json\/wp\/v2\/comments?post=791"}],"version-history":[{"count":1,"href":"https:\/\/www.baduno.com\/de\/wp-json\/wp\/v2\/pages\/791\/revisions"}],"predecessor-version":[{"id":816,"href":"https:\/\/www.baduno.com\/de\/wp-json\/wp\/v2\/pages\/791\/revisions\/816"}],"wp:attachment":[{"href":"https:\/\/www.baduno.com\/de\/wp-json\/wp\/v2\/media?parent=791"}],"curies":[{"name":"wp","href":"https:\/\/api.w.org\/{rel}","templated":true}]}}