{"id":755,"date":"2022-06-26T18:59:01","date_gmt":"2022-06-26T18:59:01","guid":{"rendered":"https:\/\/www.baduno.com\/erstattungs-und-rueckgabebestimmungen\/"},"modified":"2022-07-06T08:48:49","modified_gmt":"2022-07-06T08:48:49","slug":"erstattungs-und-rueckgabebestimmungen","status":"publish","type":"page","link":"https:\/\/www.baduno.com\/de\/erstattungs-und-rueckgabebestimmungen\/","title":{"rendered":"Erstattungs- und R\u00fcckgabebestimmungen"},"content":{"rendered":"<header class=\"entry-header ast-no-thumbnail ast-no-meta\">&#13;\n<h1 class=\"entry-title\">Refund Policy<\/h1>&#13;\n<\/header>&#13;\n<div class=\"entry-content clear\">&#13;\n<div class=\"text-lg max-w-prose mx-auto mb-6\">&#13;\n<p class=\"text-xl text-gray-500 leading-8\">Baduno setzt sich f\u00fcr den Erfolg seiner gesch\u00e4tzten Kunden ein. Wir arbeiten unerm\u00fcdlich daran, manuelle Wachstumskampagnen durchzuf\u00fchren und das h\u00f6chstm\u00f6gliche Wachstum zu gew\u00e4hrleisten.<\/p>&#13;\n<\/div>&#13;\n<div class=\"prose prose-lg text-gray-500 mx-auto\">&#13;\n<p class=\"text-xl text-gray-500 leading-8\">Obwohl wir f\u00fcr alle Kampagnen in jeder Plan-Kategorie gleich viel Zeit aufwenden, kann das Wachstum je nach Nische des Kunden, Qualit\u00e4t und Quantit\u00e4t der Inhalte und der uns vorgegebenen Zielgruppen stark variieren. Zum Beispiel k\u00f6nnten wir mit dem Konto eines Fotografen etwas bessere Ergebnisse erzielen als mit dem Konto eines Buchhaltungsunternehmens. Der Fotograf wird wahrscheinlich viele qualitativ hochwertige Bilder einstellen und daher etwas schneller wachsen.<\/p>&#13;\n<p class=\"text-xl text-gray-500 leading-8\">Aufgrund des hohen Arbeitsaufwands, den wir in alle unsere Kampagnen stecken, gew\u00e4hren wir R\u00fcckerstattungen nur von Fall zu Fall. Wir behalten uns jedoch das Recht vor, Erstattungen abzulehnen. Gutschriften k\u00f6nnen erteilt werden, sobald das Customer Success Team Ihre Genehmigung f\u00fcr eine Gutschrift erhalten hat. Bevor Gutschriften angeboten werden, haben Sie die M\u00f6glichkeit, weiterhin Follower oder Likes zu erhalten, anstatt die Lieferung zu stoppen. Wenn Sie sich f\u00fcr eine Gutschrift entscheiden, wird die Gutschrift an Ihre E-Mail-Adresse geschickt. Der Wert ist die urspr\u00fcngliche Bestellung, f\u00fcr die Sie einen Antrag stellen. Betrachten Sie dieses Guthaben als einen elektronischen Gutschein, den Sie einl\u00f6sen k\u00f6nnen, wenn Sie dazu bereit sind. Die Gutschrift ist ab dem Zeitpunkt ihrer Ausstellung 1 Jahr lang f\u00fcr alle unsere Produkte g\u00fcltig. Dieses Guthaben wird mit einem Einl\u00f6secode ausgestellt, der in unserem &#8220; Rabattcode &#8220; Feld verwendet werden kann. Sie k\u00f6nnen Ihr Guthaben f\u00fcr sich selbst oder eine andere Person verwenden.<\/p>&#13;\n<p>Baduno GmbH<br\/><br\/><\/p>&#13;\n<\/div>&#13;\n<\/div>&#13;","protected":false},"excerpt":{"rendered":"<p>&#13; Refund Policy &#13; &#13; &#13; &#13; Baduno setzt sich f\u00fcr den Erfolg seiner gesch\u00e4tzten Kunden ein. Wir arbeiten unerm\u00fcdlich [&hellip;]<\/p>\n","protected":false},"author":1,"featured_media":0,"parent":0,"menu_order":0,"comment_status":"closed","ping_status":"closed","template":"","meta":{"footnotes":""},"class_list":["post-755","page","type-page","status-publish","hentry"],"_links":{"self":[{"href":"https:\/\/www.baduno.com\/de\/wp-json\/wp\/v2\/pages\/755","targetHints":{"allow":["GET"]}}],"collection":[{"href":"https:\/\/www.baduno.com\/de\/wp-json\/wp\/v2\/pages"}],"about":[{"href":"https:\/\/www.baduno.com\/de\/wp-json\/wp\/v2\/types\/page"}],"author":[{"embeddable":true,"href":"https:\/\/www.baduno.com\/de\/wp-json\/wp\/v2\/users\/1"}],"replies":[{"embeddable":true,"href":"https:\/\/www.baduno.com\/de\/wp-json\/wp\/v2\/comments?post=755"}],"version-history":[{"count":1,"href":"https:\/\/www.baduno.com\/de\/wp-json\/wp\/v2\/pages\/755\/revisions"}],"predecessor-version":[{"id":761,"href":"https:\/\/www.baduno.com\/de\/wp-json\/wp\/v2\/pages\/755\/revisions\/761"}],"wp:attachment":[{"href":"https:\/\/www.baduno.com\/de\/wp-json\/wp\/v2\/media?parent=755"}],"curies":[{"name":"wp","href":"https:\/\/api.w.org\/{rel}","templated":true}]}}